{"id":20,"date":"2021-07-09T09:02:17","date_gmt":"2021-07-09T09:02:17","guid":{"rendered":"https:\/\/www.fc.up.pt\/shs\/?page_id=20"},"modified":"2021-07-09T09:13:44","modified_gmt":"2021-07-09T09:13:44","slug":"historico","status":"publish","type":"page","link":"https:\/\/www.fc.up.pt\/shs\/historico\/","title":{"rendered":"Hist\u00f3rico"},"content":{"rendered":"\n<p>Trabalhos anteriores realizados na Faculdade de Ci\u00eancias da Universidade do Porto, alertaram para a necessidade de conhecer, caracterizar e monitorizar os problemas de impacte ambiental relacionado com as escombreiras de carv\u00e3o existentes no norte de Portugal. Desde ent\u00e3o, a tem\u00e1tica da caracteriza\u00e7\u00e3o e gest\u00e3o das escombreiras ligadas a antigas minas de carv\u00e3o, principalmente aquelas com problemas de autocombust\u00e3o, tem vindo a ser estudada no \u00e2mbito de v\u00e1rios projetos de investiga\u00e7\u00e3o, desenvolvidos por v\u00e1rios membros da equipa de trabalho. De destacar o projeto ECOAL-MGT \u2013 Ecological Management of Coal Waste Piles in Combustion, no qual se desenvolveram e instalaram sensores de fibra \u00f3tica em \u00e1reas da escombreira em autocombust\u00e3o, o que permitiu monitorizar a temperatura de combust\u00e3o e detetar gases resultantes da queima das escombreiras.<\/p>\n\n\n\n<figure class=\"wp-block-image size-large\"><img loading=\"lazy\" width=\"1024\" height=\"587\" src=\"https:\/\/www.fc.up.pt\/shs\/wp-content\/uploads\/2021\/07\/temperaturas-1024x587.png\" alt=\"\" class=\"wp-image-34\" srcset=\"https:\/\/www.fc.up.pt\/shs\/wp-content\/uploads\/2021\/07\/temperaturas-1024x587.png 1024w, https:\/\/www.fc.up.pt\/shs\/wp-content\/uploads\/2021\/07\/temperaturas-300x172.png 300w, https:\/\/www.fc.up.pt\/shs\/wp-content\/uploads\/2021\/07\/temperaturas-768x441.png 768w, https:\/\/www.fc.up.pt\/shs\/wp-content\/uploads\/2021\/07\/temperaturas.png 1372w\" sizes=\"(max-width: 1024px) 100vw, 1024px\" \/><figcaption>O Projeto ECOAL permitiu compreender a evolu\u00e7\u00e3o temporal e din\u00e2mica do fen\u00f3meno de autocombust\u00e3o em curso na escombreira da antiga mina de carv\u00e3o de S. Pedro da Cova<\/figcaption><\/figure>\n","protected":false},"excerpt":{"rendered":"<p>Trabalhos anteriores realizados na Faculdade de Ci\u00eancias da Universidade do Porto, alertaram para a necessidade de conhecer, caracterizar e monitorizar os problemas de impacte ambiental relacionado com as escombreiras de carv\u00e3o existentes no norte de Portugal. Desde ent\u00e3o, a tem\u00e1tica da caracteriza\u00e7\u00e3o e gest\u00e3o das escombreiras ligadas a antigas minas de carv\u00e3o, principalmente aquelas com [&hellip;]<\/p>\n","protected":false},"author":1,"featured_media":0,"parent":0,"menu_order":0,"comment_status":"closed","ping_status":"closed","template":"","meta":[],"_links":{"self":[{"href":"https:\/\/www.fc.up.pt\/shs\/wp-json\/wp\/v2\/pages\/20"}],"collection":[{"href":"https:\/\/www.fc.up.pt\/shs\/wp-json\/wp\/v2\/pages"}],"about":[{"href":"https:\/\/www.fc.up.pt\/shs\/wp-json\/wp\/v2\/types\/page"}],"author":[{"embeddable":true,"href":"https:\/\/www.fc.up.pt\/shs\/wp-json\/wp\/v2\/users\/1"}],"replies":[{"embeddable":true,"href":"https:\/\/www.fc.up.pt\/shs\/wp-json\/wp\/v2\/comments?post=20"}],"version-history":[{"count":3,"href":"https:\/\/www.fc.up.pt\/shs\/wp-json\/wp\/v2\/pages\/20\/revisions"}],"predecessor-version":[{"id":35,"href":"https:\/\/www.fc.up.pt\/shs\/wp-json\/wp\/v2\/pages\/20\/revisions\/35"}],"wp:attachment":[{"href":"https:\/\/www.fc.up.pt\/shs\/wp-json\/wp\/v2\/media?parent=20"}],"curies":[{"name":"wp","href":"https:\/\/api.w.org\/{rel}","templated":true}]}}