{"id":16,"date":"2021-07-09T09:00:48","date_gmt":"2021-07-09T09:00:48","guid":{"rendered":"https:\/\/www.fc.up.pt\/shs\/?page_id=16"},"modified":"2021-10-19T13:18:08","modified_gmt":"2021-10-19T13:18:08","slug":"sitios","status":"publish","type":"page","link":"https:\/\/www.fc.up.pt\/shs\/sitios\/","title":{"rendered":"S\u00edtios"},"content":{"rendered":"\r\n<p>Foram selecionadas 2 \u00e1reas principais do Norte de Portugal onde operaram minas de minerais met\u00e1licos e n\u00e3o met\u00e1licos:<\/p>\r\n\r\n\r\n\r\n<ul>\r\n<li>As minas Sb-Au (mineraliza\u00e7\u00f5es no flanco ocidental do Anticlinal de Valongo) e W (\u00e1rea mineira Regoufe)<\/li>\r\n<\/ul>\r\n<p>&nbsp;<\/p>\r\n<p><img loading=\"lazy\" class=\"alignnone size-full wp-image-127\" src=\"https:\/\/www.fc.up.pt\/shs\/wp-content\/uploads\/2021\/10\/P1060744-1-scaled.jpg\" alt=\"\" width=\"2560\" height=\"1440\" srcset=\"https:\/\/www.fc.up.pt\/shs\/wp-content\/uploads\/2021\/10\/P1060744-1-scaled.jpg 2560w, https:\/\/www.fc.up.pt\/shs\/wp-content\/uploads\/2021\/10\/P1060744-1-300x169.jpg 300w, https:\/\/www.fc.up.pt\/shs\/wp-content\/uploads\/2021\/10\/P1060744-1-1024x576.jpg 1024w, https:\/\/www.fc.up.pt\/shs\/wp-content\/uploads\/2021\/10\/P1060744-1-768x432.jpg 768w, https:\/\/www.fc.up.pt\/shs\/wp-content\/uploads\/2021\/10\/P1060744-1-1536x864.jpg 1536w, https:\/\/www.fc.up.pt\/shs\/wp-content\/uploads\/2021\/10\/P1060744-1-2048x1152.jpg 2048w, https:\/\/www.fc.up.pt\/shs\/wp-content\/uploads\/2021\/10\/P1060744-1-1160x653.jpg 1160w, https:\/\/www.fc.up.pt\/shs\/wp-content\/uploads\/2021\/10\/P1060744-1-600x338.jpg 600w\" sizes=\"(max-width: 2560px) 100vw, 2560px\" \/><\/p>\r\n<p>&nbsp;<\/p>\r\n<p>&nbsp;<\/p>\r\n\r\n\r\n\r\n<p>&nbsp;<\/p>\r\n<p>A escombreira do Fojo, localizada perto da mina de carv\u00e3o do Pej\u00e3o, que esteve em autocombust\u00e3o em 2017<\/p>\r\n<p>&nbsp;<\/p>\r\n<p><img loading=\"lazy\" class=\"alignnone wp-image-138 size-full\" src=\"https:\/\/www.fc.up.pt\/shs\/wp-content\/uploads\/2021\/10\/pejao_2136-scaled.jpg\" alt=\"\" width=\"1920\" height=\"2560\" srcset=\"https:\/\/www.fc.up.pt\/shs\/wp-content\/uploads\/2021\/10\/pejao_2136-scaled.jpg 1920w, https:\/\/www.fc.up.pt\/shs\/wp-content\/uploads\/2021\/10\/pejao_2136-225x300.jpg 225w, https:\/\/www.fc.up.pt\/shs\/wp-content\/uploads\/2021\/10\/pejao_2136-768x1024.jpg 768w, https:\/\/www.fc.up.pt\/shs\/wp-content\/uploads\/2021\/10\/pejao_2136-1152x1536.jpg 1152w, https:\/\/www.fc.up.pt\/shs\/wp-content\/uploads\/2021\/10\/pejao_2136-1536x2048.jpg 1536w, https:\/\/www.fc.up.pt\/shs\/wp-content\/uploads\/2021\/10\/pejao_2136-600x800.jpg 600w\" sizes=\"(max-width: 1920px) 100vw, 1920px\" \/><\/p>\r\n<p>visita de campo em abril 2021<\/p>\r\n<p><img loading=\"lazy\" class=\"alignnone wp-image-131 size-full\" src=\"https:\/\/www.fc.up.pt\/shs\/wp-content\/uploads\/2021\/10\/P1060947-scaled.jpg\" alt=\"\" width=\"2560\" height=\"1440\" srcset=\"https:\/\/www.fc.up.pt\/shs\/wp-content\/uploads\/2021\/10\/P1060947-scaled.jpg 2560w, https:\/\/www.fc.up.pt\/shs\/wp-content\/uploads\/2021\/10\/P1060947-300x169.jpg 300w, https:\/\/www.fc.up.pt\/shs\/wp-content\/uploads\/2021\/10\/P1060947-1024x576.jpg 1024w, https:\/\/www.fc.up.pt\/shs\/wp-content\/uploads\/2021\/10\/P1060947-768x432.jpg 768w, https:\/\/www.fc.up.pt\/shs\/wp-content\/uploads\/2021\/10\/P1060947-1536x864.jpg 1536w, https:\/\/www.fc.up.pt\/shs\/wp-content\/uploads\/2021\/10\/P1060947-2048x1152.jpg 2048w, https:\/\/www.fc.up.pt\/shs\/wp-content\/uploads\/2021\/10\/P1060947-1160x653.jpg 1160w, https:\/\/www.fc.up.pt\/shs\/wp-content\/uploads\/2021\/10\/P1060947-600x338.jpg 600w\" sizes=\"(max-width: 2560px) 100vw, 2560px\" \/>\u00a0<\/p>\r\n<p>&nbsp;<\/p>\r\n<p>&nbsp;<\/p>\r\n","protected":false},"excerpt":{"rendered":"<p>Foram selecionadas 2 \u00e1reas principais do Norte de Portugal onde operaram minas de minerais met\u00e1licos e n\u00e3o met\u00e1licos: As minas Sb-Au (mineraliza\u00e7\u00f5es no flanco ocidental do Anticlinal de Valongo) e W (\u00e1rea mineira Regoufe) &nbsp; &nbsp; &nbsp; &nbsp; A escombreira do Fojo, localizada perto da mina de carv\u00e3o do Pej\u00e3o, que esteve em autocombust\u00e3o em [&hellip;]<\/p>\n","protected":false},"author":1,"featured_media":0,"parent":0,"menu_order":0,"comment_status":"closed","ping_status":"closed","template":"","meta":[],"_links":{"self":[{"href":"https:\/\/www.fc.up.pt\/shs\/wp-json\/wp\/v2\/pages\/16"}],"collection":[{"href":"https:\/\/www.fc.up.pt\/shs\/wp-json\/wp\/v2\/pages"}],"about":[{"href":"https:\/\/www.fc.up.pt\/shs\/wp-json\/wp\/v2\/types\/page"}],"author":[{"embeddable":true,"href":"https:\/\/www.fc.up.pt\/shs\/wp-json\/wp\/v2\/users\/1"}],"replies":[{"embeddable":true,"href":"https:\/\/www.fc.up.pt\/shs\/wp-json\/wp\/v2\/comments?post=16"}],"version-history":[{"count":10,"href":"https:\/\/www.fc.up.pt\/shs\/wp-json\/wp\/v2\/pages\/16\/revisions"}],"predecessor-version":[{"id":139,"href":"https:\/\/www.fc.up.pt\/shs\/wp-json\/wp\/v2\/pages\/16\/revisions\/139"}],"wp:attachment":[{"href":"https:\/\/www.fc.up.pt\/shs\/wp-json\/wp\/v2\/media?parent=16"}],"curies":[{"name":"wp","href":"https:\/\/api.w.org\/{rel}","templated":true}]}}