{"id":10,"date":"2021-07-09T08:59:05","date_gmt":"2021-07-09T08:59:05","guid":{"rendered":"https:\/\/www.fc.up.pt\/shs\/?page_id=10"},"modified":"2022-03-21T12:11:10","modified_gmt":"2022-03-21T12:11:10","slug":"publicacoes","status":"publish","type":"page","link":"https:\/\/www.fc.up.pt\/shs\/publicacoes\/","title":{"rendered":"Publica\u00e7\u00f5es"},"content":{"rendered":"<p>Flores, D. 2022. \u201cSHS: Sa\u00fade do Solo em torno de antigas \u00e1reas mineiras: caracteriza\u00e7\u00e3o, an\u00e1lise de risco, e interven\u00e7\u00e3o\u201d \u2013 Apresenta\u00e7\u00e3o de um projeto transdisciplinar, Livro de Resumos das Jornadas do ICT 2022, p 34.<\/p>\n<p><a href=\"https:\/\/www.fc.up.pt\/shs\/wp-content\/uploads\/2022\/03\/Flores-2022.pdf\">Flores 2022<\/a><\/p>\n<p>Hernandez, H., Sant\u2019Ovaia, H., Moura, R. 2022. Caracteriza\u00e7\u00e3o integrada usando t\u00e9cnicas geof\u00edsicas para avaliar o impacto ambiental no subsolo da Mina de Regoufe \u2013 Arouca, Livro de Resumos das Jornadas do ICT 2022, p 33.<\/p>\n<p><a href=\"https:\/\/www.fc.up.pt\/shs\/wp-content\/uploads\/2022\/03\/Hernandez-et-al.-2022.pdf\">Hernandez et al. 2022<\/a><\/p>\n<p>&nbsp;<\/p>\n<p>Monteiro, M., Ribeiro, J., Azenha, M. 2022.Speciation of metals and metalloids in soils of deactivated mining areas by sequential Extraction procedures, Livro de Resumos das Jornadas do ICT 2022, p 40.<\/p>\n<p><a href=\"https:\/\/www.fc.up.pt\/shs\/wp-content\/uploads\/2022\/03\/Monteiro-et-al.-2022.pdf\">Monteiro et al. 2022<\/a><\/p>\n<p>&nbsp;<\/p>\n<p>Pereira, S., Guedes, A., Ribeiro, H., Valentim, B. Cruz, C., Sant\u2019Ovaia, H., Brites, H., Abreu, I., Noronha, F., Flores,D. 2022. Assessment of PTE in soils associated with the Regoufe Mining area, Livro de Resumos das Jornadas do ICT 2022, p 46.<\/p>\n<p><a href=\"https:\/\/www.fc.up.pt\/shs\/wp-content\/uploads\/2022\/03\/Pereira-et-al.-2022.pdf\">Pereira et al. 2022<\/a><\/p>\n<p>&nbsp;<\/p>\n<p>Sant\u2019Ovaia, H., Cruz, C., Font, E., Guedes, A., Noronha, F., Flores, D.,2022. Authigenic magnetite in soils: pollution tracer in a former tungsten mine?, Livro de Resumos das Jornadas do ICT 2022, p 29.<\/p>\n<p><a href=\"https:\/\/www.fc.up.pt\/shs\/wp-content\/uploads\/2022\/03\/SantOvaia-et-al.-2022.pdf\">SantOvaia et al. 2022<\/a><\/p>\n<p>&nbsp;<\/p>\n<p>Sant&#8217;Ovaia, H., Cruz, C., and Font,E, 2022, Authigenic magnetite in soils: pollution fingerprints in a former wolfram mining, Submited to EGU General Assembly 2022, to be held from 23 to 27 May in Vienna.<\/p>\n<p><a href=\"https:\/\/www.fc.up.pt\/shs\/wp-content\/uploads\/2022\/03\/SantOvaia-et-al.-2022-b.pdf\">SantOvaia et al. 2022 (b)<\/a><\/p>\n<p>&nbsp;<\/p>\n<p>Torres, J., Ferreira, L., Machado, G., Soares Pinto, S., Cruz, C., Ribeiro, J., Espinha Marques, J., Sant\u2019Ovaia, H., Flores, D. 2022. Projeto SHS \u2013 Contributos das Ci\u00eancias da Terra, Educa\u00e7\u00e3o, Sociologia e Belas Artes para o desenvolvimento de um projeto focado na explora\u00e7\u00e3o mineira, Livro de Resumos das Jornadas do ICT 2022, p 62.<\/p>\n<p><a href=\"https:\/\/www.fc.up.pt\/shs\/wp-content\/uploads\/2022\/03\/Torres-et-al.-2022.pdf\">Torres et al. 2022<\/a><\/p>\n","protected":false},"excerpt":{"rendered":"<p>Flores, D. 2022. \u201cSHS: Sa\u00fade do Solo em torno de antigas \u00e1reas mineiras: caracteriza\u00e7\u00e3o, an\u00e1lise de risco, e interven\u00e7\u00e3o\u201d \u2013 Apresenta\u00e7\u00e3o de um projeto transdisciplinar, Livro de Resumos das Jornadas do ICT 2022, p 34. Flores 2022 Hernandez, H., Sant\u2019Ovaia, H., Moura, R. 2022. Caracteriza\u00e7\u00e3o integrada usando t\u00e9cnicas geof\u00edsicas para avaliar o impacto ambiental no [&hellip;]<\/p>\n","protected":false},"author":1,"featured_media":0,"parent":0,"menu_order":0,"comment_status":"closed","ping_status":"closed","template":"","meta":[],"_links":{"self":[{"href":"https:\/\/www.fc.up.pt\/shs\/wp-json\/wp\/v2\/pages\/10"}],"collection":[{"href":"https:\/\/www.fc.up.pt\/shs\/wp-json\/wp\/v2\/pages"}],"about":[{"href":"https:\/\/www.fc.up.pt\/shs\/wp-json\/wp\/v2\/types\/page"}],"author":[{"embeddable":true,"href":"https:\/\/www.fc.up.pt\/shs\/wp-json\/wp\/v2\/users\/1"}],"replies":[{"embeddable":true,"href":"https:\/\/www.fc.up.pt\/shs\/wp-json\/wp\/v2\/comments?post=10"}],"version-history":[{"count":3,"href":"https:\/\/www.fc.up.pt\/shs\/wp-json\/wp\/v2\/pages\/10\/revisions"}],"predecessor-version":[{"id":277,"href":"https:\/\/www.fc.up.pt\/shs\/wp-json\/wp\/v2\/pages\/10\/revisions\/277"}],"wp:attachment":[{"href":"https:\/\/www.fc.up.pt\/shs\/wp-json\/wp\/v2\/media?parent=10"}],"curies":[{"name":"wp","href":"https:\/\/api.w.org\/{rel}","templated":true}]}}