{"id":9,"date":"2016-07-20T16:00:00","date_gmt":"2016-07-20T16:00:00","guid":{"rendered":"http:\/\/www.fc.up.pt\/quantumspacetime17\/?page_id=9"},"modified":"2017-01-12T13:38:43","modified_gmt":"2017-01-12T13:38:43","slug":"home","status":"publish","type":"page","link":"https:\/\/www.fc.up.pt\/quantumspacetime17\/","title":{"rendered":"Quantum Spacetime \u201917"},"content":{"rendered":"<p>Porto, Portugal, 30\u00a0January \u2013 3\u00a0February 2017<\/p>\n<p>The workshop will take place from the\u00a0<strong>30<sup>th<\/sup><\/strong>\u00a0<strong>January<\/strong> to the\u00a0<strong>3<sup>rd<\/sup>\u00a0of February 2017<\/strong>\u00a0at Departamento de F\u00edsica e Astronomia, Faculdade de Ci\u00eancias da Universidade do Porto.\u00a0Porto is the second largest town in Portugal.<\/p>\n<p>This workshop will address various aspects of noncommutative geometry (NCG) as covered by the\u00a0<a href=\"http:\/\/www.cost.eu\/COST_Actions\/mpns\/Actions\/MP1405\">COST Action MP1405<\/a>\u00a0\u201cQuantum Structure of Spacetime (QSpace)\u201d:<\/p>\n<ul>\n<li>Connection of NCG with\u00a0realistic phenomenological models, including the Standard Models of Particle Physics and Cosmology<\/li>\n<li>New\u00a0constructions of fields, matter and quantum spacetimes in NCG<\/li>\n<li>Connections between NCG and other models of gravity<\/li>\n<\/ul>\n<p><strong>Invited speakers<\/strong>: Giovanni Amelino, Nadir Bizi, Latham Boyle, Gabriel Lopes Cardoso, Michele Cirafici, Marija Dimitrijevic Ciric, Miguel Costa, Capitolina Diaz, Gabor Etesi, Lisa Glaser, Monica Guica, Razvan Gurau, Owen Gwilliam, Jens Hoppe, Nick Hugget, Alfredo Iorio, Igor Kanatchikov, Minna Salminen Karlsson, Giovanni Landi, Andrey Lazarev, Jerzy Lewandowski, Martin Markl, Alex Nielsen, Denjoe O&#8217;Connor, Mairi \u00a0Sakellariadou, Carlos Perez Sanchez, Guglielmo Tino, Martin Wolf.<\/p>\n<p>We are looking forward to seeing you in Porto.<\/p>\n<p><strong>Scientific Organizing Committee:<\/strong>\u00a0Paolo Aschieri, John Barrett, Orfeu Bertolami, Branislav Jurco, Olaf Lechtenfeld (Chair),\u00a0Fedele Lizzi, Jos\u00e9 Manuel Mour\u00e3o, \u00a0Mairi Sakellariadou, Martin Schlichenmaier, Harold Steinacker, Richard Szabo, George Zoupanos.<\/p>\n<p><strong>Local Organizing Committee:<\/strong>\u00a0Jos\u00e9 Manuel Mour\u00e3o,  Miguel Costa,  Orfeu Bertolami,  Florbela Martins, Jo\u00e3o Viana Lopes.<\/p>\n","protected":false},"excerpt":{"rendered":"<p>Porto, Portugal, 30\u00a0January \u2013 3\u00a0February 2017 The workshop will take place from the\u00a030th\u00a0January to the\u00a03rd\u00a0of February 2017\u00a0at Departamento de F\u00edsica e Astronomia, Faculdade de Ci\u00eancias da Universidade do Porto.\u00a0Porto is the second largest town in Portugal. This workshop will address various aspects of noncommutative geometry (NCG) as covered by the\u00a0COST Action MP1405\u00a0\u201cQuantum Structure of Spacetime &hellip; <a href=\"https:\/\/www.fc.up.pt\/quantumspacetime17\/\" class=\"more-link\">Continue reading <span class=\"screen-reader-text\">Quantum Spacetime \u201917<\/span> <span class=\"meta-nav\">&rarr;<\/span><\/a><\/p>\n","protected":false},"author":1,"featured_media":0,"parent":0,"menu_order":0,"comment_status":"closed","ping_status":"closed","template":"","meta":{"_themeisle_gutenberg_block_has_review":false,"footnotes":""},"class_list":["post-9","page","type-page","status-publish","hentry"],"_links":{"self":[{"href":"https:\/\/www.fc.up.pt\/quantumspacetime17\/wp-json\/wp\/v2\/pages\/9","targetHints":{"allow":["GET"]}}],"collection":[{"href":"https:\/\/www.fc.up.pt\/quantumspacetime17\/wp-json\/wp\/v2\/pages"}],"about":[{"href":"https:\/\/www.fc.up.pt\/quantumspacetime17\/wp-json\/wp\/v2\/types\/page"}],"author":[{"embeddable":true,"href":"https:\/\/www.fc.up.pt\/quantumspacetime17\/wp-json\/wp\/v2\/users\/1"}],"replies":[{"embeddable":true,"href":"https:\/\/www.fc.up.pt\/quantumspacetime17\/wp-json\/wp\/v2\/comments?post=9"}],"version-history":[{"count":26,"href":"https:\/\/www.fc.up.pt\/quantumspacetime17\/wp-json\/wp\/v2\/pages\/9\/revisions"}],"predecessor-version":[{"id":130,"href":"https:\/\/www.fc.up.pt\/quantumspacetime17\/wp-json\/wp\/v2\/pages\/9\/revisions\/130"}],"wp:attachment":[{"href":"https:\/\/www.fc.up.pt\/quantumspacetime17\/wp-json\/wp\/v2\/media?parent=9"}],"curies":[{"name":"wp","href":"https:\/\/api.w.org\/{rel}","templated":true}]}}