{"id":861,"date":"2020-02-17T21:09:49","date_gmt":"2020-02-17T21:09:49","guid":{"rendered":"https:\/\/www.fc.up.pt\/physikup\/?page_id=861"},"modified":"2021-10-05T21:43:53","modified_gmt":"2021-10-05T21:43:53","slug":"departamentos","status":"publish","type":"page","link":"https:\/\/www.fc.up.pt\/physikup\/departamentos\/","title":{"rendered":"Departamentos"},"content":{"rendered":"\n<h4><style>\n\n#dep-container {\ndisplay: block;\ncolor: #fff;\nblock-size: 1000px;\n}\n.dep-section {\nwidth:60%;\ndisplay: block;\nmargin: 0 auto;\ntext-align: center;\npadding: 0.3em;\nbackground-color: #323232;\nborder-radius: 2px;\nmargin-top: 0.5em;\nmargin-block: 0.5em\n}\n\n.dep-section:first-child {\nmargin-top: 0;\n}\n\n.dep-text {\nword-spacing: -2px;\n}\n\n.dep-title {\ncolor: #fff;\n}\n\n@media only screen and (min-width: 1100px){\n.dep-section {width: 50%;}\n}\n\n<\/style><\/h4>\n<div id=\"dep-container\">\n<div class=\"dep-section\">\n<h3 class=\"dep-title\">Inreach<\/h3>\n<p class=\"dep-text\">Damos a conhecer aos nossos estudantes os centros de investiga\u00e7\u00e3o associados ao Departamento de F\u00edsica e Astronomia da FCUP. Promovemos tamb\u00e9m palestras onde o pessoal docente e n\u00e3o-docente d\u00e1 a conhecer a sua experi\u00eancia acad\u00e9mica e profissional.<\/p>\n<\/div>\n<div class=\"dep-section\">\n<h3 class=\"dep-title\">Outreach<\/h3>\n<p class=\"dep-text\"><span>O nosso objetivo \u00e9 despertar o interesse pela ci\u00eancia nos mais novos, para isso visitamos escolas divulgando as diversas \u00e1reas da f\u00edsica. Estamos ainda interessados no futuro dos nossos colegas, pelo que organizamos visitas a empresas e workshops de desenvolvimento pessoal e acad\u00e9mico.<\/span><\/p>\n<\/div>\n<div class=\"dep-section\">\n<h3 class=\"dep-title\">Integra\u00e7\u00e3o<\/h3>\n<p class=\"dep-text\">Criamos o programa de mentores, destinado a alunos do primeiro ano, de modo a dar um apoio mais pr\u00f3ximo a cada um dos novos estudantes. Para al\u00e9m disso organizamos jantares de curso, sess\u00f5es de cinema, quizzes e outras atividades que promovem o conv\u00edvio e a boa disposi\u00e7\u00e3o entre todos os alunos do DFA.<\/p>\n<\/div>\n<div class=\"dep-section\">\n<h3 class=\"dep-title\">Comunica\u00e7\u00e3o<\/h3>\n<p class=\"dep-text\">Divulgamos as atividades do PhysikUP pelas redes sociais, a fim de aumentar o nosso alcance e dar a conhecer as nossas atividades a mais pessoas. Para al\u00e9m disso, criamos v\u00e1rios recursos multim\u00e9dia, como o Podcast Watt\u2019s Beyond e a Revista PhysikUPDATE, bem como tratamos da manuten\u00e7\u00e3o e edi\u00e7\u00e3o do nosso website. Procuramos ainda divulgar outras novidades relacionadas com a F\u00edsica atrav\u00e9s de Newsletters e publica\u00e7\u00f5es nas redes sociais.<\/p>\n<\/div>\n<\/div>\n","protected":false},"excerpt":{"rendered":"<p>Inreach Damos a conhecer aos nossos estudantes os centros de investiga\u00e7\u00e3o associados ao Departamento de F\u00edsica e Astronomia da FCUP. Promovemos tamb\u00e9m palestras onde o pessoal docente e n\u00e3o-docente d\u00e1 a conhecer a sua experi\u00eancia acad\u00e9mica e profissional. Outreach O nosso objetivo \u00e9 despertar o interesse pela ci\u00eancia nos mais novos, para isso visitamos escolas [&hellip;]<\/p>\n","protected":false},"author":1,"featured_media":437,"parent":0,"menu_order":0,"comment_status":"closed","ping_status":"closed","template":"","meta":{"ngg_post_thumbnail":0},"_links":{"self":[{"href":"https:\/\/www.fc.up.pt\/physikup\/wp-json\/wp\/v2\/pages\/861"}],"collection":[{"href":"https:\/\/www.fc.up.pt\/physikup\/wp-json\/wp\/v2\/pages"}],"about":[{"href":"https:\/\/www.fc.up.pt\/physikup\/wp-json\/wp\/v2\/types\/page"}],"author":[{"embeddable":true,"href":"https:\/\/www.fc.up.pt\/physikup\/wp-json\/wp\/v2\/users\/1"}],"replies":[{"embeddable":true,"href":"https:\/\/www.fc.up.pt\/physikup\/wp-json\/wp\/v2\/comments?post=861"}],"version-history":[{"count":14,"href":"https:\/\/www.fc.up.pt\/physikup\/wp-json\/wp\/v2\/pages\/861\/revisions"}],"predecessor-version":[{"id":1132,"href":"https:\/\/www.fc.up.pt\/physikup\/wp-json\/wp\/v2\/pages\/861\/revisions\/1132"}],"wp:featuredmedia":[{"embeddable":true,"href":"https:\/\/www.fc.up.pt\/physikup\/wp-json\/wp\/v2\/media\/437"}],"wp:attachment":[{"href":"https:\/\/www.fc.up.pt\/physikup\/wp-json\/wp\/v2\/media?parent=861"}],"curies":[{"name":"wp","href":"https:\/\/api.w.org\/{rel}","templated":true}]}}