{"id":66,"date":"2017-09-01T16:49:09","date_gmt":"2017-09-01T16:49:09","guid":{"rendered":"https:\/\/www.fc.up.pt\/physikup\/?page_id=66"},"modified":"2019-03-15T16:21:43","modified_gmt":"2019-03-15T16:21:43","slug":"historia","status":"publish","type":"page","link":"https:\/\/www.fc.up.pt\/physikup\/historia\/","title":{"rendered":"Hist\u00f3ria"},"content":{"rendered":"<p style=\"text-align: center;\"><span style=\"font-family: 'trebuchet ms', geneva, sans-serif;\">O PhysikUP, inicialmente conhecido por NEF\/DFA, formou-se em 2015 depois de um conjunto de estudantes de F\u00edsica e Engenharia F\u00edsica da FCUP se terem apercebido da necessidade de dinamizar atividades que facilitassem o aproveitamento educativo de todos os alunos do departamento. <\/span><br \/>\n<span style=\"font-family: 'trebuchet ms', geneva, sans-serif;\"> Assim, em setembro deste ano, tiveram a primeira reuni\u00e3o onde discutiram quais seriam os objetivos e os eventos do novo n\u00facleo.<\/span><\/p>\n<p style=\"text-align: center;\"><span style=\"font-family: 'trebuchet ms', geneva, sans-serif;\">O primeiro passo foi dedicado a estabelecer a nossa presen\u00e7a como tamb\u00e9m continuar o trabalho realizado pelo, na altura, professor Bruno Soares e pelo professor Jo\u00e3o Penedones, que criaram 3 das atividades representativas do N\u00facleo: papers@dfa, myresearch@dfa e desafios@dfa. \u00a0Sem o seu incentivo \u00e0 nossa forma\u00e7\u00e3o e sem o seu apoio, o n\u00facleo n\u00e3o existiria. Para al\u00e9m disto, foi criado um programa de mentores, de visitas a empresas e a laborat\u00f3rios e o quiz@UP, aberto a todos os estudantes da UP.<\/span><\/p>\n<p style=\"text-align: center;\"><span style=\"font-family: 'trebuchet ms', geneva, sans-serif;\">Em 2016, apresentamo-nos aos estudantes prestes a come\u00e7ar o seu percurso acad\u00e9mico universit\u00e1rio, recebendo um feedback positivo, pois estes demonstraram-se ativos nas atividades criadas. Neste per\u00edodo, foi tamb\u00e9m lan\u00e7ado o projeto de visitas a escolas com 3\u00baciclo e secund\u00e1rio e procedeu-se \u00e0 oficializa\u00e7\u00e3o e legaliza\u00e7\u00e3o do n\u00facleo perante a lei portuguesa.<\/span><\/p>\n<p style=\"text-align: center;\"><span style=\"font-family: 'trebuchet ms', geneva, sans-serif;\">Em 2017, o NEF\/DFA\u00a0 ganhou um novo nome e uma nova cara: PhysikUP &#8211; N\u00facleo de F\u00edsica, Engenharia F\u00edsica e Astronomia da Faculdade de Ci\u00eancias da Universidade do Porto. Os nossos objetivos continuam os mesmos e o empenho igual. Continuaremos como continuamos agora, sempre a avan\u00e7ar.<\/span><\/p>\n<p style=\"text-align: center;\"><span style=\"font-family: 'trebuchet ms', geneva, sans-serif;\">Pela F\u00edsica e pelos estudantes de F\u00edsica!<\/span><\/p>\n<p>&nbsp;<\/p>\n","protected":false},"excerpt":{"rendered":"<p>O PhysikUP, inicialmente conhecido por NEF\/DFA, formou-se em 2015 depois de um conjunto de estudantes de F\u00edsica e Engenharia F\u00edsica da FCUP se terem apercebido da necessidade de dinamizar atividades que facilitassem o aproveitamento educativo de todos os alunos do departamento. Assim, em setembro deste ano, tiveram a primeira reuni\u00e3o onde discutiram quais seriam os [&hellip;]<\/p>\n","protected":false},"author":1,"featured_media":384,"parent":0,"menu_order":0,"comment_status":"closed","ping_status":"closed","template":"","meta":{"ngg_post_thumbnail":0},"_links":{"self":[{"href":"https:\/\/www.fc.up.pt\/physikup\/wp-json\/wp\/v2\/pages\/66"}],"collection":[{"href":"https:\/\/www.fc.up.pt\/physikup\/wp-json\/wp\/v2\/pages"}],"about":[{"href":"https:\/\/www.fc.up.pt\/physikup\/wp-json\/wp\/v2\/types\/page"}],"author":[{"embeddable":true,"href":"https:\/\/www.fc.up.pt\/physikup\/wp-json\/wp\/v2\/users\/1"}],"replies":[{"embeddable":true,"href":"https:\/\/www.fc.up.pt\/physikup\/wp-json\/wp\/v2\/comments?post=66"}],"version-history":[{"count":8,"href":"https:\/\/www.fc.up.pt\/physikup\/wp-json\/wp\/v2\/pages\/66\/revisions"}],"predecessor-version":[{"id":392,"href":"https:\/\/www.fc.up.pt\/physikup\/wp-json\/wp\/v2\/pages\/66\/revisions\/392"}],"wp:featuredmedia":[{"embeddable":true,"href":"https:\/\/www.fc.up.pt\/physikup\/wp-json\/wp\/v2\/media\/384"}],"wp:attachment":[{"href":"https:\/\/www.fc.up.pt\/physikup\/wp-json\/wp\/v2\/media?parent=66"}],"curies":[{"name":"wp","href":"https:\/\/api.w.org\/{rel}","templated":true}]}}