{"id":64,"date":"2017-09-01T16:28:08","date_gmt":"2017-09-01T16:28:08","guid":{"rendered":"https:\/\/www.fc.up.pt\/physikup\/?page_id=64"},"modified":"2021-10-06T19:03:56","modified_gmt":"2021-10-06T19:03:56","slug":"socios","status":"publish","type":"page","link":"https:\/\/www.fc.up.pt\/physikup\/socios\/","title":{"rendered":"S\u00f3cios"},"content":{"rendered":"<h5 style=\"text-align: center;\"><span>Tipo de S\u00f3cio<\/span><\/h5>\n<p style=\"text-align: center;\"><span><strong>Estudantes &#8211; <\/strong>em que podes renovar a tua inscri\u00e7\u00e3o anualmente<\/span><\/p>\n<p style=\"text-align: center;\"><span><strong>Alumni &#8211;<\/strong>\u00a0com dura\u00e7\u00e3o vital\u00edcia<\/span><\/p>\n<p style=\"text-align: center;\"><span><strong>Professores e Funcion\u00e1rios &#8211;<\/strong>\u00a0com dura\u00e7\u00e3o vital\u00edcia<\/span><\/p>\n<p>Podes-te tornar s\u00f3cio do PhysikUP e usufruir de diversos direitos e vantagens. Sabe todas as informa\u00e7\u00f5es e tem acesso ao formul\u00e1rio de inscri\u00e7\u00e3o <strong><span style=\"color: #000080;\"><a href=\"https:\/\/forms.gle\/ymKypmuoqbhY7Ws3A\" target=\"_blank\" style=\"color: #000080;\" rel=\"noopener noreferrer\">aqui<\/a><\/span><\/strong>.<\/p>\n<table class=\" aligncenter\" style=\"width: 726px; border-color: #ffffff; background-color: #ffffff;\" height=\"198\">\n<tbody>\n<tr>\n<td style=\"width: 250px; text-align: center;\">\n<h5><span>Direitos<\/span><\/h5>\n<\/td>\n<td style=\"width: 231px; text-align: center;\">\n<h5><span>Deveres<\/span><\/h5>\n<\/td>\n<td style=\"width: 222px; text-align: center;\">\n<h5><span>Vantagen<\/span><span>s<\/span><\/h5>\n<\/td>\n<\/tr>\n<tr>\n<td style=\"width: 250px; text-align: center;\"><span>Participa\u00e7\u00e3o e voto na Assembleia Geral<\/span><\/td>\n<td style=\"width: 231px; text-align: center;\"><span>Pagamento da J\u00f3ia de Inscri\u00e7\u00e3o<\/span><\/td>\n<td style=\"width: 222px; text-align: center;\"><span>Descontos nas atividades do n\u00facleo<\/span><\/td>\n<\/tr>\n<tr>\n<td style=\"width: 250px; text-align: center;\"><span>Candidatura aos \u00d3rg\u00e3os Sociais do PhysikUP<\/span><\/td>\n<td style=\"width: 231px; text-align: center;\">\n<p style=\"text-align: center;\"><span>Cumprimento dos Estatutos e <\/span><span>Regulamento Interno<\/span><\/p>\n<\/td>\n<td style=\"width: 222px; text-align: center;\"><span>Prioridade na inscri\u00e7\u00e3o em visitas a empresas e laborat\u00f3rios<\/span><\/td>\n<\/tr>\n<\/tbody>\n<\/table>\n","protected":false},"excerpt":{"rendered":"<p>Tipo de S\u00f3cio Estudantes &#8211; em que podes renovar a tua inscri\u00e7\u00e3o anualmente Alumni &#8211;\u00a0com dura\u00e7\u00e3o vital\u00edcia Professores e Funcion\u00e1rios &#8211;\u00a0com dura\u00e7\u00e3o vital\u00edcia Podes-te tornar s\u00f3cio do PhysikUP e usufruir de diversos direitos e vantagens. Sabe todas as informa\u00e7\u00f5es e tem acesso ao formul\u00e1rio de inscri\u00e7\u00e3o aqui. Direitos Deveres Vantagens Participa\u00e7\u00e3o e voto na Assembleia [&hellip;]<\/p>\n","protected":false},"author":1,"featured_media":414,"parent":0,"menu_order":0,"comment_status":"closed","ping_status":"closed","template":"","meta":{"ngg_post_thumbnail":0},"_links":{"self":[{"href":"https:\/\/www.fc.up.pt\/physikup\/wp-json\/wp\/v2\/pages\/64"}],"collection":[{"href":"https:\/\/www.fc.up.pt\/physikup\/wp-json\/wp\/v2\/pages"}],"about":[{"href":"https:\/\/www.fc.up.pt\/physikup\/wp-json\/wp\/v2\/types\/page"}],"author":[{"embeddable":true,"href":"https:\/\/www.fc.up.pt\/physikup\/wp-json\/wp\/v2\/users\/1"}],"replies":[{"embeddable":true,"href":"https:\/\/www.fc.up.pt\/physikup\/wp-json\/wp\/v2\/comments?post=64"}],"version-history":[{"count":32,"href":"https:\/\/www.fc.up.pt\/physikup\/wp-json\/wp\/v2\/pages\/64\/revisions"}],"predecessor-version":[{"id":1156,"href":"https:\/\/www.fc.up.pt\/physikup\/wp-json\/wp\/v2\/pages\/64\/revisions\/1156"}],"wp:featuredmedia":[{"embeddable":true,"href":"https:\/\/www.fc.up.pt\/physikup\/wp-json\/wp\/v2\/media\/414"}],"wp:attachment":[{"href":"https:\/\/www.fc.up.pt\/physikup\/wp-json\/wp\/v2\/media?parent=64"}],"curies":[{"name":"wp","href":"https:\/\/api.w.org\/{rel}","templated":true}]}}