{"id":145,"date":"2017-10-04T21:45:45","date_gmt":"2017-10-04T21:45:45","guid":{"rendered":"https:\/\/www.fc.up.pt\/physikup\/?page_id=145"},"modified":"2019-03-15T16:33:16","modified_gmt":"2019-03-15T16:33:16","slug":"programa-de-mentores","status":"publish","type":"page","link":"https:\/\/www.fc.up.pt\/physikup\/programa-de-mentores\/","title":{"rendered":"Programa de Mentores"},"content":{"rendered":"<div style=\"text-align: center;\">\n<p><span style=\"font-family: 'trebuchet ms', geneva, sans-serif;\"><span class=\"il\">Este programa tem como\u00a0<\/span>objetivo formar um sistema de acompanhamento dos alunos do 1\u00ba ano, rec\u00e9m chegados, por parte dos alunos mais velhos deste nosso departamento, os\u00a0<span class=\"il\">Mentores<\/span>.<\/span><\/p>\n<p><span style=\"font-family: 'trebuchet ms', geneva, sans-serif;\">O papel do\u00a0<\/span><span class=\"il\" style=\"font-family: 'trebuchet ms', geneva, sans-serif;\">Mentor<\/span><span style=\"font-family: 'trebuchet ms', geneva, sans-serif;\">\u00a0\u00e9 ajudar os Aprendizes a integrar-se no curso, na faculdade e at\u00e9 na cidade, estando dispon\u00edvel para tirar eventuais d\u00favidas sobre os mesmos. O\u00a0<\/span><span class=\"il\" style=\"font-family: 'trebuchet ms', geneva, sans-serif;\">Mentor<\/span><span style=\"font-family: 'trebuchet ms', geneva, sans-serif;\">\u00a0n\u00e3o \u00e9 um explicador privado. Deve ser antes visto como um colega mais experiente que pode ajudar os novos alunos na adapta\u00e7\u00e3o ao novo ambiente em que se v\u00e3o inserir, bem como contribuir para maximizar as possibilidades de sucesso acad\u00e9mico.\u00a0O n\u00famero de alunos atribu\u00eddo a cada\u00a0<\/span><span class=\"il\" style=\"font-family: 'trebuchet ms', geneva, sans-serif;\">Mentor<\/span><span style=\"font-family: 'trebuchet ms', geneva, sans-serif;\">\u00a0varia consoante a sua disponibilidade, que ser\u00e1 indicada aquando da inscri\u00e7\u00e3o. Salienta-se que n\u00e3o \u00e9 um compromisso formal, mas espera-se que o\u00a0<\/span><span class=\"il\" style=\"font-family: 'trebuchet ms', geneva, sans-serif;\">mentor<\/span><span style=\"font-family: 'trebuchet ms', geneva, sans-serif;\">\u00a0fa\u00e7a o seu trabalho com responsabilidade.<\/span><\/p>\n<\/div>\n","protected":false},"excerpt":{"rendered":"<p>Este programa tem como\u00a0objetivo formar um sistema de acompanhamento dos alunos do 1\u00ba ano, rec\u00e9m chegados, por parte dos alunos mais velhos deste nosso departamento, os\u00a0Mentores. O papel do\u00a0Mentor\u00a0\u00e9 ajudar os Aprendizes a integrar-se no curso, na faculdade e at\u00e9 na cidade, estando dispon\u00edvel para tirar eventuais d\u00favidas sobre os mesmos. O\u00a0Mentor\u00a0n\u00e3o \u00e9 um explicador [&hellip;]<\/p>\n","protected":false},"author":1,"featured_media":413,"parent":0,"menu_order":0,"comment_status":"closed","ping_status":"closed","template":"","meta":{"ngg_post_thumbnail":0},"_links":{"self":[{"href":"https:\/\/www.fc.up.pt\/physikup\/wp-json\/wp\/v2\/pages\/145"}],"collection":[{"href":"https:\/\/www.fc.up.pt\/physikup\/wp-json\/wp\/v2\/pages"}],"about":[{"href":"https:\/\/www.fc.up.pt\/physikup\/wp-json\/wp\/v2\/types\/page"}],"author":[{"embeddable":true,"href":"https:\/\/www.fc.up.pt\/physikup\/wp-json\/wp\/v2\/users\/1"}],"replies":[{"embeddable":true,"href":"https:\/\/www.fc.up.pt\/physikup\/wp-json\/wp\/v2\/comments?post=145"}],"version-history":[{"count":12,"href":"https:\/\/www.fc.up.pt\/physikup\/wp-json\/wp\/v2\/pages\/145\/revisions"}],"predecessor-version":[{"id":411,"href":"https:\/\/www.fc.up.pt\/physikup\/wp-json\/wp\/v2\/pages\/145\/revisions\/411"}],"wp:featuredmedia":[{"embeddable":true,"href":"https:\/\/www.fc.up.pt\/physikup\/wp-json\/wp\/v2\/media\/413"}],"wp:attachment":[{"href":"https:\/\/www.fc.up.pt\/physikup\/wp-json\/wp\/v2\/media?parent=145"}],"curies":[{"name":"wp","href":"https:\/\/api.w.org\/{rel}","templated":true}]}}