{"id":1409,"date":"2021-07-26T19:18:42","date_gmt":"2021-07-26T19:18:42","guid":{"rendered":"https:\/\/www.fc.up.pt\/paam\/?page_id=1409"},"modified":"2021-09-02T11:21:02","modified_gmt":"2021-09-02T11:21:02","slug":"politica-de-privacidade","status":"publish","type":"page","link":"https:\/\/www.fc.up.pt\/paam\/politica-de-privacidade\/","title":{"rendered":"Pol\u00edtica de Privacidade"},"content":{"rendered":"\t\t<div data-elementor-type=\"wp-page\" data-elementor-id=\"1409\" class=\"elementor elementor-1409\" data-elementor-settings=\"[]\">\n\t\t\t\t\t\t\t<div class=\"elementor-section-wrap\">\n\t\t\t\t\t\t\t<section class=\"elementor-section elementor-top-section elementor-element elementor-element-e903166 elementor-section-boxed elementor-section-height-default elementor-section-height-default\" data-id=\"e903166\" data-element_type=\"section\" data-settings=\"{&quot;background_background&quot;:&quot;classic&quot;}\">\n\t\t\t\t\t\t<div class=\"elementor-container elementor-column-gap-default\">\n\t\t\t\t\t<div class=\"elementor-column elementor-col-100 elementor-top-column elementor-element elementor-element-18d6345\" data-id=\"18d6345\" data-element_type=\"column\">\n\t\t\t<div class=\"elementor-widget-wrap\">\n\t\t\t\t\t\t\t\t\t<\/div>\n\t\t<\/div>\n\t\t\t\t\t\t\t<\/div>\n\t\t<\/section>\n\t\t\t\t<section class=\"elementor-section elementor-top-section elementor-element elementor-element-6a504fc elementor-section-boxed elementor-section-height-default elementor-section-height-default\" data-id=\"6a504fc\" data-element_type=\"section\">\n\t\t\t\t\t\t<div class=\"elementor-container elementor-column-gap-default\">\n\t\t\t\t\t<div class=\"elementor-column elementor-col-100 elementor-top-column elementor-element elementor-element-92a4a1c\" data-id=\"92a4a1c\" data-element_type=\"column\">\n\t\t\t<div class=\"elementor-widget-wrap elementor-element-populated\">\n\t\t\t\t\t\t\t\t<div class=\"elementor-element elementor-element-14c385a elementor-widget elementor-widget-heading\" data-id=\"14c385a\" data-element_type=\"widget\" data-widget_type=\"heading.default\">\n\t\t\t\t<div class=\"elementor-widget-container\">\n\t\t\t<h1 class=\"elementor-heading-title elementor-size-default\">Pol\u00edtica de Privacidade<\/h1>\t\t<\/div>\n\t\t\t\t<\/div>\n\t\t\t\t<div class=\"elementor-element elementor-element-4c890b9 elementor-widget elementor-widget-text-editor\" data-id=\"4c890b9\" data-element_type=\"widget\" data-widget_type=\"text-editor.default\">\n\t\t\t\t<div class=\"elementor-widget-container\">\n\t\t\t\t\t\t\t<p>Esta Pol\u00edtica de Privacidade estabelece o nosso compromisso com os seus clientes ou visitantes quanto \u00e0 protec\u00e7\u00e3o de dados pessoais, informando o tratamento que realiza com os seus dados, assim como os direitos que lhes reconhece enquanto titulares dos dados, no cumprimento do Regulamento (UE) 2016\/679 (Regulamento Geral sobre a Protec\u00e7\u00e3o de Dados \u2013 RGPD) e da legisla\u00e7\u00e3o de protec\u00e7\u00e3o de dados aplic\u00e1vel.<\/p><p>A Pol\u00edtica de Privacidade aplica-se exclusivamente ao tratamento de dados pessoais efectuados pelo contexto das finalidades aqui previstas, nas quais se considera dado pessoal a informac\u0327a\u0303o relativa a uma pessoa singular, de qualquer natureza e independente do respectivo suporte, que identifique ou permita identificar essa pessoa.<\/p><p>A utiliza\u00e7\u00e3o deste site implica a aceita\u00e7\u00e3o desta Pol\u00edtica de Privacidade.<\/p>\t\t\t\t\t\t<\/div>\n\t\t\t\t<\/div>\n\t\t\t\t<div class=\"elementor-element elementor-element-d742391 elementor-widget elementor-widget-heading\" data-id=\"d742391\" data-element_type=\"widget\" data-widget_type=\"heading.default\">\n\t\t\t\t<div class=\"elementor-widget-container\">\n\t\t\t<h2 class=\"elementor-heading-title elementor-size-default\">Que Informa\u00e7\u00e3o Recolhemos?\n<\/h2>\t\t<\/div>\n\t\t\t\t<\/div>\n\t\t\t\t<div class=\"elementor-element elementor-element-cf0bde9 elementor-widget elementor-widget-text-editor\" data-id=\"cf0bde9\" data-element_type=\"widget\" data-widget_type=\"text-editor.default\">\n\t\t\t\t<div class=\"elementor-widget-container\">\n\t\t\t\t\t\t\t<p>N\u00f3s recolhemos informa\u00e7\u00f5es an\u00f3nimas quando os utilizadores visitam o website. Estas informa\u00e7\u00f5es podem incluir, a t\u00edtulo de exemplo, o tipo de aparelho, sistema operativo e browsers utilizados para aceder ao site, localiza\u00e7\u00e3o geogr\u00e1fica, dura\u00e7\u00e3o da visita e n\u00famero de p\u00e1gina visitadas. N\u00e3o \u00e9 poss\u00edvel relacionar estes elementos com os utilizadores individuais.<\/p>\t\t\t\t\t\t<\/div>\n\t\t\t\t<\/div>\n\t\t\t\t<div class=\"elementor-element elementor-element-7e00428 elementor-widget elementor-widget-heading\" data-id=\"7e00428\" data-element_type=\"widget\" data-widget_type=\"heading.default\">\n\t\t\t\t<div class=\"elementor-widget-container\">\n\t\t\t<h2 class=\"elementor-heading-title elementor-size-default\">O Que Fazemos Com A Informa\u00e7\u00e3o Recolhida?\n<\/h2>\t\t<\/div>\n\t\t\t\t<\/div>\n\t\t\t\t<div class=\"elementor-element elementor-element-ecb02b5 elementor-widget elementor-widget-text-editor\" data-id=\"ecb02b5\" data-element_type=\"widget\" data-widget_type=\"text-editor.default\">\n\t\t\t\t<div class=\"elementor-widget-container\">\n\t\t\t\t\t\t\t<p>Toda a informa\u00e7\u00e3o recolhida \u00e9 para seu uso exclusivo. Comprometemo-nos a n\u00e3o a vender, trocar, alugar ou partilhar a terceiros sem o consentimento do utilizador, excepto se a isso obrigada por decis\u00e3o de tribunal.<\/p><p>A informa\u00e7\u00e3o recolhida \u00e9 organizada internamente numa base de dados e pode ser utilizada para melhorar os conte\u00fados do nosso Website<\/p>\t\t\t\t\t\t<\/div>\n\t\t\t\t<\/div>\n\t\t\t\t<div class=\"elementor-element elementor-element-1dd1eb9 elementor-widget elementor-widget-heading\" data-id=\"1dd1eb9\" data-element_type=\"widget\" data-widget_type=\"heading.default\">\n\t\t\t\t<div class=\"elementor-widget-container\">\n\t\t\t<h2 class=\"elementor-heading-title elementor-size-default\">Partilha dos dados pessoais<\/h2>\t\t<\/div>\n\t\t\t\t<\/div>\n\t\t\t\t<div class=\"elementor-element elementor-element-657f9b1 elementor-widget elementor-widget-text-editor\" data-id=\"657f9b1\" data-element_type=\"widget\" data-widget_type=\"text-editor.default\">\n\t\t\t\t<div class=\"elementor-widget-container\">\n\t\t\t\t\t\t\t<p>Temos acesso aos seus dados pessoais os colaboradores que deles necessitam para cumprir as dilig\u00eancias comerciais ou legais necess\u00e1rias.<\/p><p>Caso os dados pessoais sejam tratados por outras entidades para assegurar a presta\u00e7\u00e3o do servi\u00e7o, exigimos a tais entidades o mesmo n\u00edvel de privacidade e seguran\u00e7a quanto aos seus dados pessoais.<\/p><p>Para o estrito cumprimento de obrigac\u0327o\u0303es legais ou fiscais, os seus dados pessoais podera\u0303o ser transmitidos a outras entidades, por exemplo tribunais ou organismos pu\u0301blicos.<\/p><p>N\u00e3o partilhamos, em caso algum, os seus dados pessoais com outras empresas ou marcas para outros fins comerciais.<\/p>\t\t\t\t\t\t<\/div>\n\t\t\t\t<\/div>\n\t\t\t\t<div class=\"elementor-element elementor-element-225e649 elementor-widget elementor-widget-heading\" data-id=\"225e649\" data-element_type=\"widget\" data-widget_type=\"heading.default\">\n\t\t\t\t<div class=\"elementor-widget-container\">\n\t\t\t<h2 class=\"elementor-heading-title elementor-size-default\">Seguran\u00e7a dos dados pessoais<\/h2>\t\t<\/div>\n\t\t\t\t<\/div>\n\t\t\t\t<div class=\"elementor-element elementor-element-95306fd elementor-widget elementor-widget-text-editor\" data-id=\"95306fd\" data-element_type=\"widget\" data-widget_type=\"text-editor.default\">\n\t\t\t\t<div class=\"elementor-widget-container\">\n\t\t\t\t\t\t\t<p>Comprometemo-nos a tratar apenas os dados pessoais que sejam estritamente necess\u00e1rios \u00e0 execu\u00e7\u00e3o das finalidades acima descritas, e envidar\u00e1 todos os esfor\u00e7os para garantir a seguran\u00e7a e a protec\u00e7\u00e3o dos dados pessoais, incluindo medidas administrativas e t\u00e9cnicas para impedir o acesso aos seus dados, a sua utiliza\u00e7\u00e3o indevida, ou a sua divulga\u00e7\u00e3o n\u00e3o autorizada.<\/p>\t\t\t\t\t\t<\/div>\n\t\t\t\t<\/div>\n\t\t\t\t<div class=\"elementor-element elementor-element-be6ae3c elementor-widget elementor-widget-heading\" data-id=\"be6ae3c\" data-element_type=\"widget\" data-widget_type=\"heading.default\">\n\t\t\t\t<div class=\"elementor-widget-container\">\n\t\t\t<h2 class=\"elementor-heading-title elementor-size-default\">Politica De Cookies\n<\/h2>\t\t<\/div>\n\t\t\t\t<\/div>\n\t\t\t\t<div class=\"elementor-element elementor-element-3752107 elementor-widget elementor-widget-text-editor\" data-id=\"3752107\" data-element_type=\"widget\" data-widget_type=\"text-editor.default\">\n\t\t\t\t<div class=\"elementor-widget-container\">\n\t\t\t\t\t\t\t<p>Os cookies s\u00e3o pequenos ficheiros colocados no browser dos utilizadores quando estes visita o nosso Website. Os cookies recolhem apenas informa\u00e7\u00e3o an\u00f3nima, n\u00e3o permitindo aceder ao computador dos utilizadores ou a qualquer informa\u00e7\u00e3o pessoal.<\/p><p><strong>Este site pode usar v\u00e1rios tipos de cookies:<\/strong><\/p><ul><li><strong>Cookies de sess\u00e3o:<\/strong> s\u00e3o cookies tempor\u00e1rios, que n\u00e3o ficam guardados no computador ap\u00f3s sair do site, e que servem para analisar padr\u00f5es de tr\u00e1fego, permitindo-nos melhorar o conte\u00fado e a usabilidade do site.<\/li><li><strong>Cookies anal\u00edticos:<\/strong> s\u00e3o utilizados anonimamente para efeitos estat\u00edsticos, sendo tratados por n\u00f3s ou por terceiros, com o objetivo de analisar padr\u00f5es de navega\u00e7\u00e3o no site, e melhorar o fornecimento de produtos ou servi\u00e7os.<\/li><li><strong>Cookies funcionais:<\/strong> guardam prefer\u00eancias do utilizador relativamente \u00e0 utiliza\u00e7\u00e3o do site.<\/li><\/ul><p>Os browsers (navegadores) permitem ao utilizador aceitar, recusar ou apagar cookies atrav\u00e9s das suas defini\u00e7\u00f5es avan\u00e7adas. \u00c9 geralmente poss\u00edvel geri-las no menu \u201cOp\u00e7\u00f5es\u201d ou \u201cPrefer\u00eancias\u201d. Tenha em conta que ao desactivar os cookies pode impedir que algumas p\u00e1ginas ou servi\u00e7os do site funcionem correctamente.<\/p><p>Para obter mais informa\u00e7\u00f5es sobre cookies e a respectiva utiliza\u00e7\u00e3o, sugerimos que consulte os seguinte link: <a href=\"http:\/\/www.allaboutcookies.org\" target=\"_blank\" rel=\"noopener\">www.allaboutcookies.org<\/a>.<\/p>\t\t\t\t\t\t<\/div>\n\t\t\t\t<\/div>\n\t\t\t\t<div class=\"elementor-element elementor-element-f09c41e elementor-widget elementor-widget-heading\" data-id=\"f09c41e\" data-element_type=\"widget\" data-widget_type=\"heading.default\">\n\t\t\t\t<div class=\"elementor-widget-container\">\n\t\t\t<h2 class=\"elementor-heading-title elementor-size-default\">Perguntas E Informa\u00e7\u00f5es De Contacto\n<\/h2>\t\t<\/div>\n\t\t\t\t<\/div>\n\t\t\t\t<div class=\"elementor-element elementor-element-a5b3be7 elementor-widget elementor-widget-text-editor\" data-id=\"a5b3be7\" data-element_type=\"widget\" data-widget_type=\"text-editor.default\">\n\t\t\t\t<div class=\"elementor-widget-container\">\n\t\t\t\t\t\t\tSe quiser: aceder, corrigir, alterar ou excluir quaisquer informa\u00e7\u00f5es pessoais que temos sobre si, registre uma queixa, ou simplesmente pe\u00e7a mais informa\u00e7\u00f5es de contacto com o nosso Respons\u00e1vel de Conformidade de Privacidade em\u00a0<a href=\"mailto:ciclopaisagensptbr@gmail.com\">ciclopaisagensptbr@gmail.com<\/a>.\t\t\t\t\t\t<\/div>\n\t\t\t\t<\/div>\n\t\t\t\t\t<\/div>\n\t\t<\/div>\n\t\t\t\t\t\t\t<\/div>\n\t\t<\/section>\n\t\t\t\t\t\t<\/div>\n\t\t\t\t\t<\/div>\n\t\t","protected":false},"excerpt":{"rendered":"<p>Pol\u00edtica de Privacidade Esta Pol\u00edtica de Privacidade estabelece o nosso compromisso com os seus clientes ou visitantes quanto \u00e0 protec\u00e7\u00e3o de dados pessoais, informando o tratamento que realiza com os seus dados, assim como os direitos que lhes reconhece enquanto titulares dos dados, no cumprimento do Regulamento (UE) 2016\/679 (Regulamento Geral sobre a Protec\u00e7\u00e3o de [&hellip;]<\/p>\n","protected":false},"author":1,"featured_media":0,"parent":0,"menu_order":0,"comment_status":"closed","ping_status":"closed","template":"elementor_header_footer","meta":{"footnotes":""},"class_list":["post-1409","page","type-page","status-publish","hentry"],"_links":{"self":[{"href":"https:\/\/www.fc.up.pt\/paam\/wp-json\/wp\/v2\/pages\/1409","targetHints":{"allow":["GET"]}}],"collection":[{"href":"https:\/\/www.fc.up.pt\/paam\/wp-json\/wp\/v2\/pages"}],"about":[{"href":"https:\/\/www.fc.up.pt\/paam\/wp-json\/wp\/v2\/types\/page"}],"author":[{"embeddable":true,"href":"https:\/\/www.fc.up.pt\/paam\/wp-json\/wp\/v2\/users\/1"}],"replies":[{"embeddable":true,"href":"https:\/\/www.fc.up.pt\/paam\/wp-json\/wp\/v2\/comments?post=1409"}],"version-history":[{"count":29,"href":"https:\/\/www.fc.up.pt\/paam\/wp-json\/wp\/v2\/pages\/1409\/revisions"}],"predecessor-version":[{"id":1538,"href":"https:\/\/www.fc.up.pt\/paam\/wp-json\/wp\/v2\/pages\/1409\/revisions\/1538"}],"wp:attachment":[{"href":"https:\/\/www.fc.up.pt\/paam\/wp-json\/wp\/v2\/media?parent=1409"}],"curies":[{"name":"wp","href":"https:\/\/api.w.org\/{rel}","templated":true}]}}