{"id":98,"date":"2019-03-04T17:34:40","date_gmt":"2019-03-04T17:34:40","guid":{"rendered":"https:\/\/www.fc.up.pt\/oiaq2019\/?page_id=98"},"modified":"2019-10-04T17:22:12","modified_gmt":"2019-10-04T17:22:12","slug":"organizacao","status":"publish","type":"page","link":"https:\/\/www.fc.up.pt\/oiaq2019\/organizacao\/","title":{"rendered":"Organiza\u00e7\u00e3o"},"content":{"rendered":"<p class=\"has-small-font-size\"><strong><img loading=\"lazy\" class=\"wp-image-1284 size-medium alignleft\" src=\"https:\/\/i0.wp.com\/www.fc.up.pt\/oiaq2019\/wp-content\/uploads\/2019\/08\/Olimpiada_logotipo.jpg?resize=300%2C251&#038;ssl=1\" alt=\"\" width=\"300\" height=\"251\" srcset=\"https:\/\/i0.wp.com\/www.fc.up.pt\/oiaq2019\/wp-content\/uploads\/2019\/08\/Olimpiada_logotipo.jpg?resize=300%2C251&amp;ssl=1 300w, https:\/\/i0.wp.com\/www.fc.up.pt\/oiaq2019\/wp-content\/uploads\/2019\/08\/Olimpiada_logotipo.jpg?resize=768%2C642&amp;ssl=1 768w, https:\/\/i0.wp.com\/www.fc.up.pt\/oiaq2019\/wp-content\/uploads\/2019\/08\/Olimpiada_logotipo.jpg?resize=598%2C500&amp;ssl=1 598w, https:\/\/i0.wp.com\/www.fc.up.pt\/oiaq2019\/wp-content\/uploads\/2019\/08\/Olimpiada_logotipo.jpg?resize=685%2C572&amp;ssl=1 685w, https:\/\/i0.wp.com\/www.fc.up.pt\/oiaq2019\/wp-content\/uploads\/2019\/08\/Olimpiada_logotipo.jpg?w=2000&amp;ssl=1 2000w, https:\/\/i0.wp.com\/www.fc.up.pt\/oiaq2019\/wp-content\/uploads\/2019\/08\/Olimpiada_logotipo.jpg?w=1370&amp;ssl=1 1370w\" sizes=\"(max-width: 300px) 100vw, 300px\" data-recalc-dims=\"1\" \/><\/strong> <\/p>\r\n<h5><strong>Comiss\u00e3o de Honra \/ Comisi\u00f3n de Honor<\/strong><\/h5>\r\n<p class=\"has-small-font-size\">\r\n\r\n<\/p>\r\n<p style=\"font-size: 16px;\"><span style=\"font-family: Calibri;\">Tiago Brand\u00e3o Rodrigues, Ministro da Educa\u00e7\u00e3o (Ministro da Educa\u00e7\u00e3o \/ Ministro de Educaci\u00f3n)<br>Ant\u00f3nio Sousa Pereira, Reitor da UP (Reitor da UP \/ Rector de la UP)<br>Ant\u00f3nio Fernando Silva, ex-Diretor da FCUP (ex diretor da FCUP \/ ex director de la FCUP)<br>Ana Cristina Freire, Diretora da FCUP (Diretora da FCUP \/ Directora de la FCUP)<br>Artur Silva, Presidente da SPQ&nbsp; (Presidente da SPQ \/ Presidente de la SPQ)<br>Ana Paula Laborinho (Diretora da OEI em Portugal \/ Director de la OEI en Portugal)<\/span><\/p>\r\n<p class=\"has-small-font-size\">\r\n\r\n<\/p>\r\n<h5><strong>Comiss\u00e3o Coordenadora \/ Comisi\u00f3n Coordinadora<\/strong><\/h5>\r\n<p class=\"has-small-font-size\">\r\n\r\n<\/p>\r\n<p style=\"font-size: 16px;\"><span style=\"font-family: Calibri;\">Maria das Dores Ribeiro da Silva (Presidente XXIV OIAQ 2019)<br>Diana Pinto (UA, SPQ) <br>Nuno Mateus (Diretor do \/ Director del DQB, FCUP) <br>Cosme Neves Moura (FCUP) <br>Carlos Rocha Gomes (FCUP) <br>Alexandre Lopes Magalh\u00e3es (FCUP)<br>Marta Pi\u00f1eiro (UC)<br>Carlos Jorge Ribeiro da Silva (UM)<\/span><\/p>\r\n<p class=\"has-small-font-size\">\r\n\r\n<\/p>\r\n<h5><strong>Comiss\u00e3o Organizadora Local \/ Comisi\u00f3n Organizadora Local<\/strong><\/h5>\r\n<p class=\"has-small-font-size\">\r\n\r\n<\/p>\r\n<p style=\"font-size: 16px;\"><span style=\"font-family: Calibri;\">Maria das Dores Ribeiro da Silva (FCUP)<br>Cosme Neves Moura (FCUP)<br>Nuno Mateus (FCUP)<br>Carlos Rocha Gomes (FCUP)<br>Alexandre Magalh\u00e3es (FCUP)<br>Maria Agostinha Matos (FCUP)<br>Diana Pinto (UA)<br>Maria Amparo Faustino (UA)<br>Maria Jo\u00e3o Sottomayor (FCUP)<br>Ana Reis (FCUP)<br>Carla Morais (FCUP)<br>Eul\u00e1lia Pereira (FCUP)<br>Jos\u00e9 Maia Rodrigues (FCUP)<br>Lu\u00eds Guido (FCUP)<br>Maria Jo\u00e3o Sinde Ara\u00fajo (FCUP)<br>Lu\u00eds Miguel Alvares Ribeiro (FCUP)<br>Paula Gameiro dos Santos (FCUP)<br>Jorge Marques Gon\u00e7alves (FCUP)<br>Paulo Joaquim Almeida (FCUP)<br>Carlos Melo Pereira (FCUP)<br>Manuel Azenha (FCUP)<br>Jos\u00e9 Miguel Campi\u00f1a Pina (FCUP)<br>Vera L\u00facia S. Freitas (FCUP)<br>Ana Lu\u00edsa R. Silva (FCUP)<br>Vitor Silva (UJ)<br>Filomena Mesquita (UJ)<\/span><\/p>\r\n<p class=\"has-small-font-size\">\r\n\r\n<\/p>\r\n<h5><strong>Comiss\u00e3o de Apoio \/ Comisi\u00f3n de Apoyo<\/strong><\/h5>\r\n<p class=\"has-small-font-size\"><\/p>\r\n<h5><strong><em>Funcion\u00e1rios (Funcionarios) (*)<\/em><\/strong><\/h5>\r\n<p class=\"has-small-font-size\"><\/p>\r\n<p style=\"font-size: 16px;\"><span style=\"font-family: Calibri;\">Maria Jos\u00e9 Vasconcelos (FCUP)<br>Aurora Leal (FCUP)<br>Arminda Silva (FCUP)<br>Mois\u00e9s Xavier (FCUP)<br>Maria Goreti Carneiro (FCUP)<br>Sara Gil (FCUP)<br>Maria Jo\u00e3o Cabral (FCUP)<br><\/span><\/p>\r\n<h5><strong><em>Estudantes (Estudiantes)<\/em><\/strong><\/h5>\r\n<p><span style=\"font-family: Calibri;\">Jos\u00e9 Miguel Silva Ferraz (LQ)<br>Ana Margarida Gomes Moreira Alves (LQ)<br>Jos\u00e9 Dinis Freitas da Silva (MQ)<br>Ana Teresa Gon\u00e7alves e Silva (LQ)<br>Ana Elisa Alves Silva (MQ)<br>Matilde Santos Barbosa (LQ)<br>Alexandre Manuel Rodrigues Viana (MQ)<br>\u00c2ngela Cristina Martins de Castro (LQ)<br>Catarina Ramos Dias (LQ)<br>Patr\u00edcia Raquel da Silva Moreira (MMQ3Q)<br>Nat\u00e1lia Beir\u00e3o de Sousa (LQ)<br>In\u00eas Sequeira Ribeirinha Marques (MQ)<br>Gabriela Martins Werdan (LQ)<br>Edite Ferreira Pinto (LQ)<br>C\u00e1tia Sofia Nunes Pereira (MMQ3Q)<br>Telmo Jos\u00e9 Anselmo Francisco (MTCA)<\/span><\/p>\r\n<p style=\"font-size: <p class=;\">&#8230;&#8230;&#8230;&#8230;&#8230;&#8230;&#8230;&#8230;&#8230;&#8230;&#8230;&#8230;&#8230;&#8230;&#8230;&#8230;&#8230;&#8230;&#8230;&#8230;&#8230;&#8230;&#8230;&#8230;&#8230;&#8230;&#8230;&#8230;&#8230;&#8230;&#8230;&#8230;&#8230;&#8230;&#8230;&#8230;&#8230;&#8230;&#8230;&#8230;&#8230;&#8230;&#8230;&#8230;&#8230;&#8230;&#8230;&#8230;&#8230;&#8230;&#8230;&#8230;&#8230;&#8230;&#8230;&#8230;&#8230;&#8230;&#8230;&#8230;&#8230;&#8230;&#8230;&#8230;&#8230;.<\/p>\r\n<p style=\"font-size: 13px;\"><span style=\"color: #808080;\">OEI &#8211;&nbsp; Organiza\u00e7\u00e3o de Estados Iberoamericanos<br>DQB &#8211; Departamento de Qu\u00edmica e Bioqu\u00edmica<br>FCUP &#8211; Faculdade de Ci\u00eancias da Universidade do Porto<br>SPQ &#8211; Sociedade Portuguesa de Qu\u00edmica<br>UA &#8211; Universidade de Aveiro<br>UC &#8211; Universidade de Coimbra<br>UM &#8211; Universidade do Minho<br>UP &#8211; Universidade do Porto<br>UJ &#8211; Universidade J\u00fanior (UP)<\/span><\/p>\r\n<p style=\"font-size: 13px;\">&nbsp;<\/p>\r\n<p style=\"font-size: 13px;\"><span style=\"color: #808080;\">(*) Membros do Departamento de Qu\u00edmica e Bioqu\u00edmica com participa\u00e7\u00e3o relevante no apoio \u00e0 OIAQ2019 (Miembros del Departamento de Qu\u00edmica y Bioqu\u00edmica con participaci\u00f3n relevante en el apoyo a OIAQ2019)<\/span><\/p>\r\n<p style=\"font-size: 13px;\"><span style=\"color: #808080;\">Estudantes\/Estudiantes<br>LQ &#8211; Licenciatura em Qu\u00edmica (Licenciatura en Qu\u00edmica)<br>MQ &#8211; Mestrado em Qu\u00edmica (Maestr\u00eda en Qu\u00edmica)<br>MMA3Q &#8211; Mestrado em M\u00e9todos Avan\u00e7ados e Acredita\u00e7\u00e3o em An\u00e1lise Qu\u00edmica ((Maestr\u00eda en M\u00e9todos avanzados y acreditaci\u00f3n en an\u00e1lisis qu\u00edmico)<br>MTCA &#8211; Mestrado em Tecnologia e Ci\u00eancia Alimentar (Master en Tecnolog\u00eda y Ciencia de Alimentos)<\/span><\/p><div class=\"sharedaddy sd-sharing-enabled\"><div class=\"robots-nocontent sd-block sd-social sd-social-icon sd-sharing\"><h3 class=\"sd-title\">Share this:<\/h3><div class=\"sd-content\"><ul><li class=\"share-facebook\"><a rel=\"nofollow noopener noreferrer\" data-shared=\"sharing-facebook-98\" class=\"share-facebook sd-button share-icon no-text\" href=\"https:\/\/www.fc.up.pt\/oiaq2019\/organizacao\/?share=facebook\" target=\"_blank\" title=\"Click to share on Facebook\" ><span><\/span><span class=\"sharing-screen-reader-text\">Click to share on Facebook (Opens in new window)<\/span><\/a><\/li><li class=\"share-linkedin\"><a rel=\"nofollow noopener noreferrer\" data-shared=\"sharing-linkedin-98\" class=\"share-linkedin sd-button share-icon no-text\" href=\"https:\/\/www.fc.up.pt\/oiaq2019\/organizacao\/?share=linkedin\" target=\"_blank\" title=\"Click to share on LinkedIn\" ><span><\/span><span class=\"sharing-screen-reader-text\">Click to share on LinkedIn (Opens in new window)<\/span><\/a><\/li><li class=\"share-twitter\"><a rel=\"nofollow noopener noreferrer\" data-shared=\"sharing-twitter-98\" class=\"share-twitter sd-button share-icon no-text\" href=\"https:\/\/www.fc.up.pt\/oiaq2019\/organizacao\/?share=twitter\" target=\"_blank\" title=\"Click to share on Twitter\" ><span><\/span><span class=\"sharing-screen-reader-text\">Click to share on Twitter (Opens in new window)<\/span><\/a><\/li><li class=\"share-jetpack-whatsapp\"><a rel=\"nofollow noopener noreferrer\" data-shared=\"\" class=\"share-jetpack-whatsapp sd-button share-icon no-text\" href=\"https:\/\/www.fc.up.pt\/oiaq2019\/organizacao\/?share=jetpack-whatsapp\" target=\"_blank\" title=\"Click to share on WhatsApp\" ><span><\/span><span class=\"sharing-screen-reader-text\">Click to share on WhatsApp (Opens in new window)<\/span><\/a><\/li><li class=\"share-end\"><\/li><\/ul><\/div><\/div><\/div>","protected":false},"excerpt":{"rendered":"<p>Comiss\u00e3o de Honra \/ Comisi\u00f3n de Honor Tiago Brand\u00e3o Rodrigues, Ministro da Educa\u00e7\u00e3o (Ministro da Educa\u00e7\u00e3o \/ Ministro de Educaci\u00f3n)Ant\u00f3nio Sousa Pereira, Reitor da UP (Reitor da UP \/ Rector de la UP)Ant\u00f3nio Fernando Silva, ex-Diretor da FCUP (ex diretor da FCUP \/ ex director de la FCUP)Ana Cristina Freire, Diretora da FCUP (Diretora da &hellip; <a href=\"https:\/\/www.fc.up.pt\/oiaq2019\/organizacao\/\" class=\"more-link\">Continue reading <span class=\"screen-reader-text\">Organiza\u00e7\u00e3o<\/span><\/a><\/p>\n<div class=\"sharedaddy sd-sharing-enabled\"><div class=\"robots-nocontent sd-block sd-social sd-social-icon sd-sharing\"><h3 class=\"sd-title\">Share this:<\/h3><div class=\"sd-content\"><ul><li class=\"share-facebook\"><a rel=\"nofollow noopener noreferrer\" data-shared=\"sharing-facebook-98\" class=\"share-facebook sd-button share-icon no-text\" href=\"https:\/\/www.fc.up.pt\/oiaq2019\/organizacao\/?share=facebook\" target=\"_blank\" title=\"Click to share on Facebook\" ><span><\/span><span class=\"sharing-screen-reader-text\">Click to share on Facebook (Opens in new window)<\/span><\/a><\/li><li class=\"share-linkedin\"><a rel=\"nofollow noopener noreferrer\" data-shared=\"sharing-linkedin-98\" class=\"share-linkedin sd-button share-icon no-text\" href=\"https:\/\/www.fc.up.pt\/oiaq2019\/organizacao\/?share=linkedin\" target=\"_blank\" title=\"Click to share on LinkedIn\" ><span><\/span><span class=\"sharing-screen-reader-text\">Click to share on LinkedIn (Opens in new window)<\/span><\/a><\/li><li class=\"share-twitter\"><a rel=\"nofollow noopener noreferrer\" data-shared=\"sharing-twitter-98\" class=\"share-twitter sd-button share-icon no-text\" href=\"https:\/\/www.fc.up.pt\/oiaq2019\/organizacao\/?share=twitter\" target=\"_blank\" title=\"Click to share on Twitter\" ><span><\/span><span class=\"sharing-screen-reader-text\">Click to share on Twitter (Opens in new window)<\/span><\/a><\/li><li class=\"share-jetpack-whatsapp\"><a rel=\"nofollow noopener noreferrer\" data-shared=\"\" class=\"share-jetpack-whatsapp sd-button share-icon no-text\" href=\"https:\/\/www.fc.up.pt\/oiaq2019\/organizacao\/?share=jetpack-whatsapp\" target=\"_blank\" title=\"Click to share on WhatsApp\" ><span><\/span><span class=\"sharing-screen-reader-text\">Click to share on WhatsApp (Opens in new window)<\/span><\/a><\/li><li class=\"share-end\"><\/li><\/ul><\/div><\/div><\/div>","protected":false},"author":1,"featured_media":596,"parent":0,"menu_order":0,"comment_status":"closed","ping_status":"closed","template":"","meta":{"ngg_post_thumbnail":0,"jetpack_post_was_ever_published":false},"jetpack_shortlink":"https:\/\/wp.me\/PaLPYJ-1A","jetpack_likes_enabled":false,"jetpack_sharing_enabled":true,"_links":{"self":[{"href":"https:\/\/www.fc.up.pt\/oiaq2019\/wp-json\/wp\/v2\/pages\/98"}],"collection":[{"href":"https:\/\/www.fc.up.pt\/oiaq2019\/wp-json\/wp\/v2\/pages"}],"about":[{"href":"https:\/\/www.fc.up.pt\/oiaq2019\/wp-json\/wp\/v2\/types\/page"}],"author":[{"embeddable":true,"href":"https:\/\/www.fc.up.pt\/oiaq2019\/wp-json\/wp\/v2\/users\/1"}],"replies":[{"embeddable":true,"href":"https:\/\/www.fc.up.pt\/oiaq2019\/wp-json\/wp\/v2\/comments?post=98"}],"version-history":[{"count":56,"href":"https:\/\/www.fc.up.pt\/oiaq2019\/wp-json\/wp\/v2\/pages\/98\/revisions"}],"predecessor-version":[{"id":1411,"href":"https:\/\/www.fc.up.pt\/oiaq2019\/wp-json\/wp\/v2\/pages\/98\/revisions\/1411"}],"wp:featuredmedia":[{"embeddable":true,"href":"https:\/\/www.fc.up.pt\/oiaq2019\/wp-json\/wp\/v2\/media\/596"}],"wp:attachment":[{"href":"https:\/\/www.fc.up.pt\/oiaq2019\/wp-json\/wp\/v2\/media?parent=98"}],"curies":[{"name":"wp","href":"https:\/\/api.w.org\/{rel}","templated":true}]}}