{"id":125,"date":"2019-03-05T18:34:26","date_gmt":"2019-03-05T18:34:26","guid":{"rendered":"https:\/\/www.fc.up.pt\/oiaq2019\/?page_id=125"},"modified":"2019-08-27T16:11:30","modified_gmt":"2019-08-27T16:11:30","slug":"regulamento","status":"publish","type":"page","link":"https:\/\/www.fc.up.pt\/oiaq2019\/regulamento\/","title":{"rendered":"Regulamento"},"content":{"rendered":"\r\n<p><img loading=\"lazy\" class=\"alignnone wp-image-1284 size-medium\" src=\"https:\/\/i0.wp.com\/www.fc.up.pt\/oiaq2019\/wp-content\/uploads\/2019\/08\/Olimpiada_logotipo.jpg?resize=300%2C251&#038;ssl=1\" alt=\"\" width=\"300\" height=\"251\" srcset=\"https:\/\/i0.wp.com\/www.fc.up.pt\/oiaq2019\/wp-content\/uploads\/2019\/08\/Olimpiada_logotipo.jpg?resize=300%2C251&amp;ssl=1 300w, https:\/\/i0.wp.com\/www.fc.up.pt\/oiaq2019\/wp-content\/uploads\/2019\/08\/Olimpiada_logotipo.jpg?resize=768%2C642&amp;ssl=1 768w, https:\/\/i0.wp.com\/www.fc.up.pt\/oiaq2019\/wp-content\/uploads\/2019\/08\/Olimpiada_logotipo.jpg?resize=598%2C500&amp;ssl=1 598w, https:\/\/i0.wp.com\/www.fc.up.pt\/oiaq2019\/wp-content\/uploads\/2019\/08\/Olimpiada_logotipo.jpg?resize=685%2C572&amp;ssl=1 685w, https:\/\/i0.wp.com\/www.fc.up.pt\/oiaq2019\/wp-content\/uploads\/2019\/08\/Olimpiada_logotipo.jpg?w=2000&amp;ssl=1 2000w, https:\/\/i0.wp.com\/www.fc.up.pt\/oiaq2019\/wp-content\/uploads\/2019\/08\/Olimpiada_logotipo.jpg?w=1370&amp;ssl=1 1370w\" sizes=\"(max-width: 300px) 100vw, 300px\" data-recalc-dims=\"1\" \/><\/p>\r\n<p style=\"text-align: left;\"><strong>REGLAMENTO OFICIAL <\/strong><br><strong>XXIV OLIMPIADA IBEROAMERICANA DE QU\u00cdMICA<\/strong> <br><strong>PORTO 2019<\/strong><\/p>\r\n\r\n\r\n\r\n<h5><strong>1. Objetivos de la Olimp\u00edada<\/strong><\/h5>\r\n\r\n\r\n\r\n<p style=\"font-size: 15px;\" align=\"justify\"><span style=\"font-family: Calibri;\">La OIAQ es una competencia acad\u00e9mica entre j\u00f3venes estudiantes iberoamericanos cuyos objetivos primordiales son:<br>Promover el estudio de las Ciencias Qu\u00edmicas y estimular el desarrollo de j\u00f3venes talentos en esta ciencia. <br>Contribuir a estrechar los lazos culturales y de amistad entre los pa\u00edses participantes y crear un marco propicio para fomentar la cooperaci\u00f3n, el entendimiento y el intercambio de experiencias.<\/span><\/p>\r\n\r\n\r\n\r\n<h5><strong>2. Organizaci\u00f3n y Participaci\u00f3n<\/strong><\/h5>\r\n\r\n\r\n\r\n<p style=\"font-size: 15px;\" align=\"justify\"><span style=\"font-family: Calibri;\">2.1. La OIAQ es una competencia acad\u00e9mica organizada anualmente entre los meses de septiembre y octubre, en un pa\u00eds iberoamericano. Toda propuesta de fecha de realizaci\u00f3n distinta a la indicada, deber\u00e1 ser aprobada por el Jurado Iberoamericano. La duraci\u00f3n m\u00ednima del certamen ser\u00e1 de 7 d\u00edas.<\/span><\/p>\r\n\r\n\r\n\r\n<p style=\"font-size: 15px;\" align=\"justify\"><span style=\"font-family: Calibri;\">2.2. El pa\u00eds sede deber\u00e1 invitar a todos los pa\u00edses iberoamericanos que hayan participado en la OIAQ anterior y a los pa\u00edses que asistieron como observadores oficiales. Se recomienda que la invitaci\u00f3n a los nuevos pa\u00edses observadores se lleve a cabo con el acuerdo del pa\u00eds organizador de la siguiente OIAQ.<br>Para garantizar la continuidad en la competencia acad\u00e9mica, cada pa\u00eds participante podr\u00e1 ausentarse con previa justificaci\u00f3n anual avalada y aprobada por el comit\u00e9 iberoamericano definido en el inciso 5.2. En caso de que no ocurra la aprobaci\u00f3n o no se envi\u00e9 la justificaci\u00f3n, el a\u00f1o que se reincorpore deber\u00e1 participar como nuevo pa\u00eds observador.<\/span><\/p>\r\n\r\n\r\n\r\n<p style=\"font-size: 15px;\" align=\"justify\"><span style=\"font-family: Calibri;\">2.3. Cada uno de los pa\u00edses invitados a competir en la OIAQ tendr\u00e1 derecho a estar representado por un equipo de hasta cuatro estudiantes, dos Profesores Mentores (uno de ellos ser\u00e1 el jefe de la delegaci\u00f3n) y hasta dos Profesores Observadores Acad\u00e9micos. La participaci\u00f3n de estos \u00faltimos queda sujeta a lo establecido en los Art. 2.6 y 3.3<\/span><\/p>\r\n\r\n\r\n\r\n<p style=\"font-size: 15px;\" align=\"justify\"><span style=\"font-family: Calibri;\">2.4. Podr\u00e1n competir en la OIAQ los estudiantes de pa\u00edses que hayan sido seleccionados con base en una Olimp\u00edada o competencia de Qu\u00edmica a nivel nacional. Los pa\u00edses que no tengan este tipo de concursos podr\u00e1n participar, en calidad de observadores. Se recomienda que el n\u00famero de ocasiones en que un pa\u00eds participe en calidad de observador no exceda de tres.<\/span><\/p>\r\n\r\n\r\n\r\n<p style=\"font-size: 15px;\" align=\"justify\"><span style=\"font-family: Calibri;\">2.5. Los estudiantes participantes deber\u00e1n cumplir con los siguientes requisitos:<br>2.5.1. No haber cumplido 19 a\u00f1os al 1\u00ba de octubre del a\u00f1o de la competencia.<br>2.5.2. Tener menos de un a\u00f1o de haber egresado del nivel de estudios previo al universitario y no haber acreditado ninguna materia de Qu\u00edmica Universitaria.<br>2.5.3. Tener la nacionalidad del pa\u00eds que representa o haber realizado sus tres \u00faltimos a\u00f1os de estudios en dicho pa\u00eds.<br>2.5.4. Los estudiantes participantes podr\u00e1n recibir entrenamiento con profesores universitarios hasta un m\u00e1ximo de 120 horas.<\/span><\/p>\r\n\r\n\r\n\r\n<p style=\"font-size: 15px;\" align=\"justify\"><span style=\"font-family: Calibri;\">2.6. Los mentores de cada delegaci\u00f3n ser\u00e1n parte integrante del Jurado de la OIAQ, pudiendo ser asistidos por sus Observadores Acad\u00e9micos. Por lo tanto, deber\u00e1n ser alojados de manera que no puedan establecer contacto con los estudiantes mientras las pruebas de la Olimp\u00edada no hayan finalizado.<\/span><\/p>\r\n\r\n\r\n\r\n<p style=\"font-size: 15px;\" align=\"justify\"><span style=\"font-family: Calibri;\">2.7. Los pasaportes y visas de los participantes que as\u00ed lo requieran ser\u00e1n gestionados por cada delegaci\u00f3n en el pa\u00eds de origen.<\/span><\/p>\r\n\r\n\r\n\r\n<p style=\"font-size: 15px;\" align=\"justify\"><span style=\"font-family: Calibri;\">2.8. Todos los participantes deber\u00e1n contar con un seguro de vida y de gastos m\u00e9dicos, que los proteja durante la celebraci\u00f3n de la OIAQ. Los gastos de estos seguros deber\u00e1n ser cubiertos por cada pa\u00eds participante.<\/span><\/p>\r\n\r\n\r\n\r\n<p style=\"font-size: 15px;\" align=\"justify\"><span style=\"font-family: Calibri;\">2.9. Para que los estudiantes puedan participar de la OIAQ, es necesario que lleguen hasta el lugar donde se realizar\u00e1 la competencia acompa\u00f1ados con al menos, un mentor. Los casos excepcionales deber\u00e1n ser comunicados con anticipaci\u00f3n al Comit\u00e9 Organizador, el cual tomar\u00e1 las decisiones al respecto.<\/span><\/p>\r\n\r\n\r\n\r\n<h5>3. Financiamiento<\/h5>\r\n\r\n\r\n\r\n<p style=\"font-size: 15px;\" align=\"justify\"><span style=\"font-family: Calibri;\">3.1. El coste del traslado de los participantes, hasta y desde el lugar sede de la OIAQ, ser\u00e1 cubierto por cada delegaci\u00f3n invitada.<\/span><\/p>\r\n\r\n\r\n\r\n<p style=\"font-size: 15px;\" align=\"justify\"><span style=\"font-family: Calibri;\">3.2. El pa\u00eds sede cubrir\u00e1 los gastos de alojamiento y manutenci\u00f3n de los estudiantes y mentores de todas las delegaciones durante el periodo oficial de la Olimp\u00edada.<\/span><\/p>\r\n\r\n\r\n\r\n<p style=\"font-size: 15px;\" align=\"justify\"><span style=\"font-family: Calibri;\">3.3. Los Observadores Acad\u00e9micos y familiares acreditados estar\u00e1n sujetos a las reglas de financiamiento y organizaci\u00f3n que determine el Comit\u00e9 organizador del pa\u00eds sede.<\/span><\/p>\r\n\r\n\r\n\r\n<p style=\"font-size: 15px;\" align=\"justify\"><span style=\"font-family: Calibri;\">3.4. El pa\u00eds sede recibir\u00e1 sin costo adicional, un Observador Acad\u00e9mico del pa\u00eds al cual le corresponde realizar la olimpiada el a\u00f1o siguiente, con el prop\u00f3sito de contribuir con el proceso de organizaci\u00f3n del evento en ese pa\u00eds.<\/span><\/p>\r\n\r\n\r\n\r\n<h5>4. El Jurado de la Olimp\u00edada Iberoamericana<\/h5>\r\n\r\n\r\n\r\n<p style=\"font-size: 15px;\" align=\"justify\"><span style=\"font-family: Calibri;\">4.1. El desarrollo de la Olimp\u00edada es responsabilidad del Jurado, que estar\u00e1 integrado por los mentores de las delegaciones participantes y presidido por un miembro del Comit\u00e9 Organizador del pa\u00eds sede, distinto de su presidente.<\/span><\/p>\r\n\r\n\r\n\r\n<p style=\"font-size: 15px;\" align=\"justify\"><span style=\"font-family: Calibri;\">4.2. Cada pa\u00eds competidor tendr\u00e1 derecho a un voto. En caso de empate, el Presidente del Jurado nombrado por el Comit\u00e9 Organizador del pa\u00eds sede tendr\u00e1 el voto definitivo. Las decisiones del Jurado ser\u00e1n inapelables.<\/span><\/p>\r\n\r\n\r\n\r\n<p style=\"font-size: 15px;\" align=\"justify\"><span style=\"font-family: Calibri;\">4.3. Los representantes de pa\u00edses observadores podr\u00e1n participar en todas las reuniones del Jurado con derecho a voz pero no a voto.<\/span><\/p>\r\n\r\n\r\n\r\n<h5>5. El Comit\u00e9 de la Olimp\u00edada Iberoamericana de Qu\u00edmica<\/h5>\r\n\r\n\r\n\r\n<p style=\"font-size: 15px;\" align=\"justify\"><span style=\"font-family: Calibri;\">5.1. El Comit\u00e9 de la Olimp\u00edada Iberoamericana de Qu\u00edmica estar\u00e1 conformado por el Presidente de la Olimp\u00edada actual y los tres Presidentes de las Olimp\u00edadas anteriores.<\/span><\/p>\r\n\r\n\r\n\r\n<p style=\"font-size: 15px;\" align=\"justify\"><span style=\"font-family: Calibri;\">5.2. El Comit\u00e9 de la OIAQ ser\u00e1 responsable de proponer al Jurado Iberoamericano cualquier modificaci\u00f3n relativa al Reglamento. Este Comit\u00e9 podr\u00e1 tomar decisiones que ata\u00f1en al buen funcionamiento de la siguiente Olimp\u00edada.<\/span><\/p>\r\n\r\n\r\n\r\n<p style=\"font-size: 15px;\" align=\"justify\"><span style=\"font-family: Calibri;\">5.3. En el Acto de Clausura de la OIAQ el Presidente del Comit\u00e9 Organizador de la siguiente Olimp\u00edada remplazar\u00e1 al miembro de mayor antig\u00fcedad.<\/span><\/p>\r\n\r\n\r\n\r\n<p style=\"font-size: 15px;\" align=\"justify\"><span style=\"font-family: Calibri;\">5.4. Actuar\u00e1 como Presidente del Comit\u00e9 de la OIAQ el Presidente del Comit\u00e9 Organizador del pa\u00eds sede.<\/span><\/p>\r\n\r\n\r\n\r\n<h5>6. Idioma oficial<\/h5>\r\n\r\n\r\n\r\n<p style=\"font-size: 15px;\" align=\"justify\"><span style=\"font-family: Calibri;\">6.1. Los idiomas oficiales para la competencia son el castellano y el portugu\u00e9s. Las sesiones del Jurado se realizar\u00e1n en el idioma de la mayor parte de las delegaciones.<\/span><\/p>\r\n\r\n\r\n\r\n<h5>7. La competencia<\/h5>\r\n\r\n\r\n\r\n<p style=\"font-size: 15px;\" align=\"justify\"><span style=\"font-family: Calibri;\">7.1. La competencia constar\u00e1 de dos ex\u00e1menes: uno te\u00f3rico correspondiente al 60% de la nota total y otro experimental correspondiente al 40% de la nota total, cada uno con una duraci\u00f3n aproximada de cuatro horas y media. Ambos<\/span><\/p>\r\n\r\n\r\n\r\n<p style=\"font-size: 15px;\" align=\"justify\"><span style=\"font-family: Calibri;\">7.2. Cada concursante trabajar\u00e1 individualmente. Las respuestas se consignar\u00e1n en papel con un dise\u00f1o especial provisto por el Comit\u00e9 Organizador. Los \u00fanicos instrumentos cuyo uso se permitir\u00e1 ser\u00e1n los necesarios para escribir y dibujar, as\u00ed como una calculadora no programable. En particular, se proh\u00edbe el uso de libros, libretas de notas o tablas.<\/span><\/p>\r\n\r\n\r\n\r\n<h5>8. Los temas de la competencia<\/h5>\r\n\r\n\r\n\r\n<p style=\"font-size: 15px;\" align=\"justify\"><span style=\"font-family: Calibri;\">8.1. Los temas incluidos en la competencia son los incluidos en el temario adjunto y corresponden a los que en las Olimp\u00edadas Internacionales se consideran como m\u00ednimos para aquellos estudiantes del nivel preuniversitario que participen en concursos de este tipo. En consecuencia, el pa\u00eds sede no se compromete al env\u00edo de problemas tipo.<\/span><\/p>\r\n\r\n\r\n\r\n<p style=\"font-size: 15px;\" align=\"justify\"><span style=\"font-family: Calibri;\">8.2. A juicio del Jurado, el temario de la competencia podr\u00e1 ser modificado para las OIAQ subsiguientes.<\/span><\/p>\r\n\r\n\r\n\r\n<p style=\"font-size: 15px;\" align=\"justify\"><span style=\"font-family: Calibri;\">8.3. Las t\u00e9cnicas experimentales ser\u00e1n las habituales para un estudiante del nivel preuniversitario y se encuentran en el temario. Se recomienda que el examen te\u00f3rico incluya problemas de cada una de las \u00e1reas b\u00e1sicas de la Qu\u00edmica mencionadas en el temario.<\/span><\/p>\r\n\r\n\r\n\r\n<p style=\"font-size: 15px;\" align=\"justify\"><span style=\"font-family: Calibri;\">8.4. El Jurado analizar\u00e1 los ex\u00e1menes propuestos por el Comit\u00e9 Organizador y los aprobar\u00e1 o modificar\u00e1 seg\u00fan sea necesario. En caso del examen te\u00f3rico, los organizadores deber\u00e1n tener problemas adicionales para sustituir alguno que pudiera ser rechazado.<\/span><\/p>\r\n\r\n\r\n\r\n<h5>9. Premios<\/h5>\r\n\r\n\r\n\r\n<p style=\"font-size: 15px;\" align=\"justify\"><span style=\"font-family: Calibri;\">9.1. Se otorgar\u00e1n medallas de oro, plata y bronce &#8211; con sus respectivos diplomas- a los estudiantes que obtengan los resultados m\u00e1s altos. Los porcentajes para cada categor\u00eda son los siguientes: medalla de oro, entre 8 y 12%; medalla de plata, entre 18 y 22%; y medalla de bronce, entre 28 y 32%; el n\u00famero de alumnos acreedores a medalla no deber\u00e1 exceder del 60% del total. La distribuci\u00f3n de medallas se realizar\u00e1 en sesi\u00f3n de Jurado, con base a una lista an\u00f3nima de resultados.<\/span><\/p>\r\n\r\n\r\n\r\n<p style=\"font-size: 15px;\" align=\"justify\"><span style=\"font-family: Calibri;\">9.2. El Comit\u00e9 Organizador del pa\u00eds sede otorgar\u00e1 menciones honor\u00edficas al 5 % de los estudiantes que hayan obtenido puntajes pr\u00f3ximos a la \u00faltima medalla de bronce, y tambi\u00e9n a aqu\u00e9llos que, sin encontrarse en ninguno de los grupos anteriores, hayan resuelto de forma totalmente correcta al menos uno de los problemas. Este resultado deber\u00e1 hacerse constar en un diploma.<\/span><\/p>\r\n\r\n\r\n\r\n<p style=\"font-size: 15px;\" align=\"justify\"><span style=\"font-family: Calibri;\">9.3. Queda a criterio del Comit\u00e9 Organizador el otorgar menci\u00f3n especial a aquellos estudiantes que, a su juicio, hayan tenido una destacada participaci\u00f3n aunque no hayan sido acreedores a medalla o menci\u00f3n honor\u00edfica.<\/span><\/p>\r\n\r\n\r\n\r\n<p style=\"font-size: 15px;\" align=\"justify\"><span style=\"font-family: Calibri;\">9.4. A los estudiantes que no hayan obtenido alguna de las distinciones antes mencionadas, se les otorgar\u00e1 constancia de participaci\u00f3n.<\/span><\/p>\r\n\r\n\r\n\r\n<p style=\"font-size: 15px;\" align=\"justify\"><span style=\"font-family: Calibri;\">9.5. No se dar\u00e1 calificaci\u00f3n alguna por pa\u00edses.<\/span><\/p>\r\n\r\n\r\n\r\n<h5>10. Revisi\u00f3n y modificaci\u00f3n al Reglamento<\/h5>\r\n\r\n\r\n\r\n<p style=\"font-size: 15px;\" align=\"justify\"><span style=\"font-family: Calibri;\">10.1 El reglamento ser\u00e1 revisado anualmente, en sesiones de Jurado durante el desarrollo de la Olimpiada Iberoamericana de Quimica.<\/span><\/p>\r\n\r\n\r\n\r\n<p style=\"font-size: 15px;\" align=\"justify\"><span style=\"font-family: Calibri;\">10.2 Para la modificaci\u00f3n de cualquier art\u00edculo de este reglamento se requerir\u00e1 el acuerdo de, por lo menos, dos terceras partes del jurado iberoamericano.<\/span><\/p>\r\n\r\n\r\n\r\n<p style=\"text-align: left;\">COMIT\u00c9 ORGANIZADOR<br>XXIV OLIMPIADA IBEROAMERICANA DE QU\u00cdMICA<br>PORTO 2019<\/p>\r\n\r\n\r\n\r\n<h5>Regulamento Oficial (<a href=\"https:\/\/www.fc.up.pt\/oiaq2019\/wp-content\/uploads\/2019\/08\/REGLAMENTO_OFICIAL_OIAQ_2019_ESP.pdf\">ESP<\/a>)<\/h5>\r\n<a href=\"https:\/\/www.fc.up.pt\/oiaq2019\/wp-content\/uploads\/2019\/08\/REGLAMENTO_OFICIAL_OIAQ_2019_ESP.pdf\" class=\"pdfemb-viewer\" style=\"\" data-width=\"max\" data-height=\"max\"  data-toolbar=\"bottom\" data-toolbar-fixed=\"off\">REGLAMENTO_OFICIAL_OIAQ_2019_ESP<br\/><\/a>\r\n<div class=\"sharedaddy sd-sharing-enabled\"><div class=\"robots-nocontent sd-block sd-social sd-social-icon sd-sharing\"><h3 class=\"sd-title\">Share this:<\/h3><div class=\"sd-content\"><ul><li class=\"share-facebook\"><a rel=\"nofollow noopener noreferrer\" data-shared=\"sharing-facebook-125\" class=\"share-facebook sd-button share-icon no-text\" href=\"https:\/\/www.fc.up.pt\/oiaq2019\/regulamento\/?share=facebook\" target=\"_blank\" title=\"Click to share on Facebook\" ><span><\/span><span class=\"sharing-screen-reader-text\">Click to share on Facebook (Opens in new window)<\/span><\/a><\/li><li class=\"share-linkedin\"><a rel=\"nofollow noopener noreferrer\" data-shared=\"sharing-linkedin-125\" class=\"share-linkedin sd-button share-icon no-text\" href=\"https:\/\/www.fc.up.pt\/oiaq2019\/regulamento\/?share=linkedin\" target=\"_blank\" title=\"Click to share on LinkedIn\" ><span><\/span><span class=\"sharing-screen-reader-text\">Click to share on LinkedIn (Opens in new window)<\/span><\/a><\/li><li class=\"share-twitter\"><a rel=\"nofollow noopener noreferrer\" data-shared=\"sharing-twitter-125\" class=\"share-twitter sd-button share-icon no-text\" href=\"https:\/\/www.fc.up.pt\/oiaq2019\/regulamento\/?share=twitter\" target=\"_blank\" title=\"Click to share on Twitter\" ><span><\/span><span class=\"sharing-screen-reader-text\">Click to share on Twitter (Opens in new window)<\/span><\/a><\/li><li class=\"share-jetpack-whatsapp\"><a rel=\"nofollow noopener noreferrer\" data-shared=\"\" class=\"share-jetpack-whatsapp sd-button share-icon no-text\" href=\"https:\/\/www.fc.up.pt\/oiaq2019\/regulamento\/?share=jetpack-whatsapp\" target=\"_blank\" title=\"Click to share on WhatsApp\" ><span><\/span><span class=\"sharing-screen-reader-text\">Click to share on WhatsApp (Opens in new window)<\/span><\/a><\/li><li class=\"share-end\"><\/li><\/ul><\/div><\/div><\/div>","protected":false},"excerpt":{"rendered":"<p>REGLAMENTO OFICIAL XXIV OLIMPIADA IBEROAMERICANA DE QU\u00cdMICA PORTO 2019 1. Objetivos de la Olimp\u00edada La OIAQ es una competencia acad\u00e9mica entre j\u00f3venes estudiantes iberoamericanos cuyos objetivos primordiales son:Promover el estudio de las Ciencias Qu\u00edmicas y estimular el desarrollo de j\u00f3venes talentos en esta ciencia. Contribuir a estrechar los lazos culturales y de amistad entre los &hellip; <a href=\"https:\/\/www.fc.up.pt\/oiaq2019\/regulamento\/\" class=\"more-link\">Continue reading <span class=\"screen-reader-text\">Regulamento<\/span><\/a><\/p>\n<div class=\"sharedaddy sd-sharing-enabled\"><div class=\"robots-nocontent sd-block sd-social sd-social-icon sd-sharing\"><h3 class=\"sd-title\">Share this:<\/h3><div class=\"sd-content\"><ul><li class=\"share-facebook\"><a rel=\"nofollow noopener noreferrer\" data-shared=\"sharing-facebook-125\" class=\"share-facebook sd-button share-icon no-text\" href=\"https:\/\/www.fc.up.pt\/oiaq2019\/regulamento\/?share=facebook\" target=\"_blank\" title=\"Click to share on Facebook\" ><span><\/span><span class=\"sharing-screen-reader-text\">Click to share on Facebook (Opens in new window)<\/span><\/a><\/li><li class=\"share-linkedin\"><a rel=\"nofollow noopener noreferrer\" data-shared=\"sharing-linkedin-125\" class=\"share-linkedin sd-button share-icon no-text\" href=\"https:\/\/www.fc.up.pt\/oiaq2019\/regulamento\/?share=linkedin\" target=\"_blank\" title=\"Click to share on LinkedIn\" ><span><\/span><span class=\"sharing-screen-reader-text\">Click to share on LinkedIn (Opens in new window)<\/span><\/a><\/li><li class=\"share-twitter\"><a rel=\"nofollow noopener noreferrer\" data-shared=\"sharing-twitter-125\" class=\"share-twitter sd-button share-icon no-text\" href=\"https:\/\/www.fc.up.pt\/oiaq2019\/regulamento\/?share=twitter\" target=\"_blank\" title=\"Click to share on Twitter\" ><span><\/span><span class=\"sharing-screen-reader-text\">Click to share on Twitter (Opens in new window)<\/span><\/a><\/li><li class=\"share-jetpack-whatsapp\"><a rel=\"nofollow noopener noreferrer\" data-shared=\"\" class=\"share-jetpack-whatsapp sd-button share-icon no-text\" href=\"https:\/\/www.fc.up.pt\/oiaq2019\/regulamento\/?share=jetpack-whatsapp\" target=\"_blank\" title=\"Click to share on WhatsApp\" ><span><\/span><span class=\"sharing-screen-reader-text\">Click to share on WhatsApp (Opens in new window)<\/span><\/a><\/li><li class=\"share-end\"><\/li><\/ul><\/div><\/div><\/div>","protected":false},"author":1,"featured_media":0,"parent":0,"menu_order":0,"comment_status":"closed","ping_status":"closed","template":"","meta":{"ngg_post_thumbnail":0,"jetpack_post_was_ever_published":false},"jetpack_shortlink":"https:\/\/wp.me\/PaLPYJ-21","jetpack_likes_enabled":true,"jetpack_sharing_enabled":true,"_links":{"self":[{"href":"https:\/\/www.fc.up.pt\/oiaq2019\/wp-json\/wp\/v2\/pages\/125"}],"collection":[{"href":"https:\/\/www.fc.up.pt\/oiaq2019\/wp-json\/wp\/v2\/pages"}],"about":[{"href":"https:\/\/www.fc.up.pt\/oiaq2019\/wp-json\/wp\/v2\/types\/page"}],"author":[{"embeddable":true,"href":"https:\/\/www.fc.up.pt\/oiaq2019\/wp-json\/wp\/v2\/users\/1"}],"replies":[{"embeddable":true,"href":"https:\/\/www.fc.up.pt\/oiaq2019\/wp-json\/wp\/v2\/comments?post=125"}],"version-history":[{"count":17,"href":"https:\/\/www.fc.up.pt\/oiaq2019\/wp-json\/wp\/v2\/pages\/125\/revisions"}],"predecessor-version":[{"id":1342,"href":"https:\/\/www.fc.up.pt\/oiaq2019\/wp-json\/wp\/v2\/pages\/125\/revisions\/1342"}],"wp:attachment":[{"href":"https:\/\/www.fc.up.pt\/oiaq2019\/wp-json\/wp\/v2\/media?parent=125"}],"curies":[{"name":"wp","href":"https:\/\/api.w.org\/{rel}","templated":true}]}}