{"id":70,"date":"2019-02-03T17:21:37","date_gmt":"2019-02-03T17:21:37","guid":{"rendered":"http:\/\/www.fc.up.pt\/medc\/?page_id=70"},"modified":"2026-02-25T06:24:23","modified_gmt":"2026-02-25T06:24:23","slug":"plano-de-estudos","status":"publish","type":"page","link":"https:\/\/www.fc.up.pt\/medc\/plano-de-estudos\/","title":{"rendered":"Plano de estudos"},"content":{"rendered":"[vc_row][vc_column][vc_column_text][\/vc_column_text][\/vc_column][\/vc_row][vc_row][vc_column][vc_column_text]\r\n<div>\r\n<p>O ciclo de estudos conducente ao grau de Mestre tem 120 ECTS, distribu\u00eddos em 4 semestres (60 ECTS para o 1.\u00ba ano, incluindo diversas unidades curriculares, e 60 ECTS para o 2.\u00ba ano, integrando uma unidade curricular de disserta\u00e7\u00e3o e outra de Semin\u00e1rio).<\/p>\r\n<\/div>\r\n<div>\r\n<p>* Atualmente, o mestrado funciona em regime presencial, sendo as aulas, no 1.\u00ba semestre, maioritariamente realizadas nas tardes de quinta-feira e sexta-feira, e, durante todo o dia, \u00e0 sexta-feira. Salienta-se que os estudantes trabalhadores beneficiam de um regime flex\u00edvel de participa\u00e7\u00e3o nas unidades curriculares, mediante articula\u00e7\u00e3o pr\u00e9via com cada regente.<\/p>\r\n<\/div>\r\n[\/vc_column_text][\/vc_column][\/vc_row][vc_row][vc_column][vc_column_text][\/vc_column_text][\/vc_column][\/vc_row][vc_row][vc_column][vc_tta_accordion active_section=&#8221;156&#8243; collapsible_all=&#8221;true&#8221;][vc_tta_section title=&#8221;1.\u00ba Ano \/ 1.\u00ba Semestre&#8221; tab_id=&#8221;1550091808920-68644dfe-0e64&#8243;][vc_column_text]<!-- \/wp:heading --><\/p>\r\n<!-- wp:advgb\/table {\"align\":\"full\"} -->\r\n<table class=\"wp-block-advgb-table alignfull advgb-table-frontend\">\r\n<tbody>\r\n<tr>\r\n<td><strong>Unidade Curricular<\/strong><\/td>\r\n<td><strong>Horas Contacto<br \/><\/strong><\/td>\r\n<td><strong>ECTS<\/strong><\/td>\r\n<td><strong>Observa\u00e7\u00f5es<br \/><\/strong><\/td>\r\n<\/tr>\r\n<tr>\r\n<td>Epistemologia e Educa\u00e7\u00e3o em Ci\u00eancias<\/td>\r\n<td>42 TP<\/td>\r\n<td>6<\/td>\r\n<td>\u00a0<\/td>\r\n<\/tr>\r\n<tr>\r\n<td>Elementos de Divulga\u00e7\u00e3o das Ci\u00eancias<\/td>\r\n<td>42 TP<\/td>\r\n<td>6<\/td>\r\n<td>\u00a0<\/td>\r\n<\/tr>\r\n<tr>\r\n<td>Multim\u00e9dia em Ensino e Divulga\u00e7\u00e3o das Ci\u00eancias<\/td>\r\n<td>42 TP<\/td>\r\n<td>6<\/td>\r\n<td>\u00a0<\/td>\r\n<\/tr>\r\n<tr>\r\n<td>Op\u00e7\u00e3o espec\u00edfica<\/td>\r\n<td>42 TP<\/td>\r\n<td>6<\/td>\r\n<td><span class=\"tooltips \" style=\"\" title=\"Pode trocar de semestre com 6 ECTS de Op\u00e7\u00f5es UP \"><span class=\"scp-icon scp-icon-background pull-left scp_icon-a3caf8be7733b3eacb87240a48d13ee1\"><i class=\"fa fa-angle-double-right\"><\/i><\/span><span style=\"color: #3366ff;\"> \u00a0 <a class=\"show-hide-content\" style=\"color: #3366ff;\" href=\"#quadro1\" data-content=\"#pressrelease-content-1\"><em>Ver op\u00e7\u00f5es espec\u00edficas<\/em><\/a><\/span><\/span><\/td>\r\n<\/tr>\r\n<tr>\r\n<td>Op\u00e7\u00e3o UP *<\/td>\r\n<td>depende das<br \/>UCs escolhidas<\/td>\r\n<td>6<\/td>\r\n<td>\r\n<span class=\"tooltips \" style=\"\" title=\"Quaisquer unidades curriculares de n\u00edvel de 2.\u00ba ciclo oferecidas na U. Porto (incluindo as do Quadro 1) que se enquadrem nos objetivos do ciclo de estudos, mediante valida\u00e7\u00e3o pela comiss\u00e3o cient\u00edfica.\">\r\n<div id=\"pressrelease-link-1\" class=\"sh-link pressrelease-link sh-hide\"><span class=\"scp-icon scp-icon-background pull-left scp_icon-a3caf8be7733b3eacb87240a48d13ee1\"><i class=\"fa fa-angle-double-right\"><\/i><\/span> \u00a0 <a class=\"show-hide-contentbb\" style=\"color: #3366ff;\" href=\"#quadro1666\" data-content=\"#pressrelease-content-1\"><span id=\"pressrelease-toggle-1hh\"><span style=\"color: #3366ff;\"><em>Op\u00e7\u00f5es<\/em><\/span><\/span><\/a><\/div>\r\n<\/span>\r\n<\/td>\r\n<\/tr>\r\n<\/tbody>\r\n<\/table>\r\n[\/vc_column_text][\/vc_tta_section][vc_tta_section title=&#8221;1.\u00ba Ano \/ 2.\u00ba Semestre&#8221; tab_id=&#8221;1550091809018-9931f380-7e90&#8243;][vc_column_text](*) A realizar a oferta formativa de 2.\u00ba Ciclo da U.Porto, incluindo o Cat\u00e1logo das Compet\u00eancias Transversais mediante valida\u00e7\u00e3o pr\u00e9via da Comiss\u00e3o Cient\u00edfica do CE.<\/p>\r\n<table class=\"wp-block-advgb-table alignfull advgb-table-frontend\">\r\n<tbody>\r\n<tr>\r\n<td><strong>Unidade Curricular<\/strong><\/td>\r\n<td><strong>Horas Contacto<br \/><\/strong><\/td>\r\n<td><strong>ECTS<\/strong><\/td>\r\n<td><strong>Observa\u00e7\u00f5es<br \/><\/strong><\/td>\r\n<\/tr>\r\n<tr>\r\n<td>Hist\u00f3ria das Ideias em Ci\u00eancia<\/td>\r\n<td>42 TP<\/td>\r\n<td>6<\/td>\r\n<td>\u00a0<\/td>\r\n<\/tr>\r\n<tr>\r\n<td>Metodologias de Investiga\u00e7\u00e3o em Educa\u00e7\u00e3o<br \/>e Divulga\u00e7\u00e3o das Ci\u00eancias<\/td>\r\n<td>42 TP<\/td>\r\n<td>6<\/td>\r\n<td>\u00a0<\/td>\r\n<\/tr>\r\n<tr>\r\n<td>Op\u00e7\u00e3o espec\u00edfica<\/td>\r\n<td>42 TP<\/td>\r\n<td>6<\/td>\r\n<td><span class=\"tooltips \" style=\"\" title=\"Pode trocar de semestre com 6 ECTS de Op\u00e7\u00f5es UP \"><span class=\"scp-icon scp-icon-background pull-left scp_icon-a3caf8be7733b3eacb87240a48d13ee1\"><i class=\"fa fa-angle-double-right\"><\/i><\/span><span style=\"color: #3366ff;\"> \u00a0 <a class=\"show-hide-content\" style=\"color: #3366ff;\" href=\"#quadro1\" data-content=\"#pressrelease-content-1\"><em>Ver op\u00e7\u00f5es espec\u00edficas<\/em><\/a><\/span><\/span><\/td>\r\n<\/tr>\r\n<tr>\r\n<td>Op\u00e7\u00e3o UP *<\/td>\r\n<td>depende das<br \/>UCs escolhidas<\/td>\r\n<td>12<\/td>\r\n<td><span class=\"tooltips \" style=\"\" title=\"Pode trocar de semestre 6 ECTS com uma Op\u00e7\u00e3o espec\u00edfica (Quadro 1). Quaisquer unidades curriculares de n\u00edvel de 2.\u00ba ciclo oferecidas na U. Porto (incluindo as do Quadro 1) que se enquadrem nos objetivos do ciclo de estudos, mediante valida\u00e7\u00e3o pela comiss\u00e3o cient\u00edfica.\"><span class=\"scp-icon scp-icon-background pull-left scp_icon-a3caf8be7733b3eacb87240a48d13ee1\"><i class=\"fa fa-angle-double-right\"><\/i><\/span><span style=\"color: #3366ff;\"> \u00a0 <a class=\"show-hide-contentbb\" style=\"color: #3366ff;\" href=\"#quadro661\" data-content=\"#pressrelease-content-1hh\"><em>Op\u00e7\u00f5es<\/em><\/a><\/span><\/span><\/td>\r\n<\/tr>\r\n<\/tbody>\r\n<\/table>\r\n[\/vc_column_text][\/vc_tta_section][vc_tta_section title=&#8221;2.\u00ba Ano&#8221; tab_id=&#8221;1550091884232-1d78463b-aad4&#8243;][vc_column_text]\r\n<table class=\"wp-block-advgb-table alignfull advgb-table-frontend\">\r\n<tbody>\r\n<tr>\r\n<td><strong>Unidade Curricular<\/strong><\/td>\r\n<td><strong>Horas Contacto<br \/><\/strong><\/td>\r\n<td><strong>ECTS<\/strong><\/td>\r\n<\/tr>\r\n<tr>\r\n<td>\r\n<p>Disserta\u00e7\u00e3o + Semin\u00e1rio<\/p>\r\n<\/td>\r\n<td>28,5 + 3<\/td>\r\n<td>57 +3<\/td>\r\n<\/tr>\r\n<\/tbody>\r\n<\/table>\r\n[\/vc_column_text][\/vc_tta_section][\/vc_tta_accordion][vc_column_text]\r\n<p><!-- wp:paragraph --><\/p>\r\n<p><!-- wp:paragraph -->\u00a0<\/p>\r\n<!-- wp:paragraph -->\r\n<div id=\"pressrelease-content-1\" class=\"sh-content pressrelease-content sh-hide\" style=\"display: none;\"><!-- wp:heading -->\r\n<h3>Quadro 1 &#8211; op\u00e7\u00f5es espec\u00edficas<\/h3>\r\n<p><!-- \/wp:heading --><br \/><!-- wp:advgb\/table {\"align\":\"full\"} --><\/p>\r\n<table class=\"wp-block-advgb-table alignfull advgb-table-frontend\">\r\n<tbody>\r\n<tr>\r\n<td><strong>Unidade Curricular<\/strong><\/td>\r\n<td style=\"text-align: center;\"><strong>Semestre<br \/><\/strong><\/td>\r\n<td style=\"text-align: center;\"><strong>Horas Contacto<br \/><\/strong><\/td>\r\n<td style=\"text-align: center;\"><strong>ECTS<\/strong><\/td>\r\n<\/tr>\r\n<tr>\r\n<td>Ensino e Divulga\u00e7\u00e3o da Biologia e Geologia<\/td>\r\n<td style=\"text-align: center;\">Semestre 1<\/td>\r\n<td style=\"text-align: center;\">42 TP<\/td>\r\n<td style=\"text-align: center;\">6<\/td>\r\n<\/tr>\r\n<tr>\r\n<td>Ensino e Divulga\u00e7\u00e3o da F\u00edsica e Qu\u00edmica<\/td>\r\n<td style=\"text-align: center;\">Semestre 1<\/td>\r\n<td style=\"text-align: center;\">42 TP<\/td>\r\n<td style=\"text-align: center;\">6<\/td>\r\n<\/tr>\r\n<tr>\r\n<td>Ensino e Divulga\u00e7\u00e3o da Matem\u00e1tica<\/td>\r\n<td style=\"text-align: center;\">Semestre 1<\/td>\r\n<td style=\"text-align: center;\">42 TP<\/td>\r\n<td style=\"text-align: center;\">6<\/td>\r\n<\/tr>\r\n<tr>\r\n<td>T\u00f3picos de Biologia<\/td>\r\n<td style=\"text-align: center;\">Semestre 2<\/td>\r\n<td style=\"text-align: center;\">42 TP<\/td>\r\n<td style=\"text-align: center;\">6<\/td>\r\n<\/tr>\r\n<tr>\r\n<td>T\u00f3picos de Ci\u00eancia de Computadores<\/td>\r\n<td style=\"text-align: center;\">Semestre 2<\/td>\r\n<td style=\"text-align: center;\">42 TP<\/td>\r\n<td style=\"text-align: center;\">6<\/td>\r\n<\/tr>\r\n<tr>\r\n<td>T\u00f3picos de Ci\u00eancias da Terra<\/td>\r\n<td style=\"text-align: center;\">Semestre 2<\/td>\r\n<td style=\"text-align: center;\">42 TP<\/td>\r\n<td style=\"text-align: center;\">6<\/td>\r\n<\/tr>\r\n<tr>\r\n<td>T\u00f3picos de F\u00edsica e Astronomia<\/td>\r\n<td style=\"text-align: center;\">Semestre 2<\/td>\r\n<td style=\"text-align: center;\">42 TP<\/td>\r\n<td style=\"text-align: center;\">6<\/td>\r\n<\/tr>\r\n<tr>\r\n<td>T\u00f3picos de Matem\u00e1tica<\/td>\r\n<td style=\"text-align: center;\">Semestre 2<\/td>\r\n<td style=\"text-align: center;\">42 TP<\/td>\r\n<td style=\"text-align: center;\">6<\/td>\r\n<\/tr>\r\n<tr>\r\n<td>T\u00f3picos de Qu\u00edmica e Bioqu\u00edmica<\/td>\r\n<td style=\"text-align: center;\">Semestre 2<\/td>\r\n<td style=\"text-align: center;\">42 TP<\/td>\r\n<td style=\"text-align: center;\">6<\/td>\r\n<\/tr>\r\n<\/tbody>\r\n<\/table>\r\n<p><!-- \/wp:advgb\/table --><\/p>\r\n<\/div>\r\n<p><!-- wp:separator --><!-- \/wp:separator -->\r\n\r\n<!-- wp:spacer {\"height\":80} -->[\/vc_column_text][\/vc_column][\/vc_row][vc_row][vc_column][vc_raw_js]JTNDc2NyaXB0JTIwdHlwZSUzRCUyMnRleHQlMkZqYXZhc2NyaXB0JTIyJTNFJTIwJTBBJTI4ZnVuY3Rpb24lMjglMjQlMjklN0IlMEElMEElMjQlMjhkb2N1bWVudCUyOS5vbiUyOCUyN2NsaWNrJTI3JTJDJTIwJTI3LnNob3ctaGlkZS1jb250ZW50JTI3JTJDJTIwZnVuY3Rpb24lMjhldnQlMjklN0IlMEElMEF2YXIlMjBfZGF0YSUyMCUzRCUyMCUyNCUyOHRoaXMlMjkuZGF0YSUyOCUyOSUzQiUwQWlmJTI4JTIwJTIxJTI0JTI4X2RhdGEuY29udGVudCUyOS5oYXNDbGFzcyUyOCUyN29wZW4tY29udGVudCUyNyUyOSUyMCUyOSU3QiUwQSUyMCUyMCUyMCUyNCUyOF9kYXRhLmNvbnRlbnQlMjkudG9nZ2xlJTI4JTI5JTNCJTBBJTIwJTIwJTIwJTI0JTI4X2RhdGEuY29udGVudCUyOS5hZGRDbGFzcyUyOCUyN29wZW4tY29udGVudCUyNyUyOSUwQSU3RCUwQSUwQSU3RCUyOSUzQiUwQSUwQSU3RCUyOSUyOGpRdWVyeSUyOSUzQiUwQSUzQyUyRnNjcmlwdCUzRQ==[\/vc_raw_js][\/vc_column][\/vc_row]","protected":false},"excerpt":{"rendered":"<p>[vc_row][vc_column][vc_column_text][\/vc_column_text][\/vc_column][\/vc_row][vc_row][vc_column][vc_column_text] O ciclo de estudos conducente ao grau de Mestre tem 120 ECTS, distribu\u00eddos em 4 semestres (60 ECTS para&nbsp;<a href=\"https:\/\/www.fc.up.pt\/medc\/plano-de-estudos\/\">&hellip;<\/a><\/p>\n","protected":false},"author":1,"featured_media":0,"parent":0,"menu_order":0,"comment_status":"closed","ping_status":"closed","template":"template-fullwidth.php","meta":{"advgb_blocks_editor_width":"","advgb_blocks_columns_visual_guide":""},"_links":{"self":[{"href":"https:\/\/www.fc.up.pt\/medc\/wp-json\/wp\/v2\/pages\/70"}],"collection":[{"href":"https:\/\/www.fc.up.pt\/medc\/wp-json\/wp\/v2\/pages"}],"about":[{"href":"https:\/\/www.fc.up.pt\/medc\/wp-json\/wp\/v2\/types\/page"}],"author":[{"embeddable":true,"href":"https:\/\/www.fc.up.pt\/medc\/wp-json\/wp\/v2\/users\/1"}],"replies":[{"embeddable":true,"href":"https:\/\/www.fc.up.pt\/medc\/wp-json\/wp\/v2\/comments?post=70"}],"version-history":[{"count":74,"href":"https:\/\/www.fc.up.pt\/medc\/wp-json\/wp\/v2\/pages\/70\/revisions"}],"predecessor-version":[{"id":1272,"href":"https:\/\/www.fc.up.pt\/medc\/wp-json\/wp\/v2\/pages\/70\/revisions\/1272"}],"wp:attachment":[{"href":"https:\/\/www.fc.up.pt\/medc\/wp-json\/wp\/v2\/media?parent=70"}],"curies":[{"name":"wp","href":"https:\/\/api.w.org\/{rel}","templated":true}]}}