{"id":53,"date":"2019-02-03T15:56:35","date_gmt":"2019-02-03T15:56:35","guid":{"rendered":"http:\/\/www.fc.up.pt\/medc\/?page_id=53"},"modified":"2026-02-25T06:20:17","modified_gmt":"2026-02-25T06:20:17","slug":"apresentacao","status":"publish","type":"page","link":"https:\/\/www.fc.up.pt\/medc\/apresentacao\/","title":{"rendered":"Apresenta\u00e7\u00e3o"},"content":{"rendered":"\n<p>O Mestrado em Ensino e Divulga\u00e7\u00e3o das Ci\u00eancias (MEDC) foi concebido pela Unidade de Ensino das Ci\u00eancias (UEC), em forte cumplicidade e simbiose com os v\u00e1rios Departamentos da Faculdade de Ci\u00eancias da Universidade do Porto (FCUP). O MEDC pretende proporcionar aos estudantes complementos de forma\u00e7\u00e3o em temas centrais e atuais da ci\u00eancia, n\u00e3o s\u00f3 com vista ao fortalecimento da educa\u00e7\u00e3o em Ci\u00eancias, numa perspetiva de aprendizagem ao longo da vida, mas tamb\u00e9m visando desenvolver capacidades para refletir analiticamente e criticamente sobre a divulga\u00e7\u00e3o da ci\u00eancia junto de p\u00fablicos muito variados e por meios diversos, numa perspetiva de promo\u00e7\u00e3o da cultura cient\u00edfica.<\/p>\n\n\n\n<p><br><strong>Sa\u00eddas Profissionais<\/strong><\/p>\n\n\n\n<p>O Mestrado abre as portas a carreiras de sucesso em \u00e1reas como:<br>Ensino das Ci\u00eancias, em contextos:<br>&#8211; Escolar (Ensino B\u00e1sico e Secund\u00e1rio) (*) e<br>&#8211; Acad\u00e9mico (Ensino Superior).<br><\/p>\n\n\n\n<p>Divulga\u00e7\u00e3o das Ci\u00eancias em contextos como:<br>&#8211; Museus e Centros de Ci\u00eancia<br>&#8211; Universidades<br>&#8211; Gabinetes de Comunica\u00e7\u00e3o de Unidades de I&amp;D<\/p>\n\n\n\n<p>(*) Nota importante:<br>O curso n\u00e3o confere profissionaliza\u00e7\u00e3o docente. Em Portugal, releva para efeitos de progress\u00e3o na carreira docente, nos termos do Despacho n.\u00ba 6654\/2019, de 24 de julho, com reconhecimento, ao abrigo do Despacho de 22-04-2021, para Professores dos Ensinos B\u00e1sico e Secund\u00e1rio, nos grupos disciplinares 500, 510 e 520.<\/p>\n","protected":false},"excerpt":{"rendered":"<p>O Mestrado em Ensino e Divulga\u00e7\u00e3o das Ci\u00eancias (MEDC) foi concebido pela Unidade de Ensino das Ci\u00eancias (UEC), em forte&nbsp;<a href=\"https:\/\/www.fc.up.pt\/medc\/apresentacao\/\">&hellip;<\/a><\/p>\n","protected":false},"author":1,"featured_media":0,"parent":0,"menu_order":0,"comment_status":"closed","ping_status":"closed","template":"template-fullwidth.php","meta":{"advgb_blocks_editor_width":"","advgb_blocks_columns_visual_guide":""},"_links":{"self":[{"href":"https:\/\/www.fc.up.pt\/medc\/wp-json\/wp\/v2\/pages\/53"}],"collection":[{"href":"https:\/\/www.fc.up.pt\/medc\/wp-json\/wp\/v2\/pages"}],"about":[{"href":"https:\/\/www.fc.up.pt\/medc\/wp-json\/wp\/v2\/types\/page"}],"author":[{"embeddable":true,"href":"https:\/\/www.fc.up.pt\/medc\/wp-json\/wp\/v2\/users\/1"}],"replies":[{"embeddable":true,"href":"https:\/\/www.fc.up.pt\/medc\/wp-json\/wp\/v2\/comments?post=53"}],"version-history":[{"count":4,"href":"https:\/\/www.fc.up.pt\/medc\/wp-json\/wp\/v2\/pages\/53\/revisions"}],"predecessor-version":[{"id":1270,"href":"https:\/\/www.fc.up.pt\/medc\/wp-json\/wp\/v2\/pages\/53\/revisions\/1270"}],"wp:attachment":[{"href":"https:\/\/www.fc.up.pt\/medc\/wp-json\/wp\/v2\/media?parent=53"}],"curies":[{"name":"wp","href":"https:\/\/api.w.org\/{rel}","templated":true}]}}