{"id":1142,"date":"2019-08-30T21:25:01","date_gmt":"2019-08-30T21:25:01","guid":{"rendered":"https:\/\/www.fc.up.pt\/medc\/?page_id=1142"},"modified":"2019-08-30T21:38:37","modified_gmt":"2019-08-30T21:38:37","slug":"informacao-a-fornecer-pelo-candidato","status":"publish","type":"page","link":"https:\/\/www.fc.up.pt\/medc\/informacao-a-fornecer-pelo-candidato\/","title":{"rendered":"Informa\u00e7\u00e3o a fornecer pelo candidato"},"content":{"rendered":"[vc_row][vc_column][vc_custom_heading source=&#8221;post_title&#8221; font_container=&#8221;tag:h3|text_align:left|color:%231e73be&#8221; use_theme_fonts=&#8221;yes&#8221;][\/vc_column][\/vc_row][vc_row][vc_column][vc_column_text]\n<ul>\n<li>Nome <strong>(Obrigat\u00f3rio)<\/strong><\/li>\n<li>Data de nascimento <strong>(Obrigat\u00f3rio)<\/strong><\/li>\n<li>Naturalidade <strong>(Obrigat\u00f3rio)<\/strong><\/li>\n<li>Documento Identifica\u00e7\u00e3o <strong>(Obrigat\u00f3rio)<\/strong><\/li>\n<li>Data de validade <strong>(Obrigat\u00f3rio)<\/strong><\/li>\n<li>N.\u00ba Identifica\u00e7\u00e3o Fiscal <em>(Opcional)<\/em><\/li>\n<li>Sexo <strong>(Obrigat\u00f3rio)<\/strong><\/li>\n<li>Estado civil <strong>(Obrigat\u00f3rio)<\/strong><\/li>\n<li>Nacionalidade <strong>(Obrigat\u00f3rio)<\/strong><\/li>\n<li>Rua (Resid\u00eancia) <strong>(Obrigat\u00f3rio)<\/strong><\/li>\n<li>Freguesia (Resid\u00eancia) <em>(Opcional)<\/em><\/li>\n<li>C\u00f3digo postal (Resid\u00eancia) <em>(Opcional)<\/em><\/li>\n<li>Pa\u00eds (Resid\u00eancia)<strong> (Obrigat\u00f3rio)<\/strong><\/li>\n<li>Nome da m\u00e3e <strong>(Obrigat\u00f3rio)<\/strong><\/li>\n<li>Nome do pai<strong> (Obrigat\u00f3rio)<\/strong><\/li>\n<li>Telem\u00f3vel <em>(Opcional)<\/em><\/li>\n<li>E-mail <strong>(Obrigat\u00f3rio)<\/strong><\/li>\n<\/ul>\n[\/vc_column_text][\/vc_column][\/vc_row][vc_row][vc_column][vc_custom_heading text=&#8221;Informa\u00e7\u00e3o a fornecer &#8211; Dados acad\u00e9micos e profissionais&#8221; font_container=&#8221;tag:h3|text_align:left|color:%231e73be&#8221; use_theme_fonts=&#8221;yes&#8221;][\/vc_column][\/vc_row][vc_row][vc_column][vc_column_text]\n<ul>\n<li>Curso a que se candidata<strong> (Obrigat\u00f3rio)<\/strong><\/li>\n<li>Pais de conclus\u00e3o do ensino secund\u00e1rio <strong>(Obrigat\u00f3rio)<\/strong><\/li>\n<li>Habilita\u00e7\u00f5es acad\u00e9micas <strong>(Obrigat\u00f3rio)<\/strong><\/li>\n<li>Informa\u00e7\u00f5es adicionais relevantes para candidatura <em>(Opcional)<\/em><\/li>\n<\/ul>\n[\/vc_column_text][\/vc_column][\/vc_row][vc_row][vc_column][vc_custom_heading text=&#8221;Informa\u00e7\u00e3o a fornecer &#8211; Pedido de credita\u00e7\u00f5es&#8221; font_container=&#8221;tag:h3|text_align:left|color:%231e73be&#8221; use_theme_fonts=&#8221;yes&#8221;][\/vc_column][\/vc_row][vc_row][vc_column][vc_column_text]\n<ul>\n<li>Pretende efetuar um pedido de credita\u00e7\u00e3o<em> (Opcional)<\/em><\/li>\n<\/ul>\n[\/vc_column_text][\/vc_column][\/vc_row][vc_row][vc_column][vc_custom_heading text=&#8221;Informa\u00e7\u00e3o a fornecer &#8211; Documentos digitalizados&#8221; font_container=&#8221;tag:h3|text_align:left|color:%231e73be&#8221; use_theme_fonts=&#8221;yes&#8221;][\/vc_column][\/vc_row][vc_row][vc_column][vc_column_text]\n<ul>\n<li>Documento de identifica\u00e7\u00e3o (Bilhete de Identidade\/Cart\u00e3o de Cidad\u00e3o\/Passaporte) ou Formul\u00e1rio contendo os dados de identifica\u00e7\u00e3o (RGPD_FCUP2018) <strong>(Obrigat\u00f3rio)<\/strong><\/li>\n<li>Certid\u00e3o de aprova\u00e7\u00e3o em unidades curriculares. Os Estudantes da UP poder\u00e3o fazer digitaliza\u00e7\u00e3o do seu percurso acad\u00e9mico do Sigarra. Em caso de grau estrangeiro, esta certid\u00e3o deve conter Apostila de Haia ou valida\u00e7\u00e3o do Consulado\/Embaixada de Portugal no pa\u00eds de concess\u00e3o do grau. <strong>(Obrigat\u00f3rio)<\/strong><\/li>\n<li>Certid\u00e3o de Habilita\u00e7\u00f5es. Em caso de grau estrangeiro, esta certid\u00e3o deve conter Apostila de Haia ou valida\u00e7\u00e3o do Consulado\/Embaixada de Portugal no pa\u00eds de concess\u00e3o do grau. Os estudantes que ainda n\u00e3o tenham conclu\u00eddo a licenciatura, mas se encontrem em condi\u00e7\u00f5es de a concluir, no corrente ano letivo, at\u00e9 ao t\u00e9rmino do prazo de matr\u00edculas da presente fase devem apresentar uma Declara\u00e7\u00e3o de Conclus\u00e3o Curso. <strong>(Obrigat\u00f3rio)<\/strong><\/li>\n<li>Curriculum vitae<strong> (Obrigat\u00f3rio)<\/strong><\/li>\n<li>Outros documentos que considere pertinentes para a aplica\u00e7\u00e3o dos crit\u00e9rios de seria\u00e7\u00e3o<em> (Opcional)<\/em><\/li>\n<li>Outros documentos (por exemplo comprovativo de estudante internacional, se aplic\u00e1vel) <em>(Opcional)<\/em><\/li>\n<\/ul>\n[\/vc_column_text][\/vc_column][\/vc_row]\n","protected":false},"excerpt":{"rendered":"<p>[vc_row][vc_column][vc_custom_heading source=&#8221;post_title&#8221; font_container=&#8221;tag:h3|text_align:left|color:%231e73be&#8221; use_theme_fonts=&#8221;yes&#8221;][\/vc_column][\/vc_row][vc_row][vc_column][vc_column_text] Nome (Obrigat\u00f3rio) Data de nascimento (Obrigat\u00f3rio) Naturalidade (Obrigat\u00f3rio) Documento Identifica\u00e7\u00e3o (Obrigat\u00f3rio) Data de validade (Obrigat\u00f3rio) N.\u00ba&nbsp;<a href=\"https:\/\/www.fc.up.pt\/medc\/informacao-a-fornecer-pelo-candidato\/\">&hellip;<\/a><\/p>\n","protected":false},"author":1,"featured_media":0,"parent":0,"menu_order":0,"comment_status":"closed","ping_status":"closed","template":"template-fullwidth.php","meta":{"advgb_blocks_editor_width":"","advgb_blocks_columns_visual_guide":""},"_links":{"self":[{"href":"https:\/\/www.fc.up.pt\/medc\/wp-json\/wp\/v2\/pages\/1142"}],"collection":[{"href":"https:\/\/www.fc.up.pt\/medc\/wp-json\/wp\/v2\/pages"}],"about":[{"href":"https:\/\/www.fc.up.pt\/medc\/wp-json\/wp\/v2\/types\/page"}],"author":[{"embeddable":true,"href":"https:\/\/www.fc.up.pt\/medc\/wp-json\/wp\/v2\/users\/1"}],"replies":[{"embeddable":true,"href":"https:\/\/www.fc.up.pt\/medc\/wp-json\/wp\/v2\/comments?post=1142"}],"version-history":[{"count":4,"href":"https:\/\/www.fc.up.pt\/medc\/wp-json\/wp\/v2\/pages\/1142\/revisions"}],"predecessor-version":[{"id":1148,"href":"https:\/\/www.fc.up.pt\/medc\/wp-json\/wp\/v2\/pages\/1142\/revisions\/1148"}],"wp:attachment":[{"href":"https:\/\/www.fc.up.pt\/medc\/wp-json\/wp\/v2\/media?parent=1142"}],"curies":[{"name":"wp","href":"https:\/\/api.w.org\/{rel}","templated":true}]}}