{"id":6,"date":"2015-04-07T16:20:42","date_gmt":"2015-04-07T16:20:42","guid":{"rendered":"http:\/\/web.fc.up.pt\/iapg-pns\/?page_id=6"},"modified":"2017-09-28T19:46:31","modified_gmt":"2017-09-28T19:46:31","slug":"coordenacao","status":"publish","type":"page","link":"https:\/\/www.fc.up.pt\/iapg-pns\/coordenacao\/","title":{"rendered":"Coordination | Coordena\u00e7\u00e3o"},"content":{"rendered":"<p><strong>National Coordination | Coordena\u00e7\u00e3o Nacional: <\/strong><\/p>\n<p><a href=\"https:\/\/www.fc.up.pt\/iapg-pns\/wp-content\/uploads\/2015\/04\/COGENT.jpg\"><img loading=\"lazy\" decoding=\"async\" class=\"alignnone size-medium wp-image-20\" src=\"https:\/\/www.fc.up.pt\/iapg-pns\/wp-content\/uploads\/2015\/04\/COGENT-288x300.jpg\" alt=\"\" width=\"288\" height=\"300\" srcset=\"https:\/\/www.fc.up.pt\/iapg-pns\/wp-content\/uploads\/2015\/04\/COGENT-288x300.jpg 288w, https:\/\/www.fc.up.pt\/iapg-pns\/wp-content\/uploads\/2015\/04\/COGENT.jpg 570w\" sizes=\"auto, (max-width: 288px) 100vw, 288px\" \/><\/a><\/p>\n<p>Clara Vasconcelos | FCUP &#8211; <a href=\"mailto:csvascon@fc.up.pt\">csvascon@fc.up.pt<\/a><\/p>\n<p>(<a style=\"font-size: 1rem;\" href=\"https:\/\/www.fc.up.pt\/iapg-pns\/wp-content\/uploads\/2015\/04\/CV_CVASCONCELOS.pdf\">cv_cvasconcelos)<\/a><\/p>\n<p><a href=\"https:\/\/www.fc.up.pt\/iapg-pns\/wp-content\/uploads\/2015\/04\/Paulo-5-estrelas-Teide-5.jpg\"><img loading=\"lazy\" decoding=\"async\" class=\"alignnone size-medium wp-image-432\" src=\"https:\/\/www.fc.up.pt\/iapg-pns\/wp-content\/uploads\/2015\/04\/Paulo-5-estrelas-Teide-5-300x300.jpg\" alt=\"\" width=\"300\" height=\"300\" srcset=\"https:\/\/www.fc.up.pt\/iapg-pns\/wp-content\/uploads\/2015\/04\/Paulo-5-estrelas-Teide-5-300x300.jpg 300w, https:\/\/www.fc.up.pt\/iapg-pns\/wp-content\/uploads\/2015\/04\/Paulo-5-estrelas-Teide-5-150x150.jpg 150w, https:\/\/www.fc.up.pt\/iapg-pns\/wp-content\/uploads\/2015\/04\/Paulo-5-estrelas-Teide-5-768x765.jpg 768w, https:\/\/www.fc.up.pt\/iapg-pns\/wp-content\/uploads\/2015\/04\/Paulo-5-estrelas-Teide-5-1024x1020.jpg 1024w, https:\/\/www.fc.up.pt\/iapg-pns\/wp-content\/uploads\/2015\/04\/Paulo-5-estrelas-Teide-5.jpg 1191w\" sizes=\"auto, (max-width: 300px) 100vw, 300px\" \/><\/a><\/p>\n<p>Paulo Fonseca | FCUL &#8211; <a href=\"mailto:pefonseca@fc.ul.pt\">pefonseca@fc.ul.pt<\/a><\/p>\n<p>(<a href=\"https:\/\/www.fc.up.pt\/iapg-pns\/wp-content\/uploads\/2015\/04\/CV-PFONSECA.pdf\">cv_pfonseca)<\/a><\/p>\n<p>&nbsp;<\/p>\n<p><strong>European Coordination\/Cordena\u00e7\u00e3o Europeia:\u00a0<\/strong><\/p>\n<p>Elisabeth Silva | UNESCO &#8211;\u00a0<a href=\"mailto:elizabeth.silva@mne.pt\">elizabeth.silva@mne.pt<\/a><\/p>\n<p><a href=\"http:\/\/web.fc.up.pt\/iapg-pns\/wp-content\/uploads\/2015\/04\/UNESCO.jpg\"><img loading=\"lazy\" decoding=\"async\" class=\"alignnone size-medium wp-image-82\" src=\"http:\/\/web.fc.up.pt\/iapg-pns\/wp-content\/uploads\/2015\/04\/UNESCO-300x101.jpg\" alt=\"UNESCO\" width=\"300\" height=\"101\" srcset=\"https:\/\/www.fc.up.pt\/iapg-pns\/wp-content\/uploads\/2015\/04\/UNESCO-300x101.jpg 300w, https:\/\/www.fc.up.pt\/iapg-pns\/wp-content\/uploads\/2015\/04\/UNESCO.jpg 388w\" sizes=\"auto, (max-width: 300px) 100vw, 300px\" \/><\/a><\/p>\n<p>Portuguese National Section of <a href=\"http:\/\/www.geoethics.org\" target=\"_blank\" rel=\"noopener\">http:\/\/www.geoethics.org<\/a><\/p>\n<p>&nbsp;<\/p>\n<p>&nbsp;<\/p>\n<p>&nbsp;<\/p>\n","protected":false},"excerpt":{"rendered":"<p>National Coordination | Coordena\u00e7\u00e3o Nacional: Clara Vasconcelos | FCUP &#8211; csvascon@fc.up.pt (cv_cvasconcelos) Paulo Fonseca | FCUL &#8211; pefonseca@fc.ul.pt (cv_pfonseca) &nbsp; European Coordination\/Cordena\u00e7\u00e3o Europeia:\u00a0 Elisabeth Silva | UNESCO &#8211;\u00a0elizabeth.silva@mne.pt Portuguese National Section of http:\/\/www.geoethics.org &nbsp; &nbsp; &nbsp;<\/p>\n","protected":false},"author":1,"featured_media":0,"parent":0,"menu_order":0,"comment_status":"open","ping_status":"open","template":"","meta":{"footnotes":""},"class_list":["post-6","page","type-page","status-publish","hentry"],"_links":{"self":[{"href":"https:\/\/www.fc.up.pt\/iapg-pns\/wp-json\/wp\/v2\/pages\/6","targetHints":{"allow":["GET"]}}],"collection":[{"href":"https:\/\/www.fc.up.pt\/iapg-pns\/wp-json\/wp\/v2\/pages"}],"about":[{"href":"https:\/\/www.fc.up.pt\/iapg-pns\/wp-json\/wp\/v2\/types\/page"}],"author":[{"embeddable":true,"href":"https:\/\/www.fc.up.pt\/iapg-pns\/wp-json\/wp\/v2\/users\/1"}],"replies":[{"embeddable":true,"href":"https:\/\/www.fc.up.pt\/iapg-pns\/wp-json\/wp\/v2\/comments?post=6"}],"version-history":[{"count":32,"href":"https:\/\/www.fc.up.pt\/iapg-pns\/wp-json\/wp\/v2\/pages\/6\/revisions"}],"predecessor-version":[{"id":726,"href":"https:\/\/www.fc.up.pt\/iapg-pns\/wp-json\/wp\/v2\/pages\/6\/revisions\/726"}],"wp:attachment":[{"href":"https:\/\/www.fc.up.pt\/iapg-pns\/wp-json\/wp\/v2\/media?parent=6"}],"curies":[{"name":"wp","href":"https:\/\/api.w.org\/{rel}","templated":true}]}}