{"id":718,"date":"2022-02-07T23:10:54","date_gmt":"2022-02-07T22:10:54","guid":{"rendered":"https:\/\/www.fc.up.pt\/giedif\/?page_id=718"},"modified":"2022-06-23T11:31:08","modified_gmt":"2022-06-23T10:31:08","slug":"videos-vlab-fis-3-o-ciclo","status":"publish","type":"page","link":"https:\/\/www.fc.up.pt\/giedif\/videos-vlab-fis-3-o-ciclo\/","title":{"rendered":"V\u00eddeos Vlab-Fis 3.\u00ba ciclo"},"content":{"rendered":"\n<h3><strong><span style=\"color: #ff6600;\">V\u00eddeos\u00a0<\/span><span style=\"color: #ff6600;\">Vlab-Fis 3.\u00ba ciclo<\/span><\/strong><\/h3>\n<h3><span style=\"color: #800000;\"><strong>8.\u00ba ano<\/strong><\/span><\/h3>\n<div class=\"row\"> <div class=\"col-md-3\">\n<h4><span style=\"color: #0000ff;\">Produ\u00e7\u00e3o e propaga\u00e7\u00e3o de ondas<\/span><\/h4>\n<\/div><div class=\"col-md-5\">\n<p>O v\u00eddeo introdut\u00f3rio mostra como produzir ondas em diferentes meios. Tamb\u00e9m mostra como distinguir ondas transversais de ondas longitudinais, tendo em conta a dire\u00e7\u00e3o da propaga\u00e7\u00e3o da onda e a dire\u00e7\u00e3o da vibra\u00e7\u00e3o.<\/p>\n<p><a href=\"http:\/\/web.fc.up.pt\/giedif\/guides\/AE_producao_e_propagacao_de_ondas_Roteiro_de_exploracao_da_video_introdutorio.pdf\" target=\"_blank\" rel=\"noopener noreferrer\">Roteiro de explora\u00e7\u00e3o do v\u00eddeo introdut\u00f3rio<\/a><\/p>\n<p>Simula\u00e7\u00f5es HTML 5 <a href=\"https:\/\/phet.colorado.edu\/sims\/html\/wave-on-a-string\/latest\/wave-on-a-string_pt.html\" target=\"_blank\" rel=\"noopener noreferrer\"><img loading=\"lazy\" class=\"alignnone wp-image-609\" src=\"http:\/\/www.fc.up.pt\/giedif\/wp-content\/uploads\/2020\/08\/html5.png\" alt=\"\" width=\"25\" height=\"25\" srcset=\"https:\/\/www.fc.up.pt\/giedif\/wp-content\/uploads\/2020\/08\/html5.png 225w, https:\/\/www.fc.up.pt\/giedif\/wp-content\/uploads\/2020\/08\/html5-150x150.png 150w, https:\/\/www.fc.up.pt\/giedif\/wp-content\/uploads\/2020\/08\/html5-60x60.png 60w\" sizes=\"(max-width: 25px) 100vw, 25px\" \/><\/a> e <a href=\"https:\/\/phet.colorado.edu\/sims\/html\/waves-intro\/latest\/waves-intro_en.html\" target=\"_blank\" rel=\"noopener noreferrer\"><img loading=\"lazy\" class=\"alignnone wp-image-609\" src=\"http:\/\/www.fc.up.pt\/giedif\/wp-content\/uploads\/2020\/08\/html5.png\" alt=\"\" width=\"25\" height=\"25\" srcset=\"https:\/\/www.fc.up.pt\/giedif\/wp-content\/uploads\/2020\/08\/html5.png 225w, https:\/\/www.fc.up.pt\/giedif\/wp-content\/uploads\/2020\/08\/html5-150x150.png 150w, https:\/\/www.fc.up.pt\/giedif\/wp-content\/uploads\/2020\/08\/html5-60x60.png 60w\" sizes=\"(max-width: 25px) 100vw, 25px\" \/><\/a>\u00a0 \u00a0<a href=\"http:\/\/web.fc.up.pt\/giedif\/simulations\/AE_producao_e_propagacao_de_ondas_Roteiro_de_exploracao_da_simulacao.pdf\" target=\"_blank\" rel=\"noopener noreferrer\">Roteiro de explora\u00e7\u00e3o da simula\u00e7\u00e3o<\/a><\/p>\n<\/div><div class=\"col-md-4\">\n<div class=\"kad-youtube-shortcode videofit\"  ><iframe width=\"600\" height=\"400\" src=\"\/\/www.youtube.com\/embed\/kx6zWkDbrro?autoplay=0&amp;controls=1&amp;fs=1&amp;modestbranding=0&amp;theme=dark&amp;rel=0&amp;loop=0\" frameborder=\"0\" allowfullscreen=\"true\"><\/iframe><\/div>\n<\/div><\/div>\n<p>\u00a0<\/p>\n<div class=\"row\"> <div class=\"col-md-3\">\n<h4><span style=\"color: #0000ff;\">Caracter\u00edsticas do Som<\/span><\/h4>\n<\/div><div class=\"col-md-5\">\n<p>O v\u00eddeo introdut\u00f3rio mostra como reconhecer e medir alguns atributos do Som. Em particular, mostra-se como usar um oscilosc\u00f3pio para relacionar a amplitude como indicativo de um som fraco ou forte, e medir as caracter\u00edsticas temporais do som como o per\u00edodo e a frequ\u00eancia.<\/p>\n<p><a href=\"http:\/\/web.fc.up.pt\/giedif\/guides\/AE_caracteristicas_do_som_Roteiro_de_exploracao_da_video_introdutorio.pdf\" target=\"_blank\" rel=\"noopener noreferrer\">Roteiro de explora\u00e7\u00e3o do v\u00eddeo introdut\u00f3rio<\/a><\/p>\n<p>Simula\u00e7\u00e3o HTML 5\u00a0<a href=\"https:\/\/academo.org\/demos\/virtual-oscilloscope\/\" target=\"_blank\" rel=\"noopener noreferrer\"><img loading=\"lazy\" class=\"alignnone wp-image-609\" src=\"http:\/\/www.fc.up.pt\/giedif\/wp-content\/uploads\/2020\/08\/html5.png\" alt=\"\" width=\"25\" height=\"25\" srcset=\"https:\/\/www.fc.up.pt\/giedif\/wp-content\/uploads\/2020\/08\/html5.png 225w, https:\/\/www.fc.up.pt\/giedif\/wp-content\/uploads\/2020\/08\/html5-150x150.png 150w, https:\/\/www.fc.up.pt\/giedif\/wp-content\/uploads\/2020\/08\/html5-60x60.png 60w\" sizes=\"(max-width: 25px) 100vw, 25px\" \/><\/a>\u00a0<a href=\"http:\/\/web.fc.up.pt\/giedif\/simulations\/AE_caracteristicas_do_som_Roteiro_de_exploracao_da_simulacao.pdf\" target=\"_blank\" rel=\"noopener noreferrer\">Roteiro de explora\u00e7\u00e3o da simula\u00e7\u00e3o<\/a><\/p>\n<\/div><div class=\"col-md-4\">\n<div class=\"kad-youtube-shortcode videofit\"  ><iframe width=\"600\" height=\"400\" src=\"\/\/www.youtube.com\/embed\/V-zUHOvdhIY?autoplay=0&amp;controls=1&amp;fs=1&amp;modestbranding=0&amp;theme=dark&amp;rel=0&amp;loop=0\" frameborder=\"0\" allowfullscreen=\"true\"><\/iframe><\/div>\n<\/div><\/div>\n<div class=\"row\"> <div class=\"col-md-3\">\n<h4><span style=\"color: #0000ff;\">Absor\u00e7\u00e3o e Reflex\u00e3o de radia\u00e7\u00e3o<\/span><\/h4>\n<\/div><div class=\"col-md-5\">\n<p>Os v\u00eddeos introdut\u00f3rios mostram a reflex\u00e3o da luz em diversos meios f\u00edsicos, podendo identificar as caracter\u00edsticas dos meios opacos, transl\u00facidos e transparentes. Tamb\u00e9m apresentam a reflex\u00e3o da luz num espelho plano e numa lente semicircular.<\/p>\n<p><a href=\"http:\/\/web.fc.up.pt\/giedif\/guides\/AE_Absorcao_Reflexao_Roteiro_de_exploracao_do_video_introdutorio.pdf\" target=\"_blank\" rel=\"noopener noreferrer\">Roteiro de explora\u00e7\u00e3o do v\u00eddeo introdut\u00f3rio<\/a><\/p>\n<p>Simula\u00e7\u00f5es HTML 5 <a href=\"https:\/\/phet.colorado.edu\/pt_BR\/simulations\/bending-light\" target=\"_blank\" rel=\"noopener noreferrer\"><img loading=\"lazy\" class=\"alignnone wp-image-609\" src=\"http:\/\/www.fc.up.pt\/giedif\/wp-content\/uploads\/2020\/08\/html5.png\" alt=\"\" width=\"25\" height=\"25\" srcset=\"https:\/\/www.fc.up.pt\/giedif\/wp-content\/uploads\/2020\/08\/html5.png 225w, https:\/\/www.fc.up.pt\/giedif\/wp-content\/uploads\/2020\/08\/html5-150x150.png 150w, https:\/\/www.fc.up.pt\/giedif\/wp-content\/uploads\/2020\/08\/html5-60x60.png 60w\" sizes=\"(max-width: 25px) 100vw, 25px\" \/><\/a>\u00a0 \u00a0<a href=\"http:\/\/web.fc.up.pt\/giedif\/simulations\/AE_absorcao_Reflexao_Roteiro_de_exploracao_da_Simulacao.pdf\" target=\"_blank\" rel=\"noopener noreferrer\">Roteiro de explora\u00e7\u00e3o da simula\u00e7\u00e3o<\/a><\/p>\n<\/div><div class=\"col-md-4\">\n<p>\u00a0<\/p>\n<\/div><\/div>\n<div class=\"row\"> <div class=\"col-md-6\">\n<h4 style=\"text-align: center;\"><span style=\"color: #000000;\">Absor\u00e7\u00e3o de radia\u00e7\u00e3o<\/span><\/h4>\n<h4><div class=\"kad-youtube-shortcode videofit\"  ><iframe width=\"600\" height=\"400\" src=\"\/\/www.youtube.com\/embed\/NN-fa8ht9Lw?autoplay=0&amp;controls=1&amp;fs=1&amp;modestbranding=0&amp;theme=dark&amp;rel=0&amp;loop=0\" frameborder=\"0\" allowfullscreen=\"true\"><\/iframe><\/div><\/h4>\n<\/div><div class=\"col-md-6\">\n<h4 style=\"text-align: center;\"><span style=\"color: #000000;\">Reflex\u00e3o de radia\u00e7\u00e3o<\/span><\/h4>\n<h4><div class=\"kad-youtube-shortcode videofit\"  ><iframe width=\"600\" height=\"400\" src=\"\/\/www.youtube.com\/embed\/knA17k03EiE?autoplay=0&amp;controls=1&amp;fs=1&amp;modestbranding=0&amp;theme=dark&amp;rel=0&amp;loop=0\" frameborder=\"0\" allowfullscreen=\"true\"><\/iframe><\/div><\/h4>\n<\/div><\/div>\n<p>\u00a0<\/p>\n<div class=\"row\"><div class=\"col-md-3\">\n<h4><span style=\"color: #0000ff;\">Refra\u00e7\u00e3o de radia\u00e7\u00e3o<\/span><\/h4>\n<\/div><div class=\"col-md-5\">\n<p>O v\u00eddeo introdut\u00f3rio mostra a refra\u00e7\u00e3o da luz atrav\u00e9s das interfaces acr\u00edlico-ar e ar-acr\u00edlico. Pode ser identificado o fen\u00f3meno da reflex\u00e3o total da luz. O v\u00eddeo tamb\u00e9m apela ao estudo do efeito \u00f3tico de introduzir um meio \u00f3tico num l\u00edquido com caracter\u00edsticas \u00f3ticas (\u00edndice de refra\u00e7\u00e3o) semelhantes ou diferentes.<\/p>\n<p><a href=\"http:\/\/web.fc.up.pt\/giedif\/guides\/AE_Refracao_Roteiro_de_exploracao_do_video_introdutorio.pdf\" target=\"_blank\" rel=\"noopener noreferrer\">Roteiro de explora\u00e7\u00e3o do v\u00eddeo introdut\u00f3rio<\/a><\/p>\n<p>Simula\u00e7\u00e3o HTML 5\u00a0<a href=\"https:\/\/phet.colorado.edu\/pt_BR\/simulations\/bending-light\" target=\"_blank\" rel=\"noopener noreferrer\"><img loading=\"lazy\" class=\"alignnone wp-image-609\" src=\"http:\/\/www.fc.up.pt\/giedif\/wp-content\/uploads\/2020\/08\/html5.png\" alt=\"\" width=\"25\" height=\"25\" srcset=\"https:\/\/www.fc.up.pt\/giedif\/wp-content\/uploads\/2020\/08\/html5.png 225w, https:\/\/www.fc.up.pt\/giedif\/wp-content\/uploads\/2020\/08\/html5-150x150.png 150w, https:\/\/www.fc.up.pt\/giedif\/wp-content\/uploads\/2020\/08\/html5-60x60.png 60w\" sizes=\"(max-width: 25px) 100vw, 25px\" \/><\/a>\u00a0<a href=\"http:\/\/web.fc.up.pt\/giedif\/simulations\/AE_Refracao_Roteiro_de_exploracao_da_Simulacao.pdf\" target=\"_blank\" rel=\"noopener noreferrer\">Roteiro de explora\u00e7\u00e3o da simula\u00e7\u00e3o<\/a><\/p>\n<\/div><div class=\"col-md-4\">\n<div class=\"kad-youtube-shortcode videofit\"  ><iframe width=\"600\" height=\"400\" src=\"\/\/www.youtube.com\/embed\/t1oCcsCHCew?autoplay=0&amp;controls=1&amp;fs=1&amp;modestbranding=0&amp;theme=dark&amp;rel=0&amp;loop=0\" frameborder=\"0\" allowfullscreen=\"true\"><\/iframe><\/div>\n<\/div><\/div>\n<p>\u00a0<\/p>\n<h3>\u00a0<\/h3>\n<h3><span style=\"color: #800000;\"><strong>9.\u00ba ano<\/strong><\/span><\/h3>\n<div class=\"row\"> <div class=\"col-md-3\">\n<h4><span style=\"color: #0000ff;\">Circuitos el\u00e9tricos simples<\/span><\/h4>\n<\/div><div class=\"col-md-5\">\n<p>Os v\u00eddeos introdut\u00f3rios mostram como montar circuitos el\u00e9tricos simples e medir algumas grandezas f\u00edsicas el\u00e9tricas, recorrendo a instrumentos de medi\u00e7\u00e3o e usando as unidades apropriadas.<\/p>\n<p><a href=\"http:\/\/web.fc.up.pt\/giedif\/guides\/AE_Circuito_Simples_Roteiro_de_exploracao_do_video_introdutorio.pdf\" target=\"_blank\" rel=\"noopener noreferrer\">Roteiro de explora\u00e7\u00e3o do v\u00eddeo introdut\u00f3rio<\/a><\/p>\n<p>Simula\u00e7\u00f5es HTML 5 <a href=\"https:\/\/phet.colorado.edu\/sims\/html\/circuit-construction-kit-dc-virtual-lab\/latest\/circuit-construction-kit-dc-virtual-lab_pt.html\" target=\"_blank\" rel=\"noopener noreferrer\"><img loading=\"lazy\" class=\"alignnone wp-image-609\" src=\"http:\/\/www.fc.up.pt\/giedif\/wp-content\/uploads\/2020\/08\/html5.png\" alt=\"\" width=\"25\" height=\"25\" srcset=\"https:\/\/www.fc.up.pt\/giedif\/wp-content\/uploads\/2020\/08\/html5.png 225w, https:\/\/www.fc.up.pt\/giedif\/wp-content\/uploads\/2020\/08\/html5-150x150.png 150w, https:\/\/www.fc.up.pt\/giedif\/wp-content\/uploads\/2020\/08\/html5-60x60.png 60w\" sizes=\"(max-width: 25px) 100vw, 25px\" \/><\/a>\u00a0 \u00a0<a href=\"http:\/\/web.fc.up.pt\/giedif\/simulations\/AE_Circuito_Simples_Roteiro_de_exploracao_da_Simulacao.pdf\" target=\"_blank\" rel=\"noopener noreferrer\">Roteiro de explora\u00e7\u00e3o da simula\u00e7\u00e3o<\/a><\/p>\n<\/div><div class=\"col-md-4\">\n<p>\u00a0<\/p>\n<\/div><\/div>\n<div class=\"row\"> <div class=\"col-md-4\">\n<h4 style=\"text-align: center;\"><span style=\"color: #000000;\">diferen\u00e7a de potencial<\/span><\/h4>\n<h4><div class=\"kad-youtube-shortcode videofit\"  ><iframe width=\"600\" height=\"400\" src=\"\/\/www.youtube.com\/embed\/R5TCnrkAXIw?autoplay=0&amp;controls=1&amp;fs=1&amp;modestbranding=0&amp;theme=dark&amp;rel=0&amp;loop=0\" frameborder=\"0\" allowfullscreen=\"true\"><\/iframe><\/div><\/h4>\n<\/div><div class=\"col-md-4\">\n<h4 style=\"text-align: center;\"><span style=\"color: #000000;\">corrente el\u00e9trica<\/span><\/h4>\n<h4><div class=\"kad-youtube-shortcode videofit\"  ><iframe width=\"600\" height=\"400\" src=\"\/\/www.youtube.com\/embed\/Q72LYHGlD4I?autoplay=0&amp;controls=1&amp;fs=1&amp;modestbranding=0&amp;theme=dark&amp;rel=0&amp;loop=0\" frameborder=\"0\" allowfullscreen=\"true\"><\/iframe><\/div><\/h4>\n<\/div><div class=\"col-md-4\">\n<h4 style=\"text-align: center;\"><span style=\"color: #000000;\">l\u00e2mpada<\/span><\/h4>\n<h4><div class=\"kad-youtube-shortcode videofit\"  ><iframe width=\"600\" height=\"400\" src=\"\/\/www.youtube.com\/embed\/jLSP0wQIkFU?autoplay=0&amp;controls=1&amp;fs=1&amp;modestbranding=0&amp;theme=dark&amp;rel=0&amp;loop=0\" frameborder=\"0\" allowfullscreen=\"true\"><\/iframe><\/div><\/h4>\n<\/div><\/div>\n<div class=\"row\"> <div class=\"col-md-3\">\n<p>\u00a0 \u00a0 \u00a0 \u00a0 \u00a0 \u00a0 \u00a0 \u00a0 \u00a0 \u00a0 \u00a0 \u00a0 \u00a0 \u00a0 \u00a0 \u00a0 \u00a0 \u00a0 \u00a0 \u00a0 \u00a0 \u00a0<\/p>\n<\/div> <\/div>\n<div class=\"row\"> <div class=\"col-md-3\">\n<h4><span style=\"color: #0000ff;\">Circuitos el\u00e9tricos em s\u00e9rie e em paralelo<\/span><\/h4>\n<\/div><div class=\"col-md-5\">\n<p>Os v\u00eddeos introdut\u00f3rios mostram como montar circuitos el\u00e9tricos em s\u00e9rie e em paralelo, e medir algumas grandezas f\u00edsicas el\u00e9tricas, recorrendo a instrumentos de medi\u00e7\u00e3o e usando as unidades apropriadas.<\/p>\n<p><a href=\"http:\/\/web.fc.up.pt\/giedif\/guides\/AE- Circuitos em serie e em paralelo- Roteiro de exploracao do video introdutorio.pdf\" target=\"_blank\" rel=\"noopener noreferrer\" data-wplink-url-error=\"true\">Roteiro de explora\u00e7\u00e3o do v\u00eddeo introdut\u00f3rio<\/a><\/p>\n<p>Simula\u00e7\u00f5es HTML 5 <a href=\"https:\/\/phet.colorado.edu\/sims\/html\/circuit-construction-kit-dc-virtual-lab\/latest\/circuit-construction-kit-dc-virtual-lab_pt.html\" target=\"_blank\" rel=\"noopener noreferrer\"><img loading=\"lazy\" class=\"alignnone wp-image-609\" src=\"http:\/\/www.fc.up.pt\/giedif\/wp-content\/uploads\/2020\/08\/html5.png\" alt=\"\" width=\"25\" height=\"25\" srcset=\"https:\/\/www.fc.up.pt\/giedif\/wp-content\/uploads\/2020\/08\/html5.png 225w, https:\/\/www.fc.up.pt\/giedif\/wp-content\/uploads\/2020\/08\/html5-150x150.png 150w, https:\/\/www.fc.up.pt\/giedif\/wp-content\/uploads\/2020\/08\/html5-60x60.png 60w\" sizes=\"(max-width: 25px) 100vw, 25px\" \/><\/a>\u00a0 \u00a0<a href=\"http:\/\/web.fc.up.pt\/giedif\/simulations\/AE Circuitos em s\u00e9rie e em paralelo- Roteiro de explora\u00e7\u00e3o da Simula\u00e7\u00e3o.pdf\" target=\"_blank\" rel=\"noopener noreferrer\" data-wplink-url-error=\"true\">Roteiro de explora\u00e7\u00e3o da simula\u00e7\u00e3o<\/a><\/p>\n<\/div><div class=\"col-md-4\">\n<p>\u00a0<\/p>\n<\/div><\/div>\n<div class=\"row\"> <div class=\"col-md-6\">\n<h4 style=\"text-align: center;\"><span style=\"color: #000000;\">Associa\u00e7\u00e3o de resistores em s\u00e9rie<\/span><\/h4>\n<h4><div class=\"kad-youtube-shortcode videofit\"  ><iframe width=\"600\" height=\"400\" src=\"\/\/www.youtube.com\/embed\/kSA5O1dNhC4?autoplay=0&amp;controls=1&amp;fs=1&amp;modestbranding=0&amp;theme=dark&amp;rel=0&amp;loop=0\" frameborder=\"0\" allowfullscreen=\"true\"><\/iframe><\/div><\/h4>\n<\/div><div class=\"col-md-6\">\n<h4 style=\"text-align: center;\"><span style=\"color: #000000;\">Associa\u00e7\u00e3o de resistores em paralelo<\/span><\/h4>\n<h4><div class=\"kad-youtube-shortcode videofit\"  ><iframe width=\"600\" height=\"400\" src=\"\/\/www.youtube.com\/embed\/dTGktPlyctE?autoplay=0&amp;controls=1&amp;fs=1&amp;modestbranding=0&amp;theme=dark&amp;rel=0&amp;loop=0\" frameborder=\"0\" allowfullscreen=\"true\"><\/iframe><\/div><\/h4>\n<\/div><\/div>\n","protected":false},"excerpt":{"rendered":"<p>V\u00eddeos\u00a0Vlab-Fis 3.\u00ba ciclo 8.\u00ba ano \u00a0 \u00a0 \u00a0 \u00a0 9.\u00ba ano<\/p>\n","protected":false},"author":1,"featured_media":0,"parent":0,"menu_order":0,"comment_status":"closed","ping_status":"closed","template":"","meta":{"kt_blocks_editor_width":""},"_links":{"self":[{"href":"https:\/\/www.fc.up.pt\/giedif\/wp-json\/wp\/v2\/pages\/718"}],"collection":[{"href":"https:\/\/www.fc.up.pt\/giedif\/wp-json\/wp\/v2\/pages"}],"about":[{"href":"https:\/\/www.fc.up.pt\/giedif\/wp-json\/wp\/v2\/types\/page"}],"author":[{"embeddable":true,"href":"https:\/\/www.fc.up.pt\/giedif\/wp-json\/wp\/v2\/users\/1"}],"replies":[{"embeddable":true,"href":"https:\/\/www.fc.up.pt\/giedif\/wp-json\/wp\/v2\/comments?post=718"}],"version-history":[{"count":42,"href":"https:\/\/www.fc.up.pt\/giedif\/wp-json\/wp\/v2\/pages\/718\/revisions"}],"predecessor-version":[{"id":773,"href":"https:\/\/www.fc.up.pt\/giedif\/wp-json\/wp\/v2\/pages\/718\/revisions\/773"}],"wp:attachment":[{"href":"https:\/\/www.fc.up.pt\/giedif\/wp-json\/wp\/v2\/media?parent=718"}],"curies":[{"name":"wp","href":"https:\/\/api.w.org\/{rel}","templated":true}]}}