{"id":443,"date":"2017-12-28T13:53:20","date_gmt":"2017-12-28T12:53:20","guid":{"rendered":"http:\/\/web.fc.up.pt\/giedif\/?page_id=443"},"modified":"2018-03-23T23:20:43","modified_gmt":"2018-03-23T22:20:43","slug":"vlab-fis","status":"publish","type":"page","link":"https:\/\/www.fc.up.pt\/giedif\/vlab-fis\/","title":{"rendered":"VLab-Fis"},"content":{"rendered":"<p>O Projeto <strong>Vlab-Fis<\/strong> visa a constru\u00e7\u00e3o de um conceito de v\u00eddeo de curta dura\u00e7\u00e3o sobre uma atividade experimental espec\u00edfica (n\u00e3o uma filmagem da execu\u00e7\u00e3o de uma atividade experimental). O v\u00eddeo n\u00e3o fornece dados experimentais, mas d\u00e1 pormenores relevantes que tornam o aluno mais preparado para a experi\u00eancia a realizar no laborat\u00f3rio, capacitando-o a discutir a atividade e o respetivo roteiro de explora\u00e7\u00e3o com os colegas e o professor.<\/p>\n<p><strong>Cada v\u00eddeo \u00e9 constitu\u00eddo pelas seguintes sec\u00e7\u00f5es:<\/strong><\/p>\n<p><strong>1.<\/strong> Introdu\u00e7\u00e3o; <strong>2.<\/strong> Procedimento Experimental; <strong>3.<\/strong> Detalhes a reter; <strong>4.<\/strong> Em Conclus\u00e3o; <strong>5.<\/strong> Enquadramento Te\u00f3rico-Experimental.<\/p>\n<p>Este v\u00eddeo deve ser visualizado pelo aluno ANTES da aula pr\u00e1tica laboratorial.\u00a0Pela sua simplicidade, ele permite que o aluno se prepare para a atividade experimental a realizar e venha a ter um papel respons\u00e1vel no laborat\u00f3rio.<\/p>\n<p>O Vlab-Fis d\u00e1, assim, ao aluno uma vis\u00e3o, por um lado concreta e real sobre a execu\u00e7\u00e3o da atividade experimental que vai realizar e seus aspetos processuais e conceptuais, e por outro lado hol\u00edstica sobre o enquadramento da atividade na sua aprendizagem.<\/p>\n<p>Este Projeto integra-se num Projeto de Doutoramento da Faculdade de Ci\u00eancias da Universidade do Porto.<\/p>\n","protected":false},"excerpt":{"rendered":"<p>O Projeto Vlab-Fis visa a constru\u00e7\u00e3o de um conceito de v\u00eddeo de curta dura\u00e7\u00e3o sobre uma atividade experimental espec\u00edfica (n\u00e3o uma filmagem da execu\u00e7\u00e3o de uma atividade experimental). O v\u00eddeo n\u00e3o fornece dados experimentais, mas d\u00e1 pormenores relevantes que tornam &hellip; <a href=\"https:\/\/www.fc.up.pt\/giedif\/vlab-fis\/\">Read More<\/a><\/p>\n","protected":false},"author":1,"featured_media":0,"parent":0,"menu_order":0,"comment_status":"closed","ping_status":"closed","template":"","meta":{"kt_blocks_editor_width":""},"_links":{"self":[{"href":"https:\/\/www.fc.up.pt\/giedif\/wp-json\/wp\/v2\/pages\/443"}],"collection":[{"href":"https:\/\/www.fc.up.pt\/giedif\/wp-json\/wp\/v2\/pages"}],"about":[{"href":"https:\/\/www.fc.up.pt\/giedif\/wp-json\/wp\/v2\/types\/page"}],"author":[{"embeddable":true,"href":"https:\/\/www.fc.up.pt\/giedif\/wp-json\/wp\/v2\/users\/1"}],"replies":[{"embeddable":true,"href":"https:\/\/www.fc.up.pt\/giedif\/wp-json\/wp\/v2\/comments?post=443"}],"version-history":[{"count":9,"href":"https:\/\/www.fc.up.pt\/giedif\/wp-json\/wp\/v2\/pages\/443\/revisions"}],"predecessor-version":[{"id":480,"href":"https:\/\/www.fc.up.pt\/giedif\/wp-json\/wp\/v2\/pages\/443\/revisions\/480"}],"wp:attachment":[{"href":"https:\/\/www.fc.up.pt\/giedif\/wp-json\/wp\/v2\/media?parent=443"}],"curies":[{"name":"wp","href":"https:\/\/api.w.org\/{rel}","templated":true}]}}