{"id":419,"date":"2017-08-20T16:31:02","date_gmt":"2017-08-20T15:31:02","guid":{"rendered":"http:\/\/web.fc.up.pt\/giedif\/?page_id=419"},"modified":"2017-08-20T16:32:49","modified_gmt":"2017-08-20T15:32:49","slug":"ciencia-para-todos-2","status":"publish","type":"page","link":"https:\/\/www.fc.up.pt\/giedif\/ciencia-para-todos-2\/","title":{"rendered":"Ci\u00eancia para Todos"},"content":{"rendered":"<p>Ci\u00eancia Para Todos \u00e9 um projeto de Doutoramento em Ensino e Divulga\u00e7\u00e3o das Ci\u00eancias, na \u00e1rea de especializa\u00e7\u00e3o em Divulga\u00e7\u00e3o das Ci\u00eancias (em particular da F\u00edsica).<\/p>\n<p>A revolu\u00e7\u00e3o cient\u00edfica e tecnol\u00f3gica que vivemos desde in\u00edcio do s\u00e9culo XX, faz emergir o cidad\u00e3o do s\u00e9culo XXI que deve ser capaz de compreender e aplicar princ\u00edpios cient\u00edficos na vida quotidiana. O simples esquema de abordagem \u2013 observar um fen\u00f3meno, levantar uma quest\u00e3o, formular uma hip\u00f3tese, fazer uma dedu\u00e7\u00e3o, conduzir uma experi\u00eancia para testar uma ideia e, finalmente, comprov\u00e1-la ou rejeit\u00e1-la \u2013 \u00e9 mais \u00fatil no nosso quotidiano do que a maioria dos cidad\u00e3os imagina.<\/p>\n<p>Crian\u00e7as, jovens e adultos do s\u00e9culo XXI precisam da cultura cient\u00edfica no seu quotidiano para a sua integra\u00e7\u00e3o plena numa sociedade do conhecimento.<\/p>\n<p>Portugal precisa de construir uma cultura cient\u00edfica significativa e \u00e9 neste contexto que a Divulga\u00e7\u00e3o da Ci\u00eancia se assume cada vez mais como uma necessidade e um desafio!<\/p>\n<p style=\"text-align: center;\"><a href=\"http:\/\/web.fc.up.pt\/giedif\/wp-content\/uploads\/2017\/08\/ciencia-para-todos.png\"><img loading=\"lazy\" class=\"alignnone size-full wp-image-423\" src=\"http:\/\/web.fc.up.pt\/giedif\/wp-content\/uploads\/2017\/08\/ciencia-para-todos.png\" alt=\"\" width=\"206\" height=\"206\" srcset=\"https:\/\/www.fc.up.pt\/giedif\/wp-content\/uploads\/2017\/08\/ciencia-para-todos.png 206w, https:\/\/www.fc.up.pt\/giedif\/wp-content\/uploads\/2017\/08\/ciencia-para-todos-150x150.png 150w, https:\/\/www.fc.up.pt\/giedif\/wp-content\/uploads\/2017\/08\/ciencia-para-todos-60x60.png 60w\" sizes=\"(max-width: 206px) 100vw, 206px\" \/><\/a><\/p>\n","protected":false},"excerpt":{"rendered":"<p>Ci\u00eancia Para Todos \u00e9 um projeto de Doutoramento em Ensino e Divulga\u00e7\u00e3o das Ci\u00eancias, na \u00e1rea de especializa\u00e7\u00e3o em Divulga\u00e7\u00e3o das Ci\u00eancias (em particular da F\u00edsica). A revolu\u00e7\u00e3o cient\u00edfica e tecnol\u00f3gica que vivemos desde in\u00edcio do s\u00e9culo XX, faz emergir &hellip; <a href=\"https:\/\/www.fc.up.pt\/giedif\/ciencia-para-todos-2\/\">Read More<\/a><\/p>\n","protected":false},"author":1,"featured_media":0,"parent":0,"menu_order":0,"comment_status":"closed","ping_status":"closed","template":"","meta":{"kt_blocks_editor_width":""},"_links":{"self":[{"href":"https:\/\/www.fc.up.pt\/giedif\/wp-json\/wp\/v2\/pages\/419"}],"collection":[{"href":"https:\/\/www.fc.up.pt\/giedif\/wp-json\/wp\/v2\/pages"}],"about":[{"href":"https:\/\/www.fc.up.pt\/giedif\/wp-json\/wp\/v2\/types\/page"}],"author":[{"embeddable":true,"href":"https:\/\/www.fc.up.pt\/giedif\/wp-json\/wp\/v2\/users\/1"}],"replies":[{"embeddable":true,"href":"https:\/\/www.fc.up.pt\/giedif\/wp-json\/wp\/v2\/comments?post=419"}],"version-history":[{"count":3,"href":"https:\/\/www.fc.up.pt\/giedif\/wp-json\/wp\/v2\/pages\/419\/revisions"}],"predecessor-version":[{"id":425,"href":"https:\/\/www.fc.up.pt\/giedif\/wp-json\/wp\/v2\/pages\/419\/revisions\/425"}],"wp:attachment":[{"href":"https:\/\/www.fc.up.pt\/giedif\/wp-json\/wp\/v2\/media?parent=419"}],"curies":[{"name":"wp","href":"https:\/\/api.w.org\/{rel}","templated":true}]}}