{"id":4,"date":"2015-08-20T21:09:07","date_gmt":"2015-08-20T21:09:07","guid":{"rendered":"http:\/\/web.fc.up.pt\/giedif\/?page_id=4"},"modified":"2021-03-24T18:45:53","modified_gmt":"2021-03-24T17:45:53","slug":"revistas-em-lingua-portuguesa","status":"publish","type":"page","link":"https:\/\/www.fc.up.pt\/giedif\/revistas-em-lingua-portuguesa\/","title":{"rendered":"Revistas em L\u00edngua Portuguesa"},"content":{"rendered":"<div class=\"row\">\n<div class=\"col-md-2\">\n<\/div>\n<div class=\"col-md-8\">\n<p><span style=\"color: #ff0000;\"><span style=\"color: #000000;\">Adriano Sampaio e Sousa, Paulo Sime\u00e3o Carvalho, <strong>F\u00edsica e Qu\u00edmica \u2013 A mesma linguagem?<\/strong>, QU\u00cdMICA &#8211; <em>Boletim da Sociedade Portuguesa de Qu\u00edmica<\/em>, 2004, n\u00ba93, 71.<em><a style=\"color: #000000;\" href=\"http:\/\/web.fc.up.pt\/giedif\/papers\/literacia_FQ.pdf\" target=\"_blank\" rel=\"noopener noreferrer\"><img loading=\"lazy\" class=\"wp-image-71 alignnone\" src=\"http:\/\/web.fc.up.pt\/giedif\/wp-content\/uploads\/2015\/08\/pdf-file-logo-icon-300x300.jpg\" alt=\"pdf-file-logo-icon\" width=\"19\" height=\"19\" srcset=\"https:\/\/www.fc.up.pt\/giedif\/wp-content\/uploads\/2015\/08\/pdf-file-logo-icon-300x300.jpg 300w, https:\/\/www.fc.up.pt\/giedif\/wp-content\/uploads\/2015\/08\/pdf-file-logo-icon-150x150.jpg 150w, https:\/\/www.fc.up.pt\/giedif\/wp-content\/uploads\/2015\/08\/pdf-file-logo-icon.jpg 400w\" sizes=\"(max-width: 19px) 100vw, 19px\" \/><\/a><\/em><\/span>PDF<\/span><\/p>\n<\/div>\n<div class=\"col-md-2\">\n<\/div>\n<\/div>\n<div class=\"row\">\n<div class=\"col-md-2\">\n<\/div>\n<div class=\"col-md-8\">\n<p>Adriano Sampaio e Sousa, P. Sime\u00e3o Carvalho,\u00a0<strong>Utiliza\u00e7\u00e3o de Sensores no Ensino das Ci\u00eancias<\/strong>,\u00a0<em>Gazeta de F\u00edsica<\/em>, 2011,\u00a0<strong>34<\/strong>\u00a0(3\/4), 40-45.<em><a href=\"http:\/\/web.fc.up.pt\/giedif\/papers\/artigo_sensores_publicado.pdf\" target=\"_blank\" rel=\"noopener noreferrer\"><img loading=\"lazy\" class=\"wp-image-71 alignnone\" src=\"http:\/\/web.fc.up.pt\/giedif\/wp-content\/uploads\/2015\/08\/pdf-file-logo-icon-300x300.jpg\" alt=\"pdf-file-logo-icon\" width=\"19\" height=\"19\" srcset=\"https:\/\/www.fc.up.pt\/giedif\/wp-content\/uploads\/2015\/08\/pdf-file-logo-icon-300x300.jpg 300w, https:\/\/www.fc.up.pt\/giedif\/wp-content\/uploads\/2015\/08\/pdf-file-logo-icon-150x150.jpg 150w, https:\/\/www.fc.up.pt\/giedif\/wp-content\/uploads\/2015\/08\/pdf-file-logo-icon.jpg 400w\" sizes=\"(max-width: 19px) 100vw, 19px\" \/><\/a><\/em><span style=\"color: #ff0000;\">PDF<\/span><\/p>\n<\/div>\n<div class=\"col-md-2\">\n<\/div>\n<\/div>\n<div class=\"row\">\n<div class=\"col-md-2\">\n<\/div>\n<div class=\"col-md-8\">\n<p>Daniel Tiago Ribeiro, Ab\u00edlio Monteiro Almeida e Paulo Sime\u00e3o Carvalho, <strong>Indu\u00e7\u00e3o eletromagn\u00e9tica em laborat\u00f3rio<\/strong>, <em>Revista Brasileira de Ensino de F\u00edsica<\/em>, 2012, <strong>34<\/strong>(4), 4317(1-15).<em><a href=\"http:\/\/web.fc.up.pt\/giedif\/papers\/Inducao eletromagnetica em laboratorio.pdf\" target=\"_blank\" rel=\"noopener noreferrer\"><img loading=\"lazy\" class=\"wp-image-71 alignnone\" src=\"http:\/\/web.fc.up.pt\/giedif\/wp-content\/uploads\/2015\/08\/pdf-file-logo-icon-300x300.jpg\" alt=\"pdf-file-logo-icon\" width=\"19\" height=\"19\" srcset=\"https:\/\/www.fc.up.pt\/giedif\/wp-content\/uploads\/2015\/08\/pdf-file-logo-icon-300x300.jpg 300w, https:\/\/www.fc.up.pt\/giedif\/wp-content\/uploads\/2015\/08\/pdf-file-logo-icon-150x150.jpg 150w, https:\/\/www.fc.up.pt\/giedif\/wp-content\/uploads\/2015\/08\/pdf-file-logo-icon.jpg 400w\" sizes=\"(max-width: 19px) 100vw, 19px\" \/><\/a><\/em><span style=\"color: #ff0000;\">PDF<\/span><\/p>\n<\/div>\n<div class=\"col-md-2\">\n<\/div>\n<\/div>\n<div class=\"row\">\n<div class=\"col-md-2\">\n<\/div>\n<div class=\"col-md-8\">\n<p>P. Sime\u00e3o Carvalho, W. Christian, M. Belloni, <strong>Physlets e Open Source Physics para professores e estudantes Portugueses<\/strong>, <em>Revista Lus\u00f3fona de Educa\u00e7\u00e3o<\/em>, 2013, <strong>25<\/strong>, 59-72.<em><a href=\"http:\/\/web.fc.up.pt\/giedif\/papers\/Rev_Lusofona_2013_FINAL.pdf\" target=\"_blank\" rel=\"noopener noreferrer\"><img loading=\"lazy\" class=\"wp-image-71 alignnone\" src=\"http:\/\/web.fc.up.pt\/giedif\/wp-content\/uploads\/2015\/08\/pdf-file-logo-icon-300x300.jpg\" alt=\"pdf-file-logo-icon\" width=\"19\" height=\"19\" srcset=\"https:\/\/www.fc.up.pt\/giedif\/wp-content\/uploads\/2015\/08\/pdf-file-logo-icon-300x300.jpg 300w, https:\/\/www.fc.up.pt\/giedif\/wp-content\/uploads\/2015\/08\/pdf-file-logo-icon-150x150.jpg 150w, https:\/\/www.fc.up.pt\/giedif\/wp-content\/uploads\/2015\/08\/pdf-file-logo-icon.jpg 400w\" sizes=\"(max-width: 19px) 100vw, 19px\" \/><\/a><\/em><span style=\"color: #ff0000;\">PDF<\/span><\/p>\n<\/div>\n<div class=\"col-md-2\">\n<\/div>\n<\/div>\n<div class=\"row\">\n<div class=\"col-md-2\">\n<\/div>\n<div class=\"col-md-8\">\n<p>Adriano Sampaio e Sousa, P. Sime\u00e3o Carvalho, <strong>Lei do inverso do quadrado da dist\u00e2ncia: uma abordagem econ\u00f3mica usando o retroprojetor<\/strong>, <em>Gazeta de F\u00edsica<\/em>, 2014, <strong>37<\/strong> (1), 23-26.<em><a href=\"http:\/\/web.fc.up.pt\/giedif\/papers\/Lei do inverso_quadrado da distancia.pdf\" target=\"_blank\" rel=\"noopener noreferrer\"><img loading=\"lazy\" class=\"wp-image-71 alignnone\" src=\"http:\/\/web.fc.up.pt\/giedif\/wp-content\/uploads\/2015\/08\/pdf-file-logo-icon-300x300.jpg\" alt=\"pdf-file-logo-icon\" width=\"19\" height=\"19\" srcset=\"https:\/\/www.fc.up.pt\/giedif\/wp-content\/uploads\/2015\/08\/pdf-file-logo-icon-300x300.jpg 300w, https:\/\/www.fc.up.pt\/giedif\/wp-content\/uploads\/2015\/08\/pdf-file-logo-icon-150x150.jpg 150w, https:\/\/www.fc.up.pt\/giedif\/wp-content\/uploads\/2015\/08\/pdf-file-logo-icon.jpg 400w\" sizes=\"(max-width: 19px) 100vw, 19px\" \/><\/a><\/em><span style=\"color: #ff0000;\">PDF<\/span><\/p>\n<\/div>\n<div class=\"col-md-2\">\n<\/div>\n<\/div>\n<div class=\"row\">\n<div class=\"col-md-2\">\n<\/div>\n<div class=\"col-md-8\">\n<p><span style=\"color: #ff0000;\"><span style=\"color: #000000;\">Paulo Sime\u00e3o Carvalho, Adriano Sampaio e Sousa, <strong>Ilumina\u00e7\u00e3o, Tecnologia e Sociedade<\/strong>, Gazeta de F\u00edsica, 2016, 39, 45-48.<em><a style=\"color: #000000;\" href=\"http:\/\/web.fc.up.pt\/giedif\/papers\/GazFis_Iluminacao.pdf\" target=\"_blank\" rel=\"noopener noreferrer\"><img loading=\"lazy\" class=\"wp-image-71 alignnone\" src=\"http:\/\/web.fc.up.pt\/giedif\/wp-content\/uploads\/2015\/08\/pdf-file-logo-icon-300x300.jpg\" alt=\"pdf-file-logo-icon\" width=\"19\" height=\"19\" srcset=\"https:\/\/www.fc.up.pt\/giedif\/wp-content\/uploads\/2015\/08\/pdf-file-logo-icon-300x300.jpg 300w, https:\/\/www.fc.up.pt\/giedif\/wp-content\/uploads\/2015\/08\/pdf-file-logo-icon-150x150.jpg 150w, https:\/\/www.fc.up.pt\/giedif\/wp-content\/uploads\/2015\/08\/pdf-file-logo-icon.jpg 400w\" sizes=\"(max-width: 19px) 100vw, 19px\" \/><\/a><\/em><\/span>PDF<\/span><\/p>\n<\/div>\n<div class=\"col-md-2\">\n<\/div>\n<\/div>\n<div class=\"row\">\n<div class=\"col-md-2\">\n<\/div>\n<div class=\"col-md-8\">\n<p>Maria Jos\u00e9 Quintas, P. Sime\u00e3o Carvalho (2016).\u00a0<strong>Ensino interativo na abordagem da eletricidade numa escola portuguesa<\/strong>, Caderno Brasileiro de Ensino de F\u00edsica, 2016, 33(3).\u00a0<span style=\"color: #ff0000;\"><span style=\"color: #000000;\"><em><a style=\"color: #000000;\" href=\"http:\/\/web.fc.up.pt\/giedif\/papers\/CBEF_Ensino interativo na abordagem Eletricidade_publicado.pdf\" target=\"_blank\" rel=\"noopener noreferrer\"><img loading=\"lazy\" class=\"alignnone wp-image-71\" src=\"http:\/\/web.fc.up.pt\/giedif\/wp-content\/uploads\/2015\/08\/pdf-file-logo-icon-300x300.jpg\" alt=\"pdf-file-logo-icon\" width=\"19\" height=\"19\" srcset=\"https:\/\/www.fc.up.pt\/giedif\/wp-content\/uploads\/2015\/08\/pdf-file-logo-icon-300x300.jpg 300w, https:\/\/www.fc.up.pt\/giedif\/wp-content\/uploads\/2015\/08\/pdf-file-logo-icon-150x150.jpg 150w, https:\/\/www.fc.up.pt\/giedif\/wp-content\/uploads\/2015\/08\/pdf-file-logo-icon.jpg 400w\" sizes=\"(max-width: 19px) 100vw, 19px\" \/><\/a><\/em><\/span>PDF<\/span><\/p>\n<\/div>\n<div class=\"col-md-2\">\n<\/div>\n<\/div>\n<div class=\"row\">\n<div class=\"col-md-2\">\n<\/div>\n<div class=\"col-md-8\">\n<p>Vanessa da Silva Ferreira, Paulo Sime\u00e3o Carvalho\u00a0(2018)<i>.\u00a0<\/i><b>Um experimento simples para mostrar a conserva\u00e7\u00e3o do momento linear<\/b><i>, Revista do Professor de F\u00edsica, <\/i>2(1), 18-22<i>.\u00a0<span style=\"color: #ff0000;\"><span style=\"color: #000000;\"><em><a style=\"color: #000000;\" href=\"http:\/\/web.fc.up.pt\/giedif\/papers\/RPF_conservacao_momento_linear_published.pdf\" target=\"_blank\" rel=\"noopener noreferrer\"><img loading=\"lazy\" class=\"alignnone wp-image-71\" src=\"http:\/\/web.fc.up.pt\/giedif\/wp-content\/uploads\/2015\/08\/pdf-file-logo-icon-300x300.jpg\" alt=\"pdf-file-logo-icon\" width=\"19\" height=\"19\" srcset=\"https:\/\/www.fc.up.pt\/giedif\/wp-content\/uploads\/2015\/08\/pdf-file-logo-icon-300x300.jpg 300w, https:\/\/www.fc.up.pt\/giedif\/wp-content\/uploads\/2015\/08\/pdf-file-logo-icon-150x150.jpg 150w, https:\/\/www.fc.up.pt\/giedif\/wp-content\/uploads\/2015\/08\/pdf-file-logo-icon.jpg 400w\" sizes=\"(max-width: 19px) 100vw, 19px\" \/><\/a><\/em><\/span>PDF<\/span><\/i><\/p>\n<\/div>\n<div class=\"col-md-2\">\n<\/div>\n<\/div>\n<div class=\"row\">\n<div class=\"col-md-2\">\n<\/div>\n<div class=\"col-md-8\">\n<p>Frederico Alan de Oliveira Cruz, Paulo Sime\u00e3o Carvalho (2018)<i>.<\/i><b>Reflex\u00f5es sobre o Ensino e Aprendizagem de F\u00edsica a partir da realidade do Rio de Janeiro<\/b><i>, Quaestio \u2013 Revista de Estudos em Educa\u00e7\u00e3o, <\/i>20 (3), 739-759. (DOI: http:\/\/dx.doi.org\/10.22483\/2177-5796.2018v20n3p739-759)<i>.\u00a0<span style=\"color: #ff0000;\"><span style=\"color: #000000;\"><em><a style=\"color: #000000;\" href=\"https:\/\/www.researchgate.net\/publication\/329855676_Reflexoes_sobre_aprendizagem_e_ensino_de_fisica_a_partir_da_realidade_do_Rio_de_Janeiro\" target=\"_blank\" rel=\"noopener noreferrer\"><img loading=\"lazy\" class=\"alignnone wp-image-71\" src=\"http:\/\/web.fc.up.pt\/giedif\/wp-content\/uploads\/2015\/08\/pdf-file-logo-icon-300x300.jpg\" alt=\"pdf-file-logo-icon\" width=\"19\" height=\"19\" srcset=\"https:\/\/www.fc.up.pt\/giedif\/wp-content\/uploads\/2015\/08\/pdf-file-logo-icon-300x300.jpg 300w, https:\/\/www.fc.up.pt\/giedif\/wp-content\/uploads\/2015\/08\/pdf-file-logo-icon-150x150.jpg 150w, https:\/\/www.fc.up.pt\/giedif\/wp-content\/uploads\/2015\/08\/pdf-file-logo-icon.jpg 400w\" sizes=\"(max-width: 19px) 100vw, 19px\" \/><\/a><\/em><\/span>PDF<\/span><\/i><\/p>\n<\/div>\n<div class=\"col-md-2\">\n<\/div>\n<\/div>\n<div class=\"row\">\n<div class=\"col-md-2\">\n<\/div>\n<div class=\"col-md-8\">\n<p><span lang=\"PT-BR\">Marco Adriano Dias, Deise Miranda Vianna, Paulo Sime\u00e3o Carvalho (2018). <\/span><b>A queda dos corpos para al\u00e9m do que se v\u00ea: contribui\u00e7\u00f5es das Imagens Estrobosc\u00f3picas e da Videoan\u00e1lise para a Alfabetiza\u00e7\u00e3o Cient\u00edfica<\/b>, <em>Ensaio-Pesquisa em Educa\u00e7\u00e3o em Ci\u00eancias<\/em>, 20:e2947 (DOI: http:\/\/dx.doi.org\/10.1590\/1983-211720182001021)<i>.\u00a0<span style=\"color: #ff0000;\"><span style=\"color: #000000;\"><em><a style=\"color: #000000;\" href=\"https:\/\/www.researchgate.net\/publication\/328094702_FALLING_BODIES_FURTHER_THAN_THE_EYES_CAN_SEE_CONTRIBUTIONS_OF_STROBE_IMAGES_AND_VIDEO_ANALYSIS_FOR_SCIENTIFIC_LITERACY\" target=\"_blank\" rel=\"noopener noreferrer\"><img loading=\"lazy\" class=\"alignnone wp-image-71\" src=\"http:\/\/web.fc.up.pt\/giedif\/wp-content\/uploads\/2015\/08\/pdf-file-logo-icon-300x300.jpg\" alt=\"pdf-file-logo-icon\" width=\"19\" height=\"19\" srcset=\"https:\/\/www.fc.up.pt\/giedif\/wp-content\/uploads\/2015\/08\/pdf-file-logo-icon-300x300.jpg 300w, https:\/\/www.fc.up.pt\/giedif\/wp-content\/uploads\/2015\/08\/pdf-file-logo-icon-150x150.jpg 150w, https:\/\/www.fc.up.pt\/giedif\/wp-content\/uploads\/2015\/08\/pdf-file-logo-icon.jpg 400w\" sizes=\"(max-width: 19px) 100vw, 19px\" \/><\/a><\/em><\/span>PDF<\/span><\/i><\/p>\n<\/div>\n<div class=\"col-md-2\">\n<\/div>\n<\/div>\n<div class=\"row\">\n<div class=\"col-md-2\">\n<\/div>\n<div class=\"col-md-8\">\n<p><span lang=\"PT-BR\">Paulo Sime\u00e3o Carvalho, Marcelo Dumas Hahn (2018). <b>Identifica\u00e7\u00e3o de concep\u00e7\u00f5es err\u00f4neas em mec\u00e2nica atrav\u00e9s de Atividades Experimentais Baseadas em V\u00eddeo (AEBV)<\/b>. <em>Revista Pesquisa e Debate em Educa\u00e7\u00e3o<\/em>, 8(2), 399-421<\/span><i>.\u00a0<span style=\"color: #ff0000;\"><span style=\"color: #000000;\"><em><a style=\"color: #000000;\" href=\"https:\/\/www.google.com\/url?sa=t&amp;rct=j&amp;q=&amp;esrc=s&amp;source=web&amp;cd=1&amp;ved=2ahUKEwj99azHlPjjAhV58OAKHXkbAzUQFjAAegQIABAC&amp;url=http%3A%2F%2Fwww.revistappgp.caedufjf.net%2Findex.php%2Frevista1%2Farticle%2Fdownload%2F250%2F164&amp;usg=AOvVaw3iKz80Q9bsBsLBy0ruvV-l\" target=\"_blank\" rel=\"noopener noreferrer\"><img loading=\"lazy\" class=\"alignnone wp-image-71\" src=\"http:\/\/web.fc.up.pt\/giedif\/wp-content\/uploads\/2015\/08\/pdf-file-logo-icon-300x300.jpg\" alt=\"pdf-file-logo-icon\" width=\"19\" height=\"19\" srcset=\"https:\/\/www.fc.up.pt\/giedif\/wp-content\/uploads\/2015\/08\/pdf-file-logo-icon-300x300.jpg 300w, https:\/\/www.fc.up.pt\/giedif\/wp-content\/uploads\/2015\/08\/pdf-file-logo-icon-150x150.jpg 150w, https:\/\/www.fc.up.pt\/giedif\/wp-content\/uploads\/2015\/08\/pdf-file-logo-icon.jpg 400w\" sizes=\"(max-width: 19px) 100vw, 19px\" \/><\/a><\/em><\/span>PDF<\/span><\/i><\/p>\n<\/div>\n<div class=\"col-md-2\">\n<\/div>\n<\/div>\n<div class=\"row\">\n<div class=\"col-md-2\">\n<\/div>\n<div class=\"col-md-8\">\n<p>Angela Maria dos Santos, Paulo Sime\u00e3o Carvalho, Janeide Lima Alecrim (2019). <b>O Ensino de F\u00edsica para Jovens com Defici\u00eancia Intelectual: Uma Proposta para Facilitar a Inclus\u00e3o na Escola Regular<\/b><i>, Revista Educa\u00e7\u00e3o Especial,<\/i> 32, e19<i>. <\/i>(DOI: 10.5902\/1984686X27590)<i>.\u00a0<span style=\"color: #ff0000;\"><span style=\"color: #000000;\"><em><a style=\"color: #000000;\" href=\"https:\/\/periodicos.ufsm.br\/educacaoespecial\/article\/view\/27590\" target=\"_blank\" rel=\"noopener noreferrer\"><img loading=\"lazy\" class=\"alignnone wp-image-71\" src=\"http:\/\/web.fc.up.pt\/giedif\/wp-content\/uploads\/2015\/08\/pdf-file-logo-icon-300x300.jpg\" alt=\"pdf-file-logo-icon\" width=\"19\" height=\"19\" srcset=\"https:\/\/www.fc.up.pt\/giedif\/wp-content\/uploads\/2015\/08\/pdf-file-logo-icon-300x300.jpg 300w, https:\/\/www.fc.up.pt\/giedif\/wp-content\/uploads\/2015\/08\/pdf-file-logo-icon-150x150.jpg 150w, https:\/\/www.fc.up.pt\/giedif\/wp-content\/uploads\/2015\/08\/pdf-file-logo-icon.jpg 400w\" sizes=\"(max-width: 19px) 100vw, 19px\" \/><\/a><\/em><\/span>PDF<\/span><\/i><\/p>\n<\/div>\n<div class=\"col-md-2\">\n<\/div>\n<\/div>\n<div class=\"row\">\n<div class=\"col-md-2\">\n<\/div>\n<div class=\"col-md-8\">\n<p>Barbosa-Lima, M.C., Cruz, F.A.O., Monteiro, A.F.B., Carvalho, P.S. (2019). <b>LA IMAGINACI\u00d3N ES M\u00c1S IMPORTANTE QUE EL CONOCIMIENTO<\/b>,<i> Revista Paradigma<\/i>, 40(1), 231-245<i>.\u00a0<span style=\"color: #ff0000;\"><span style=\"color: #000000;\"><em><a style=\"color: #000000;\" href=\"https:\/\/www.researchgate.net\/publication\/335060628_LA_IMAGINACION_ES_MAS_IMPORTANTE_QUE_EL_CONOCIMIENTO_Reflexiones_sobre_Ensenanza_de_la_Fisica_a_Personas_con_Deficiencia_Visual\" target=\"_blank\" rel=\"noopener noreferrer\"><img loading=\"lazy\" class=\"alignnone wp-image-71\" src=\"http:\/\/web.fc.up.pt\/giedif\/wp-content\/uploads\/2015\/08\/pdf-file-logo-icon-300x300.jpg\" alt=\"pdf-file-logo-icon\" width=\"19\" height=\"19\" srcset=\"https:\/\/www.fc.up.pt\/giedif\/wp-content\/uploads\/2015\/08\/pdf-file-logo-icon-300x300.jpg 300w, https:\/\/www.fc.up.pt\/giedif\/wp-content\/uploads\/2015\/08\/pdf-file-logo-icon-150x150.jpg 150w, https:\/\/www.fc.up.pt\/giedif\/wp-content\/uploads\/2015\/08\/pdf-file-logo-icon.jpg 400w\" sizes=\"(max-width: 19px) 100vw, 19px\" \/><\/a><\/em><\/span>PDF<\/span><\/i><\/p>\n<\/div>\n<div class=\"col-md-2\">\n<\/div>\n<\/div>\n<div class=\"row\">\n<div class=\"col-md-2\">\n<\/div>\n<div class=\"col-md-8\">\n<p>Andr\u00e9 Lu\u00eds Parreira, Paulo Sime\u00e3o Carvalho (2020). <strong>KCT: relevante teste conceitual para apoiar a pesquisa sobre o ensino e aprendizagem da Cinem\u00e1tica<\/strong><em>. Revista do Professor de F\u00edsica,<\/em> 4(3), 98-109<em>. <\/em>(https:\/\/periodicos.unb.br\/index.php\/rpf\/article\/view\/34147).<em><a href=\"http:\/\/web.fc.up.pt\/giedif\/papers\/ped_bottle_preview.pdf\" target=\"_blank\" rel=\"noopener noreferrer\">\u00a0<\/a><a href=\"https:\/\/www.researchgate.net\/publication\/330495899_Determining_the_Speed_of_Sound_as_a_Function_of_Temperature_Using_Arduino\" target=\"_blank\" rel=\"noopener noreferrer\"><img loading=\"lazy\" class=\"alignnone wp-image-71\" src=\"http:\/\/web.fc.up.pt\/giedif\/wp-content\/uploads\/2015\/08\/pdf-file-logo-icon-300x300.jpg\" alt=\"pdf-file-logo-icon\" width=\"19\" height=\"19\" srcset=\"https:\/\/www.fc.up.pt\/giedif\/wp-content\/uploads\/2015\/08\/pdf-file-logo-icon-300x300.jpg 300w, https:\/\/www.fc.up.pt\/giedif\/wp-content\/uploads\/2015\/08\/pdf-file-logo-icon-150x150.jpg 150w, https:\/\/www.fc.up.pt\/giedif\/wp-content\/uploads\/2015\/08\/pdf-file-logo-icon.jpg 400w\" sizes=\"(max-width: 19px) 100vw, 19px\" \/><\/a><a href=\"http:\/\/web.fc.up.pt\/giedif\/papers\/Artigo_KCT_publicado.pdf\" target=\"_blank\" rel=\"noopener noreferrer\">\u00a0<span style=\"color: #ff0000;\">PDF<\/span><\/a><\/em><\/p>\n<\/div>\n<div class=\"col-md-2\">\n<\/div>\n<\/div>\n","protected":false},"excerpt":{"rendered":"","protected":false},"author":1,"featured_media":0,"parent":0,"menu_order":0,"comment_status":"closed","ping_status":"closed","template":"","meta":{"kt_blocks_editor_width":""},"_links":{"self":[{"href":"https:\/\/www.fc.up.pt\/giedif\/wp-json\/wp\/v2\/pages\/4"}],"collection":[{"href":"https:\/\/www.fc.up.pt\/giedif\/wp-json\/wp\/v2\/pages"}],"about":[{"href":"https:\/\/www.fc.up.pt\/giedif\/wp-json\/wp\/v2\/types\/page"}],"author":[{"embeddable":true,"href":"https:\/\/www.fc.up.pt\/giedif\/wp-json\/wp\/v2\/users\/1"}],"replies":[{"embeddable":true,"href":"https:\/\/www.fc.up.pt\/giedif\/wp-json\/wp\/v2\/comments?post=4"}],"version-history":[{"count":57,"href":"https:\/\/www.fc.up.pt\/giedif\/wp-json\/wp\/v2\/pages\/4\/revisions"}],"predecessor-version":[{"id":709,"href":"https:\/\/www.fc.up.pt\/giedif\/wp-json\/wp\/v2\/pages\/4\/revisions\/709"}],"wp:attachment":[{"href":"https:\/\/www.fc.up.pt\/giedif\/wp-json\/wp\/v2\/media?parent=4"}],"curies":[{"name":"wp","href":"https:\/\/api.w.org\/{rel}","templated":true}]}}