{"id":399,"date":"2017-08-20T14:15:24","date_gmt":"2017-08-20T13:15:24","guid":{"rendered":"http:\/\/web.fc.up.pt\/giedif\/?page_id=399"},"modified":"2017-08-20T16:48:04","modified_gmt":"2017-08-20T15:48:04","slug":"ciencia-para-todos","status":"publish","type":"page","link":"https:\/\/www.fc.up.pt\/giedif\/ciencia-para-todos\/","title":{"rendered":"Gelados de Ci\u00eancia"},"content":{"rendered":"<h3><strong><span style=\"color: #ff6600;\">Gelados de Ci\u00eancia<\/span><\/strong><\/h3>\n<div class=\"row\">\n<div class=\"col-md-3\">\n<\/div>\n<div class=\"col-md-5\">\n<h5><strong>Breve descri\u00e7\u00e3o<\/strong><\/h5>\n<p>A ideia \u00e9 o p\u00fablico escolher o \u201cgelado de ci\u00eancia\u201d que mais lhe agrada. Em vez de gelados, encontra conceitos cient\u00edficos que explora atrav\u00e9s de experi\u00eancias did\u00e1ticas simples.<\/p>\n<p>Cada atividade dura alguns breves minutos. O p\u00fablico apenas contribui com o tempo que disp\u00f5e para participar nas experi\u00eancias.<\/p>\n<\/div>\n<div class=\"col-md-4\">\n<p><a href=\"http:\/\/web.fc.up.pt\/giedif\/wp-content\/uploads\/2017\/08\/bike_2017.jpg\"><img loading=\"lazy\" class=\"alignnone wp-image-406\" src=\"http:\/\/web.fc.up.pt\/giedif\/wp-content\/uploads\/2017\/08\/bike_2017-300x225.jpg\" alt=\"\" width=\"271\" height=\"203\" srcset=\"https:\/\/www.fc.up.pt\/giedif\/wp-content\/uploads\/2017\/08\/bike_2017-300x225.jpg 300w, https:\/\/www.fc.up.pt\/giedif\/wp-content\/uploads\/2017\/08\/bike_2017-768x576.jpg 768w, https:\/\/www.fc.up.pt\/giedif\/wp-content\/uploads\/2017\/08\/bike_2017-1024x768.jpg 1024w\" sizes=\"(max-width: 271px) 100vw, 271px\" \/><\/a><\/p>\n<\/div>\n<\/div>\n<div class=\"row\">\n<div class=\"col-md-3\">\n<h4><span style=\"color: #0000ff;\"><strong>Ci\u00eancia vai \u00e0 Praia<\/strong><\/span><\/h4>\n<\/div>\n<div class=\"col-md-5\">\n<p>A ci\u00eancia vai ao encontro do p\u00fablico pelas ruas de Espinho! Durante o ver\u00e3o h\u00e1 dias de sol, mar, praia, altas temperaturas e muita ci\u00eancia para explorar. Aqui o p\u00fablico faz praia com a ci\u00eancia, com a tecnologia e com a Hist\u00f3ria da Ci\u00eancia. Os \u201cGelados de Ci\u00eancia\u201d no formato &#8220;Ci\u00eancia vai \u00e0 Praia&#8221; decorrem na \u00e9poca de ver\u00e3o.<\/p>\n<p>Participa\u00e7\u00e3o <strong>gratuita<\/strong>.<\/p>\n<\/div>\n<div class=\"col-md-4\">\n<p><a href=\"http:\/\/web.fc.up.pt\/giedif\/wp-content\/uploads\/2017\/08\/Espinho1_2017.jpg\"><img loading=\"lazy\" class=\"alignnone wp-image-405\" src=\"http:\/\/web.fc.up.pt\/giedif\/wp-content\/uploads\/2017\/08\/Espinho1_2017-300x225.jpg\" alt=\"\" width=\"272\" height=\"204\" srcset=\"https:\/\/www.fc.up.pt\/giedif\/wp-content\/uploads\/2017\/08\/Espinho1_2017-300x225.jpg 300w, https:\/\/www.fc.up.pt\/giedif\/wp-content\/uploads\/2017\/08\/Espinho1_2017-768x576.jpg 768w, https:\/\/www.fc.up.pt\/giedif\/wp-content\/uploads\/2017\/08\/Espinho1_2017-1024x768.jpg 1024w\" sizes=\"(max-width: 272px) 100vw, 272px\" \/><\/a><\/p>\n<\/div>\n<\/div>\n<div class=\"row\">\n<div class=\"col-md-3\">\n<h4><span style=\"color: #0000ff;\"><strong>Ci\u00eancia em A\u00e7\u00e3o<\/strong><\/span><\/h4>\n<\/div>\n<div class=\"col-md-5\">\n<p>Os diferentes dom\u00ednios tem\u00e1ticos dos \u201cGelados de Ci\u00eancia\u201d permitem que o p\u00fablico viaje pelo mundo da eletricidade e do\u00a0magnetismo, da mec\u00e2nica e da energia, mas tamb\u00e9m pelos fluidos, luz, cor, ilus\u00f5es de \u00f3tica e som e descobrir onde a ci\u00eancia se esconde atrav\u00e9s da observa\u00e7\u00e3o e da experimenta\u00e7\u00e3o. Os \u201cGelados de Ci\u00eancia\u201d no formato &#8220;Ci\u00eancia em A\u00e7\u00e3o&#8221; decorrem no Centro Multimeios de Espinho ao longo do ano escolar 2016\/2017. A inscri\u00e7\u00e3o\/reserva \u00e9 obrigat\u00f3ria para o p\u00fablico, que previamente escolhe o dom\u00ednio tem\u00e1tico que pretende explorar.<\/p>\n<\/div>\n<div class=\"col-md-4\">\n<p><a href=\"http:\/\/web.fc.up.pt\/giedif\/wp-content\/uploads\/2017\/08\/bike2_2017.jpg\"><img loading=\"lazy\" class=\"alignnone wp-image-404\" src=\"http:\/\/web.fc.up.pt\/giedif\/wp-content\/uploads\/2017\/08\/bike2_2017-300x225.jpg\" alt=\"\" width=\"275\" height=\"206\" srcset=\"https:\/\/www.fc.up.pt\/giedif\/wp-content\/uploads\/2017\/08\/bike2_2017-300x225.jpg 300w, https:\/\/www.fc.up.pt\/giedif\/wp-content\/uploads\/2017\/08\/bike2_2017-768x576.jpg 768w, https:\/\/www.fc.up.pt\/giedif\/wp-content\/uploads\/2017\/08\/bike2_2017-1024x768.jpg 1024w\" sizes=\"(max-width: 275px) 100vw, 275px\" \/><\/a><\/p>\n<\/div>\n<\/div>\n<p>Tem\u00e1ticas dispon\u00edveis:<\/p>\n<h5><span style=\"color: #000000;\"><a href=\"http:\/\/cienciaparatodos.pt\/temas-e-conteudos\/eletricidade-e-magnetismo\">Eletricidade e Magnetismo<\/a><\/span><\/h5>\n<h5><span style=\"color: #000000;\"><a href=\"http:\/\/cienciaparatodos.pt\/temas-e-conteudos\/pressao-e-tensao-superficial\">Press\u00e3o e Tens\u00e3o Superficial<\/a><\/span><\/h5>\n<h5><span style=\"color: #000000;\"><a href=\"http:\/\/cienciaparatodos.pt\/temas-e-conteudos\/mecanica-e-energia\">Mec\u00e2nica e Energia<\/a><\/span><\/h5>\n<h5><span style=\"color: #000000;\"><a href=\"http:\/\/cienciaparatodos.pt\/temas-e-conteudos\/luz-cor-e-ilusoes-de-otica\">Luz, Cor e Ilus\u00f5es de \u00d3tica<\/a><\/span><\/h5>\n<h5><span style=\"color: #000000;\"><a href=\"http:\/\/cienciaparatodos.pt\/temas-e-conteudos\/som\">Som<\/a><\/span><\/h5>\n<p>&nbsp;<\/p>\n<p>Informa\u00e7\u00e3o detalhada sobre os Gelados de Ci\u00eancias no endere\u00e7o:<\/p>\n<p><a href=\"http:\/\/cienciaparatodos.pt\/atividades\/sessoes-de-divulgacao-com-gelados-de-ciencia\">http:\/\/cienciaparatodos.pt\/atividades\/sessoes-de-divulgacao-com-gelados-de-ciencia<\/a><\/p>\n<p>&nbsp;<\/p>\n<p>&nbsp;<\/p>\n","protected":false},"excerpt":{"rendered":"<p>Gelados de Ci\u00eancia Tem\u00e1ticas dispon\u00edveis: Eletricidade e Magnetismo Press\u00e3o e Tens\u00e3o Superficial Mec\u00e2nica e Energia Luz, Cor e Ilus\u00f5es de \u00d3tica Som &nbsp; Informa\u00e7\u00e3o detalhada sobre os Gelados de Ci\u00eancias no endere\u00e7o: http:\/\/cienciaparatodos.pt\/atividades\/sessoes-de-divulgacao-com-gelados-de-ciencia &nbsp; &nbsp;<\/p>\n","protected":false},"author":1,"featured_media":0,"parent":0,"menu_order":0,"comment_status":"closed","ping_status":"closed","template":"","meta":{"kt_blocks_editor_width":""},"_links":{"self":[{"href":"https:\/\/www.fc.up.pt\/giedif\/wp-json\/wp\/v2\/pages\/399"}],"collection":[{"href":"https:\/\/www.fc.up.pt\/giedif\/wp-json\/wp\/v2\/pages"}],"about":[{"href":"https:\/\/www.fc.up.pt\/giedif\/wp-json\/wp\/v2\/types\/page"}],"author":[{"embeddable":true,"href":"https:\/\/www.fc.up.pt\/giedif\/wp-json\/wp\/v2\/users\/1"}],"replies":[{"embeddable":true,"href":"https:\/\/www.fc.up.pt\/giedif\/wp-json\/wp\/v2\/comments?post=399"}],"version-history":[{"count":10,"href":"https:\/\/www.fc.up.pt\/giedif\/wp-json\/wp\/v2\/pages\/399\/revisions"}],"predecessor-version":[{"id":432,"href":"https:\/\/www.fc.up.pt\/giedif\/wp-json\/wp\/v2\/pages\/399\/revisions\/432"}],"wp:attachment":[{"href":"https:\/\/www.fc.up.pt\/giedif\/wp-json\/wp\/v2\/media?parent=399"}],"curies":[{"name":"wp","href":"https:\/\/api.w.org\/{rel}","templated":true}]}}