{"id":367,"date":"2017-05-12T23:43:14","date_gmt":"2017-05-12T22:43:14","guid":{"rendered":"http:\/\/web.fc.up.pt\/giedif\/?page_id=367"},"modified":"2024-01-02T18:05:36","modified_gmt":"2024-01-02T17:05:36","slug":"termodinamica","status":"publish","type":"page","link":"https:\/\/www.fc.up.pt\/giedif\/termodinamica\/","title":{"rendered":"Termodin\u00e2mica"},"content":{"rendered":"<h3><span style=\"color: #0000ff;\"><strong>Termodin\u00e2mica<\/strong><\/span><\/h3>\n<div class=\"row\">\n<div class=\"col-md-3\">\n<h5 style=\"text-align: center;\"><span style=\"color: #ff6600;\"><strong>Capacidade T\u00e9rmica M\u00e1ssica e Entalpia de Fus\u00e3o<\/strong><\/span><\/h5>\n<p style=\"text-align: center;\"><strong>Vers\u00e3o PT<\/strong><\/p>\n<p><a href=\"https:\/\/www.fc.up.pt\/giedif\/simulations\/AEV_Capacidade termica massica_e_Entalpia fusao_v2.jar\" target=\"_blank\" rel=\"noopener noreferrer\" data-wplink-url-error=\"true\"><img loading=\"lazy\" class=\"wp-image-675 aligncenter\" src=\"https:\/\/www.fc.up.pt\/giedif\/wp-content\/uploads\/2020\/09\/logo_simulacao-300x284.png\" alt=\"\" width=\"190\" height=\"180\" srcset=\"https:\/\/www.fc.up.pt\/giedif\/wp-content\/uploads\/2020\/09\/logo_simulacao-300x284.png 300w, https:\/\/www.fc.up.pt\/giedif\/wp-content\/uploads\/2020\/09\/logo_simulacao.png 604w\" sizes=\"(max-width: 190px) 100vw, 190px\" \/><\/a><\/p>\n<\/div>\n<div class=\"col-md-3\">\n<div class=\"row\"><\/div>\n<div class=\"col-md-3\"><\/div>\n<h5 style=\"text-align: center;\"><span style=\"color: #ff6600;\"><strong>Determina\u00e7\u00e3o da Capacidade T\u00e9rmica M\u00e1ssica de um material<\/strong><\/span><\/h5>\n<p style=\"text-align: center;\"><strong>Vers\u00e3o PT<\/strong><a href=\"https:\/\/www.fc.up.pt\/giedif\/simulations\/AEV_Capacidade termica massica_e_Entalpia fusao_v2.jar\" target=\"_blank\" rel=\"noopener noreferrer\" data-wplink-url-error=\"true\"><br \/>\n<\/a><a href=\"https:\/\/www.fc.up.pt\/giedif\/simulations\/AEV_Det_Cap_Term_Massica_v2.jar\" target=\"_blank\" rel=\"noopener noreferrer\"><img loading=\"lazy\" class=\"wp-image-678 aligncenter\" src=\"https:\/\/www.fc.up.pt\/giedif\/wp-content\/uploads\/2020\/09\/capa-1-300x271.png\" alt=\"\" width=\"200\" height=\"180\" srcset=\"https:\/\/www.fc.up.pt\/giedif\/wp-content\/uploads\/2020\/09\/capa-1-300x271.png 300w, https:\/\/www.fc.up.pt\/giedif\/wp-content\/uploads\/2020\/09\/capa-1-1024x923.png 1024w, https:\/\/www.fc.up.pt\/giedif\/wp-content\/uploads\/2020\/09\/capa-1-768x693.png 768w, https:\/\/www.fc.up.pt\/giedif\/wp-content\/uploads\/2020\/09\/capa-1.png 1160w\" sizes=\"(max-width: 200px) 100vw, 200px\" \/><\/a><\/p>\n<\/div>\n<div class=\"col-md-3\">\n<div class=\"row\"><\/div>\n<div class=\"col-md-3\"><\/div>\n<h5 style=\"text-align: center;\"><span style=\"color: #ff6600;\"><strong>Capacidade T\u00e9rmica M\u00e1ssica de materiais<\/strong><\/span><\/h5>\n<h5 style=\"text-align: center;\"><span style=\"color: #ff6600;\"><strong>AL3.2<\/strong><\/span><\/h5>\n<p style=\"text-align: center;\"><strong>Vers\u00f5es PT e EN<\/strong><\/p>\n<p style=\"text-align: center;\">\n<p style=\"text-align: center;\"><a href=\"https:\/\/www.fc.up.pt\/giedif\/simulations\/Specific Heat Capcity_PT_EN.jar\" data-wplink-url-error=\"true\"><img loading=\"lazy\" class=\"alignnone  wp-image-820\" src=\"https:\/\/www.fc.up.pt\/giedif\/wp-content\/uploads\/2024\/01\/AL3.2-300x98.png\" alt=\"\" width=\"358\" height=\"117\" srcset=\"https:\/\/www.fc.up.pt\/giedif\/wp-content\/uploads\/2024\/01\/AL3.2-300x98.png 300w, https:\/\/www.fc.up.pt\/giedif\/wp-content\/uploads\/2024\/01\/AL3.2-768x251.png 768w, https:\/\/www.fc.up.pt\/giedif\/wp-content\/uploads\/2024\/01\/AL3.2.png 932w\" sizes=\"(max-width: 358px) 100vw, 358px\" \/><\/a><\/p>\n<\/div>\n<div class=\"col-md-3\">\n<div class=\"row\"><\/div>\n<div class=\"col-md-3\"><\/div>\n<\/div>\n<div class=\"col-md-3\">\n<div class=\"row\"><\/div>\n<div class=\"col-md-3\"><\/div>\n<\/div>\n<\/div>\n","protected":false},"excerpt":{"rendered":"<p>Termodin\u00e2mica<\/p>\n","protected":false},"author":1,"featured_media":0,"parent":0,"menu_order":0,"comment_status":"closed","ping_status":"closed","template":"","meta":{"kt_blocks_editor_width":""},"_links":{"self":[{"href":"https:\/\/www.fc.up.pt\/giedif\/wp-json\/wp\/v2\/pages\/367"}],"collection":[{"href":"https:\/\/www.fc.up.pt\/giedif\/wp-json\/wp\/v2\/pages"}],"about":[{"href":"https:\/\/www.fc.up.pt\/giedif\/wp-json\/wp\/v2\/types\/page"}],"author":[{"embeddable":true,"href":"https:\/\/www.fc.up.pt\/giedif\/wp-json\/wp\/v2\/users\/1"}],"replies":[{"embeddable":true,"href":"https:\/\/www.fc.up.pt\/giedif\/wp-json\/wp\/v2\/comments?post=367"}],"version-history":[{"count":20,"href":"https:\/\/www.fc.up.pt\/giedif\/wp-json\/wp\/v2\/pages\/367\/revisions"}],"predecessor-version":[{"id":825,"href":"https:\/\/www.fc.up.pt\/giedif\/wp-json\/wp\/v2\/pages\/367\/revisions\/825"}],"wp:attachment":[{"href":"https:\/\/www.fc.up.pt\/giedif\/wp-json\/wp\/v2\/media?parent=367"}],"curies":[{"name":"wp","href":"https:\/\/api.w.org\/{rel}","templated":true}]}}