{"id":310,"date":"2016-04-24T20:15:03","date_gmt":"2016-04-24T19:15:03","guid":{"rendered":"http:\/\/web.fc.up.pt\/giedif\/?page_id=310"},"modified":"2016-04-24T20:15:03","modified_gmt":"2016-04-24T19:15:03","slug":"materiais","status":"publish","type":"page","link":"https:\/\/www.fc.up.pt\/giedif\/materiais\/","title":{"rendered":"Materiais"},"content":{"rendered":"<h3><strong><span style=\"color: #ff9900;\">Materiais<\/span><\/strong><\/h3>\n<div class=\"row\">\n<div class=\"col-md-3\">\n<h4><span style=\"color: #3366ff;\">Nitinol<\/span><\/h4>\n<\/div>\n<div class=\"col-md-5\">\n<p>O Nitinol \u00e9 uma liga met\u00e1lica de N\u00edquel e Tit\u00e2nio, de aproximadamente na mesma propor\u00e7\u00e3o de cada um. Este material tem propriedades singulares de &#8220;mem\u00f3ria&#8221;. Quando deformado a baixa temperatura e depois aquecido acima da temperatura de transforma\u00e7\u00e3o (tamb\u00e9m denominada temperatura de transforma\u00e7\u00e3o martens\u00edtica), o Nitinol recupera a forma original de alta temperatura. Esta propriedade poder\u00e1 ter grande aplica\u00e7\u00e3o tecnol\u00f3gica em situa\u00e7\u00f5es em que a reversibilidade da forma seja necess\u00e1ria. Quem sabe os futuros para-choques dos carros ser\u00e3o constru\u00eddos com Nitinol?\u00a0O v\u00eddeo teve o patroc\u00ednio do Ci\u00eancia Viva ao abrigo do Concurso Escolher Ci\u00eancia, Projeto \u201cF\u00edsica Itinerante: divulga\u00e7\u00e3o low cost\u201d, PEC 259.<\/p>\n<\/div>\n<div class=\"col-md-4\">\n<div class=\"kad-youtube-shortcode videofit\"  ><iframe width=\"600\" height=\"400\" src=\"\/\/www.youtube.com\/embed\/gbtD9IP2STw?autoplay=0&amp;controls=1&amp;fs=1&amp;modestbranding=0&amp;theme=dark&amp;rel=0&amp;loop=0\" frameborder=\"0\" allowfullscreen=\"true\"><\/iframe><\/div>\n<\/div>\n<\/div>\n","protected":false},"excerpt":{"rendered":"<p>Materiais<\/p>\n","protected":false},"author":1,"featured_media":0,"parent":0,"menu_order":0,"comment_status":"closed","ping_status":"closed","template":"","meta":{"kt_blocks_editor_width":""},"_links":{"self":[{"href":"https:\/\/www.fc.up.pt\/giedif\/wp-json\/wp\/v2\/pages\/310"}],"collection":[{"href":"https:\/\/www.fc.up.pt\/giedif\/wp-json\/wp\/v2\/pages"}],"about":[{"href":"https:\/\/www.fc.up.pt\/giedif\/wp-json\/wp\/v2\/types\/page"}],"author":[{"embeddable":true,"href":"https:\/\/www.fc.up.pt\/giedif\/wp-json\/wp\/v2\/users\/1"}],"replies":[{"embeddable":true,"href":"https:\/\/www.fc.up.pt\/giedif\/wp-json\/wp\/v2\/comments?post=310"}],"version-history":[{"count":1,"href":"https:\/\/www.fc.up.pt\/giedif\/wp-json\/wp\/v2\/pages\/310\/revisions"}],"predecessor-version":[{"id":312,"href":"https:\/\/www.fc.up.pt\/giedif\/wp-json\/wp\/v2\/pages\/310\/revisions\/312"}],"wp:attachment":[{"href":"https:\/\/www.fc.up.pt\/giedif\/wp-json\/wp\/v2\/media?parent=310"}],"curies":[{"name":"wp","href":"https:\/\/api.w.org\/{rel}","templated":true}]}}