{"id":235,"date":"2015-09-19T19:35:04","date_gmt":"2015-09-19T18:35:04","guid":{"rendered":"http:\/\/web.fc.up.pt\/giedif\/?page_id=235"},"modified":"2015-10-18T23:35:19","modified_gmt":"2015-10-18T22:35:19","slug":"energia","status":"publish","type":"page","link":"https:\/\/www.fc.up.pt\/giedif\/energia\/","title":{"rendered":"Energia"},"content":{"rendered":"<h3><strong><span style=\"color: #ff9900;\">Energia<\/span><\/strong><\/h3>\n<div class=\"row\">\n<div class=\"col-md-3\">\n<h4><span style=\"color: #3366ff;\">Ber\u00e7o de Newton<\/span><\/h4>\n<\/div>\n<div class=\"col-md-5\">\n<p>O ber\u00e7o de Newton \u00e9 um brinquedo cient\u00edfico com muito potencial did\u00e1tico. Permite estudar a conserva\u00e7\u00e3o da energia cin\u00e9tica e do momento linear nas colis\u00f5es. O v\u00eddeo teve o patroc\u00ednio do Ci\u00eancia Viva ao abrigo do Concurso Escolher Ci\u00eancia, Projeto &#8220;F\u00edsica Itinerante: divulga\u00e7\u00e3o low cost&#8221;, PEC 259.<\/p>\n<\/div>\n<div class=\"col-md-4\">\n<div class=\"kad-youtube-shortcode videofit\"  ><iframe width=\"600\" height=\"400\" src=\"\/\/www.youtube.com\/embed\/Eqy0dz1atgE?autoplay=0&amp;controls=1&amp;fs=1&amp;modestbranding=0&amp;theme=dark&amp;rel=0&amp;loop=0\" frameborder=\"0\" allowfullscreen=\"true\"><\/iframe><\/div>\n<\/div>\n<\/div>\n<p>&nbsp;<\/p>\n<div class=\"row\">\n<div class=\"col-md-3\">\n<h4><span style=\"color: #3366ff;\">Boinks<\/span><\/h4>\n<\/div>\n<div class=\"col-md-5\">\n<p>Este v\u00eddeo mostra a convers\u00e3o de energia potencial el\u00e1stica de uma estrutura tubular em energia cin\u00e9tica. Permite explicar a acumula\u00e7\u00e3o de energia potencial em estruturas em forma de rede e como construir um lan\u00e7ador de proj\u00e9teis manual. O v\u00eddeo teve o patroc\u00ednio do Ci\u00eancia Viva ao abrigo do Concurso Escolher Ci\u00eancia, Projeto &#8220;F\u00edsica Itinerante: divulga\u00e7\u00e3o low cost&#8221;, PEC 259.<\/p>\n<\/div>\n<div class=\"col-md-4\">\n<div class=\"kad-youtube-shortcode videofit\"  ><iframe width=\"600\" height=\"400\" src=\"\/\/www.youtube.com\/embed\/vkY3REZlQp4?autoplay=0&amp;controls=1&amp;fs=1&amp;modestbranding=0&amp;theme=dark&amp;rel=0&amp;loop=0\" frameborder=\"0\" allowfullscreen=\"true\"><\/iframe><\/div>\n<\/div>\n<\/div>\n<p>&nbsp;<\/p>\n<div class=\"row\">\n<div class=\"col-md-3\">\n<h4><span style=\"color: #3366ff;\">Calote de borracha<\/span><\/h4>\n<\/div>\n<div class=\"col-md-5\">\n<p>Este v\u00eddeo mostra a convers\u00e3o de energia potencial el\u00e1stica em energia cin\u00e9tica. Permite explicar a \u00a0liberta\u00e7\u00e3o de raios c\u00f3smicos a partir da superf\u00edcie das estrelas, aproveitando a energia proveniente do interior do astro. O v\u00eddeo teve o patroc\u00ednio do Ci\u00eancia Viva ao abrigo do Concurso Escolher Ci\u00eancia, Projeto &#8220;F\u00edsica Itinerante: divulga\u00e7\u00e3o low cost&#8221;, PEC 259.<\/p>\n<\/div>\n<div class=\"col-md-4\">\n<div class=\"kad-youtube-shortcode videofit\"  ><iframe width=\"600\" height=\"400\" src=\"\/\/www.youtube.com\/embed\/wtdjUzNqJ_g?autoplay=0&amp;controls=1&amp;fs=1&amp;modestbranding=0&amp;theme=dark&amp;rel=0&amp;loop=0\" frameborder=\"0\" allowfullscreen=\"true\"><\/iframe><\/div>\n<\/div>\n<\/div>\n<p>&nbsp;<\/p>\n<div class=\"row\">\n<div class=\"col-md-3\">\n<h4><span style=\"color: #3366ff;\">Esferas de a\u00e7o<\/span><\/h4>\n<\/div>\n<div class=\"col-md-5\">\n<p>O v\u00eddeo p\u00f5e em evid\u00eancia a energia transferida no choque entre dois s\u00f3lidos (neste caso, esferas de a\u00e7o maci\u00e7as) indeform\u00e1veis. O v\u00eddeo teve o patroc\u00ednio do Ci\u00eancia Viva ao abrigo do Concurso Escolher Ci\u00eancia, Projeto &#8220;F\u00edsica Itinerante: divulga\u00e7\u00e3o low cost&#8221;, PEC 259.<\/p>\n<\/div>\n<div class=\"col-md-4\">\n<div class=\"kad-youtube-shortcode videofit\"  ><iframe width=\"600\" height=\"400\" src=\"\/\/www.youtube.com\/embed\/BFboZGj3g0w?autoplay=0&amp;controls=1&amp;fs=1&amp;modestbranding=0&amp;theme=dark&amp;rel=0&amp;loop=0\" frameborder=\"0\" allowfullscreen=\"true\"><\/iframe><\/div>\n<\/div>\n<\/div>\n","protected":false},"excerpt":{"rendered":"<p>Energia &nbsp; &nbsp; &nbsp;<\/p>\n","protected":false},"author":1,"featured_media":0,"parent":0,"menu_order":0,"comment_status":"closed","ping_status":"closed","template":"","meta":{"kt_blocks_editor_width":""},"_links":{"self":[{"href":"https:\/\/www.fc.up.pt\/giedif\/wp-json\/wp\/v2\/pages\/235"}],"collection":[{"href":"https:\/\/www.fc.up.pt\/giedif\/wp-json\/wp\/v2\/pages"}],"about":[{"href":"https:\/\/www.fc.up.pt\/giedif\/wp-json\/wp\/v2\/types\/page"}],"author":[{"embeddable":true,"href":"https:\/\/www.fc.up.pt\/giedif\/wp-json\/wp\/v2\/users\/1"}],"replies":[{"embeddable":true,"href":"https:\/\/www.fc.up.pt\/giedif\/wp-json\/wp\/v2\/comments?post=235"}],"version-history":[{"count":11,"href":"https:\/\/www.fc.up.pt\/giedif\/wp-json\/wp\/v2\/pages\/235\/revisions"}],"predecessor-version":[{"id":292,"href":"https:\/\/www.fc.up.pt\/giedif\/wp-json\/wp\/v2\/pages\/235\/revisions\/292"}],"wp:attachment":[{"href":"https:\/\/www.fc.up.pt\/giedif\/wp-json\/wp\/v2\/media?parent=235"}],"curies":[{"name":"wp","href":"https:\/\/api.w.org\/{rel}","templated":true}]}}