{"id":20,"date":"2015-08-20T21:16:53","date_gmt":"2015-08-20T21:16:53","guid":{"rendered":"http:\/\/web.fc.up.pt\/giedif\/?page_id=20"},"modified":"2017-05-12T23:20:02","modified_gmt":"2017-05-12T22:20:02","slug":"comunicacoes-em-poster","status":"publish","type":"page","link":"https:\/\/www.fc.up.pt\/giedif\/comunicacoes-em-poster\/","title":{"rendered":"Comunica\u00e7\u00f5es em Poster"},"content":{"rendered":"<div class=\"row\">\n<div class=\"col-md-2\">\n<\/div>\n<div class=\"col-md-8\">\n<p>P. Sime\u00e3o Carvalho, Adriano Sampaio e Sousa, <strong>O uso da cor na representa\u00e7\u00e3o simb\u00f3lica de quente e frio<\/strong>, <em>XIV Encontro Ib\u00e9rico para o Ensino da F\u00edsica<\/em>, Porto (Portugal), 2004.<\/p>\n<\/div>\n<div class=\"col-md-2\">\n<\/div>\n<\/div>\n<p>&nbsp;<\/p>\n<div class=\"row\">\n<div class=\"col-md-2\">\n<\/div>\n<div class=\"col-md-8\">\n<p>P. Sime\u00e3o Carvalho, Adriano Sampaio e Sousa, <strong>Estudo de colis\u00f5es com recurso a sensores de movimento \u2013 uma estrat\u00e9gia de desenvolvimento conceptual<\/strong>, <em>XV Encontro Ib\u00e9rico para o Ensino da F\u00edsica<\/em>, Orense (Espanha), 2005.<\/p>\n<\/div>\n<div class=\"col-md-2\">\n<\/div>\n<\/div>\n<p>&nbsp;<\/p>\n<div class=\"row\">\n<div class=\"col-md-2\">\n<\/div>\n<div class=\"col-md-8\">\n<p>P. Sime\u00e3o Carvalho, Adriano Sampaio e Sousa, V\u00edtor Sousa, <strong>Condensador: a pilha do futuro?<\/strong>, <em>XVI Encontro Ib\u00e9rico para o Ensino da F\u00edsica<\/em>, Aveiro (Portugal), 2006.<\/p>\n<\/div>\n<div class=\"col-md-2\">\n<\/div>\n<\/div>\n<p>&nbsp;<\/p>\n<div class=\"row\">\n<div class=\"col-md-2\">\n<\/div>\n<div class=\"col-md-8\">\n<p>Edite Pereira Briosa, P. Sime\u00e3o Carvalho, <strong>Ensinar para aprender mec\u00e2nica newtoniana: uma abordagem inovadora<\/strong>, <em>XX Encontro Ib\u00e9rico para o Ensino da F\u00edsica<\/em>, Vila Real (Portugal), 2010, p. 265.<\/p>\n<\/div>\n<div class=\"col-md-2\">\n<\/div>\n<\/div>\n<p>&nbsp;<\/p>\n<div class=\"row\">\n<div class=\"col-md-2\">\n<\/div>\n<div class=\"col-md-8\">\n<p>Edite Pereira Briosa, P. Sime\u00e3o Carvalho, <strong>Newton\u2019s Second Law &#8211; A Virtual Experimental Activity (VEA),<\/strong> <em>XVI Workshop on Multimedia In Physics Teaching and Learning (MPTL\u201916)<\/em>, Liubliana (Eslov\u00e9nia), 2011, p.22.<\/p>\n<\/div>\n<div class=\"col-md-2\">\n<\/div>\n<\/div>\n<p>&nbsp;<\/p>\n<div class=\"row\">\n<div class=\"col-md-2\">\n<\/div>\n<div class=\"col-md-8\">\n<p>C. Pereira, M. Ata\u00edde, P. Sime\u00e3o Carvalho, M. Rodrigues, E. Briosa, <strong>ESTUDO DO MOVIMENTO OSCILAT\u00d3RIO DA CHAMA DE UMA VELA POR A\u00c7\u00c3O DE UMA ONDA SONORA<\/strong>, <em>22\u00ba Encontro Ib\u00e9rico para o Ensino da F\u00edsica<\/em>, Aveiro (Portugal), 2012.<\/p>\n<\/div>\n<div class=\"col-md-2\">\n<\/div>\n<\/div>\n<p>&nbsp;<\/p>\n<div class=\"row\">\n<div class=\"col-md-2\">\n<\/div>\n<div class=\"col-md-8\">\n<p>D. Ribeiro, P. Sime\u00e3o Carvalho, <strong>A import\u00e2ncia do controlo de Vari\u00e1veis: estudo do fen\u00f3meno de indu\u00e7\u00e3o eletromagn\u00e9tica para alunos do ensino secund\u00e1rio, <\/strong><em>22\u00ba Encontro Ib\u00e9rico para o Ensino da F\u00edsica<\/em>, Aveiro (Portugal), 2012.<\/p>\n<\/div>\n<div class=\"col-md-2\">\n<\/div>\n<\/div>\n<p>&nbsp;<\/p>\n<div class=\"row\">\n<div class=\"col-md-2\">\n<\/div>\n<div class=\"col-md-8\">\n<p>D. Ribeiro, P. Sime\u00e3o Carvalho, <strong>Coeficiente de restitui\u00e7\u00e3o el\u00e1stica: da teoria \u00e0 pr\u00e1tica, <\/strong><em>22\u00ba Encontro Ib\u00e9rico para o Ensino da F\u00edsica<\/em>, Aveiro (Portugal), 2012.<\/p>\n<\/div>\n<div class=\"col-md-2\">\n<\/div>\n<\/div>\n<p>&nbsp;<\/p>\n<div class=\"row\">\n<div class=\"col-md-2\">\n<\/div>\n<div class=\"col-md-8\">\n<p>Manuel B. Marques, P. Sime\u00e3o Carvalho, <strong>Medi\u00e7\u00e3o da resistividade \u2013 uma experi\u00eancia com muita F\u00edsica, <\/strong><em>22\u00ba Encontro Ib\u00e9rico para o Ensino da F\u00edsica<\/em>, Aveiro (Portugal), 2012.<\/p>\n<\/div>\n<div class=\"col-md-2\">\n<\/div>\n<\/div>\n<p>&nbsp;<\/p>\n<div class=\"row\">\n<div class=\"col-md-2\">\n<\/div>\n<div class=\"col-md-8\">\n<p>Daniel Ribeiro, P. Sime\u00e3o Carvalho, Ana Pedroso, <strong>Projeto F\u00edsica Itinerante: Divulga\u00e7\u00e3o <\/strong><strong>Low Cost, <\/strong><em>SciCom PT 2013<\/em>, Lisboa (Portugal), 2013.<\/p>\n<\/div>\n<div class=\"col-md-2\">\n<\/div>\n<\/div>\n<p>&nbsp;<\/p>\n<div class=\"row\">\n<div class=\"col-md-2\">\n<\/div>\n<div class=\"col-md-8\">\n<p>Daniel T. Ribeiro, P. Sime\u00e3o Carvalho, <strong>O Quadro Interativo no Ensino da F\u00edsica, <\/strong><em>XV ENEC<\/em>, Faro (Portugal), 2014.<\/p>\n<\/div>\n<div class=\"col-md-2\">\n<\/div>\n<\/div>\n<p>&nbsp;<\/p>\n<div class=\"row\">\n<div class=\"col-md-2\">\n<\/div>\n<div class=\"col-md-8\">\n<p>Daniel T. Ribeiro, P. Sime\u00e3o Carvalho, <strong>Visitas a laborat\u00f3rios de investiga\u00e7\u00e3o na \u00e1rea da F\u00edsica \u2013 um estudo piloto em divulga\u00e7\u00e3o de ci\u00eancia para p\u00fablico escolar<\/strong>, <em>Sci Com PT 2014<\/em>, Porto (Portugal), 2014.<\/p>\n<\/div>\n<div class=\"col-md-2\">\n<\/div>\n<\/div>\n<p>&nbsp;<\/p>\n<div class=\"row\">\n<div class=\"col-md-2\">\n<\/div>\n<div class=\"col-md-8\">\n<p>Daniel T. Ribeiro, P. Sime\u00e3o Carvalho, <strong>Development of Low Cost strategies for Physics communication to undergraduate students, <\/strong><em>ESHS 2014<\/em>, Lisboa (Portugal), 2014.<\/p>\n<\/div>\n<div class=\"col-md-2\">\n<\/div>\n<\/div>\n<p>&nbsp;<\/p>\n<div class=\"row\">\n<div class=\"col-md-2\">\n<\/div>\n<div class=\"col-md-8\">\n<p>M.J. Quintas, P. Sime\u00e3o Carvalho, <strong>Ensino Interativo na Abordagem da Eletricidade<\/strong>, <em>XXIV Encontro Ib\u00e9rico para o Ensino da F\u00edsica<\/em>, Lisboa (Portugal), 2014.<\/p>\n<\/div>\n<div class=\"col-md-2\">\n<\/div>\n<\/div>\n<p>&nbsp;<\/p>\n<div class=\"row\">\n<div class=\"col-md-2\">\n<\/div>\n<div class=\"col-md-8\">\n<p>P. Sime\u00e3o Carvalho, M.B. Marques, M. Rodrigues, <strong>Using Tracker to build a low cost but eficiente spectrometer<\/strong>, <em>ETOP<\/em>, Bord\u00e9us (Fran\u00e7a), 2015.<\/p>\n<\/div>\n<div class=\"col-md-2\">\n<\/div>\n<\/div>\n<p>&nbsp;<\/p>\n<div class=\"row\">\n<div class=\"col-md-2\">\n<\/div>\n<div class=\"col-md-8\">\n<p>Marco Adriano Dias, Deise Miranda Vianna, Paulo Sime\u00e3o Carvalho, <strong>UMA PROPOSTA DE ENSINO DE F\u00cdSICA ATRAV\u00c9S DA MODELAGEM DE IMAGEM: FOTOGRAFIAS ESTROBOSC\u00d3PICAS DIGITAIS E VIDEOAN\u00c1LISE<\/strong>, <em>XVI ENEC<\/em>, Lisboa (Portugal), 2015.<\/p>\n<\/div>\n<div class=\"col-md-2\">\n<\/div>\n<\/div>\n<p>&nbsp;<\/p>\n<div class=\"row\">\n<div class=\"col-md-2\">\n<\/div>\n<div class=\"col-md-8\">\n<p>M. Rodrigues, P. Sime\u00e3o Carvalho, <strong>Atividades Experimentais Virtuais na Biblioteca Escolar \u2013 Uma Forma de Divulga\u00e7\u00e3o Cient\u00edfica<\/strong>, <em>I EEDC<\/em>, Porto, 2015.<\/p>\n<\/div>\n<div class=\"col-md-2\">\n<\/div>\n<\/div>\n<p>&nbsp;<\/p>\n<div class=\"row\">\n<div class=\"col-md-2\">\n<\/div>\n<div class=\"col-md-8\">\n<p>M. Rodrigues, P. Sime\u00e3o Carvalho, M.A. Dias, <strong>Determina\u00e7\u00e3o do centro de massa atrav\u00e9s de an\u00e1lise de v\u00eddeo<\/strong><em>, II EEDC, <\/em>Porto, 2016<em>.<em><a href=\"http:\/\/web.fc.up.pt\/giedif\/posters\/Poster II EEDC_CM.pdf\" target=\"_blank\"><img loading=\"lazy\" class=\"wp-image-71 alignnone\" src=\"http:\/\/web.fc.up.pt\/giedif\/wp-content\/uploads\/2015\/08\/pdf-file-logo-icon-300x300.jpg\" alt=\"pdf-file-logo-icon\" width=\"19\" height=\"19\" srcset=\"https:\/\/www.fc.up.pt\/giedif\/wp-content\/uploads\/2015\/08\/pdf-file-logo-icon-300x300.jpg 300w, https:\/\/www.fc.up.pt\/giedif\/wp-content\/uploads\/2015\/08\/pdf-file-logo-icon-150x150.jpg 150w, https:\/\/www.fc.up.pt\/giedif\/wp-content\/uploads\/2015\/08\/pdf-file-logo-icon.jpg 400w\" sizes=\"(max-width: 19px) 100vw, 19px\" \/><\/a><\/em><\/em><\/p>\n<\/div>\n<div class=\"col-md-2\">\n<\/div>\n<\/div>\n<p>&nbsp;<\/p>\n<div class=\"row\">\n<div class=\"col-md-2\">\n<\/div>\n<div class=\"col-md-8\">\n<p>Daniel Rodrigues Ventura, Paulo Sime\u00e3o de Carvalho, Marco Adriano Dias, <strong>Video Analysis of Pulse and Standing Waves in an Elastic Spring<\/strong><em>, II World Conference of Physics Education,<\/em> S\u00e3o Paulo (Brasil), 2016<em>.<em><a href=\"http:\/\/web.fc.up.pt\/giedif\/posters\/WCPE_Video Analysis of Pulse and Standing Waves in an Elastic Spring Poster.pdf\" target=\"_blank\"><img loading=\"lazy\" class=\"wp-image-71 alignnone\" src=\"http:\/\/web.fc.up.pt\/giedif\/wp-content\/uploads\/2015\/08\/pdf-file-logo-icon-300x300.jpg\" alt=\"pdf-file-logo-icon\" width=\"19\" height=\"19\" srcset=\"https:\/\/www.fc.up.pt\/giedif\/wp-content\/uploads\/2015\/08\/pdf-file-logo-icon-300x300.jpg 300w, https:\/\/www.fc.up.pt\/giedif\/wp-content\/uploads\/2015\/08\/pdf-file-logo-icon-150x150.jpg 150w, https:\/\/www.fc.up.pt\/giedif\/wp-content\/uploads\/2015\/08\/pdf-file-logo-icon.jpg 400w\" sizes=\"(max-width: 19px) 100vw, 19px\" \/><\/a><\/em><\/em><\/p>\n<\/div>\n<div class=\"col-md-2\">\n<\/div>\n<\/div>\n<p>&nbsp;<\/p>\n<div class=\"row\">\n<div class=\"col-md-2\">\n<\/div>\n<div class=\"col-md-8\">\n<p>Maria Jos\u00e9 Quintas, Paulo Sime\u00e3o Carvalho, <strong>COLLABORATIVE LEARNING OF ELECTRICITY BY IMPLEMENTING AN INTERACTIVE TEACHING<\/strong>,<em> II World Conference of Physics Education, <\/em>S\u00e3o Paulo (Brasil), 2016<em>.<em><a href=\"http:\/\/web.fc.up.pt\/giedif\/posters\/WCPE_2016_Poster_Collaborative Learning of Electricity.pdf\" target=\"_blank\"><img loading=\"lazy\" class=\"wp-image-71 alignnone\" src=\"http:\/\/web.fc.up.pt\/giedif\/wp-content\/uploads\/2015\/08\/pdf-file-logo-icon-300x300.jpg\" alt=\"pdf-file-logo-icon\" width=\"19\" height=\"19\" srcset=\"https:\/\/www.fc.up.pt\/giedif\/wp-content\/uploads\/2015\/08\/pdf-file-logo-icon-300x300.jpg 300w, https:\/\/www.fc.up.pt\/giedif\/wp-content\/uploads\/2015\/08\/pdf-file-logo-icon-150x150.jpg 150w, https:\/\/www.fc.up.pt\/giedif\/wp-content\/uploads\/2015\/08\/pdf-file-logo-icon.jpg 400w\" sizes=\"(max-width: 19px) 100vw, 19px\" \/><\/a><\/em><\/em><\/p>\n<\/div>\n<div class=\"col-md-2\">\n<\/div>\n<\/div>\n<p>&nbsp;<\/p>\n<div class=\"row\">\n<div class=\"col-md-2\">\n<\/div>\n<div class=\"col-md-8\">\n<p>M. Rodrigues, P. Sime\u00e3o Carvalho,<strong> A MODELA\u00c7\u00c3O DE IMAGEM NA DETERMINA\u00c7\u00c3O DO CENTRO DE MASSA DE CORPOS R\u00cdGIDOS<\/strong>,<em> XXV Encontro Ib\u00e9rico para o Ensino da F\u00edsica, <\/em>Braga (Portugal), 2016<em>.<\/em><\/p>\n<\/div>\n<div class=\"col-md-2\">\n<\/div>\n<\/div>\n<p>&nbsp;<\/p>\n<div class=\"row\">\n<div class=\"col-md-2\">\n<\/div>\n<div class=\"col-md-8\">\n<p>Ant\u00f3nio Gon\u00e7alves, Lu\u00eds Freitas, Ant\u00f3nio Figueira, S\u00edlvia Marques, Ant\u00f3nio Silva, Catarina Mendes, Paulo Sime\u00e3o Carvalho, <strong>ESTRUTURA DO \u00c1TOMO, AUTOMATIZAR PROCEDIMENTOS<\/strong><em><em>, XXV Encontro Ib\u00e9rico para o Ensino da F\u00edsica,<\/em><\/em> Braga (Portugal), 2016<em>.<\/em><\/p>\n<\/div>\n<div class=\"col-md-2\">\n<\/div>\n<\/div>\n","protected":false},"excerpt":{"rendered":"<p>&nbsp; &nbsp; &nbsp; &nbsp; &nbsp; &nbsp; &nbsp; &nbsp; &nbsp; &nbsp; &nbsp; &nbsp; &nbsp; &nbsp; &nbsp; &nbsp; &nbsp; &nbsp; &nbsp; &nbsp; &nbsp;<\/p>\n","protected":false},"author":1,"featured_media":0,"parent":0,"menu_order":0,"comment_status":"closed","ping_status":"closed","template":"","meta":{"kt_blocks_editor_width":""},"_links":{"self":[{"href":"https:\/\/www.fc.up.pt\/giedif\/wp-json\/wp\/v2\/pages\/20"}],"collection":[{"href":"https:\/\/www.fc.up.pt\/giedif\/wp-json\/wp\/v2\/pages"}],"about":[{"href":"https:\/\/www.fc.up.pt\/giedif\/wp-json\/wp\/v2\/types\/page"}],"author":[{"embeddable":true,"href":"https:\/\/www.fc.up.pt\/giedif\/wp-json\/wp\/v2\/users\/1"}],"replies":[{"embeddable":true,"href":"https:\/\/www.fc.up.pt\/giedif\/wp-json\/wp\/v2\/comments?post=20"}],"version-history":[{"count":26,"href":"https:\/\/www.fc.up.pt\/giedif\/wp-json\/wp\/v2\/pages\/20\/revisions"}],"predecessor-version":[{"id":362,"href":"https:\/\/www.fc.up.pt\/giedif\/wp-json\/wp\/v2\/pages\/20\/revisions\/362"}],"wp:attachment":[{"href":"https:\/\/www.fc.up.pt\/giedif\/wp-json\/wp\/v2\/media?parent=20"}],"curies":[{"name":"wp","href":"https:\/\/api.w.org\/{rel}","templated":true}]}}