{"id":190,"date":"2015-08-23T20:27:07","date_gmt":"2015-08-23T19:27:07","guid":{"rendered":"http:\/\/web.fc.up.pt\/giedif\/?page_id=190"},"modified":"2016-04-24T19:36:33","modified_gmt":"2016-04-24T18:36:33","slug":"videos","status":"publish","type":"page","link":"https:\/\/www.fc.up.pt\/giedif\/videos\/","title":{"rendered":"Som"},"content":{"rendered":"<h3><strong><span style=\"color: #ff9900;\">Som<\/span><\/strong><\/h3>\n<div class=\"row\">\n<div class=\"col-md-3\">\n<h4><span style=\"color: #3366ff;\">Som numa camp\u00e2nula<\/span><\/h4>\n<\/div>\n<div class=\"col-md-5\">\n<p>Experi\u00eancia em que o ar do interior da camp\u00e2nula \u00e9 retirado por uma bomba de v\u00e1cuo e depois \u00e9 novamente introduzido. No interior da camp\u00e2nula est\u00e1 um bal\u00e3o &#8220;vazio&#8221; e fechado, bem como uma campainha que \u00e9 ligada e produz som.<\/p>\n<\/div>\n<div class=\"col-md-4\">\n<div class=\"kad-youtube-shortcode videofit\"  ><iframe width=\"600\" height=\"400\" src=\"\/\/www.youtube.com\/embed\/rzOKLwi2OUo?autoplay=0&amp;controls=1&amp;fs=1&amp;modestbranding=0&amp;theme=dark&amp;rel=0&amp;loop=0\" frameborder=\"0\" allowfullscreen=\"true\"><\/iframe><\/div>\n<\/div>\n<\/div>\n<p>&nbsp;<\/p>\n<div class=\"row\">\n<div class=\"col-md-3\">\n<h4><span style=\"color: #3366ff;\">Tubos de Som<\/span><\/h4>\n<\/div>\n<div class=\"col-md-5\">\n<p>Um tubo de som funciona como um sistema de resson\u00e2ncia. A vibra\u00e7\u00e3o do ar cujo meio comprimento de onda \u00e9 aproximadamente igual ao comprimento do tubo vai ser amplificada, e o tubo emite o som correspondente. Este \u00e9 o princ\u00edpio de funcionamento de todos os instrumentos de sopro, nomeadamente o \u00f3rg\u00e3o de tubos. Com 7 tubos de comprimentos adequados pode-se recriar uma escala musical e tocar uma melodia simples.\u00a0O v\u00eddeo teve o patroc\u00ednio do Ci\u00eancia Viva ao abrigo do Concurso Escolher Ci\u00eancia, Projeto &#8220;F\u00edsica Itinerante: divulga\u00e7\u00e3o low cost&#8221;, PEC 259.<\/p>\n<\/div>\n<div class=\"col-md-4\">\n<div class=\"kad-youtube-shortcode videofit\"  ><iframe width=\"600\" height=\"400\" src=\"\/\/www.youtube.com\/embed\/fH1VVM2mR4c?autoplay=0&amp;controls=1&amp;fs=1&amp;modestbranding=0&amp;theme=dark&amp;rel=0&amp;loop=0\" frameborder=\"0\" allowfullscreen=\"true\"><\/iframe><\/div>\n<\/div>\n<\/div>\n","protected":false},"excerpt":{"rendered":"<p>Som &nbsp;<\/p>\n","protected":false},"author":1,"featured_media":0,"parent":0,"menu_order":0,"comment_status":"closed","ping_status":"closed","template":"","meta":{"kt_blocks_editor_width":""},"_links":{"self":[{"href":"https:\/\/www.fc.up.pt\/giedif\/wp-json\/wp\/v2\/pages\/190"}],"collection":[{"href":"https:\/\/www.fc.up.pt\/giedif\/wp-json\/wp\/v2\/pages"}],"about":[{"href":"https:\/\/www.fc.up.pt\/giedif\/wp-json\/wp\/v2\/types\/page"}],"author":[{"embeddable":true,"href":"https:\/\/www.fc.up.pt\/giedif\/wp-json\/wp\/v2\/users\/1"}],"replies":[{"embeddable":true,"href":"https:\/\/www.fc.up.pt\/giedif\/wp-json\/wp\/v2\/comments?post=190"}],"version-history":[{"count":10,"href":"https:\/\/www.fc.up.pt\/giedif\/wp-json\/wp\/v2\/pages\/190\/revisions"}],"predecessor-version":[{"id":309,"href":"https:\/\/www.fc.up.pt\/giedif\/wp-json\/wp\/v2\/pages\/190\/revisions\/309"}],"wp:attachment":[{"href":"https:\/\/www.fc.up.pt\/giedif\/wp-json\/wp\/v2\/media?parent=190"}],"curies":[{"name":"wp","href":"https:\/\/api.w.org\/{rel}","templated":true}]}}