{"id":91,"date":"2021-09-20T08:56:56","date_gmt":"2021-09-20T08:56:56","guid":{"rendered":"https:\/\/www.fc.up.pt\/faraday\/?page_id=91"},"modified":"2021-09-20T10:13:54","modified_gmt":"2021-09-20T10:13:54","slug":"mutimedia","status":"publish","type":"page","link":"https:\/\/www.fc.up.pt\/faraday\/mutimedia\/","title":{"rendered":"Mutimedia"},"content":{"rendered":"<p>Algumas atividades utilizam recursos multim\u00e9dia; anima\u00e7\u00f5es, v\u00eddeos e ficheiros de som, que se re\u00fanem aqui. Foram tamb\u00e9m usados programas gratuitos como o <a href=\"https:\/\/nwpimaging.com\/avimeca-v3-47\/\" target=\"_blank\" rel=\"noopener\">Avimeca<\/a> (an\u00e1lise de V\u00eddeo) <a href=\"https:\/\/cool-edit-pro.soft32.com\/\" target=\"_blank\" rel=\"noopener\">CoolEdit<\/a> (edi\u00e7\u00e3o de som). Este \u00faltimo deixou de ser gratuito, mas pode ser substitu\u00eddo, sem desvantagens, pelo <a href=\"https:\/\/www.audacityteam.org\/download\/\" target=\"_blank\" rel=\"noopener\">Audacity<\/a>. O <a href=\"https:\/\/physlets.org\/tracker\/\">Tracker<\/a>, para an\u00e1lise de v\u00eddeo pode hoje ser usado em substitui\u00e7\u00e3o do Avimeca e tem uma base de utilizadores muito mais vasta.<\/p>\n<h2>Anima\u00e7\u00f5es de Movimento de Fluidos<\/h2>\n<p>Gifs animados usados na <a href=\"https:\/\/www.fc.up.pt\/faraday\/wp-content\/uploads\/2021\/Textos\/actividades-12-ano.pdf\">Atividade A39<\/a> do d\u00e9cimo segundo ano.<\/p>\n<ul>\n<li><a href=\"https:\/\/www.fc.up.pt\/faraday\/wp-content\/uploads\/2021\/Media\/bernoulli_anim.gif\">Bernoulli_anim.gif<\/a><\/li>\n<li><a href=\"https:\/\/www.fc.up.pt\/faraday\/wp-content\/uploads\/2021\/Media\/stokes_anim.gif\">Stokes_anim.gif<\/a><\/li>\n<\/ul>\n<h2>V\u00eddeos para estudo de Movimentos<\/h2>\n<p>Usados nas atividades <a href=\"https:\/\/www.fc.up.pt\/faraday\/wp-content\/uploads\/2021\/Textos\/actividades-11-ano.pdf\" target=\"_blank\" rel=\"noopener\">A19<\/a> e <a href=\"https:\/\/www.fc.up.pt\/faraday\/wp-content\/uploads\/2021\/Textos\/actividades-11-ano.pdf\" target=\"_blank\" rel=\"noopener\">A21<\/a> do 11\u00ba ano. Na altura em que o projeto foi executado foi usado o programa de an\u00e1lise de v\u00eddeo <a href=\"https:\/\/nwpimaging.com\/avimeca-v3-47\/\" target=\"_blank\" rel=\"noopener\">Avimeca<\/a> . Atualmente est\u00e1 dispon\u00edvel,com uma base de utilizadores mais vasta, o <a href=\"https:\/\/physlets.org\/tracker\/\" target=\"_blank\" rel=\"noopener\">Tracker<\/a><\/p>\n<ul>\n<li><a href=\"https:\/\/www.fc.up.pt\/faraday\/wp-content\/uploads\/2021\/Media\/queda_esfera_cinepak_656x480.avi\" target=\"_blank\" rel=\"noopener\">queda_esfera_cinepack656x470.avi<\/a><\/li>\n<li><a href=\"https:\/\/www.fc.up.pt\/faraday\/wp-content\/uploads\/2021\/Media\/projectil_cinepak_656x480.avi\" target=\"_blank\" rel=\"noopener\">projectil_cinepak_656x480.avi<\/a><\/li>\n<\/ul>\n<p>&nbsp;<\/p>\n","protected":false},"excerpt":{"rendered":"<p>Algumas atividades utilizam recursos multim\u00e9dia; anima\u00e7\u00f5es, v\u00eddeos e ficheiros de som, que se re\u00fanem aqui. Foram tamb\u00e9m usados programas gratuitos como o Avimeca (an\u00e1lise de V\u00eddeo) CoolEdit (edi\u00e7\u00e3o de som). Este \u00faltimo deixou de ser gratuito, mas pode ser substitu\u00eddo, &hellip; <a href=\"https:\/\/www.fc.up.pt\/faraday\/mutimedia\/\">Continuar a ler <span class=\"meta-nav\">&rarr;<\/span><\/a><\/p>\n","protected":false},"author":1,"featured_media":0,"parent":0,"menu_order":0,"comment_status":"closed","ping_status":"closed","template":"","meta":{"_uf_show_specific_survey":0,"_uf_disable_surveys":false,"footnotes":""},"class_list":["post-91","page","type-page","status-publish","hentry"],"_links":{"self":[{"href":"https:\/\/www.fc.up.pt\/faraday\/wp-json\/wp\/v2\/pages\/91","targetHints":{"allow":["GET"]}}],"collection":[{"href":"https:\/\/www.fc.up.pt\/faraday\/wp-json\/wp\/v2\/pages"}],"about":[{"href":"https:\/\/www.fc.up.pt\/faraday\/wp-json\/wp\/v2\/types\/page"}],"author":[{"embeddable":true,"href":"https:\/\/www.fc.up.pt\/faraday\/wp-json\/wp\/v2\/users\/1"}],"replies":[{"embeddable":true,"href":"https:\/\/www.fc.up.pt\/faraday\/wp-json\/wp\/v2\/comments?post=91"}],"version-history":[{"count":12,"href":"https:\/\/www.fc.up.pt\/faraday\/wp-json\/wp\/v2\/pages\/91\/revisions"}],"predecessor-version":[{"id":106,"href":"https:\/\/www.fc.up.pt\/faraday\/wp-json\/wp\/v2\/pages\/91\/revisions\/106"}],"wp:attachment":[{"href":"https:\/\/www.fc.up.pt\/faraday\/wp-json\/wp\/v2\/media?parent=91"}],"curies":[{"name":"wp","href":"https:\/\/api.w.org\/{rel}","templated":true}]}}