{"id":48,"date":"2021-09-19T07:27:04","date_gmt":"2021-09-19T07:27:04","guid":{"rendered":"https:\/\/www.fc.up.pt\/faraday\/?page_id=48"},"modified":"2021-10-05T11:03:39","modified_gmt":"2021-10-05T11:03:39","slug":"secundario","status":"publish","type":"page","link":"https:\/\/www.fc.up.pt\/faraday\/secundario\/","title":{"rendered":"Secund\u00e1rio"},"content":{"rendered":"\r\n<p>Para cada ano, al\u00e9m do texto principal, foram produzidas v\u00e1rias proposta atividades, na maioria experi\u00eancias laboratoriais. Existem tamb\u00e9m diferentes recursos multim\u00e9dia, associados a algumas das atividades.<\/p>\r\n\r\n\r\n\r\n<h2 class=\"has-text-color wp-block-heading\" style=\"color: #9c1c2b;\">D\u00e9cimo<\/h2>\r\n\r\n\r\n\r\n<ul>\r\n<li><a href=\"https:\/\/www.fc.up.pt\/faraday\/wp-content\/uploads\/2021\/Textos\/texto-10-ano.pdf\" target=\"_blank\" rel=\"noopener\"><span style=\"color: #000080;\">Manual 10\u00ba ano<\/span><\/a><\/li>\r\n<\/ul>\r\n\r\n\r\n\r\n<ul>\r\n<li><a href=\"https:\/\/www.fc.up.pt\/faraday\/wp-content\/uploads\/2021\/Textos\/actividades-10-ano.pdf\" target=\"_blank\" rel=\"noreferrer noopener\"><span style=\"color: #000080;\">Atividades<\/span><\/a><\/li>\r\n<\/ul>\r\n\r\n\r\n\r\n<h2 class=\"has-text-color wp-block-heading\" style=\"color: #9c1c2b;\"><span style=\"color: #9c1c2b;\">D\u00e9cimo primeiro<\/span><\/h2>\r\n\r\n\r\n\r\n<ul>\r\n<li><span style=\"color: #000080;\"><a style=\"color: #000080;\" href=\"https:\/\/www.fc.up.pt\/faraday\/wp-content\/uploads\/2021\/Textos\/texto-11-ano.pdf\">M<\/a><\/span><a href=\"https:\/\/www.fc.up.pt\/faraday\/wp-content\/uploads\/2021\/Textos\/texto-11-ano.pdf\" target=\"_blank\" rel=\"noreferrer noopener\"><span style=\"color: #000080;\">anual 11\u00ba ano<\/span><\/a><\/li>\r\n<\/ul>\r\n\r\n\r\n\r\n<ul>\r\n<li><a href=\"https:\/\/www.fc.up.pt\/faraday\/wp-content\/uploads\/2021\/Textos\/actividades-11-ano.pdf\" target=\"_blank\" rel=\"noreferrer noopener\"><span style=\"color: #000080;\">Atividades 11\u00ba ano<\/span><\/a><\/li>\r\n<\/ul>\r\n\r\n\r\n\r\n<h2 class=\"has-text-color wp-block-heading\" style=\"color: #9c1c2b;\">D\u00e9cimo Segundo<\/h2>\r\n\r\n\r\n\r\n<ul>\r\n<li><a href=\"https:\/\/www.fc.up.pt\/faraday\/wp-content\/uploads\/2021\/Textos\/texto-12_ano-1-8.pdf\"><span style=\"color: #000080;\">Manual 12\u00ba ano &#8211; Parte I<\/span> <\/a><\/li>\r\n<li><a href=\"https:\/\/www.fc.up.pt\/faraday\/wp-content\/uploads\/2021\/Textos\/texto-12_ano-9-13.pdf\" target=\"_blank\" rel=\"noopener\">Manual 12\u00ba ano &#8211; Parte-II<\/a><\/li>\r\n<\/ul>\r\n\r\n\r\n\r\n<ul>\r\n<li><a href=\"https:\/\/www.fc.up.pt\/faraday\/wp-content\/uploads\/2021\/Textos\/actividades-12-ano.pdf\" target=\"_blank\" rel=\"noreferrer noopener\"><span style=\"color: #000080;\">Atividades 12\u00ba ano<\/span><\/a><\/li>\r\n<\/ul>\r\n\r\n\r\n\r\n<p>&nbsp;<\/p>\r\n","protected":false},"excerpt":{"rendered":"<p>Para cada ano, al\u00e9m do texto principal, foram produzidas v\u00e1rias proposta atividades, na maioria experi\u00eancias laboratoriais. Existem tamb\u00e9m diferentes recursos multim\u00e9dia, associados a algumas das atividades. D\u00e9cimo Manual 10\u00ba ano Atividades D\u00e9cimo primeiro Manual 11\u00ba ano Atividades 11\u00ba ano D\u00e9cimo &hellip; <a href=\"https:\/\/www.fc.up.pt\/faraday\/secundario\/\">Continuar a ler <span class=\"meta-nav\">&rarr;<\/span><\/a><\/p>\n","protected":false},"author":1,"featured_media":0,"parent":0,"menu_order":0,"comment_status":"closed","ping_status":"closed","template":"","meta":{"_uf_show_specific_survey":0,"_uf_disable_surveys":false,"footnotes":""},"class_list":["post-48","page","type-page","status-publish","hentry"],"_links":{"self":[{"href":"https:\/\/www.fc.up.pt\/faraday\/wp-json\/wp\/v2\/pages\/48","targetHints":{"allow":["GET"]}}],"collection":[{"href":"https:\/\/www.fc.up.pt\/faraday\/wp-json\/wp\/v2\/pages"}],"about":[{"href":"https:\/\/www.fc.up.pt\/faraday\/wp-json\/wp\/v2\/types\/page"}],"author":[{"embeddable":true,"href":"https:\/\/www.fc.up.pt\/faraday\/wp-json\/wp\/v2\/users\/1"}],"replies":[{"embeddable":true,"href":"https:\/\/www.fc.up.pt\/faraday\/wp-json\/wp\/v2\/comments?post=48"}],"version-history":[{"count":17,"href":"https:\/\/www.fc.up.pt\/faraday\/wp-json\/wp\/v2\/pages\/48\/revisions"}],"predecessor-version":[{"id":177,"href":"https:\/\/www.fc.up.pt\/faraday\/wp-json\/wp\/v2\/pages\/48\/revisions\/177"}],"wp:attachment":[{"href":"https:\/\/www.fc.up.pt\/faraday\/wp-json\/wp\/v2\/media?parent=48"}],"curies":[{"name":"wp","href":"https:\/\/api.w.org\/{rel}","templated":true}]}}