{"id":2,"date":"2021-06-07T14:43:05","date_gmt":"2021-06-07T14:43:05","guid":{"rendered":"https:\/\/www.fc.up.pt\/faraday\/?page_id=2"},"modified":"2021-09-22T09:25:20","modified_gmt":"2021-09-22T09:25:20","slug":"pagina-exemplo","status":"publish","type":"page","link":"https:\/\/www.fc.up.pt\/faraday\/pagina-exemplo\/","title":{"rendered":"Michael Faraday"},"content":{"rendered":"<div id=\"attachment_40\" style=\"width: 166px\" class=\"wp-caption alignnone\"><img loading=\"lazy\" decoding=\"async\" aria-describedby=\"caption-attachment-40\" class=\" wp-image-40\" src=\"https:\/\/www.fc.up.pt\/faraday\/wp-content\/uploads\/2021\/09\/michaelf-241x300.gif\" alt=\"Michael Faraday\" width=\"156\" height=\"193\" \/><p id=\"caption-attachment-40\" class=\"wp-caption-text\">Michael Faraday<\/p><\/div>\r\n<hr \/>\r\n\r\n\r\n<p>Michael Faraday nasceu em 22 de Setembro 1791, pr\u00f3ximo de Londres. O seu pai, James, era ferreiro. Numa nota autobiogr\u00e1fica Faraday refere que aprendeu na escola &#8220;os rudimentos de leitura, escrita e aritm\u00e9tica&#8221;. Em 1805, com catorze anos, tornou-se aprendiz de um encadernador de livros. No contacto com os livros desenvolveu a sua curiosidade pela Ci\u00eancia. Em 1812 um cliente ofereceu-lhe entradas para as \u00faltimas quatro li\u00e7\u00f5es de Humphry Davy na <a href=\"\/\/www.rigb.org\" target=\"_blank\" rel=\"noreferrer noopener\"><span style=\"color: #333399;\">Royal Institution<\/span><\/a>. Faraday tomou notas das aulas e enviou-as a Davy, solicitando emprego, que acabou por conseguir.<\/p>\r\n\r\n\r\n\r\n<p>Foi na<span style=\"color: #000080;\"> <a style=\"color: #000080;\" href=\"\/\/www.rigb.org\" target=\"_blank\" rel=\"noreferrer noopener\">Royal Institution<\/a><\/span>, que Faraday desenvolveu os seus trabalhos em F\u00edsica e Qu\u00edmica, que inclu\u00edram a descoberta da indu\u00e7\u00e3o eletromagn\u00e9tica, o efeito magn\u00e9tico-\u00f3tico, rota\u00e7\u00e3o magn\u00e9tica de polariza\u00e7\u00e3o, o diamagnetismo, o conceito de linhas de for\u00e7a, as leis da electr\u00f3lise, a s\u00edntese do benzeno, a liquefa\u00e7\u00e3o do cloro, etc.<\/p>\r\n\r\n\r\n\r\n<p>Faraday desenvolveu uma intensa actividade de divulgador de Ci\u00eancia, fundando as s\u00e9ries de confer\u00eancias &#8220;Friday evening discourses&#8221; e as li\u00e7\u00f5es de Natal para jovens, que ainda hoje se realizam na <span style=\"color: #000080;\"><a style=\"color: #000080;\" href=\"\/\/www.rigb.org\" target=\"_blank\" rel=\"noreferrer noopener\">Royal Institution<\/a><\/span>. Esta mant\u00e9m um<span style=\"color: #000080;\"> <a style=\"color: #000080;\" href=\"https:\/\/www.rigb.org\/visit-us\/faraday-museum\" target=\"_blank\" rel=\"noreferrer noopener\">Museu<\/a><\/span> dedicado a Faraday, com uma reconstru\u00e7\u00e3o dos seus laborat\u00f3rio e com v\u00e1rios dos seus aparelhos originais.<\/p>\r\n\r\n\r\n\r\n<p>Faraday \u00e9 por muitos considerado o maior f\u00edsico experimental de sempre. As suas descobertas s\u00e3o a base da nossa tecnologia electromagn\u00e9tica (motores, transformadores, geradores, etc). Faleceu em 1867<\/p>\r\n\r\n\r\n\r\n<h2 class=\"wp-block-heading\"><span style=\"color: #9c1c2b;\"><strong>Porqu\u00ea Faraday?<\/strong><\/span><\/h2>\r\n\r\n\r\n\r\n\r\n\r\n<p>Faraday, oriundo da classe trabalhadora, n\u00e3o teve uma educa\u00e7\u00e3o cuidada. O seu sucesso em Ci\u00eancia, deve-se, ao seu engenho, persist\u00eancia e sobretudo curiosidade. N\u00e3o se lhe conhecem grandes contribui\u00e7\u00f5es matem\u00e1ticas e no entanto foi um dos maiores f\u00edsicos de sempre. Procurou compreender a natureza a acabou fazendo descobertas que revolucionaram a vida de todos os homens e mulheres. Foi o maior divulgador de Ci\u00eancia do seu tempo. Por isto tudo foi uma escolha natural para inspira\u00e7\u00e3o deste projeto.<\/p>\r\n","protected":false},"excerpt":{"rendered":"<p>Michael Faraday nasceu em 22 de Setembro 1791, pr\u00f3ximo de Londres. O seu pai, James, era ferreiro. Numa nota autobiogr\u00e1fica Faraday refere que aprendeu na escola &#8220;os rudimentos de leitura, escrita e aritm\u00e9tica&#8221;. Em 1805, com catorze anos, tornou-se aprendiz &hellip; <a href=\"https:\/\/www.fc.up.pt\/faraday\/pagina-exemplo\/\">Continuar a ler <span class=\"meta-nav\">&rarr;<\/span><\/a><\/p>\n","protected":false},"author":1,"featured_media":40,"parent":0,"menu_order":0,"comment_status":"closed","ping_status":"open","template":"","meta":{"_uf_show_specific_survey":0,"_uf_disable_surveys":false,"footnotes":""},"class_list":["post-2","page","type-page","status-publish","has-post-thumbnail","hentry"],"_links":{"self":[{"href":"https:\/\/www.fc.up.pt\/faraday\/wp-json\/wp\/v2\/pages\/2","targetHints":{"allow":["GET"]}}],"collection":[{"href":"https:\/\/www.fc.up.pt\/faraday\/wp-json\/wp\/v2\/pages"}],"about":[{"href":"https:\/\/www.fc.up.pt\/faraday\/wp-json\/wp\/v2\/types\/page"}],"author":[{"embeddable":true,"href":"https:\/\/www.fc.up.pt\/faraday\/wp-json\/wp\/v2\/users\/1"}],"replies":[{"embeddable":true,"href":"https:\/\/www.fc.up.pt\/faraday\/wp-json\/wp\/v2\/comments?post=2"}],"version-history":[{"count":10,"href":"https:\/\/www.fc.up.pt\/faraday\/wp-json\/wp\/v2\/pages\/2\/revisions"}],"predecessor-version":[{"id":172,"href":"https:\/\/www.fc.up.pt\/faraday\/wp-json\/wp\/v2\/pages\/2\/revisions\/172"}],"wp:featuredmedia":[{"embeddable":true,"href":"https:\/\/www.fc.up.pt\/faraday\/wp-json\/wp\/v2\/media\/40"}],"wp:attachment":[{"href":"https:\/\/www.fc.up.pt\/faraday\/wp-json\/wp\/v2\/media?parent=2"}],"curies":[{"name":"wp","href":"https:\/\/api.w.org\/{rel}","templated":true}]}}