{"id":185,"date":"2023-09-09T10:05:16","date_gmt":"2023-09-09T10:05:16","guid":{"rendered":"https:\/\/www.fc.up.pt\/faraday\/?page_id=185"},"modified":"2023-09-11T14:02:38","modified_gmt":"2023-09-11T14:02:38","slug":"materiais-do-9o-ano","status":"publish","type":"page","link":"https:\/\/www.fc.up.pt\/faraday\/materiais-do-9o-ano\/","title":{"rendered":"Materiais do 8.\u00ba ano"},"content":{"rendered":"\n<p>Planos de aula e materiais referentes aos programas de 8.\u00ba ano\u00a0 desenvolvidos no \u00e2mbito do Projeto Ci\u00eancia Viva PV\/252 e do Doutoramento de Ana Rita Mota (2008-2011)<\/p>\n\n\n\n<h2 class=\"wp-block-heading\">A Luz: carater\u00edsticas e comportamentos<\/h2>\n\n\n\n<figure class=\"wp-block-table is-style-regular\"><table><tbody><tr><td>Ficheiro<\/td><td>Descri\u00e7\u00e3o <\/td><td>2011<\/td><\/tr><tr><td><a href=\"https:\/\/www.fc.up.pt\/faraday\/wp-content\/uploads\/2023\/Faraday-Basico\/8-ano\/Luz\/Aula1-T.pdf\" target=\"_blank\" rel=\"noreferrer noopener\">Aula1-T<\/a><\/td><td>Fen\u00f3meno da Vis\u00e3o<\/td><td>2011<\/td><\/tr><tr><td><a href=\"https:\/\/www.fc.up.pt\/faraday\/wp-content\/uploads\/2023\/Faraday-Basico\/8-ano\/Luz\/Aula1-L.pdf\" target=\"_blank\" rel=\"noreferrer noopener\">Aula1-L<\/a><\/td><td>Tenho uma pequena sombra que entra e sai<br>comigo\u2026<\/td><td>2011<\/td><\/tr><tr><td><a href=\"https:\/\/www.fc.up.pt\/faraday\/wp-content\/uploads\/2023\/Faraday-Basico\/8-ano\/Luz\/Aula2-T.pdf\" target=\"_blank\" rel=\"noreferrer noopener\">Aula2-T<\/a><\/td><td>Leis da Reflex\u00e3o. Velocidade da luz<\/td><td>2011<\/td><\/tr><tr><td><a href=\"https:\/\/www.fc.up.pt\/faraday\/wp-content\/uploads\/2023\/Faraday-Basico\/8-ano\/Luz\/Aula2-L.pdf\" target=\"_blank\" rel=\"noreferrer noopener\">Aula2-L<\/a><\/td><td>Os espelhos s\u00e3o os \u00fanicos objectos que refletem a <br>luz?<\/td><td>2011<\/td><\/tr><\/tbody><\/table><\/figure>\n\n\n\n<h2 class=\"wp-block-heading\">Espelhos Planos<\/h2>\n\n\n\n<figure class=\"wp-block-table is-style-regular\"><table><tbody><tr><td>Ficheiro<\/td><td>Descri\u00e7\u00e3o <\/td><td>2011<\/td><\/tr><tr><td><a href=\"https:\/\/www.fc.up.pt\/faraday\/wp-content\/uploads\/2023\/Faraday-Basico\/8-ano\/Espelhos\/Aula3-T.pdf\" target=\"_blank\" rel=\"noreferrer noopener\">Aula3-T<\/a><\/td><td>Imagens em espelhos planos<\/td><td>2011<\/td><\/tr><tr><td><a href=\"https:\/\/www.fc.up.pt\/faraday\/wp-content\/uploads\/2023\/Faraday-Basico\/8-ano\/Luz\/Aula1-L.pdf\" target=\"_blank\" rel=\"noreferrer noopener\">Aula4-T<\/a><\/td><td>Imagens reais, virtuais, direitas e  invertidas<\/td><td>2011<\/td><\/tr><tr><td><a href=\"https:\/\/www.fc.up.pt\/faraday\/wp-content\/uploads\/2023\/Faraday-Basico\/8-ano\/Luz\/Aula2-T.pdf\" target=\"_blank\" rel=\"noreferrer noopener\">Aula3-L<\/a><\/td><td>Espelho meu\u2026haver\u00e1algu\u00e9m mais bonito do que eu?<\/td><td>2011<\/td><\/tr><\/tbody><\/table><\/figure>\n\n\n\n<h2 class=\"wp-block-heading\">Refra\u00e7\u00e3o<\/h2>\n\n\n\n<figure class=\"wp-block-table is-style-regular\"><table><tbody><tr><td>Ficheiro<\/td><td>Descri\u00e7\u00e3o<\/td><td>Data<\/td><\/tr><tr><td><a href=\"https:\/\/www.fc.up.pt\/faraday\/wp-content\/uploads\/2023\/Faraday-Basico\/8-ano\/Refracao\/Aula4-L.pdf\" target=\"_blank\" rel=\"noreferrer noopener\">Aula4-L<\/a><\/td><td>A magia das moedas<\/td><td>2011<\/td><\/tr><tr><td><a href=\"https:\/\/www.fc.up.pt\/faraday\/wp-content\/uploads\/2023\/Faraday-Basico\/8-ano\/Refracao\/Aula5-T.pdf\" target=\"_blank\" rel=\"noreferrer noopener\">Aula5-T<\/a><\/td><td>Refra\u00e7\u00e3o; reflex\u00e3o total; princ\u00edpio de Fermat<\/td><td>2011<\/td><\/tr><tr><td><a href=\"https:\/\/www.fc.up.pt\/faraday\/wp-content\/uploads\/2023\/Faraday-Basico\/8-ano\/Refracao\/Aula5-L.pdf\" target=\"_blank\" rel=\"noreferrer noopener\">Aula5-L<\/a><\/td><td>Que lentes uso, Sr. Doutor?<\/td><td>2011<\/td><\/tr><tr><td><a href=\"https:\/\/www.fc.up.pt\/faraday\/wp-content\/uploads\/2023\/Faraday-Basico\/8-ano\/Refracao\/Aula6-T.pdf\" target=\"_blank\" rel=\"noreferrer noopener\">Aula6-T<\/a><\/td><td>Lentes e o olho Humano<\/td><td>2011<\/td><\/tr><tr><td><a href=\"https:\/\/www.fc.up.pt\/faraday\/wp-content\/uploads\/2023\/Faraday-Basico\/8-ano\/Refracao\/Aula6-L.pdf\" target=\"_blank\" rel=\"noreferrer noopener\">Aula6-L<\/a><\/td><td>Como se forma o arco-\u00edris?<\/td><td>2011<\/td><\/tr><tr><td><a href=\"https:\/\/www.fc.up.pt\/faraday\/wp-content\/uploads\/2023\/Faraday-Basico\/8-ano\/Refracao\/Aula7-T.pdf\" target=\"_blank\" rel=\"noreferrer noopener\">Aula-7-T<\/a><\/td><td>Dispers\u00e3o e difra\u00e7\u00e3o da luz<\/td><td>2011<\/td><\/tr><\/tbody><\/table><\/figure>\n\n\n\n<h2 class=\"wp-block-heading\">Cor<\/h2>\n\n\n\n<figure class=\"wp-block-table is-style-regular\"><table><tbody><tr><td>Ficheiro<\/td><td>Descri\u00e7\u00e3o <\/td><td>Data<\/td><\/tr><tr><td><a href=\"https:\/\/www.fc.up.pt\/faraday\/wp-content\/uploads\/2023\/Faraday-Basico\/8-ano\/Cor\/Aula8-T.pdf\" target=\"_blank\" rel=\"noreferrer noopener\">Aula8-T<\/a><\/td><td>Cores prim\u00e1rias<\/td><td>2011<\/td><\/tr><tr><td><a href=\"https:\/\/www.fc.up.pt\/faraday\/wp-content\/uploads\/2023\/Faraday-Basico\/8-ano\/Cor\/Aula9-T.pdf\" target=\"_blank\" rel=\"noreferrer noopener\">Aula9 -T<\/a><\/td><td>Misturas aditivas e subtrativas<\/td><td>2011<\/td><\/tr><tr><td><a href=\"https:\/\/www.fc.up.pt\/faraday\/wp-content\/uploads\/2023\/Faraday-Basico\/8-ano\/Cor\/Aula9-L.pdf\" target=\"_blank\" rel=\"noreferrer noopener\">Aula9-L<\/a><\/td><td>A cor, o que \u00e9 afinal?<\/td><td>2011<\/td><\/tr><\/tbody><\/table><\/figure>\n","protected":false},"excerpt":{"rendered":"<p>Planos de aula e materiais referentes aos programas de 8.\u00ba ano\u00a0 desenvolvidos no \u00e2mbito do Projeto Ci\u00eancia Viva PV\/252 e do Doutoramento de Ana Rita Mota (2008-2011) A Luz: carater\u00edsticas e comportamentos Ficheiro Descri\u00e7\u00e3o 2011 Aula1-T Fen\u00f3meno da Vis\u00e3o 2011 &hellip; <a href=\"https:\/\/www.fc.up.pt\/faraday\/materiais-do-9o-ano\/\">Continuar a ler <span class=\"meta-nav\">&rarr;<\/span><\/a><\/p>\n","protected":false},"author":1,"featured_media":0,"parent":0,"menu_order":0,"comment_status":"closed","ping_status":"closed","template":"","meta":{"_uf_show_specific_survey":0,"_uf_disable_surveys":false,"footnotes":""},"class_list":["post-185","page","type-page","status-publish","hentry"],"_links":{"self":[{"href":"https:\/\/www.fc.up.pt\/faraday\/wp-json\/wp\/v2\/pages\/185","targetHints":{"allow":["GET"]}}],"collection":[{"href":"https:\/\/www.fc.up.pt\/faraday\/wp-json\/wp\/v2\/pages"}],"about":[{"href":"https:\/\/www.fc.up.pt\/faraday\/wp-json\/wp\/v2\/types\/page"}],"author":[{"embeddable":true,"href":"https:\/\/www.fc.up.pt\/faraday\/wp-json\/wp\/v2\/users\/1"}],"replies":[{"embeddable":true,"href":"https:\/\/www.fc.up.pt\/faraday\/wp-json\/wp\/v2\/comments?post=185"}],"version-history":[{"count":11,"href":"https:\/\/www.fc.up.pt\/faraday\/wp-json\/wp\/v2\/pages\/185\/revisions"}],"predecessor-version":[{"id":248,"href":"https:\/\/www.fc.up.pt\/faraday\/wp-json\/wp\/v2\/pages\/185\/revisions\/248"}],"wp:attachment":[{"href":"https:\/\/www.fc.up.pt\/faraday\/wp-json\/wp\/v2\/media?parent=185"}],"curies":[{"name":"wp","href":"https:\/\/api.w.org\/{rel}","templated":true}]}}