{"id":182,"date":"2023-09-09T09:59:32","date_gmt":"2023-09-09T09:59:32","guid":{"rendered":"https:\/\/www.fc.up.pt\/faraday\/?page_id=182"},"modified":"2023-09-11T14:28:06","modified_gmt":"2023-09-11T14:28:06","slug":"materiais-do-7o-ano","status":"publish","type":"page","link":"https:\/\/www.fc.up.pt\/faraday\/basico\/materiais-do-7o-ano\/","title":{"rendered":"Materiais do 7.\u00ba Ano"},"content":{"rendered":"<p>Propostas de planeamento de aulas e materiais para os\u00a0 m\u00f3dulos\u00a0 <em>Terra e Sistema Solar Movimento e For\u00e7as.<\/em><\/p>\n<p>Aulas Te\u00f3ricas (T) e Laboratoriais (L)<\/p>\n\n\n<h2 class=\"wp-block-heading\">Terra e Sistema Solar<\/h2>\n\n\n\n<figure class=\"wp-block-table is-style-regular\"><table><tbody><tr><td>Ficheiro<\/td><td>Descri\u00e7\u00e3o<\/td><td><\/td><td>Data<\/td><\/tr><tr><td><a href=\"https:\/\/www.fc.up.pt\/faraday\/wp-content\/uploads\/2023\/Faraday-Basico\/7-ano\/Terra\/Aula1-T.pdf\" target=\"_blank\" rel=\"noreferrer noopener\">Aula1-T<\/a><\/td><td>Rota\u00e7\u00e3o, Transla\u00e7\u00e3o e Precess\u00e3o da Terra<\/td><td><\/td><td>2011<\/td><\/tr><tr><td><a href=\"https:\/\/www.fc.up.pt\/faraday\/wp-content\/uploads\/2023\/Faraday-Basico\/7-ano\/Terra\/Aula1-L.pdf\" target=\"_blank\" rel=\"noreferrer noopener\">Aula1-L<\/a><\/td><td>Que horas s\u00e3o em Paris?<\/td><td><\/td><td>2011<\/td><\/tr><tr><td><a href=\"https:\/\/www.fc.up.pt\/faraday\/wp-content\/uploads\/2023\/Faraday-Basico\/7-ano\/Terra\/Aula2-T.pdf\" target=\"_blank\" rel=\"noreferrer noopener\">Aula2-T<\/a><\/td><td>Movimento aparente das estrelas<\/td><td><\/td><td>2011<\/td><\/tr><tr><td><a href=\"https:\/\/www.fc.up.pt\/faraday\/wp-content\/uploads\/2023\/Faraday-Basico\/7-ano\/Terra\/Aula2-L.pdf\" target=\"_blank\" rel=\"noreferrer noopener\">Aula2-L<\/a><\/td><td>Onde est\u00e1 o Norte?<\/td><td><\/td><td>2011<\/td><\/tr><tr><td><a href=\"https:\/\/www.fc.up.pt\/faraday\/wp-content\/uploads\/2023\/Faraday-Basico\/7-ano\/Terra\/Aula3-T.pdf\" target=\"_blank\" rel=\"noreferrer noopener\">Aula3-T<\/a><\/td><td>Inclina\u00e7\u00e3o do eixo de rota\u00e7\u00e3o da Terra e esta\u00e7\u00f5es do ano<\/td><td><\/td><td>2011<\/td><\/tr><tr><td><a href=\"https:\/\/www.fc.up.pt\/faraday\/wp-content\/uploads\/2023\/Faraday-Basico\/7-ano\/Terra\/Aula3-L.pdf\" target=\"_blank\" rel=\"noreferrer noopener\">Aula3-L<\/a><\/td><td>Aqui \u00e9 Primavera. Al\u00e9m \u00e9 Ver\u00e3o.<\/td><td><\/td><td>2011<\/td><\/tr><tr><td><a href=\"https:\/\/www.fc.up.pt\/faraday\/wp-content\/uploads\/2023\/Faraday-Basico\/7-ano\/Terra\/Aula4-T.pdf\" target=\"_blank\" rel=\"noreferrer noopener\">Aula4-T<\/a><\/td><td>Fases da Lua. Eclipses do Sol e da Lua<\/td><td><\/td><td>2011<\/td><\/tr><tr><td><a href=\"https:\/\/www.fc.up.pt\/faraday\/wp-content\/uploads\/2023\/Faraday-Basico\/7-ano\/Terra\/Aula4-L.pdf\" target=\"_blank\" rel=\"noreferrer noopener\">Aula4-L<\/a><\/td><td>A Lua \u00e9 mentirosa?<\/td><td><\/td><td>2011<\/td><\/tr><\/tbody><\/table><\/figure>\n\n\n\n<h2 class=\"wp-block-heading\">Movimento e For\u00e7as<\/h2>\n\n\n\n<figure class=\"wp-block-table is-style-regular\"><table><tbody><tr><td>Ficheiro<\/td><td>Descri\u00e7\u00e3o<\/td><td>Data<\/td><\/tr><tr><td><a href=\"https:\/\/www.fc.up.pt\/faraday\/wp-content\/uploads\/2023\/Faraday-Basico\/7-ano\/Movimento\/Aula5-T.pdf\" target=\"_blank\" rel=\"noreferrer noopener\">Aula5-T<\/a><\/td><td>Caracter\u00edsticas dos movimentos: dist\u00e2ncia, tempo e velocidade m\u00e9dia. Trajet\u00f3rias<\/td><td>2011<\/td><\/tr><tr><td><a href=\"https:\/\/www.fc.up.pt\/faraday\/wp-content\/uploads\/2023\/Faraday-Basico\/7-ano\/Movimento\/Aula5-L.pdf\" target=\"_blank\" rel=\"noreferrer noopener\">Aula5-L<\/a><\/td><td>Quem \u00e9 o mais r\u00e1pido?<\/td><td>2011<\/td><\/tr><tr><td><a href=\"https:\/\/www.fc.up.pt\/faraday\/wp-content\/uploads\/2023\/Faraday-Basico\/7-ano\/Aula6-T.pdf\" target=\"_blank\" rel=\"noreferrer noopener\">Au<\/a><a href=\"https:\/\/www.fc.up.pt\/faraday\/wp-content\/uploads\/2023\/Faraday-Basico\/7-ano\/Movimento\/Aula6-T.pdf\" target=\"_blank\" rel=\"noreferrer noopener\">la6-<\/a><a href=\"https:\/\/www.fc.up.pt\/faraday\/wp-content\/uploads\/2023\/Faraday-Basico\/7-ano\/Aula6-T.pdf\" target=\"_blank\" rel=\"noreferrer noopener\">T<\/a><\/td><td>For\u00e7a como grandeza vetorial<\/td><td>2011<\/td><\/tr><tr><td><a href=\"https:\/\/www.fc.up.pt\/faraday\/wp-content\/uploads\/2023\/Faraday-Basico\/7-ano\/Movimento\/Aula6-L.pdf\" target=\"_blank\" rel=\"noreferrer noopener\">Aula6-L<\/a><\/td><td>Vamos medir for\u00e7as<\/td><td>2011<\/td><\/tr><tr><td><a href=\"https:\/\/www.fc.up.pt\/faraday\/wp-content\/uploads\/2023\/Faraday-Basico\/7-ano\/Movimento\/Aula7-T.pdf\" target=\"_blank\" rel=\"noreferrer noopener\">Aula7-T<\/a><\/td><td>For\u00e7as de contacto e for\u00e7as \u00e0 dist\u00e2ncia<\/td><td>2011<\/td><\/tr><tr><td><a href=\"https:\/\/www.fc.up.pt\/faraday\/wp-content\/uploads\/2023\/Faraday-Basico\/7-ano\/Movimento\/Aula7-L.pdf\" target=\"_blank\" rel=\"noreferrer noopener\">Aula7-L<\/a><\/td><td>A Terra, um \u00edman gigante<\/td><td>2011<\/td><\/tr><tr><td><a href=\"https:\/\/www.fc.up.pt\/faraday\/wp-content\/uploads\/2023\/Faraday-Basico\/7-ano\/Movimento\/Aula8-T.pdf\" target=\"_blank\" rel=\"noreferrer noopener\">Aula8-T<\/a><\/td><td>For\u00e7a Grav\u00edtica<\/td><td>2011<\/td><\/tr><tr><td><a href=\"https:\/\/www.fc.up.pt\/faraday\/wp-content\/uploads\/2023\/Faraday-Basico\/7-ano\/Movimento\/Aula8-L.pdf\" target=\"_blank\" rel=\"noreferrer noopener\">Aula8-L<\/a><\/td><td>Qual \u00e9 o teu peso em J\u00fapiter<\/td><td>2011<\/td><\/tr><\/tbody><\/table><\/figure>\n","protected":false},"excerpt":{"rendered":"<p>Propostas de planeamento de aulas e materiais para os\u00a0 m\u00f3dulos\u00a0 Terra e Sistema Solar Movimento e For\u00e7as. Aulas Te\u00f3ricas (T) e Laboratoriais (L) Terra e Sistema Solar Ficheiro Descri\u00e7\u00e3o Data Aula1-T Rota\u00e7\u00e3o, Transla\u00e7\u00e3o e Precess\u00e3o da Terra 2011 Aula1-L Que &hellip; <a href=\"https:\/\/www.fc.up.pt\/faraday\/basico\/materiais-do-7o-ano\/\">Continuar a ler <span class=\"meta-nav\">&rarr;<\/span><\/a><\/p>\n","protected":false},"author":1,"featured_media":0,"parent":179,"menu_order":0,"comment_status":"closed","ping_status":"closed","template":"","meta":{"_uf_show_specific_survey":0,"_uf_disable_surveys":false,"footnotes":""},"class_list":["post-182","page","type-page","status-publish","hentry"],"_links":{"self":[{"href":"https:\/\/www.fc.up.pt\/faraday\/wp-json\/wp\/v2\/pages\/182","targetHints":{"allow":["GET"]}}],"collection":[{"href":"https:\/\/www.fc.up.pt\/faraday\/wp-json\/wp\/v2\/pages"}],"about":[{"href":"https:\/\/www.fc.up.pt\/faraday\/wp-json\/wp\/v2\/types\/page"}],"author":[{"embeddable":true,"href":"https:\/\/www.fc.up.pt\/faraday\/wp-json\/wp\/v2\/users\/1"}],"replies":[{"embeddable":true,"href":"https:\/\/www.fc.up.pt\/faraday\/wp-json\/wp\/v2\/comments?post=182"}],"version-history":[{"count":19,"href":"https:\/\/www.fc.up.pt\/faraday\/wp-json\/wp\/v2\/pages\/182\/revisions"}],"predecessor-version":[{"id":249,"href":"https:\/\/www.fc.up.pt\/faraday\/wp-json\/wp\/v2\/pages\/182\/revisions\/249"}],"up":[{"embeddable":true,"href":"https:\/\/www.fc.up.pt\/faraday\/wp-json\/wp\/v2\/pages\/179"}],"wp:attachment":[{"href":"https:\/\/www.fc.up.pt\/faraday\/wp-json\/wp\/v2\/media?parent=182"}],"curies":[{"name":"wp","href":"https:\/\/api.w.org\/{rel}","templated":true}]}}