{"id":179,"date":"2023-09-09T09:31:35","date_gmt":"2023-09-09T09:31:35","guid":{"rendered":"https:\/\/www.fc.up.pt\/faraday\/?page_id=179"},"modified":"2023-09-11T14:01:33","modified_gmt":"2023-09-11T14:01:33","slug":"basico","status":"publish","type":"page","link":"https:\/\/www.fc.up.pt\/faraday\/basico\/","title":{"rendered":"Ensino B\u00e1sico"},"content":{"rendered":"\n<p>A Dra. Ana Rita Lopes Mota realizou um trabalho de Doutoramento, de 2008 a 2011, de aplica\u00e7\u00e3o dos princ\u00edpios do <a href=\"https:\/\/www.coreknowledge.org\/\">Movimento Core Knowledge<\/a>, fundado por E. D Hirsch, ao ensino da F\u00edsica no Ensino B\u00e1sico em Portugal. No \u00e2mbito do seu doutoramento e&nbsp; do projeto Ci\u00eancia Viva PVI- 252 foram criados e testados materiais de ensino para v\u00e1rios temas do Ensino B\u00e1sico. O projeto foi uma colabora\u00e7\u00e3o entre a Faculdade de Ci\u00eancias da Universidade do Porto, e as escolas Jaime Magalh\u00e3es de Lima (Aveiro) e&nbsp; Sobreira (Paredes). Participaram no projeto os professores Jos\u00e9 Manuel Lopes, e Nat\u00e1lia Brochado.<\/p>\n\n\n\n<p><a href=\"https:\/\/repositorio-aberto.up.pt\/handle\/10216\/140834\" target=\"_blank\" rel=\"noreferrer noopener\"> Ensaio pr\u00e1tico do movimento Core Knowledge no ensino da F\u00edsica em Portugal <\/a>(tese de doutoramento de Ana Rita Mota, 2011, U. Porto)<\/p>\n\n\n\n<p><a href=\"https:\/\/www.fc.up.pt\/faraday\/basico\/materiais-do-7o-ano\/\" title=\"Materiais do 7\u00ba Ano\">Materiais do 7.\u00ba ano<\/a><\/p>\n\n\n\n<p><a href=\"https:\/\/www.fc.up.pt\/faraday\/materiais-do-9o-ano\/\" title=\"Materiais do 8\u00ba ano\">Materiais do 8.\u00ba ano<\/a><\/p>\n","protected":false},"excerpt":{"rendered":"<p>A Dra. Ana Rita Lopes Mota realizou um trabalho de Doutoramento, de 2008 a 2011, de aplica\u00e7\u00e3o dos princ\u00edpios do Movimento Core Knowledge, fundado por E. D Hirsch, ao ensino da F\u00edsica no Ensino B\u00e1sico em Portugal. No \u00e2mbito do &hellip; <a href=\"https:\/\/www.fc.up.pt\/faraday\/basico\/\">Continuar a ler <span class=\"meta-nav\">&rarr;<\/span><\/a><\/p>\n","protected":false},"author":1,"featured_media":0,"parent":0,"menu_order":0,"comment_status":"closed","ping_status":"closed","template":"","meta":{"_uf_show_specific_survey":0,"_uf_disable_surveys":false,"footnotes":""},"class_list":["post-179","page","type-page","status-publish","hentry"],"_links":{"self":[{"href":"https:\/\/www.fc.up.pt\/faraday\/wp-json\/wp\/v2\/pages\/179","targetHints":{"allow":["GET"]}}],"collection":[{"href":"https:\/\/www.fc.up.pt\/faraday\/wp-json\/wp\/v2\/pages"}],"about":[{"href":"https:\/\/www.fc.up.pt\/faraday\/wp-json\/wp\/v2\/types\/page"}],"author":[{"embeddable":true,"href":"https:\/\/www.fc.up.pt\/faraday\/wp-json\/wp\/v2\/users\/1"}],"replies":[{"embeddable":true,"href":"https:\/\/www.fc.up.pt\/faraday\/wp-json\/wp\/v2\/comments?post=179"}],"version-history":[{"count":7,"href":"https:\/\/www.fc.up.pt\/faraday\/wp-json\/wp\/v2\/pages\/179\/revisions"}],"predecessor-version":[{"id":246,"href":"https:\/\/www.fc.up.pt\/faraday\/wp-json\/wp\/v2\/pages\/179\/revisions\/246"}],"wp:attachment":[{"href":"https:\/\/www.fc.up.pt\/faraday\/wp-json\/wp\/v2\/media?parent=179"}],"curies":[{"name":"wp","href":"https:\/\/api.w.org\/{rel}","templated":true}]}}