{"id":132,"date":"2021-09-20T18:21:08","date_gmt":"2021-09-20T18:21:08","guid":{"rendered":"https:\/\/www.fc.up.pt\/faraday\/my-account\/"},"modified":"2021-09-20T21:25:19","modified_gmt":"2021-09-20T21:25:19","slug":"my-account","status":"publish","type":"page","link":"https:\/\/www.fc.up.pt\/faraday\/my-account\/","title":{"rendered":"login"},"content":{"rendered":"<p>[user_registration_my_account]<\/p>\n<p>N\u00e3o \u00e9 membro? Se \u00e9 professor, <a href=\"https:\/\/www.fc.up.pt\/faraday\/formulario-de-registo-no-portal\/\" target=\"_blank\" rel=\"noopener\">registe-se<\/a><\/p>\n","protected":false},"excerpt":{"rendered":"<p>[user_registration_my_account] N\u00e3o \u00e9 membro? Se \u00e9 professor, registe-se<\/p>\n","protected":false},"author":1,"featured_media":0,"parent":0,"menu_order":0,"comment_status":"closed","ping_status":"closed","template":"","meta":{"_uf_show_specific_survey":0,"_uf_disable_surveys":false,"footnotes":""},"class_list":["post-132","page","type-page","status-publish","hentry"],"_links":{"self":[{"href":"https:\/\/www.fc.up.pt\/faraday\/wp-json\/wp\/v2\/pages\/132","targetHints":{"allow":["GET"]}}],"collection":[{"href":"https:\/\/www.fc.up.pt\/faraday\/wp-json\/wp\/v2\/pages"}],"about":[{"href":"https:\/\/www.fc.up.pt\/faraday\/wp-json\/wp\/v2\/types\/page"}],"author":[{"embeddable":true,"href":"https:\/\/www.fc.up.pt\/faraday\/wp-json\/wp\/v2\/users\/1"}],"replies":[{"embeddable":true,"href":"https:\/\/www.fc.up.pt\/faraday\/wp-json\/wp\/v2\/comments?post=132"}],"version-history":[{"count":6,"href":"https:\/\/www.fc.up.pt\/faraday\/wp-json\/wp\/v2\/pages\/132\/revisions"}],"predecessor-version":[{"id":159,"href":"https:\/\/www.fc.up.pt\/faraday\/wp-json\/wp\/v2\/pages\/132\/revisions\/159"}],"wp:attachment":[{"href":"https:\/\/www.fc.up.pt\/faraday\/wp-json\/wp\/v2\/media?parent=132"}],"curies":[{"name":"wp","href":"https:\/\/api.w.org\/{rel}","templated":true}]}}