{"id":116,"date":"2021-09-20T14:54:57","date_gmt":"2021-09-20T14:54:57","guid":{"rendered":"https:\/\/www.fc.up.pt\/faraday\/?page_id=116"},"modified":"2021-09-20T15:10:11","modified_gmt":"2021-09-20T15:10:11","slug":"fisica-2005","status":"publish","type":"page","link":"https:\/\/www.fc.up.pt\/faraday\/fisica-2005\/","title":{"rendered":"F\u00edsica 2005"},"content":{"rendered":"<div class=\"mceTemp\"><\/div>\n<h2>O Faraday na F\u00edsica 2005<\/h2>\n<div id=\"attachment_117\" style=\"width: 310px\" class=\"wp-caption alignnone\"><img loading=\"lazy\" decoding=\"async\" aria-describedby=\"caption-attachment-117\" class=\"size-medium wp-image-117\" src=\"https:\/\/www.fc.up.pt\/faraday\/wp-content\/uploads\/2021\/09\/Fis2005_1-1-300x225.jpg\" alt=\"\" width=\"300\" height=\"225\" srcset=\"https:\/\/www.fc.up.pt\/faraday\/wp-content\/uploads\/2021\/09\/Fis2005_1-1-300x225.jpg 300w, https:\/\/www.fc.up.pt\/faraday\/wp-content\/uploads\/2021\/09\/Fis2005_1-1-768x576.jpg 768w, https:\/\/www.fc.up.pt\/faraday\/wp-content\/uploads\/2021\/09\/Fis2005_1-1-400x300.jpg 400w, https:\/\/www.fc.up.pt\/faraday\/wp-content\/uploads\/2021\/09\/Fis2005_1-1.jpg 800w\" sizes=\"auto, (max-width: 300px) 100vw, 300px\" \/><p id=\"caption-attachment-117\" class=\"wp-caption-text\">Sess\u00e3o Faraday no F\u00edsica 2005<\/p><\/div>\n<p>Cerca de trinta alunos do Projeto Faraday apresentaram Posters com as suas experi\u00eancias no encontro Nacional da Sociedade Portuguesa de F\u00edsica, Alf\u00e2ndega do Porto em Dezembro de 2005.<\/p>\n<p>A convite da Comiss\u00e3o Organizadora do encontro &#8220;F\u00edsica para o s\u00e9culo XXI&#8221;, que decorreu na Alf\u00e2ndega do Porto em 2 e 3 de Dezembro de 2005, o Projeto Faraday organizou um apresenta\u00e7\u00e3o dos trabalhos dos seus alunos. Alunos de todas as escolas foram convidados a escolher experi\u00eancias que tivessem realizado no projeto e a preparar um poster descrevendo a experi\u00eancia e resultados obtidos. Durante o encontro os estudantes discutiram os seus posters com os cientistas que participaram neste encontro e demonstraram ao vivo as experi\u00eancias. As duas sess\u00f5es foram animad\u00edssimas, com entusi\u00e1stica participa\u00e7\u00e3o dos alunos presentes e dos conferencistas.<\/p>\n<h2>Posters apresentados no Encontro<\/h2>\n<ul>\n<li><a href=\"https:\/\/www.fc.up.pt\/faraday\/wp-content\/uploads\/2021\/Textos\/poster_02.pdf\" target=\"_blank\" rel=\"noopener\">Convers\u00e3o de energia em queda livre<\/a><\/li>\n<li><a href=\"https:\/\/www.fc.up.pt\/faraday\/wp-content\/uploads\/2021\/Textos\/poster_03.pdf\" target=\"_blank\" rel=\"noopener\">Aquecimento com varinha m\u00e1gica<\/a><\/li>\n<li><a href=\"https:\/\/www.fc.up.pt\/faraday\/wp-content\/uploads\/2021\/Textos\/poster_04.pdf\" target=\"_blank\" rel=\"noopener\">Energia em colis\u00f5es<\/a><\/li>\n<li><a href=\"https:\/\/www.fc.up.pt\/faraday\/wp-content\/uploads\/2021\/Textos\/poster_05.pdf\" target=\"_blank\" rel=\"noopener\">Determina\u00e7\u00e3o da velocidade do som<\/a><\/li>\n<li><a href=\"https:\/\/www.fc.up.pt\/faraday\/wp-content\/uploads\/2021\/Textos\/poster_06.pdf\" target=\"_blank\" rel=\"noopener\">Medi\u00e7\u00e3o da for\u00e7a e deslocamento de um corpo suspenso numa mola<\/a><\/li>\n<li><a href=\"https:\/\/www.fc.up.pt\/faraday\/wp-content\/uploads\/2021\/Textos\/poster_07.pdf\" target=\"_blank\" rel=\"noopener\">M\u00e1quina de Attwood usando a t\u00e9cnica de v\u00eddeo<\/a><\/li>\n<li><a href=\"https:\/\/www.fc.up.pt\/faraday\/wp-content\/uploads\/2021\/Textos\/poster_08.pdf\" target=\"_blank\" rel=\"noopener\">Princ\u00edpio de Arquimedes<\/a><\/li>\n<li><a href=\"https:\/\/www.fc.up.pt\/faraday\/wp-content\/uploads\/2021\/Textos\/poster_09.pdf\" target=\"_blank\" rel=\"noopener\">For\u00e7a e movimento<\/a><\/li>\n<\/ul>\n<div id=\"attachment_119\" style=\"width: 310px\" class=\"wp-caption alignnone\"><img loading=\"lazy\" decoding=\"async\" aria-describedby=\"caption-attachment-119\" class=\"size-medium wp-image-119\" src=\"https:\/\/www.fc.up.pt\/faraday\/wp-content\/uploads\/2021\/09\/Fis2005_2-1-300x225.jpg\" alt=\"\" width=\"300\" height=\"225\" srcset=\"https:\/\/www.fc.up.pt\/faraday\/wp-content\/uploads\/2021\/09\/Fis2005_2-1-300x225.jpg 300w, https:\/\/www.fc.up.pt\/faraday\/wp-content\/uploads\/2021\/09\/Fis2005_2-1-768x576.jpg 768w, https:\/\/www.fc.up.pt\/faraday\/wp-content\/uploads\/2021\/09\/Fis2005_2-1-400x300.jpg 400w, https:\/\/www.fc.up.pt\/faraday\/wp-content\/uploads\/2021\/09\/Fis2005_2-1.jpg 800w\" sizes=\"auto, (max-width: 300px) 100vw, 300px\" \/><p id=\"caption-attachment-119\" class=\"wp-caption-text\">Estudantes Faraday no F\u00edsica 2005<\/p><\/div>\n<h2>Estudantes participantes<\/h2>\n<h3>Escola Secund\u00e1ria Fontes Pereira de Melo<\/h3>\n<ul>\n<li>Lu\u00eds Miguel A Moura Paix\u00e3o<\/li>\n<li>Ant\u00f3nio Jos\u00e9 Tedim Sousa Pedrosa<\/li>\n<li>F\u00e1bia Susana Ginja de Carvalho<\/li>\n<li>Ana Catarina Ferreira Magalh\u00e3es<\/li>\n<li>Ana Sofia Torres Baptista<\/li>\n<li>Pedro Henrique Silva Rodrigues<\/li>\n<li>Jo\u00e3o Pedro Torres Tiago Mesquita<\/li>\n<\/ul>\n<h3>Escola Secund\u00e1ria da Maia<\/h3>\n<ul>\n<li>Paulo Alexandre Sousa<\/li>\n<li>Lu\u00eds Miguel Santos Ferreira<\/li>\n<li>Sofia Oliveira<\/li>\n<li>Tiago Miguel Pinto Martins<\/li>\n<li>Romeu Monteiro<\/li>\n<\/ul>\n<h3>Escola Secund\u00e1ria Filipa de Vilhena<\/h3>\n<ul>\n<li>Lu\u00eds David Afonso Alves<\/li>\n<li>Alexandre Manuel Alves dos Santos<\/li>\n<li>Joana Soares Oliveira<\/li>\n<li>Mafalda Francesco<\/li>\n<li>Hugo Fidalgo Martins<\/li>\n<li>Ricardo Pinto<\/li>\n<\/ul>\n<h3>Escola Secund\u00e1ria Garcia de Orta<\/h3>\n<ul>\n<li>Pedro Campos<\/li>\n<li>Mariana Bartolomeu<\/li>\n<li>Francisca Cavaleiro<\/li>\n<li>Nuno Faria da Silva<\/li>\n<li>Lu\u00eds Leit\u00e3o<\/li>\n<li>Ricardo Alpu\u00edm<\/li>\n<\/ul>\n","protected":false},"excerpt":{"rendered":"<p>O Faraday na F\u00edsica 2005 Cerca de trinta alunos do Projeto Faraday apresentaram Posters com as suas experi\u00eancias no encontro Nacional da Sociedade Portuguesa de F\u00edsica, Alf\u00e2ndega do Porto em Dezembro de 2005. A convite da Comiss\u00e3o Organizadora do encontro &hellip; <a href=\"https:\/\/www.fc.up.pt\/faraday\/fisica-2005\/\">Continuar a ler <span class=\"meta-nav\">&rarr;<\/span><\/a><\/p>\n","protected":false},"author":1,"featured_media":0,"parent":0,"menu_order":0,"comment_status":"closed","ping_status":"closed","template":"","meta":{"_uf_show_specific_survey":0,"_uf_disable_surveys":false,"footnotes":""},"class_list":["post-116","page","type-page","status-publish","hentry"],"_links":{"self":[{"href":"https:\/\/www.fc.up.pt\/faraday\/wp-json\/wp\/v2\/pages\/116","targetHints":{"allow":["GET"]}}],"collection":[{"href":"https:\/\/www.fc.up.pt\/faraday\/wp-json\/wp\/v2\/pages"}],"about":[{"href":"https:\/\/www.fc.up.pt\/faraday\/wp-json\/wp\/v2\/types\/page"}],"author":[{"embeddable":true,"href":"https:\/\/www.fc.up.pt\/faraday\/wp-json\/wp\/v2\/users\/1"}],"replies":[{"embeddable":true,"href":"https:\/\/www.fc.up.pt\/faraday\/wp-json\/wp\/v2\/comments?post=116"}],"version-history":[{"count":8,"href":"https:\/\/www.fc.up.pt\/faraday\/wp-json\/wp\/v2\/pages\/116\/revisions"}],"predecessor-version":[{"id":121,"href":"https:\/\/www.fc.up.pt\/faraday\/wp-json\/wp\/v2\/pages\/116\/revisions\/121"}],"wp:attachment":[{"href":"https:\/\/www.fc.up.pt\/faraday\/wp-json\/wp\/v2\/media?parent=116"}],"curies":[{"name":"wp","href":"https:\/\/api.w.org\/{rel}","templated":true}]}}