{"id":109,"date":"2021-09-20T11:46:44","date_gmt":"2021-09-20T11:46:44","guid":{"rendered":"https:\/\/www.fc.up.pt\/faraday\/?page_id=109"},"modified":"2021-09-20T14:28:18","modified_gmt":"2021-09-20T14:28:18","slug":"mais-informacao","status":"publish","type":"page","link":"https:\/\/www.fc.up.pt\/faraday\/mais-informacao\/","title":{"rendered":"Mais informa\u00e7\u00e3o"},"content":{"rendered":"<h2>Equipa do Projeto<\/h2>\n<p>A coordena\u00e7\u00e3o foi confiada ao Departamento de F\u00edsica da Faculdade de Ci\u00eancias da Universidade do Porto,nas pessoas de<\/p>\n<ul>\n<li>Jo\u00e3o Lopes dos Santos<\/li>\n<li>Manuel Joaquim Marques<\/li>\n<\/ul>\n<p>Os professores (volunt\u00e1rios)\u00a0 que lecionaram as turmas do projeto e de controlo<\/p>\n<ul>\n<li>Anabela Carvalho (ES Garcia de Orta, 12\u00ba)<\/li>\n<li>Carlos Carvalho (ES Garcia de Orta, 12\u00ba, \u00a0 colaborador nos materiais )<\/li>\n<li>Elisa Areeiro (ES Filipa de Vilhena, revisora de textos)<\/li>\n<li>Fernanda Vasconcelos (ES S. Maria da Feira)<\/li>\n<li>Gra\u00e7a Pizarro Almeida (ES Garcia de Orta)<\/li>\n<li>Lu\u00edsa Carqueja (ES Fontes Pereira de Melo)<\/li>\n<li>M. Astride Brito (ES ES Filipa de Vilhena)<\/li>\n<li>M. Augusta A. Costa (ES Fontes Pereira de Melo, 10\u00ba ano)<\/li>\n<li>Maria Jos\u00e9 Amaral (ES Maia)<\/li>\n<li>Paula Leit\u00e3o (ES Filipa de Vilhena)<\/li>\n<li>Piedade Torres (ES S. Maria da Feira)<\/li>\n<li>Rita Borges de Sousa (ES Garcia de Orta)<\/li>\n<\/ul>\n<h2>Comiss\u00e3o de Acompanhamento<\/h2>\n<p>O Servi\u00e7o de Educa\u00e7\u00e3o e Bolsas da Funda\u00e7\u00e3o Gulbenkian constituiu uma comiss\u00e3o de acompanhamento do Projeto constitu\u00edda pelos professores:<\/p>\n<ul>\n<li>Ant\u00f3nio Alberto Gon\u00e7alves da Silva (ISPP, Porto)<\/li>\n<li>Augusto Barroso (FCUL, Lisboa)<\/li>\n<li>Jorge Dias de Deus (IST, Lisboa)<\/li>\n<li>Jos\u00e9 Moreira de Ara\u00fajo (UP, Porto)<\/li>\n<li>Maria Jos\u00e9 Almeida (UC, Coimbra)<\/li>\n<li>Nuno Peres (UM, Braga)<\/li>\n<\/ul>\n<h2>Comiss\u00e3o Externa<\/h2>\n<p>Dois ano ap\u00f3s a conclus\u00e3o do projeto a Funda\u00e7\u00e3o Gulbenkian nomeou uma comiss\u00e3o externa<\/p>\n<ul>\n<li>Adelaide Amaro Rebelo<\/li>\n<li>Ana Maria Eir\u00f3<\/li>\n<li>Carlos Matos Ferreira,<\/li>\n<\/ul>\n<p>que ouviu a equipa do projecto, professores e estudantes participantes,\u00a0 e elaborou um relat\u00f3rio final de avalia\u00e7\u00e3o.<\/p>\n<p><a href=\"https:\/\/www.fc.up.pt\/faraday\/wp-content\/uploads\/2021\/Textos\/RelatorioComissaoExterna.pdf\" target=\"_blank\" rel=\"noopener\">Relat\u00f3rio da Comiss\u00e3o Externa<\/a><\/p>\n<h2>Relat\u00f3rios<\/h2>\n<p><a href=\"https:\/\/www.fc.up.pt\/faraday\/wp-content\/uploads\/2021\/Textos\/relatorio_final_faraday.pdf\" target=\"_blank\" rel=\"noopener\">Relat\u00f3rio Final<\/a> da equipe do projecto<\/p>\n<p>&nbsp;<\/p>\n","protected":false},"excerpt":{"rendered":"<p>Equipa do Projeto A coordena\u00e7\u00e3o foi confiada ao Departamento de F\u00edsica da Faculdade de Ci\u00eancias da Universidade do Porto,nas pessoas de Jo\u00e3o Lopes dos Santos Manuel Joaquim Marques Os professores (volunt\u00e1rios)\u00a0 que lecionaram as turmas do projeto e de controlo &hellip; <a href=\"https:\/\/www.fc.up.pt\/faraday\/mais-informacao\/\">Continuar a ler <span class=\"meta-nav\">&rarr;<\/span><\/a><\/p>\n","protected":false},"author":1,"featured_media":0,"parent":0,"menu_order":0,"comment_status":"closed","ping_status":"closed","template":"","meta":{"_uf_show_specific_survey":0,"_uf_disable_surveys":false,"footnotes":""},"class_list":["post-109","page","type-page","status-publish","hentry"],"_links":{"self":[{"href":"https:\/\/www.fc.up.pt\/faraday\/wp-json\/wp\/v2\/pages\/109","targetHints":{"allow":["GET"]}}],"collection":[{"href":"https:\/\/www.fc.up.pt\/faraday\/wp-json\/wp\/v2\/pages"}],"about":[{"href":"https:\/\/www.fc.up.pt\/faraday\/wp-json\/wp\/v2\/types\/page"}],"author":[{"embeddable":true,"href":"https:\/\/www.fc.up.pt\/faraday\/wp-json\/wp\/v2\/users\/1"}],"replies":[{"embeddable":true,"href":"https:\/\/www.fc.up.pt\/faraday\/wp-json\/wp\/v2\/comments?post=109"}],"version-history":[{"count":5,"href":"https:\/\/www.fc.up.pt\/faraday\/wp-json\/wp\/v2\/pages\/109\/revisions"}],"predecessor-version":[{"id":115,"href":"https:\/\/www.fc.up.pt\/faraday\/wp-json\/wp\/v2\/pages\/109\/revisions\/115"}],"wp:attachment":[{"href":"https:\/\/www.fc.up.pt\/faraday\/wp-json\/wp\/v2\/media?parent=109"}],"curies":[{"name":"wp","href":"https:\/\/api.w.org\/{rel}","templated":true}]}}