{"id":68,"date":"2021-07-23T13:23:55","date_gmt":"2021-07-23T12:23:55","guid":{"rendered":"https:\/\/www.fc.up.pt\/dfa\/?page_id=68"},"modified":"2021-11-18T18:22:07","modified_gmt":"2021-11-18T18:22:07","slug":"mapa","status":"publish","type":"page","link":"https:\/\/www.fc.up.pt\/dfa\/noticias\/mapa\/","title":{"rendered":"Mapa do Site"},"content":{"rendered":"\n<figure class=\"wp-block-table aligncenter is-style-regular\"><table class=\"has-fixed-layout\"><tbody><tr><td><strong><div class=\"wsp-container\"><h2 class=\"wsp-pages-title\">Pages<\/h2>\n<ul class=\"wsp-pages-list\">\n<li class=\"page_item page-item-109 page_item_has_children\"><a href=\"https:\/\/www.fc.up.pt\/dfa\/noticias\/\">Not\u00edcias<\/a>\n<ul class='children'>\n\t<li class=\"page_item page-item-68\"><a href=\"https:\/\/www.fc.up.pt\/dfa\/noticias\/mapa\/\">Mapa do Site<\/a><\/li>\n\t<li class=\"page_item page-item-430 page_item_has_children\"><a href=\"https:\/\/www.fc.up.pt\/dfa\/noticias\/contactos\/\">Contactos<\/a>\n\t<ul class='children'>\n\t\t<li class=\"page_item page-item-241\"><a href=\"https:\/\/www.fc.up.pt\/dfa\/noticias\/contactos\/localizacao\/\">Localiza\u00e7\u00e3o<\/a><\/li>\n\t<\/ul>\n<\/li>\n\t<li class=\"page_item page-item-3\"><a href=\"https:\/\/www.fc.up.pt\/dfa\/noticias\/privacidade\/\">Privacidade &#038; Cr\u00e9ditos<\/a><\/li>\n<\/ul>\n<\/li>\n<li class=\"page_item page-item-2 page_item_has_children\"><a href=\"https:\/\/www.fc.up.pt\/dfa\/\">Departamento<\/a>\n<ul class='children'>\n\t<li class=\"page_item page-item-286\"><a href=\"https:\/\/www.fc.up.pt\/dfa\/departamento\/descricao\/\">Miss\u00e3o e Hist\u00f3ria<\/a><\/li>\n\t<li class=\"page_item page-item-15 page_item_has_children\"><a href=\"https:\/\/www.fc.up.pt\/dfa\/departamento\/equipa\/\">Equipa<\/a>\n\t<ul class='children'>\n\t\t<li class=\"page_item page-item-835 page_item_has_children\"><a href=\"https:\/\/www.fc.up.pt\/dfa\/departamento\/equipa\/docentes\/\">Docentes<\/a>\n\t\t<ul class='children'>\n\t\t\t<li class=\"page_item page-item-301\"><a href=\"https:\/\/www.fc.up.pt\/dfa\/departamento\/equipa\/docentes\/docentes-anteriores\/\">Antigos Docentes<\/a><\/li>\n\t\t\t<li class=\"page_item page-item-1491\"><a href=\"https:\/\/www.fc.up.pt\/dfa\/departamento\/equipa\/docentes\/docentes-convidados\/\">Docentes Convidados<\/a><\/li>\n\t\t<\/ul>\n<\/li>\n\t\t<li class=\"page_item page-item-1301\"><a href=\"https:\/\/www.fc.up.pt\/dfa\/departamento\/equipa\/tecnicos\/\">T\u00e9cnicos<\/a><\/li>\n\t\t<li class=\"page_item page-item-1175\"><a href=\"https:\/\/www.fc.up.pt\/dfa\/departamento\/equipa\/investigadores\/\">Investigadores<\/a><\/li>\n\t<\/ul>\n<\/li>\n\t<li class=\"page_item page-item-306 page_item_has_children\"><a href=\"https:\/\/www.fc.up.pt\/dfa\/departamento\/gestao-departamental\/\">Gest\u00e3o<\/a>\n\t<ul class='children'>\n\t\t<li class=\"page_item page-item-408\"><a href=\"https:\/\/www.fc.up.pt\/dfa\/departamento\/gestao-departamental\/historico-de-diretores\/\">Hist\u00f3rico de Diretores<\/a><\/li>\n\t<\/ul>\n<\/li>\n<\/ul>\n<\/li>\n<li class=\"page_item page-item-50 page_item_has_children\"><a href=\"https:\/\/www.fc.up.pt\/dfa\/formacao\/\">Forma\u00e7\u00e3o<\/a>\n<ul class='children'>\n\t<li class=\"page_item page-item-380\"><a href=\"https:\/\/www.fc.up.pt\/dfa\/formacao\/areas-disciplinares\/\">\u00c1reas disciplinares<\/a><\/li>\n\t<li class=\"page_item page-item-357\"><a href=\"https:\/\/www.fc.up.pt\/dfa\/formacao\/cursos\/\">Cursos<\/a><\/li>\n\t<li class=\"page_item page-item-402\"><a href=\"https:\/\/www.fc.up.pt\/dfa\/formacao\/laboratorios-de-ensino\/\">Laborat\u00f3rios de Ensino<\/a><\/li>\n\t<li class=\"page_item page-item-521\"><a href=\"https:\/\/www.fc.up.pt\/dfa\/formacao\/estudantes\/\">Estudantes &#038; Graduados<\/a><\/li>\n<\/ul>\n<\/li>\n<li class=\"page_item page-item-10 page_item_has_children\"><a href=\"https:\/\/www.fc.up.pt\/dfa\/investigacao\/\">Investiga\u00e7\u00e3o<\/a>\n<ul class='children'>\n\t<li class=\"page_item page-item-530\"><a href=\"https:\/\/www.fc.up.pt\/dfa\/investigacao\/institutos-id\/\">Institutos de I&#038;D<\/a><\/li>\n\t<li class=\"page_item page-item-535 page_item_has_children\"><a href=\"https:\/\/www.fc.up.pt\/dfa\/investigacao\/areas-cientificas\/\">\u00c1reas Cient\u00edficas<\/a>\n\t<ul class='children'>\n\t\t<li class=\"page_item page-item-62\"><a href=\"https:\/\/www.fc.up.pt\/dfa\/investigacao\/areas-cientificas\/astronomia\/\">Astronomia<\/a><\/li>\n\t\t<li class=\"page_item page-item-225\"><a href=\"https:\/\/www.fc.up.pt\/dfa\/investigacao\/areas-cientificas\/engenharia-fisica\/\">Engenharia F\u00edsica<\/a><\/li>\n\t\t<li class=\"page_item page-item-64\"><a href=\"https:\/\/www.fc.up.pt\/dfa\/investigacao\/areas-cientificas\/fisica\/\">F\u00edsica<\/a><\/li>\n\t<\/ul>\n<\/li>\n\t<li class=\"page_item page-item-532 page_item_has_children\"><a href=\"https:\/\/www.fc.up.pt\/dfa\/investigacao\/producao-cientifica\/\">Resultados<\/a>\n\t<ul class='children'>\n\t\t<li class=\"page_item page-item-1399\"><a href=\"https:\/\/www.fc.up.pt\/dfa\/investigacao\/producao-cientifica\/livros\/\">Livros<\/a><\/li>\n\t<\/ul>\n<\/li>\n\t<li class=\"page_item page-item-3218\"><a href=\"https:\/\/www.fc.up.pt\/dfa\/investigacao\/eventos-cientificos\/\">Eventos Cient\u00edficos<\/a><\/li>\n<\/ul>\n<\/li>\n<li class=\"page_item page-item-214 page_item_has_children\"><a href=\"https:\/\/www.fc.up.pt\/dfa\/comunicacao\/\">Comunica\u00e7\u00e3o<\/a>\n<ul class='children'>\n\t<li class=\"page_item page-item-435 page_item_has_children\"><a href=\"https:\/\/www.fc.up.pt\/dfa\/comunicacao\/divulgacao-escolas\/\">Atividades para as Escolas<\/a>\n\t<ul class='children'>\n\t\t<li class=\"page_item page-item-250\"><a href=\"https:\/\/www.fc.up.pt\/dfa\/comunicacao\/divulgacao-escolas\/sala-eureka\/\">Sala Eureka<\/a><\/li>\n\t\t<li class=\"page_item page-item-426\"><a href=\"https:\/\/www.fc.up.pt\/dfa\/comunicacao\/divulgacao-escolas\/sala-da-razao\/\">Sala da Raz\u00e3o<\/a><\/li>\n\t\t<li class=\"page_item page-item-423\"><a href=\"https:\/\/www.fc.up.pt\/dfa\/comunicacao\/divulgacao-escolas\/sala-do-futuro\/\">Sala do Futuro<\/a><\/li>\n\t<\/ul>\n<\/li>\n\t<li class=\"page_item page-item-1985 page_item_has_children\"><a href=\"https:\/\/www.fc.up.pt\/dfa\/comunicacao\/acoes-e-eventos\/\">A\u00e7\u00f5es e eventos<\/a>\n\t<ul class='children'>\n\t\t<li class=\"page_item page-item-5592 page_item_has_children\"><a href=\"https:\/\/www.fc.up.pt\/dfa\/comunicacao\/acoes-e-eventos\/hands-on-medical-physics-particle-therapy\/\">Hands-on medical physics \u2013 particle therapy<\/a>\n\t\t<ul class='children'>\n\t\t\t<li class=\"page_item page-item-5908\"><a href=\"https:\/\/www.fc.up.pt\/dfa\/comunicacao\/acoes-e-eventos\/hands-on-medical-physics-particle-therapy\/cern-masterclasses-fisica-medica-porto-2026\/\">CERN Masterclasses F\u00edsica M\u00e9dica &#8211; Porto 2026<\/a><\/li>\n\t\t\t<li class=\"page_item page-item-5587\"><a href=\"https:\/\/www.fc.up.pt\/dfa\/comunicacao\/acoes-e-eventos\/hands-on-medical-physics-particle-therapy\/masterclasses-fisica-medica-porto-2025\/\">CERN Masterclasses F\u00edsica M\u00e9dica &#8211; Porto 2025<\/a><\/li>\n\t\t<\/ul>\n<\/li>\n\t\t<li class=\"page_item page-item-255 page_item_has_children\"><a href=\"https:\/\/www.fc.up.pt\/dfa\/comunicacao\/acoes-e-eventos\/evf\/\">Escola de Ver\u00e3o de F\u00edsica<\/a>\n\t\t<ul class='children'>\n\t\t\t<li class=\"page_item page-item-3318\"><a href=\"https:\/\/www.fc.up.pt\/dfa\/comunicacao\/acoes-e-eventos\/evf\/edicoes-da-escola-de-verao-de-fisica\/\">Edi\u00e7\u00f5es da Escola de Ver\u00e3o de F\u00edsica<\/a><\/li>\n\t\t<\/ul>\n<\/li>\n\t\t<li class=\"page_item page-item-253 page_item_has_children\"><a href=\"https:\/\/www.fc.up.pt\/dfa\/comunicacao\/acoes-e-eventos\/cern-masterclass\/\">CERN Masterclass<\/a>\n\t\t<ul class='children'>\n\t\t\t<li class=\"page_item page-item-5896\"><a href=\"https:\/\/www.fc.up.pt\/dfa\/comunicacao\/acoes-e-eventos\/cern-masterclass\/2026-masterclasses-de-fisica-de-particulas\/\">2026 | Masterclasses de F\u00edsica de Part\u00edculas<\/a><\/li>\n\t\t\t<li class=\"page_item page-item-4465\"><a href=\"https:\/\/www.fc.up.pt\/dfa\/comunicacao\/acoes-e-eventos\/cern-masterclass\/2023-cern-masterclass\/\">2023 | CERN MasterClass<\/a><\/li>\n\t\t\t<li class=\"page_item page-item-5579\"><a href=\"https:\/\/www.fc.up.pt\/dfa\/comunicacao\/acoes-e-eventos\/cern-masterclass\/2025-masterclasses-de-fisica-de-particulas\/\">2025 | Masterclasses de F\u00edsica de Part\u00edculas<\/a><\/li>\n\t\t\t<li class=\"page_item page-item-5198\"><a href=\"https:\/\/www.fc.up.pt\/dfa\/comunicacao\/acoes-e-eventos\/cern-masterclass\/2024-cern-masterclass\/\">2024 | CERN MasterClass<\/a><\/li>\n\t\t\t<li class=\"page_item page-item-3009\"><a href=\"https:\/\/www.fc.up.pt\/dfa\/comunicacao\/acoes-e-eventos\/cern-masterclass\/2022-cern-mastersclass\/\">2022 | CERN MasterClass<\/a><\/li>\n\t\t<\/ul>\n<\/li>\n\t\t<li class=\"page_item page-item-4635\"><a href=\"https:\/\/www.fc.up.pt\/dfa\/comunicacao\/acoes-e-eventos\/dias-da-fisica-29-e-30-de-marco-2023\/\">DIAS DA F\u00cdSICA (29 e 30 de mar\u00e7o, 2023)<\/a><\/li>\n\t\t<li class=\"page_item page-item-5290\"><a href=\"https:\/\/www.fc.up.pt\/dfa\/comunicacao\/acoes-e-eventos\/dias-da-fisica-2a-edicao\/\">DIAS DA F\u00cdSICA (21 e 22 de mar\u00e7o, 2024)<\/a><\/li>\n\t\t<li class=\"page_item page-item-5700\"><a href=\"https:\/\/www.fc.up.pt\/dfa\/comunicacao\/acoes-e-eventos\/dias-da-fisica-8-e-9-de-abril-de-2025\/\">DIAS DA F\u00cdSICA (8 e 9 de abril de 2025)<\/a><\/li>\n\t<\/ul>\n<\/li>\n\t<li class=\"page_item page-item-1051 page_item_has_children\"><a href=\"https:\/\/www.fc.up.pt\/dfa\/comunicacao\/presenca-nos-media\/\">Presen\u00e7a nos media<\/a>\n\t<ul class='children'>\n\t\t<li class=\"page_item page-item-3109\"><a href=\"https:\/\/www.fc.up.pt\/dfa\/comunicacao\/presenca-nos-media\/arquivo-presenca-nos-media\/\">Arquivo | Presen\u00e7a nos media<\/a><\/li>\n\t<\/ul>\n<\/li>\n\t<li class=\"page_item page-item-1199\"><a href=\"https:\/\/www.fc.up.pt\/dfa\/comunicacao\/artigos_material\/\">Artigos e material<\/a><\/li>\n<\/ul>\n<\/li>\n<li class=\"page_item page-item-246 page_item_has_children\"><a href=\"https:\/\/www.fc.up.pt\/dfa\/services\/\">Transfer\u00eancia<\/a>\n<ul class='children'>\n\t<li class=\"page_item page-item-248\"><a href=\"https:\/\/www.fc.up.pt\/dfa\/services\/oficinas\/\">Oficinas<\/a><\/li>\n\t<li class=\"page_item page-item-415\"><a href=\"https:\/\/www.fc.up.pt\/dfa\/services\/prestacao-de-servicos\/\">Presta\u00e7\u00e3o de servi\u00e7os<\/a><\/li>\n<\/ul>\n<\/li>\n<\/ul>\n<\/div><\/strong><\/td><td class=\"has-text-align-left\" data-align=\"left\"><strong>Not\u00edcias organizadas por <em>Categoria<\/em> ou por <em>Etiqueta<\/em>:<\/strong><br><br><br><strong><div class=\"wsp-container\"><h2 class=\"wsp-categories-title\">Categories<\/h2>\n<ul class=\"wsp-categories-list\">\n\t<li><a href=\"https:\/\/www.fc.up.pt\/dfa\/noticias\/category\/com\/\">Comunica\u00e7\u00e3o<\/a><\/li>\n\t<li><a href=\"https:\/\/www.fc.up.pt\/dfa\/noticias\/category\/dep\/\">Departamento<\/a><\/li>\n\t<li><a href=\"https:\/\/www.fc.up.pt\/dfa\/noticias\/category\/not\/destaque\/\">Destaque<\/a><\/li>\n\t<li><a href=\"https:\/\/www.fc.up.pt\/dfa\/noticias\/category\/form\/\">Forma\u00e7\u00e3o<\/a><\/li>\n\t<li><a href=\"https:\/\/www.fc.up.pt\/dfa\/noticias\/category\/inv\/\">Investiga\u00e7\u00e3o<\/a><\/li>\n\t<li><a href=\"https:\/\/www.fc.up.pt\/dfa\/noticias\/category\/not\/\">Noticias<\/a><\/li>\n\t<li><a href=\"https:\/\/www.fc.up.pt\/dfa\/noticias\/category\/transfer\/\">Transfer\u00eancia<\/a><\/li>\n<\/ul>\n<\/div><\/strong><br><br><br><strong><div class=\"wsp-container\"><h2 class=\"wsp-tags-title\">Tags<\/h2>\n<ul class=\"wsp-tags-list\">\n\t<li><a href=\"https:\/\/www.fc.up.pt\/dfa\/noticias\/tag\/anuncio\/\">An\u00fancios<\/a><\/li>\n\t<li><a href=\"https:\/\/www.fc.up.pt\/dfa\/noticias\/tag\/cursos\/\">Cursos<\/a><\/li>\n\t<li><a href=\"https:\/\/www.fc.up.pt\/dfa\/noticias\/tag\/equipa\/\">Equipa<\/a><\/li>\n\t<li><a href=\"https:\/\/www.fc.up.pt\/dfa\/noticias\/tag\/estud\/\">Estudantes \/ Alums<\/a><\/li>\n\t<li><a href=\"https:\/\/www.fc.up.pt\/dfa\/noticias\/tag\/evento\/\">Evento Cient\u00edfico<\/a><\/li>\n\t<li><a href=\"https:\/\/www.fc.up.pt\/dfa\/noticias\/tag\/div\/\">Evento Divulga\u00e7\u00e3o<\/a><\/li>\n\t<li><a href=\"https:\/\/www.fc.up.pt\/dfa\/noticias\/tag\/palestra\/\">Palestras<\/a><\/li>\n\t<li><a href=\"https:\/\/www.fc.up.pt\/dfa\/noticias\/tag\/premios\/\">Pr\u00e9mios<\/a><\/li>\n\t<li><a href=\"https:\/\/www.fc.up.pt\/dfa\/noticias\/tag\/proj\/\">Projetos \/ Programas<\/a><\/li>\n\t<li><a href=\"https:\/\/www.fc.up.pt\/dfa\/noticias\/tag\/resul\/\">Resultados<\/a><\/li>\n\t<li><a href=\"https:\/\/www.fc.up.pt\/dfa\/noticias\/tag\/provas\/\">Teses<\/a><\/li>\n<\/ul>\n<\/div><\/strong><\/td><\/tr><\/tbody><\/table><\/figure>\n\n\n\n<div class=\"wp-block-group\"><div class=\"wp-block-group__inner-container is-layout-flow wp-block-group-is-layout-flow\"><\/div><\/div>\n\n\n\n<p><\/p>\n","protected":false},"excerpt":{"rendered":"<p>Not\u00edcias organizadas por Categoria ou por Etiqueta:<\/p>\n","protected":false},"author":2,"featured_media":338,"parent":109,"menu_order":2,"comment_status":"closed","ping_status":"closed","template":"","meta":{"footnotes":""},"class_list":["post-68","page","type-page","status-publish","has-post-thumbnail","hentry"],"_links":{"self":[{"href":"https:\/\/www.fc.up.pt\/dfa\/wp-json\/wp\/v2\/pages\/68","targetHints":{"allow":["GET"]}}],"collection":[{"href":"https:\/\/www.fc.up.pt\/dfa\/wp-json\/wp\/v2\/pages"}],"about":[{"href":"https:\/\/www.fc.up.pt\/dfa\/wp-json\/wp\/v2\/types\/page"}],"author":[{"embeddable":true,"href":"https:\/\/www.fc.up.pt\/dfa\/wp-json\/wp\/v2\/users\/2"}],"replies":[{"embeddable":true,"href":"https:\/\/www.fc.up.pt\/dfa\/wp-json\/wp\/v2\/comments?post=68"}],"version-history":[{"count":33,"href":"https:\/\/www.fc.up.pt\/dfa\/wp-json\/wp\/v2\/pages\/68\/revisions"}],"predecessor-version":[{"id":2555,"href":"https:\/\/www.fc.up.pt\/dfa\/wp-json\/wp\/v2\/pages\/68\/revisions\/2555"}],"up":[{"embeddable":true,"href":"https:\/\/www.fc.up.pt\/dfa\/wp-json\/wp\/v2\/pages\/109"}],"wp:featuredmedia":[{"embeddable":true,"href":"https:\/\/www.fc.up.pt\/dfa\/wp-json\/wp\/v2\/media\/338"}],"wp:attachment":[{"href":"https:\/\/www.fc.up.pt\/dfa\/wp-json\/wp\/v2\/media?parent=68"}],"curies":[{"name":"wp","href":"https:\/\/api.w.org\/{rel}","templated":true}]}}