{"id":64,"date":"2021-07-22T16:44:09","date_gmt":"2021-07-22T15:44:09","guid":{"rendered":"https:\/\/www.fc.up.pt\/dfa\/?page_id=64"},"modified":"2022-08-31T17:04:34","modified_gmt":"2022-08-31T16:04:34","slug":"fisica","status":"publish","type":"page","link":"https:\/\/www.fc.up.pt\/dfa\/investigacao\/areas-cientificas\/fisica\/","title":{"rendered":"F\u00edsica"},"content":{"rendered":"\n<p><\/p>\n\n\n\n<h2 class=\"wp-block-heading\">F\u00edsica Experimental<\/h2>\n\n\n\n<p>A investiga\u00e7\u00e3o na \u00e1rea de F\u00edsica Aplicada desenvolve-se principalmente no<a href=\"https:\/\/www.fc.up.pt\/dfa\/investigacao\/institutos-id\/\"><strong>&nbsp;IFIMUP<\/strong><\/a>.  As \u00e1reas de interesse incluem materiais magn\u00e9ticos, diel\u00e9ctricos magneto-el\u00e9ctricos, magnetoresist\u00eancia colossal e \u00f3xidos met\u00e1licos.<\/p>\n\n\n\n<p>Na \u00faltima d\u00e9cada, a unidade investiu em nanotecnologias e tem trabalhado em filmes magn\u00e9ticos, materiais nano-granulares e materiais magn\u00e9ticos nano-estruturados (v\u00e1lvulas de spin, multicamadas e jun\u00e7\u00f5es de efeito de t\u00fanel)<\/p>\n\n\n\n<p>Recentemente orient\u00e1mos o nosso trabalho para a fabrica\u00e7\u00e3o e caracteriza\u00e7\u00e3o de materiais com estruturas artificiais \u00e0 escala do nanometro (10<sup>-9<\/sup>m). Uma outra linha de trabalho s\u00e3o os lasers de impulsos ultra-curtos e suas aplica\u00e7\u00f5es.<\/p>\n\n\n\n<h2 class=\"wp-block-heading\">F\u00edsica Te\u00f3rica<\/h2>\n\n\n\n<p>A investiga\u00e7\u00e3o em F\u00edsica Te\u00f3rica desenvolve-se no&nbsp;<a href=\"https:\/\/www.fc.up.pt\/dfa\/investigacao\/institutos-id\/\"><strong>Centro de F\u00edsica UMUP<\/strong><\/a>. O que nos motiva \u00e9 perceber o Universo em todas as escalas: desde as supercordas (10<sup>-35<\/sup>&nbsp;m ? ) ao comportamento global do Universo (10<sup>26<\/sup>&nbsp;m) passando por tudo o que ocorre \u00e0 nossa escala. <\/p>\n\n\n\n<p>Os t\u00f3picos de interesse do CFP cobrem uma vasta \u00e1rea de assuntos de F\u00edsica Te\u00f3rica.<\/p>\n\n\n\n<ul class=\"wp-block-list\"><li><strong>Mat\u00e9ria Condensada, F\u00edsica Estat\u00edstica e N\u00e3o Linear<\/strong>, focada em sistemas qu\u00e2nticos de mat\u00e9ria condensada, modelos estat\u00edsticos de sistemas complexos e fen\u00f3menos n\u00e3o lineares (\u00f3ptica e condensados de Bose-Einstein);&nbsp;<\/li><\/ul>\n\n\n\n<ul class=\"wp-block-list\"><li><strong>Gravita\u00e7\u00e3o e F\u00edsica de Altas Energias<\/strong>, focada em Gravita\u00e7\u00e3o Cl\u00e1ssica e Qu\u00e2ntica, teoria de cordas e suas aplica\u00e7\u00f5es \u00e0 f\u00edsica de part\u00edculas.<\/li><\/ul>\n\n\n\n<h2 class=\"wp-block-heading\">Ensino e Comunica\u00e7\u00e3o da F\u00edsica<\/h2>\n\n\n\n<p>Em parceria com a UEC o DFA desenvolve investiga\u00e7\u00e3o em ensino da F\u00edsica (n\u00edveis pr\u00e9-universit\u00e1rio e universit\u00e1rio), bem como em v\u00e1rias componentes de comunica\u00e7\u00e3o\/divulga\u00e7\u00e3o da F\u00edsica para p\u00fablicos diversificados.<\/p>\n","protected":false},"excerpt":{"rendered":"<p>F\u00edsica Experimental A investiga\u00e7\u00e3o na \u00e1rea de F\u00edsica Aplicada desenvolve-se principalmente no&nbsp;IFIMUP. As \u00e1reas de interesse incluem materiais magn\u00e9ticos, diel\u00e9ctricos magneto-el\u00e9ctricos, magnetoresist\u00eancia colossal e \u00f3xidos met\u00e1licos. Na \u00faltima d\u00e9cada, a unidade investiu em nanotecnologias e tem trabalhado em filmes magn\u00e9ticos, materiais nano-granulares e materiais magn\u00e9ticos nano-estruturados (v\u00e1lvulas de spin, multicamadas e jun\u00e7\u00f5es de efeito de &hellip;<br \/><a href=\"https:\/\/www.fc.up.pt\/dfa\/investigacao\/areas-cientificas\/fisica\/\" class=\"more-link pen_button pen_element_default pen_icon_arrow_double\">Continue reading <span class=\"screen-reader-text\">F\u00edsica<\/span><\/a><\/p>\n","protected":false},"author":2,"featured_media":508,"parent":535,"menu_order":3,"comment_status":"closed","ping_status":"closed","template":"","meta":{"footnotes":""},"class_list":["post-64","page","type-page","status-publish","has-post-thumbnail","hentry"],"_links":{"self":[{"href":"https:\/\/www.fc.up.pt\/dfa\/wp-json\/wp\/v2\/pages\/64","targetHints":{"allow":["GET"]}}],"collection":[{"href":"https:\/\/www.fc.up.pt\/dfa\/wp-json\/wp\/v2\/pages"}],"about":[{"href":"https:\/\/www.fc.up.pt\/dfa\/wp-json\/wp\/v2\/types\/page"}],"author":[{"embeddable":true,"href":"https:\/\/www.fc.up.pt\/dfa\/wp-json\/wp\/v2\/users\/2"}],"replies":[{"embeddable":true,"href":"https:\/\/www.fc.up.pt\/dfa\/wp-json\/wp\/v2\/comments?post=64"}],"version-history":[{"count":8,"href":"https:\/\/www.fc.up.pt\/dfa\/wp-json\/wp\/v2\/pages\/64\/revisions"}],"predecessor-version":[{"id":4059,"href":"https:\/\/www.fc.up.pt\/dfa\/wp-json\/wp\/v2\/pages\/64\/revisions\/4059"}],"up":[{"embeddable":true,"href":"https:\/\/www.fc.up.pt\/dfa\/wp-json\/wp\/v2\/pages\/535"}],"wp:featuredmedia":[{"embeddable":true,"href":"https:\/\/www.fc.up.pt\/dfa\/wp-json\/wp\/v2\/media\/508"}],"wp:attachment":[{"href":"https:\/\/www.fc.up.pt\/dfa\/wp-json\/wp\/v2\/media?parent=64"}],"curies":[{"name":"wp","href":"https:\/\/api.w.org\/{rel}","templated":true}]}}