{"id":5587,"date":"2024-12-20T09:02:00","date_gmt":"2024-12-20T09:02:00","guid":{"rendered":"https:\/\/www.fc.up.pt\/dfa\/?page_id=5587"},"modified":"2025-12-16T10:38:20","modified_gmt":"2025-12-16T10:38:20","slug":"masterclasses-fisica-medica-porto-2025","status":"publish","type":"page","link":"https:\/\/www.fc.up.pt\/dfa\/comunicacao\/acoes-e-eventos\/hands-on-medical-physics-particle-therapy\/masterclasses-fisica-medica-porto-2025\/","title":{"rendered":"CERN Masterclasses F\u00edsica M\u00e9dica &#8211; Porto 2025"},"content":{"rendered":"\n<p>O Departamento de F\u00edsica e Astronomia da Faculdade de Ci\u00eancias da Universidade do Porto, em colabora\u00e7\u00e3o com o Laborat\u00f3rio de Instrumenta\u00e7\u00e3o e F\u00edsica Experimental de Part\u00edculas (LIP) e a Sociedade Portuguesa de F\u00edsica (SPF), organiza em 2025 a sua primeira edi\u00e7\u00e3o das Masterclasses em F\u00edsica M\u00e9dica &#8211; Terapia com Part\u00edculas.<\/p>\n\n\n\n<p>Nesta 1\u00aa edi\u00e7\u00e3o, ser\u00e1 utilizado o software MatRad para analisar alguns casos de tratamentos de cancro com prot\u00f5es e outras part\u00edculas.<\/p>\n\n\n\n<p>A atividade decorrer\u00e1 no dia <strong>8 de mar\u00e7o de 2025 <\/strong>no Departamento de F\u00edsica e Astronomia, da Faculdade de Ci\u00eancias da Universidade do Porto, na Rua do Campo Alegre, 687,4169-007 Porto.<\/p>\n\n\n\n<p><\/p>\n\n\n\n<p><a href=\"https:\/\/forms.gle\/9Qkk1BwvjCA8YVLE9\">CANDIDATURAS ESTUDANTES<\/a><\/p>\n\n\n\n<p><a href=\"https:\/\/forms.gle\/Y4FejRdMFNhLd1wm9\">INSCRI\u00c7\u00d5ES PROFESSORES<\/a><a href=\"https:\/\/pages.lip.pt\/masterclasses\/objetivos\/\"><\/a><\/p>\n\n\n\n<p>A 1\u00aa edi\u00e7\u00e3o das \u201cMasterClasses F\u00edsica M\u00e9dica \u2013 Porto 2025\u201d no Porto, decorrer\u00e1 a&nbsp;<strong>8 de mar\u00e7o de 2025,&nbsp;<\/strong>no Departamento de F\u00edsica e Astronomia da FCUP, da Faculdade de Ci\u00eancias da Universidade do Porto. Nesta edi\u00e7\u00e3o ser\u00e3o analisados planos de tratamento utilizando o software MatRad, com diferentes tipos de part\u00edculas!<\/p>\n\n\n\n<p><strong>o que s\u00e3o as masterclasses<\/strong><\/p>\n\n\n\n<p>Os participantes nas MasterClasses vivem um dia t\u00edpico da atividade de um f\u00edsico m\u00e9dico:<\/p>\n\n\n\n<p>\u2013 assistem a palestras sobre F\u00edsica das Radia\u00e7\u00f5es, F\u00edsica M\u00e9dica, Protonterapia, e t\u00e9cnicas de an\u00e1lise (<em>a aprendizagem<\/em>);<\/p>\n\n\n\n<p>\u2013 realizam um trabalho de an\u00e1lise em computador utilizando o software MatRad (<em>a an\u00e1lise de dados<\/em>);<\/p>\n\n\n\n<p>\u2013 interv\u00eam numa videoconfer\u00eancia com outros grupos e outros institutos europeus nos quais esta atividade se realiza em simult\u00e2neo, discutindo os resultados das suas an\u00e1lises (<em>a divulga\u00e7\u00e3o, a discuss\u00e3o publica dos resultados e a valida\u00e7\u00e3o do trabalho<\/em>).<\/p>\n\n\n\n<p><strong>quem pode concorrer<\/strong><\/p>\n\n\n\n<p>Podem candidatar-se os estudantes do 11\u00ba e do 12\u00ba ano do ensino secund\u00e1rio, entre os 15 e os 18 anos de idade, que estejam fortemente motivados para a F\u00edsica, e em particular para a F\u00edsica de Part\u00edculas. &nbsp;As vagas est\u00e3o limitadas a 80 participantes.<\/p>\n\n\n\n<p>Os professores que acompanham os estudantes podem mediante inscri\u00e7\u00e3o, participar nalgumas atividades ao longo do dia.<\/p>\n\n\n\n<p>Sugere-se a todos a consulta o material de apoio dispon\u00edvel na p\u00e1gina&nbsp;https:\/\/indico.cern.ch\/event\/840212\/page\/17982-aim<\/p>\n\n\n\n<p><strong>para se inscrever<\/strong><\/p>\n\n\n\n<p><strong><a href=\"https:\/\/forms.gle\/xSu5XG2LF1rnJ54RA\">estudantes<\/a><\/strong><\/p>\n\n\n\n<p><strong><a href=\"https:\/\/forms.gle\/Y4FejRdMFNhLd1wm9\">professores acompanhantes<\/a><\/strong><\/p>\n\n\n\n<p><strong>datas importantes<\/strong><\/p>\n\n\n\n<p>Prazo de inscri\u00e7\u00e3o:\u00a0<strong>at\u00e9 14 de fevereiro de 2025.<\/strong><\/p>\n\n\n\n<p>Comunica\u00e7\u00e3o dos resultados:&nbsp;<strong>21 de fevereiro de 2025.<\/strong><\/p>\n\n\n\n<p>Data do evento:&nbsp;<strong>8 de mar\u00e7o de 2025.<\/strong><\/p>\n\n\n\n<p><strong>Programa<\/strong><\/p>\n\n\n\n<p>08:30-9:10 &nbsp;&nbsp;&nbsp;&nbsp;&nbsp;&nbsp;&nbsp;&nbsp;rece\u00e7\u00e3o e sess\u00e3o de abertura<\/p>\n\n\n\n<p>9:15-11:30 &nbsp;&nbsp;&nbsp;&nbsp;&nbsp;&nbsp;&nbsp; palestras introdut\u00f3rias: F\u00edsica das Radia\u00e7\u00f5es, F\u00edsica M\u00e9dica, e Protonterapia.<\/p>\n\n\n\n<p>11:40-13:00 &nbsp;&nbsp;&nbsp;&nbsp;&nbsp; almo\u00e7o com os cientistas presentes.<\/p>\n\n\n\n<p>13:15-15:00 &nbsp;&nbsp;&nbsp;&nbsp;&nbsp; sess\u00e3o experimental: an\u00e1lise de acontecimentos.<\/p>\n\n\n\n<p>15:00-17:30 &nbsp;&nbsp;&nbsp;&nbsp;&nbsp; v\u00eddeo confer\u00eancia: discuss\u00e3o dos resultados com outros grupos<\/p>\n\n\n\n<p>17:30-18:00 &nbsp;&nbsp;&nbsp;&nbsp; sess\u00e3o de encerramento.<\/p>\n\n\n\n<p><\/p>\n","protected":false},"excerpt":{"rendered":"<p>O Departamento de F\u00edsica e Astronomia da Faculdade de Ci\u00eancias da Universidade do Porto, em colabora\u00e7\u00e3o com o Laborat\u00f3rio de Instrumenta\u00e7\u00e3o e F\u00edsica Experimental de Part\u00edculas (LIP) e a Sociedade Portuguesa de F\u00edsica (SPF), organiza em 2025 a sua primeira edi\u00e7\u00e3o das Masterclasses em F\u00edsica M\u00e9dica &#8211; Terapia com Part\u00edculas. Nesta 1\u00aa edi\u00e7\u00e3o, ser\u00e1 utilizado &hellip;<br \/><a href=\"https:\/\/www.fc.up.pt\/dfa\/comunicacao\/acoes-e-eventos\/hands-on-medical-physics-particle-therapy\/masterclasses-fisica-medica-porto-2025\/\" class=\"more-link pen_button pen_element_default pen_icon_arrow_double\">Continue reading <span class=\"screen-reader-text\">CERN Masterclasses F\u00edsica M\u00e9dica &#8211; Porto 2025<\/span><\/a><\/p>\n","protected":false},"author":3,"featured_media":0,"parent":5592,"menu_order":0,"comment_status":"closed","ping_status":"closed","template":"","meta":{"footnotes":""},"class_list":["post-5587","page","type-page","status-publish","hentry"],"_links":{"self":[{"href":"https:\/\/www.fc.up.pt\/dfa\/wp-json\/wp\/v2\/pages\/5587","targetHints":{"allow":["GET"]}}],"collection":[{"href":"https:\/\/www.fc.up.pt\/dfa\/wp-json\/wp\/v2\/pages"}],"about":[{"href":"https:\/\/www.fc.up.pt\/dfa\/wp-json\/wp\/v2\/types\/page"}],"author":[{"embeddable":true,"href":"https:\/\/www.fc.up.pt\/dfa\/wp-json\/wp\/v2\/users\/3"}],"replies":[{"embeddable":true,"href":"https:\/\/www.fc.up.pt\/dfa\/wp-json\/wp\/v2\/comments?post=5587"}],"version-history":[{"count":6,"href":"https:\/\/www.fc.up.pt\/dfa\/wp-json\/wp\/v2\/pages\/5587\/revisions"}],"predecessor-version":[{"id":5907,"href":"https:\/\/www.fc.up.pt\/dfa\/wp-json\/wp\/v2\/pages\/5587\/revisions\/5907"}],"up":[{"embeddable":true,"href":"https:\/\/www.fc.up.pt\/dfa\/wp-json\/wp\/v2\/pages\/5592"}],"wp:attachment":[{"href":"https:\/\/www.fc.up.pt\/dfa\/wp-json\/wp\/v2\/media?parent=5587"}],"curies":[{"name":"wp","href":"https:\/\/api.w.org\/{rel}","templated":true}]}}