{"id":5579,"date":"2024-12-16T14:34:58","date_gmt":"2024-12-16T14:34:58","guid":{"rendered":"https:\/\/www.fc.up.pt\/dfa\/?page_id=5579"},"modified":"2025-01-09T14:52:05","modified_gmt":"2025-01-09T14:52:05","slug":"2025-masterclasses-de-fisica-de-particulas","status":"publish","type":"page","link":"https:\/\/www.fc.up.pt\/dfa\/comunicacao\/acoes-e-eventos\/cern-masterclass\/2025-masterclasses-de-fisica-de-particulas\/","title":{"rendered":"2025 | Masterclasses de F\u00edsica de Part\u00edculas"},"content":{"rendered":"\n<p>O Departamento de F\u00edsica e Astronomia da Faculdade de Ci\u00eancias da Universidade do Porto e o CERN, em colabora\u00e7\u00e3o com a Sociedade Portuguesa de F\u00edsica (SPF) e o Laborat\u00f3rio de Instrumenta\u00e7\u00e3o e F\u00edsica Experimental de Part\u00edculas (LIP), v\u00eam oferecer a estudantes do ensino secund\u00e1rio a possibilidade de serem F\u00edsicos de Part\u00edculas por um dia; &nbsp;<a href=\"https:\/\/pages.lip.pt\/masterclasses\/objetivos\/\" target=\"_blank\" rel=\"noreferrer noopener\"><strong>MasterClasses \u2013 Com as m\u00e3os nas Part\u00edculas!<\/strong><\/a><\/p>\n\n\n\n<figure class=\"wp-block-image size-full is-resized\"><img loading=\"lazy\" decoding=\"async\" width=\"782\" height=\"384\" src=\"https:\/\/www.fc.up.pt\/dfa\/wp-content\/uploads\/image-11.png\" alt=\"\" class=\"wp-image-5613\" style=\"object-fit:cover;width:923px;height:0px\" srcset=\"https:\/\/www.fc.up.pt\/dfa\/wp-content\/uploads\/image-11.png 782w, https:\/\/www.fc.up.pt\/dfa\/wp-content\/uploads\/image-11-300x147.png 300w, https:\/\/www.fc.up.pt\/dfa\/wp-content\/uploads\/image-11-152x75.png 152w, https:\/\/www.fc.up.pt\/dfa\/wp-content\/uploads\/image-11-768x377.png 768w\" sizes=\"auto, (max-width: 782px) 100vw, 782px\" \/><\/figure>\n\n\n\n<p><a href=\"https:\/\/forms.gle\/cqcgbqHrCSyoVn836\">CANDIDATURAS ESTUDANTES<\/a><\/p>\n\n\n\n<p><a href=\"https:\/\/forms.gle\/1SK7WCV2CqxHbjiN8\">INSCRI\u00c7\u00d5ES PROFESSORES<\/a><a href=\"https:\/\/pages.lip.pt\/masterclasses\/objetivos\/\"><\/a><\/p>\n\n\n\n<p>A 21\u00aa edi\u00e7\u00e3o das \u201cMasterClasses \u2013 Porto 2025\u201d no Porto, decorrer\u00e1 a <strong>5 de abril de 2025, <\/strong>no Departamento de F\u00edsica e Astronomia da FCUP, da Faculdade de Ci\u00eancias da Universidade do Porto. Nesta edi\u00e7\u00e3o ser\u00e3o analisados dados do <strong>Observat\u00f3rio Pierre Auger<\/strong> que investiga os mist\u00e9rios das part\u00edculas mais energ\u00e9ticas do Universo e que atingem a Terra (raios c\u00f3smicos).<\/p>\n\n\n\n<figure class=\"wp-block-image size-full is-resized\"><img loading=\"lazy\" decoding=\"async\" width=\"782\" height=\"384\" src=\"https:\/\/www.fc.up.pt\/dfa\/wp-content\/uploads\/image-12.png\" alt=\"\" class=\"wp-image-5614\" style=\"width:923px;height:auto\" srcset=\"https:\/\/www.fc.up.pt\/dfa\/wp-content\/uploads\/image-12.png 782w, https:\/\/www.fc.up.pt\/dfa\/wp-content\/uploads\/image-12-300x147.png 300w, https:\/\/www.fc.up.pt\/dfa\/wp-content\/uploads\/image-12-152x75.png 152w, https:\/\/www.fc.up.pt\/dfa\/wp-content\/uploads\/image-12-768x377.png 768w\" sizes=\"auto, (max-width: 782px) 100vw, 782px\" \/><\/figure>\n\n\n\n<p class=\"has-medium-font-size\"><strong><mark style=\"background-color:rgba(0, 0, 0, 0)\" class=\"has-inline-color has-black-color\">o que s\u00e3o as masterclasses<\/mark><\/strong><\/p>\n\n\n\n<p>Os participantes nas MasterClasses vivem um dia t\u00edpico da atividade de um F\u00edsico de Part\u00edculas:<\/p>\n\n\n\n<p>&#8211; assistem a palestras sobre F\u00edsica de Part\u00edculas e sobre t\u00e9cnicas de an\u00e1lise de acontecimentos (<em>a aprendizagem<\/em>);<\/p>\n\n\n\n<p>&#8211; realizam um trabalho de an\u00e1lise em computador de dados das experi\u00eancias Observat\u00f3rio Pierre Auger (<em>a an\u00e1lise de dados<\/em>);<\/p>\n\n\n\n<p>&#8211; interv\u00eam numa videoconfer\u00eancia com outros grupos e outros institutos europeus nos quais esta atividade se realiza em simult\u00e2neo, discutindo os resultados das suas an\u00e1lises (<em>a divulga\u00e7\u00e3o, a discuss\u00e3o publica dos resultados e a valida\u00e7\u00e3o do trabalho<\/em>).<\/p>\n\n\n\n<p class=\"has-medium-font-size\"><strong><mark style=\"background-color:rgba(0, 0, 0, 0)\" class=\"has-inline-color has-black-color\">quem pode concorrer<\/mark><\/strong><\/p>\n\n\n\n<p>Podem candidatar-se os estudantes do 11\u00ba e do 12\u00ba ano do ensino secund\u00e1rio, entre os 15 e os 18 anos de idade, que estejam fortemente motivados para a F\u00edsica, e em particular para a F\u00edsica de Part\u00edculas. &nbsp;As vagas est\u00e3o limitadas a 80 participantes.<\/p>\n\n\n\n<p>Os professores que acompanham os estudantes podem mediante inscri\u00e7\u00e3o, participar nalgumas atividades ao longo do dia.<\/p>\n\n\n\n<p>Sugere-se a todos a consulta o material de apoio dispon\u00edvel na p\u00e1gina <a href=\"https:\/\/physicsmasterclasses.org\/\">https:\/\/physicsmasterclasses.org\/<\/a><\/p>\n\n\n\n<p class=\"has-medium-font-size\"><strong><mark style=\"background-color:rgba(0, 0, 0, 0)\" class=\"has-inline-color has-black-color\">para se inscrever<\/mark><\/strong><\/p>\n\n\n\n<p><strong><a href=\"https:\/\/forms.gle\/wvxXgCXi7cVzYsUK8\">estudantes<\/a><\/strong><\/p>\n\n\n\n<p><strong><a href=\"https:\/\/forms.gle\/1SK7WCV2CqxHbjiN8\">professores acompanhantes<\/a><\/strong><\/p>\n\n\n\n<h2 class=\"wp-block-heading has-medium-font-size\"><strong><mark style=\"background-color:rgba(0, 0, 0, 0)\" class=\"has-inline-color has-black-color\">datas importantes<\/mark><\/strong><\/h2>\n\n\n\n<p>Prazo de inscri\u00e7\u00e3o: <mark style=\"background-color:rgba(0, 0, 0, 0)\" class=\"has-inline-color has-black-color\"><strong>at\u00e9 28 de fevereiro de 2025.<\/strong><\/mark><\/p>\n\n\n\n<p>Comunica\u00e7\u00e3o dos resultados: <mark style=\"background-color:rgba(0, 0, 0, 0)\" class=\"has-inline-color has-black-color\"><strong>7 de mar\u00e7o de 2025.<\/strong><\/mark><\/p>\n\n\n\n<p>Data do evento: <mark style=\"background-color:rgba(0, 0, 0, 0)\" class=\"has-inline-color has-black-color\"><strong>5 de abril de 2025.<\/strong><\/mark><\/p>\n\n\n\n<p class=\"has-medium-font-size\"><mark style=\"background-color:rgba(0, 0, 0, 0)\" class=\"has-inline-color has-black-color\"><strong>Programa<\/strong><\/mark><\/p>\n\n\n\n<p>08:30-9:10 &nbsp;&nbsp;&nbsp;&nbsp;&nbsp;&nbsp;&nbsp;&nbsp;rece\u00e7\u00e3o e sess\u00e3o de abertura<\/p>\n\n\n\n<p>9:15-11:30 &nbsp;&nbsp;&nbsp;&nbsp;&nbsp;&nbsp;&nbsp; palestras introdut\u00f3rias: F\u00edsica de Part\u00edculas, aceleradores e detetores.<\/p>\n\n\n\n<p>11:40-13:00 &nbsp;&nbsp;&nbsp;&nbsp;&nbsp; almo\u00e7o com os cientistas presentes.<\/p>\n\n\n\n<p>13:15-15:00 &nbsp;&nbsp;&nbsp;&nbsp;&nbsp; sess\u00e3o experimental: an\u00e1lise de acontecimentos.<\/p>\n\n\n\n<p>15:00-17:30 &nbsp;&nbsp;&nbsp;&nbsp;&nbsp; v\u00eddeo confer\u00eancia: discuss\u00e3o dos resultados com outros grupos<\/p>\n\n\n\n<p>17:30-18:00 &nbsp;&nbsp;&nbsp;&nbsp; sess\u00e3o de encerramento.<\/p>\n\n\n\n<p><\/p>\n","protected":false},"excerpt":{"rendered":"<p>O Departamento de F\u00edsica e Astronomia da Faculdade de Ci\u00eancias da Universidade do Porto e o CERN, em colabora\u00e7\u00e3o com a Sociedade Portuguesa de F\u00edsica (SPF) e o Laborat\u00f3rio de Instrumenta\u00e7\u00e3o e F\u00edsica Experimental de Part\u00edculas (LIP), v\u00eam oferecer a estudantes do ensino secund\u00e1rio a possibilidade de serem F\u00edsicos de Part\u00edculas por um dia; &nbsp;MasterClasses &hellip;<br \/><a href=\"https:\/\/www.fc.up.pt\/dfa\/comunicacao\/acoes-e-eventos\/cern-masterclass\/2025-masterclasses-de-fisica-de-particulas\/\" class=\"more-link pen_button pen_element_default pen_icon_arrow_double\">Continue reading <span class=\"screen-reader-text\">2025 | Masterclasses de F\u00edsica de Part\u00edculas<\/span><\/a><\/p>\n","protected":false},"author":3,"featured_media":0,"parent":253,"menu_order":0,"comment_status":"closed","ping_status":"closed","template":"","meta":{"footnotes":""},"class_list":["post-5579","page","type-page","status-publish","hentry"],"_links":{"self":[{"href":"https:\/\/www.fc.up.pt\/dfa\/wp-json\/wp\/v2\/pages\/5579","targetHints":{"allow":["GET"]}}],"collection":[{"href":"https:\/\/www.fc.up.pt\/dfa\/wp-json\/wp\/v2\/pages"}],"about":[{"href":"https:\/\/www.fc.up.pt\/dfa\/wp-json\/wp\/v2\/types\/page"}],"author":[{"embeddable":true,"href":"https:\/\/www.fc.up.pt\/dfa\/wp-json\/wp\/v2\/users\/3"}],"replies":[{"embeddable":true,"href":"https:\/\/www.fc.up.pt\/dfa\/wp-json\/wp\/v2\/comments?post=5579"}],"version-history":[{"count":7,"href":"https:\/\/www.fc.up.pt\/dfa\/wp-json\/wp\/v2\/pages\/5579\/revisions"}],"predecessor-version":[{"id":5619,"href":"https:\/\/www.fc.up.pt\/dfa\/wp-json\/wp\/v2\/pages\/5579\/revisions\/5619"}],"up":[{"embeddable":true,"href":"https:\/\/www.fc.up.pt\/dfa\/wp-json\/wp\/v2\/pages\/253"}],"wp:attachment":[{"href":"https:\/\/www.fc.up.pt\/dfa\/wp-json\/wp\/v2\/media?parent=5579"}],"curies":[{"name":"wp","href":"https:\/\/api.w.org\/{rel}","templated":true}]}}