{"id":530,"date":"2021-09-14T10:18:09","date_gmt":"2021-09-14T09:18:09","guid":{"rendered":"https:\/\/www.fc.up.pt\/dfa\/?page_id=530"},"modified":"2022-03-10T17:15:36","modified_gmt":"2022-03-10T17:15:36","slug":"institutos-id","status":"publish","type":"page","link":"https:\/\/www.fc.up.pt\/dfa\/investigacao\/institutos-id\/","title":{"rendered":"Institutos de I&#038;D"},"content":{"rendered":"\n<p>A atividade de investiga\u00e7\u00e3o &amp; desenvolvimento tem lugar em colabora\u00e7\u00e3o\/nos&nbsp;<strong><a rel=\"noreferrer noopener\" href=\"https:\/\/sigarra.up.pt\/fcup\/pt\/web_base.gera_pagina?p_pagina=1827\" target=\"_blank\">institutos de investiga\u00e7\u00e3o parceiros<\/a><\/strong>&nbsp;da FCUP com liga\u00e7\u00e3o ao DFA:<\/p>\n\n\n\n<div class=\"wp-block-columns is-layout-flex wp-container-core-columns-is-layout-9d6595d7 wp-block-columns-is-layout-flex\">\n<div class=\"wp-block-column is-layout-flow wp-block-column-is-layout-flow\">\n<div class=\"wp-block-image is-style-rounded\"><figure class=\"aligncenter size-medium\"><a href=\"https:\/\/www.cf-um-up.pt\/\"><img loading=\"lazy\" decoding=\"async\" width=\"300\" height=\"150\" src=\"https:\/\/www.fc.up.pt\/dfa\/wp-content\/uploads\/Tumb_fisica-1-300x150.png\" alt=\"\" class=\"wp-image-976\" srcset=\"https:\/\/www.fc.up.pt\/dfa\/wp-content\/uploads\/Tumb_fisica-1-300x150.png 300w, https:\/\/www.fc.up.pt\/dfa\/wp-content\/uploads\/Tumb_fisica-1-152x76.png 152w, https:\/\/www.fc.up.pt\/dfa\/wp-content\/uploads\/Tumb_fisica-1.png 630w\" sizes=\"auto, (max-width: 300px) 100vw, 300px\" \/><\/a><\/figure><\/div>\n\n\n\n<h4 class=\"has-text-align-center wp-block-heading\"><em>CFUMUP:&nbsp;<\/em><a rel=\"noreferrer noopener\" href=\"https:\/\/www.cf-um-up.pt\" target=\"_blank\">Centro de F\u00edsica das Universidades do Minho e do Porto<\/a> &#8211; CFP<\/h4>\n<\/div>\n\n\n\n<div class=\"wp-block-column is-layout-flow wp-block-column-is-layout-flow\">\n<div class=\"wp-block-image is-style-rounded\"><figure class=\"aligncenter size-medium\"><a href=\"http:\/\/www.iastro.pt\/\"><img loading=\"lazy\" decoding=\"async\" width=\"300\" height=\"150\" src=\"https:\/\/www.fc.up.pt\/dfa\/wp-content\/uploads\/Tumb_astro-1-300x150.png\" alt=\"\" class=\"wp-image-974\" srcset=\"https:\/\/www.fc.up.pt\/dfa\/wp-content\/uploads\/Tumb_astro-1-300x150.png 300w, https:\/\/www.fc.up.pt\/dfa\/wp-content\/uploads\/Tumb_astro-1-152x76.png 152w, https:\/\/www.fc.up.pt\/dfa\/wp-content\/uploads\/Tumb_astro-1.png 630w\" sizes=\"auto, (max-width: 300px) 100vw, 300px\" \/><\/a><\/figure><\/div>\n\n\n\n<h4 class=\"has-text-align-center wp-block-heading\"><em>IA-CAUP:&nbsp;<\/em><strong><a rel=\"noreferrer noopener\" href=\"http:\/\/www.iastro.pt\" target=\"_blank\">Instituto de Astrof\u00edsica e Ci\u00eancias do Espa\u00e7o<\/a>&nbsp;(IA) \u2013&nbsp;<a rel=\"noreferrer noopener\" href=\"http:\/\/www.astro.up.pt\" target=\"_blank\">Centro de Astrof\u00edsica da Universidade do Porto<\/a>&nbsp;(CAUP)<\/strong><\/h4>\n<\/div>\n<\/div>\n\n\n\n<div class=\"wp-block-columns is-layout-flex wp-container-core-columns-is-layout-9d6595d7 wp-block-columns-is-layout-flex\">\n<div class=\"wp-block-column is-layout-flow wp-block-column-is-layout-flow\">\n<div class=\"wp-block-image is-style-rounded\"><figure class=\"aligncenter size-medium\"><a href=\"http:\/\/www.ifimup.up.pt\/\"><img loading=\"lazy\" decoding=\"async\" width=\"300\" height=\"150\" src=\"https:\/\/www.fc.up.pt\/dfa\/wp-content\/uploads\/Tumb_Otica-1-300x150.png\" alt=\"\" class=\"wp-image-977\" srcset=\"https:\/\/www.fc.up.pt\/dfa\/wp-content\/uploads\/Tumb_Otica-1-300x150.png 300w, https:\/\/www.fc.up.pt\/dfa\/wp-content\/uploads\/Tumb_Otica-1-152x76.png 152w, https:\/\/www.fc.up.pt\/dfa\/wp-content\/uploads\/Tumb_Otica-1.png 630w\" sizes=\"auto, (max-width: 300px) 100vw, 300px\" \/><\/a><\/figure><\/div>\n\n\n\n<h4 class=\"has-text-align-center wp-block-heading\"><em>IFIMUP:&nbsp;<\/em><a rel=\"noreferrer noopener\" href=\"http:\/\/www.ifimup.up.pt\/\" target=\"_blank\">Instituto de F\u00edsica dos Materiais Avan\u00e7ados, Nanotecnologia e Fot\u00f3nica da Universidade do Porto<\/a><\/h4>\n<\/div>\n\n\n\n<div class=\"wp-block-column is-layout-flow wp-block-column-is-layout-flow\">\n<div class=\"wp-block-image is-style-rounded\"><figure class=\"aligncenter size-medium\"><a href=\"https:\/\/www.inesctec.pt\/pt\/centros\/cap\"><img loading=\"lazy\" decoding=\"async\" width=\"300\" height=\"150\" src=\"https:\/\/www.fc.up.pt\/dfa\/wp-content\/uploads\/Tumb_Fibras-1-300x150.png\" alt=\"\" class=\"wp-image-975\" srcset=\"https:\/\/www.fc.up.pt\/dfa\/wp-content\/uploads\/Tumb_Fibras-1-300x150.png 300w, https:\/\/www.fc.up.pt\/dfa\/wp-content\/uploads\/Tumb_Fibras-1-152x76.png 152w, https:\/\/www.fc.up.pt\/dfa\/wp-content\/uploads\/Tumb_Fibras-1.png 630w\" sizes=\"auto, (max-width: 300px) 100vw, 300px\" \/><\/a><\/figure><\/div>\n\n\n\n<h4 class=\"has-text-align-center wp-block-heading\"><em>INESC-TEC-CAP:&nbsp;<\/em><a rel=\"noreferrer noopener\" href=\"http:\/\/www.inesctec.pt\/\" target=\"_blank\">Instituto de Engenharia de Sistemas e Computadores, Tecnologia e Ci\u00eancia<\/a><em>&nbsp;(INESC TEC)&nbsp;\u2013&nbsp;<\/em><a rel=\"noreferrer noopener\" href=\"https:\/\/www.inesctec.pt\/pt\/centros\/cap\" target=\"_blank\">Centro de Fot\u00f3nica Aplicada<\/a><em>&nbsp;(CAP)<\/em><\/h4>\n<\/div>\n<\/div>\n\n\n\n<div style=\"height:50px\" aria-hidden=\"true\" class=\"wp-block-spacer\"><\/div>\n\n\n\n<p>H\u00e1 ainda docentes ligados a outros institutos de investiga\u00e7\u00e3o, nomeadamente:<\/p>\n\n\n\n<ul class=\"wp-block-list\"><li><strong>CITEUC<\/strong>: <a rel=\"noreferrer noopener\" href=\"http:\/\/citeuc.pt\/\" target=\"_blank\">Centro de Investiga\u00e7\u00e3o da Terra e do Espa\u00e7o &#8211; Universidade de Coimbra<\/a><\/li><\/ul>\n\n\n\n<ul class=\"wp-block-list\"><li><strong>IPO-Porto-CI<\/strong>: <a rel=\"noreferrer noopener\" href=\"https:\/\/ipoporto.pt\/eu-profissional\/investigacao\/centro-de-investigacao\/\" target=\"_blank\">Centro de Investiga\u00e7\u00e3o do Instituto Portugu\u00eas de Oncologia do Porto<\/a><\/li><\/ul>\n\n\n\n<p><\/p>\n\n\n\n<hr class=\"wp-block-separator has-text-color has-background has-pale-cyan-blue-background-color has-pale-cyan-blue-color is-style-default\"\/>\n\n\n\n<div class=\"wp-block-columns is-layout-flex wp-container-core-columns-is-layout-9d6595d7 wp-block-columns-is-layout-flex\">\n<div class=\"wp-block-column is-layout-flow wp-block-column-is-layout-flow\" style=\"flex-basis:100%\">\n<div class=\"wp-block-columns is-layout-flex wp-container-core-columns-is-layout-9d6595d7 wp-block-columns-is-layout-flex\">\n<div class=\"wp-block-column is-layout-flow wp-block-column-is-layout-flow\" style=\"flex-basis:100%\">\n<div class=\"wp-block-columns is-layout-flex wp-container-core-columns-is-layout-9d6595d7 wp-block-columns-is-layout-flex\">\n<div class=\"wp-block-column is-layout-flow wp-block-column-is-layout-flow\">\n<div class=\"wp-block-buttons is-layout-flex wp-block-buttons-is-layout-flex\">\n<div class=\"wp-block-button is-style-outline is-style-outline--1\"><a class=\"wp-block-button__link\" href=\"https:\/\/www.cf-um-up.pt\/index.php\/outreach-media\/colloquia-seminars\" target=\"_blank\" rel=\"noreferrer noopener\"><strong>CFUMUP News<\/strong><\/a><\/div>\n<\/div>\n<\/div>\n\n\n\n<div class=\"wp-block-column is-layout-flow wp-block-column-is-layout-flow\">\n<div class=\"wp-block-buttons is-layout-flex wp-block-buttons-is-layout-flex\">\n<div class=\"wp-block-button is-style-outline is-style-outline--2\"><a class=\"wp-block-button__link\" href=\"https:\/\/divulgacao.iastro.pt\/en\/news\/\"><strong>IA News<\/strong><\/a><\/div>\n<\/div>\n\n\n\n<p><em>RSS feed:<\/em><\/p>\n\n\n<ul class=\"wp-block-rss\"><li class='wp-block-rss__item'><div class='wp-block-rss__item-title'><a href='https:\/\/divulgacao.iastro.pt\/pt\/2026\/04\/09\/poet\/'>Telesc\u00f3pio \u201cmade in\u201d Portugal inicia opera\u00e7\u00f5es no Chile<\/a><\/div><\/li><li class='wp-block-rss__item'><div class='wp-block-rss__item-title'><a href='https:\/\/divulgacao.iastro.pt\/pt\/2026\/04\/02\/premio-merac\/'>Investigador do IA premiado pela Sociedade Europeia de Astronomia<\/a><\/div><\/li><li class='wp-block-rss__item'><div class='wp-block-rss__item-title'><a href='https:\/\/divulgacao.iastro.pt\/pt\/2026\/03\/13\/alma-galaxias-quiecentes\/'>ALMA revela que gal\u00e1xias \u201cadormecidas\u201d escondem mais vida do que se pensava<\/a><\/div><\/li><li class='wp-block-rss__item'><div class='wp-block-rss__item-title'><a href='https:\/\/divulgacao.iastro.pt\/pt\/2026\/02\/12\/cheops-lhs1903\/'>Cheops descobre exoplaneta de forma\u00e7\u00e3o tardia<\/a><\/div><\/li><li class='wp-block-rss__item'><div class='wp-block-rss__item-title'><a href='https:\/\/divulgacao.iastro.pt\/pt\/2025\/12\/23\/moons\/'>Instituto de Astrof\u00edsica e Ci\u00eancias do Espa\u00e7o prepara a ci\u00eancia que vai abrir novas janelas sobre o Universo<\/a><\/div><\/li><\/ul><\/div>\n\n\n\n<div class=\"wp-block-column is-layout-flow wp-block-column-is-layout-flow\">\n<div class=\"wp-block-buttons is-layout-flex wp-block-buttons-is-layout-flex\">\n<div class=\"wp-block-button is-style-outline is-style-outline--3\"><a class=\"wp-block-button__link\" href=\"https:\/\/sites.google.com\/a\/ifimup.up.pt\/ifimupsite\/news-and-highlights\" target=\"_blank\" rel=\"noreferrer noopener\"><strong>IFIMUP News<\/strong><\/a><\/div>\n<\/div>\n<\/div>\n\n\n\n<div class=\"wp-block-column is-layout-flow wp-block-column-is-layout-flow\">\n<div class=\"wp-block-buttons is-layout-flex wp-block-buttons-is-layout-flex\">\n<div class=\"wp-block-button is-style-outline is-style-outline--4\"><a class=\"wp-block-button__link\" href=\"https:\/\/www.inesctec.pt\/en\/news\" target=\"_blank\" rel=\"noreferrer noopener\"><strong>INESC TEC News<\/strong><\/a><\/div>\n<\/div>\n<\/div>\n<\/div>\n<\/div>\n<\/div>\n<\/div>\n<\/div>\n","protected":false},"excerpt":{"rendered":"<p>A atividade de investiga\u00e7\u00e3o &amp; desenvolvimento tem lugar em colabora\u00e7\u00e3o\/nos&nbsp;institutos de investiga\u00e7\u00e3o parceiros&nbsp;da FCUP com liga\u00e7\u00e3o ao DFA: CFUMUP:&nbsp;Centro de F\u00edsica das Universidades do Minho e do Porto &#8211; CFP IA-CAUP:&nbsp;Instituto de Astrof\u00edsica e Ci\u00eancias do Espa\u00e7o&nbsp;(IA) \u2013&nbsp;Centro de Astrof\u00edsica da Universidade do Porto&nbsp;(CAUP) IFIMUP:&nbsp;Instituto de F\u00edsica dos Materiais Avan\u00e7ados, Nanotecnologia e Fot\u00f3nica da Universidade &hellip;<br \/><a href=\"https:\/\/www.fc.up.pt\/dfa\/investigacao\/institutos-id\/\" class=\"more-link pen_button pen_element_default pen_icon_arrow_double\">Continue reading <span class=\"screen-reader-text\">Institutos de I&#038;D<\/span><\/a><\/p>\n","protected":false},"author":2,"featured_media":335,"parent":10,"menu_order":1,"comment_status":"closed","ping_status":"closed","template":"","meta":{"footnotes":""},"class_list":["post-530","page","type-page","status-publish","has-post-thumbnail","hentry"],"_links":{"self":[{"href":"https:\/\/www.fc.up.pt\/dfa\/wp-json\/wp\/v2\/pages\/530","targetHints":{"allow":["GET"]}}],"collection":[{"href":"https:\/\/www.fc.up.pt\/dfa\/wp-json\/wp\/v2\/pages"}],"about":[{"href":"https:\/\/www.fc.up.pt\/dfa\/wp-json\/wp\/v2\/types\/page"}],"author":[{"embeddable":true,"href":"https:\/\/www.fc.up.pt\/dfa\/wp-json\/wp\/v2\/users\/2"}],"replies":[{"embeddable":true,"href":"https:\/\/www.fc.up.pt\/dfa\/wp-json\/wp\/v2\/comments?post=530"}],"version-history":[{"count":54,"href":"https:\/\/www.fc.up.pt\/dfa\/wp-json\/wp\/v2\/pages\/530\/revisions"}],"predecessor-version":[{"id":3399,"href":"https:\/\/www.fc.up.pt\/dfa\/wp-json\/wp\/v2\/pages\/530\/revisions\/3399"}],"up":[{"embeddable":true,"href":"https:\/\/www.fc.up.pt\/dfa\/wp-json\/wp\/v2\/pages\/10"}],"wp:featuredmedia":[{"embeddable":true,"href":"https:\/\/www.fc.up.pt\/dfa\/wp-json\/wp\/v2\/media\/335"}],"wp:attachment":[{"href":"https:\/\/www.fc.up.pt\/dfa\/wp-json\/wp\/v2\/media?parent=530"}],"curies":[{"name":"wp","href":"https:\/\/api.w.org\/{rel}","templated":true}]}}