{"id":5290,"date":"2024-03-13T12:25:00","date_gmt":"2024-03-13T12:25:00","guid":{"rendered":"https:\/\/www.fc.up.pt\/dfa\/?page_id=5290"},"modified":"2025-04-03T15:39:41","modified_gmt":"2025-04-03T14:39:41","slug":"dias-da-fisica-2a-edicao","status":"publish","type":"page","link":"https:\/\/www.fc.up.pt\/dfa\/comunicacao\/acoes-e-eventos\/dias-da-fisica-2a-edicao\/","title":{"rendered":"DIAS DA F\u00cdSICA (21 e 22 de mar\u00e7o, 2024)"},"content":{"rendered":"\n<figure class=\"wp-block-image size-full\"><img loading=\"lazy\" decoding=\"async\" width=\"1896\" height=\"458\" src=\"https:\/\/www.fc.up.pt\/dfa\/wp-content\/uploads\/banner_DiasFisica-2.jpg\" alt=\"\" class=\"wp-image-4661\" srcset=\"https:\/\/www.fc.up.pt\/dfa\/wp-content\/uploads\/banner_DiasFisica-2.jpg 1896w, https:\/\/www.fc.up.pt\/dfa\/wp-content\/uploads\/banner_DiasFisica-2-300x72.jpg 300w, https:\/\/www.fc.up.pt\/dfa\/wp-content\/uploads\/banner_DiasFisica-2-1260x304.jpg 1260w, https:\/\/www.fc.up.pt\/dfa\/wp-content\/uploads\/banner_DiasFisica-2-152x37.jpg 152w, https:\/\/www.fc.up.pt\/dfa\/wp-content\/uploads\/banner_DiasFisica-2-768x186.jpg 768w, https:\/\/www.fc.up.pt\/dfa\/wp-content\/uploads\/banner_DiasFisica-2-1536x371.jpg 1536w\" sizes=\"auto, (max-width: 1896px) 100vw, 1896px\" \/><\/figure>\n\n\n\n<p>Com vista a dar a conhecer um pouco da atividade cient\u00edfica que se desenvolve no DFA, ir\u00e1 decorrer nos pr\u00f3ximos dias 21 e 22 de mar\u00e7o a 2\u00aa edi\u00e7\u00e3o dos \u201cDias da F\u00edsica\u201d. O objetivo \u00e9 mostrar aos alunos das licenciaturas de F\u00edsica e Engenharia F\u00edsica diferentes percursos profissionais, dentro e fora da vida acad\u00e9mica, que est\u00e3o ao alcance de um estudante de F\u00edsica.<\/p>\n\n\n\n<figure class=\"wp-block-image size-full is-resized is-style-default\"><img loading=\"lazy\" decoding=\"async\" width=\"754\" height=\"683\" src=\"https:\/\/www.fc.up.pt\/dfa\/wp-content\/uploads\/timetable-2.jpg\" alt=\"\" class=\"wp-image-5304\" style=\"aspect-ratio:1.1568627450980393;width:554px;height:auto\" srcset=\"https:\/\/www.fc.up.pt\/dfa\/wp-content\/uploads\/timetable-2.jpg 754w, https:\/\/www.fc.up.pt\/dfa\/wp-content\/uploads\/timetable-2-300x272.jpg 300w, https:\/\/www.fc.up.pt\/dfa\/wp-content\/uploads\/timetable-2-152x138.jpg 152w\" sizes=\"auto, (max-width: 754px) 100vw, 754px\" \/><\/figure>\n\n\n\n<p class=\"has-medium-font-size\"><strong>Inscrevam-se <a href=\"https:\/\/forms.gle\/FuUoAVMjffEiZRjs7\" target=\"_blank\" rel=\"noreferrer noopener\"><mark style=\"background-color:rgba(0, 0, 0, 0);color:#1207e3\" class=\"has-inline-color\">aqui<\/mark><\/a>!<\/strong><\/p>\n\n\n\n<p class=\"has-black-color has-text-color\"><strong><mark style=\"background-color:rgba(0, 0, 0, 0)\" class=\"has-inline-color has-black-color\">Organiza\u00e7\u00e3o: <\/mark><\/strong>Arlete Apolin\u00e1rio, Jorge Martins, Luis Coelho, Maria F\u00e1tima Mota, Miguel Costa, Pedro Teles e Vasco Gon\u00e7alves.<\/p>\n\n\n\n<p class=\"has-medium-font-size\"><strong><mark style=\"background-color:rgba(0, 0, 0, 0);color:#1207e3\" class=\"has-inline-color\">Palestras:<\/mark><\/strong><\/p>\n\n\n\n<div class=\"wp-block-group is-vertical is-layout-flex wp-container-core-group-is-layout-8cf370e7 wp-block-group-is-layout-flex\">\n<p class=\"has-medium-font-size\"><strong><em>\u00c2ngela Santos (IA) &#8211; Rota\u00e7\u00e3o e magnetismo das estrelas<\/em><\/strong><\/p>\n\n\n\n<p>Abstract &#8211; As estrelas, fundamentais na constitui\u00e7\u00e3o das gal\u00e1xias, desempenham um papel essencial na cria\u00e7\u00e3o dos elementos qu\u00edmicos que nos constituem e comp\u00f5em tudo o que vemos. Estrelas, incluindo o nosso Sol, moldam o ambiente ao seu redor, podendo tanto potenciar quanto comprometer a vida nos planetas que as orbitam. Observando apenas a sua luz, podemos aprender sobre elas. As varia\u00e7\u00f5es na luz estelar ao longo do tempo revelam processos f\u00edsicos que ocorrem na atmosfera e no interior das estrelas. Nesta apresenta\u00e7\u00e3o, vou abordar especificamente a rota\u00e7\u00e3o e o magnetismo das estrelas. Usando dados do telesc\u00f3pio espacial Kepler, da NASA, podemos inferir essas propriedades, o que, por sua vez, nos permite compreender melhor a evolu\u00e7\u00e3o estelar. Na verdade, podemos usar a rota\u00e7\u00e3o e atividade magn\u00e9tica das estrelas para estimar a sua idade. Ao estudarmos estrelas semelhantes ao Sol, podemos colocar o Sol em contexto das outras estrelas, e assim aprender mais sobre o passado e o futuro da nossa estrela.<\/p>\n\n\n\n<p class=\"has-medium-font-size\"><strong><em>Catarina Dias (IFIMUP) &#8211; Memristor \u2013 O elemento de circuito perdido<\/em><\/strong><\/p>\n\n\n\n<p>Abstract &#8211; O memristor \u00e9 um componente eletr\u00f3nico inovador, um super-her\u00f3i da eletr\u00f3nica. Imagina uma resist\u00eancia que pode mudar de &#8220;estado&#8221; atrav\u00e9s do fluxo de corrente, sendo essencial em computa\u00e7\u00e3o, mem\u00f3rias e intelig\u00eancia artificial. Isto \u00e9 poss\u00edvel gra\u00e7as \u00e0 nanotecnologia, uma vez que o seu funcionamento se deve a mecanismos a esta escala. O seu tamanho e baixo consumo de energia permitem ainda que possa ser incorporado em gadgets do futuro inteligentes e de alto desempenho. Al\u00e9m disso, permitem novos avan\u00e7os na medicina, rob\u00f3tica e processamento neurom\u00f3rfico. Quem sabe, talvez os memristors, ao imitarem os processos do nosso c\u00e9rebro, nos ajudem na compreens\u00e3o da mente humana e nos levem a novas fronteiras na intelig\u00eancia artificial!&nbsp;<\/p>\n\n\n\n<p class=\"has-medium-font-size\"><strong><em>V\u00edtor Pereira (CFP) &#8211; Teoria qu\u00e2ntica da mat\u00e9ria condensada: a janela que expande a fronteira da f\u00edsica e da tecnologia<\/em><\/strong><\/p>\n\n\n\n<p>Abstract &#8211; O estudo dos mecanismos microsc\u00f3picos que governam o comportamento f\u00edsico t\u00e3o rico e diverso que encontramos ao explorar a mat\u00e9ria que nos rodeia \u00e9 uma fonte incessante de descoberta: descoberta de nova f\u00edsica, de novas propriedades, de novos fen\u00f3menos, de novos estados da mat\u00e9ria, de novos materiais, e tamb\u00e9m a descoberta de novas funcionalidades que, por via da sua aplica\u00e7\u00e3o pr\u00e1tica, mais cedo ou mais tarde, v\u00eam definir as possibilidades e o progresso tecnol\u00f3gico. A riqueza desta \u00e1rea de investiga\u00e7\u00e3o \u00e9 vasta e profunda, desde sempre associada a avan\u00e7os te\u00f3ricos fundamentais que expandem em perman\u00eancia as fronteiras da f\u00edsica. Nesta sess\u00e3o, motivarei os aspectos f\u00edsicos que determinam essa riqueza e diversidade, ilustrando v\u00e1rias das facetas acima com recortes do meu trabalho de investiga\u00e7\u00e3o te\u00f3rica em diferentes sistemas e fen\u00f3menos da mat\u00e9ria condensada.<\/p>\n<\/div>\n\n\n\n<div class=\"wp-block-group is-vertical is-layout-flex wp-container-core-group-is-layout-8cf370e7 wp-block-group-is-layout-flex\">\n<p class=\"has-medium-font-size\"><em><strong>Miguel Correia Ralha (FCUP) &#8211; Pode haver vida em Marte? O problema da radia\u00e7\u00e3o (e como resolv\u00ea-lo)<\/strong><\/em><\/p>\n\n\n\n<p>Abstract &#8211; Na \u00faltima d\u00e9cada, o esp\u00edrito da explora\u00e7\u00e3o espacial voltou e, com ele o objetivo de uma miss\u00e3o tripulada a Marte.<\/p>\n\n\n\n<p>Marte, ao contr\u00e1rio da Terra, n\u00e3o possui um campo magn\u00e9tico, e tem uma atmosfera muito menos densa e rarefeita &#8211; dois escudos protetores extremamente importantes para proteger a vida da radia\u00e7\u00e3o c\u00f3smica. Por estas raz\u00f5es, a exposi\u00e7\u00e3o \u00e0 radia\u00e7\u00e3o na superf\u00edcie de Marte \u00e9 v\u00e1rias ordens de magnitude superior \u00e0 da superf\u00edcie da Terra, o que representa um problema complexo para qualquer miss\u00e3o.<\/p>\n\n\n\n<p>&nbsp;Neste trabalho, o complexo campo de radia\u00e7\u00e3o marciano foi estudado usando uma combina\u00e7\u00e3o de medi\u00e7\u00f5es e c\u00e1lculos com modelos. Foi desenvolvida uma simula\u00e7\u00e3o do ambiente de Marte, usando o software MCNP6, e simulada a propaga\u00e7\u00e3o dos raios c\u00f3smicos gal\u00e1cticos, atrav\u00e9s da atmosfera de Marte at\u00e9 \u00e0 superf\u00edcie. Os espectros de part\u00edculas e taxas de dose calculados na superf\u00edcie do planeta vermelho foram depois comparados com os resultados de outros c\u00f3digos e com as medi\u00e7\u00f5es do Radiation Assessment Detector (RAD), parte integrante do Curiosity Rover em Marte. Os resultados revelaram-se concordantes, validando o nosso modelo.<\/p>\n\n\n\n<p>Em seguida, utilizando simula\u00e7\u00f5es de seres humanos, a dose equivalente efetiva foi determinada para o tempo correspondente aos primeiros seis meses do RAD na superf\u00edcie de Marte. A direccionalidade e as contribui\u00e7\u00f5es de part\u00edculas secund\u00e1rias produzidas por rea\u00e7\u00f5es de espala\u00e7\u00e3o tamb\u00e9m foram avaliadas.<\/p>\n\n\n\n<p>Nesta apresenta\u00e7\u00e3o ser\u00e3o mostrados os principais resultados obtidos neste trabalho,&nbsp; uma discuss\u00e3o dos mesmos assim como o que pretendemos fazer no futuro.<\/p>\n<\/div>\n\n\n\n<div class=\"wp-block-group is-vertical is-layout-flex wp-container-core-group-is-layout-8cf370e7 wp-block-group-is-layout-flex\">\n<div class=\"wp-block-group is-vertical is-layout-flex wp-container-core-group-is-layout-8cf370e7 wp-block-group-is-layout-flex\">\n<p class=\"has-medium-font-size\"><strong><em>Susana Novais (Centro de Fot\u00f3nica Aplicada, INESC TEC) &#8211;&nbsp;Fibras \u00d3ticas: Os Olhos Inovadores da Detec\u00e7\u00e3o<\/em><\/strong><\/p>\n\n\n\n<p>Abstract: Num mundo onde a miniaturiza\u00e7\u00e3o e a precis\u00e3o s\u00e3o fundamentais, a fibra \u00f3tica surge como uma revolu\u00e7\u00e3o silenciosa, desbravando novos caminhos na dete\u00e7\u00e3o e monitoriza\u00e7\u00e3o de par\u00e2metros f\u00edsicos, qu\u00edmicos, bioqu\u00edmicos, entre outros. Com dimens\u00f5es reduzidas e propriedades \u00f3ticas not\u00e1veis, esses dispositivos sensores s\u00e3o verdadeiros gigantes na sua capacidade de an\u00e1lise. A fibra \u00f3tica, com sua estrutura fina e flex\u00edvel, \u00e9 capaz de conduzir a luz ao longo de longas dist\u00e2ncias com uma perda m\u00ednima de sinal. Esta caracter\u00edstica singular torna-a um instrumento incompar\u00e1vel na cria\u00e7\u00e3o de sensores sens\u00edveis e precisos. O segredo reside na capacidade da luz interagir com o ambiente que a rodeia. Al\u00e9m disso, a fibra \u00f3tica oferece uma vantagem crucial: a capacidade de realizar medi\u00e7\u00f5es remotamente e em tempo real. Esta caracter\u00edstica torna-a ideal para aplica\u00e7\u00f5es em \u00e1reas de dif\u00edcil acesso ou em processos que requerem monitoriza\u00e7\u00e3o cont\u00ednua. Em suma, a fibra \u00f3tica n\u00e3o \u00e9 apenas um fio de luz, mas sim uma ponte para um mundo de possibilidades sensoriais. Nesta apresenta\u00e7\u00e3o, procuramos debater e reconsiderar a utilidade dos sensores em fibra \u00f3tica, estabelecendo uma liga\u00e7\u00e3o com as atividades desenvolvidas no Centro de Fot\u00f3nica Aplicada do INESC TEC.<\/p>\n<\/div>\n<\/div>\n\n\n\n<p>\u2014\u2014\u2014\u2014\u2014\u2014\u2014\u2014\u2014\u2014\u2014\u2014<\/p>\n\n\n\n<p class=\"has-medium-font-size\"><strong><mark style=\"background-color:rgba(0, 0, 0, 0);color:#1207e3\" class=\"has-inline-color\">Mesa redonda alunos MSc e PhD:<\/mark><\/strong><\/p>\n\n\n\n<div class=\"wp-block-group has-small-font-size is-vertical is-content-justification-left is-nowrap is-layout-flex wp-container-core-group-is-layout-e95b0813 wp-block-group-is-layout-flex\">\n<p>Andr\u00e9 Silva &#8211; Programa Doutoral Astronomia<\/p>\n\n\n\n<p>Afonso Vale &#8211; Mestrado em Astronomia e Astrof\u00edsica<\/p>\n\n\n\n<p>Patr\u00edcia Soares &#8211; Mestrado em Engenharia F\u00edsica<\/p>\n\n\n\n<p>Jo\u00e3o Manuel Alendouro Oliveira Pinho &#8211; Programa Doutoral MAP-fis <\/p>\n\n\n\n<p>Helena Dias Silva &#8211; Mestrado em F\u00edsica<\/p>\n\n\n\n<p>Rita Albergueiro, MSc Medical Physics<\/p>\n\n\n\n<p>Rog\u00e9rio Lopes, PhD Occupational Health and Safety<\/p>\n\n\n\n<p style=\"font-size:14px\">Diana Capela &#8211; Programa Doutoral em Engenharia F\u00edsica da Universidade do Porto<\/p>\n\n\n\n<p>Rafael Cavaco  &#8211; Mestrado em Engenharia F\u00edsica da FCUP<\/p>\n<\/div>\n\n\n\n<p>\u2014\u2014\u2014\u2014\u2014\u2014\u2014\u2014\u2014\u2014\u2014\u2014<\/p>\n\n\n\n<p class=\"has-medium-font-size\"><strong><mark style=\"background-color:rgba(0, 0, 0, 0);color:#1207e3\" class=\"has-inline-color\">Mesa redonda Ind\u00fastria e Servi\u00e7os:<\/mark><\/strong><\/p>\n\n\n\n<p class=\"has-text-align-left has-medium-font-size\" style=\"font-style:normal;font-weight:600\"><em>Guilherme Teixeira (Amexio Portugal)&nbsp;<\/em><\/p>\n\n\n\n<p class=\"has-text-align-left\">Guilherme Teixeira \u00e9 licenciado e mestre em Astronomia e doutorado em Astrofisica na FCUP; 1.5 anos na WeDo-Mobileum como BI developer; 3 anos na AmeXio Portugal onde \u00e9 \u201ctech lead e data engineer\u201d na \u00e1rea do&nbsp;risco&nbsp;banc\u00e1rio.<\/p>\n\n\n\n<div class=\"wp-block-group is-nowrap is-layout-flex wp-container-core-group-is-layout-ad2f72ca wp-block-group-is-layout-flex\">\n<p class=\"has-medium-font-size\"><strong><em>Luis Miguel Cust\u00f3dio (AMKOR)<\/em><\/strong><\/p>\n<\/div>\n\n\n\n<p>Lu\u00eds Cust\u00f3dio \u00e9 licenciado pela FCUP em F\u00edsica Te\u00f3rica com Mestrado em Engenharia F\u00edsica (2008). Fez uma passagem no IFIMUP como investigador FCT na equipa de um projecto CERN, com resultados pioneiros em metamateriais. Ap\u00f3s a passagem pelo IFIMUP, ingressou em 2011 na empresa AMKOR (ex-NANIUM), na equipa de processos de Metrologia. A Amkor Technology Portugal (ATEP) \u00e9 uma empresa de classe mundial especializada na manufatura e encapsulamento de semicondutores, que oferece uma ampla gama de produtos (microchips, sensores e MEMS) assemblados em wafer e ou substratos. Atualmente, Lu\u00eds Cust\u00f3dio \u00e9 o Coordenador da equipa de engenharia de metrologia WLP (Wafer Level Packaging).<\/p>\n\n\n\n<p class=\"has-medium-font-size\"><strong><em>Jo\u00e3o Pedro dos Santos Pires (Millenium BCP) <\/em><\/strong><\/p>\n\n\n\n<p>Licenciatura, mestrado e doutoramento em F\u00edsica na Universidade do Porto. Terminou o doutoramento em 2022. Ap\u00f3s o doutoramento trabalho da Delloite por um ano e neste m\u00eas come\u00e7ou num emprego novo no banco Millenium Bcp como especialista em risco de cr\u00e9dito. &nbsp;<\/p>\n\n\n\n<p class=\"has-medium-font-size\"><strong><em>Daniela Pires, Medical Physicist (Zap Surgical Systems, inc.)<\/em><\/strong><\/p>\n\n\n\n<p>BSc Physics, University of Coimbra (2013), MSc in Nuclear and Particle Physics (FCUL). Medical Physicist with a background in Nuclear and Particle Physics and more than 8 years of demonstrated working experience in the Radiation therapy field.&nbsp;<\/p>\n\n\n\n<p class=\"has-medium-font-size\"><strong><em>Miguel Melo, Managing Director<\/em><\/strong><em><strong> (Amplitude Portugal)<\/strong><\/em><\/p>\n\n\n\n<p>Miguel Melo was born in Porto, Portugal, and received his diploma in Optoelectronics and Lasers and his master\u2019s degree in Electrical and Computer Engineering (specialization area in Optical Communications and Technologies) from the University of Porto. He initiated his R&amp;D activity at INESC TEC where he worked in several national and European projects in the fields of optical fiber amplifiers, planar technology, and Bragg gratings for optical communications and fiber sensors. He then joined Multiwave Photonics as Product Manager, working in the development of high-power pulsed fiber lasers and amplifiers for industrial and sensing applications and in other highly customized specialty optical fiber sources. After Multiwave, he co-founded MWTechnologies which was acquired by Amplitude in 2022, and renamed Amplitude Portugal where he now serves as Managing Director. He has more than 20 years of experience in the industry and more than 25 publications in international scientific journals and conferences.<\/p>\n","protected":false},"excerpt":{"rendered":"<p>Com vista a dar a conhecer um pouco da atividade cient\u00edfica que se desenvolve no DFA, ir\u00e1 decorrer nos pr\u00f3ximos dias 21 e 22 de mar\u00e7o a 2\u00aa edi\u00e7\u00e3o dos \u201cDias da F\u00edsica\u201d. O objetivo \u00e9 mostrar aos alunos das licenciaturas de F\u00edsica e Engenharia F\u00edsica diferentes percursos profissionais, dentro e fora da vida acad\u00e9mica, &hellip;<br \/><a href=\"https:\/\/www.fc.up.pt\/dfa\/comunicacao\/acoes-e-eventos\/dias-da-fisica-2a-edicao\/\" class=\"more-link pen_button pen_element_default pen_icon_arrow_double\">Continue reading <span class=\"screen-reader-text\">DIAS DA F\u00cdSICA (21 e 22 de mar\u00e7o, 2024)<\/span><\/a><\/p>\n","protected":false},"author":3,"featured_media":0,"parent":1985,"menu_order":32,"comment_status":"closed","ping_status":"closed","template":"","meta":{"footnotes":""},"class_list":["post-5290","page","type-page","status-publish","hentry"],"_links":{"self":[{"href":"https:\/\/www.fc.up.pt\/dfa\/wp-json\/wp\/v2\/pages\/5290","targetHints":{"allow":["GET"]}}],"collection":[{"href":"https:\/\/www.fc.up.pt\/dfa\/wp-json\/wp\/v2\/pages"}],"about":[{"href":"https:\/\/www.fc.up.pt\/dfa\/wp-json\/wp\/v2\/types\/page"}],"author":[{"embeddable":true,"href":"https:\/\/www.fc.up.pt\/dfa\/wp-json\/wp\/v2\/users\/3"}],"replies":[{"embeddable":true,"href":"https:\/\/www.fc.up.pt\/dfa\/wp-json\/wp\/v2\/comments?post=5290"}],"version-history":[{"count":6,"href":"https:\/\/www.fc.up.pt\/dfa\/wp-json\/wp\/v2\/pages\/5290\/revisions"}],"predecessor-version":[{"id":5305,"href":"https:\/\/www.fc.up.pt\/dfa\/wp-json\/wp\/v2\/pages\/5290\/revisions\/5305"}],"up":[{"embeddable":true,"href":"https:\/\/www.fc.up.pt\/dfa\/wp-json\/wp\/v2\/pages\/1985"}],"wp:attachment":[{"href":"https:\/\/www.fc.up.pt\/dfa\/wp-json\/wp\/v2\/media?parent=5290"}],"curies":[{"name":"wp","href":"https:\/\/api.w.org\/{rel}","templated":true}]}}