{"id":521,"date":"2021-09-13T19:27:40","date_gmt":"2021-09-13T18:27:40","guid":{"rendered":"https:\/\/www.fc.up.pt\/dfa\/?page_id=521"},"modified":"2022-09-02T18:45:20","modified_gmt":"2022-09-02T17:45:20","slug":"estudantes","status":"publish","type":"page","link":"https:\/\/www.fc.up.pt\/dfa\/formacao\/estudantes\/","title":{"rendered":"Estudantes &#038; Graduados"},"content":{"rendered":"\n<p>O DFA tem mais de 600 estudantes nos <a href=\"https:\/\/www.fc.up.pt\/dfa\/formacao\/cursos\/\" data-type=\"page\" data-id=\"357\">cursos <\/a>da sua responsabilidade e todos os anos muitos destes estudantes terminam os seus estudos, integrando o mercado de trabalho ou continuando os seus estudos em cursos mais avan\u00e7ados<\/p>\n\n\n\n<p>O sucesso da forma\u00e7\u00e3o oferecida pelo Departamento \u00e9 confirmada pela elevad\u00edssima empregabilidade dos nossos graduados e pela diversidade de carreiras, ligadas \u00e0s nossas <a href=\"https:\/\/www.fc.up.pt\/dfa\/formacao\/areas-disciplinares\/\" data-type=\"page\" data-id=\"380\">\u00e1reas disciplinares<\/a> de forma\u00e7\u00e3o, que estes seguem na sua vida profissional.<\/p>\n\n\n\n<h2 class=\"wp-block-heading\">Iniciativas dos Estudantes<\/h2>\n\n\n\n<p>Temos ainda a vantagem de ter estudantes ativos que colaboram com o departamento em atividades e na organiza\u00e7\u00e3o de eventos. Os estudantes est\u00e3o associados, como a <a rel=\"noreferrer noopener\" href=\"https:\/\/www.fc.up.pt\/physikup\/\" target=\"_blank\">PhysikUP<\/a> ou o <a rel=\"noreferrer noopener\" href=\"https:\/\/upspiechapter.wordpress.com\" target=\"_blank\">SPIE Student Chapter U.Porto<\/a>, tendo assumido a lideran\u00e7a em iniciativas merit\u00f3rias e de proje\u00e7\u00e3o internacional como o <a rel=\"noreferrer noopener\" href=\"https:\/\/2021.plancks.org\" target=\"_blank\">PLANCKS2021<\/a>, ou ainda em atividades regulares nas <a href=\"https:\/\/www.fc.up.pt\/dfa\/investigacao\/areas-cientificas\/\" data-type=\"page\" data-id=\"535\">\u00e1reas cient\u00edficas<\/a> do departamento. Os nossos estudantes tamb\u00e9m integram outros grupos\/associa\u00e7\u00f5es de estudantes, como de m\u00fasica, de voluntariado, etc.<\/p>\n\n\n\n<h2 class=\"wp-block-heading\">Graduados<\/h2>\n\n\n\n<p>Muitos dos nossos graduados tem seguido carreiras de sucesso e regularmente nos chegam noticias de pr\u00e9mios e do reconhecimento p\u00fablico que estes conseguem em resultado da sua atividade.<\/p>\n\n\n\n<hr class=\"wp-block-separator has-css-opacity is-style-default\"\/>\n\n\n\n<h3 class=\"wp-block-heading\">Ver as <a href=\"https:\/\/www.fc.up.pt\/dfa\/noticias\/tag\/estud\/\">\u00faltimas not\u00edcias sobre estudantes e\/ou alums<\/a>.<\/h3>\n","protected":false},"excerpt":{"rendered":"<p>O DFA tem mais de 600 estudantes nos cursos da sua responsabilidade e todos os anos muitos destes estudantes terminam os seus estudos, integrando o mercado de trabalho ou continuando os seus estudos em cursos mais avan\u00e7ados O sucesso da forma\u00e7\u00e3o oferecida pelo Departamento \u00e9 confirmada pela elevad\u00edssima empregabilidade dos nossos graduados e pela diversidade &hellip;<br \/><a href=\"https:\/\/www.fc.up.pt\/dfa\/formacao\/estudantes\/\" class=\"more-link pen_button pen_element_default pen_icon_arrow_double\">Continue reading <span class=\"screen-reader-text\">Estudantes &#038; Graduados<\/span><\/a><\/p>\n","protected":false},"author":2,"featured_media":782,"parent":50,"menu_order":4,"comment_status":"closed","ping_status":"closed","template":"","meta":{"footnotes":""},"class_list":["post-521","page","type-page","status-publish","has-post-thumbnail","hentry"],"_links":{"self":[{"href":"https:\/\/www.fc.up.pt\/dfa\/wp-json\/wp\/v2\/pages\/521","targetHints":{"allow":["GET"]}}],"collection":[{"href":"https:\/\/www.fc.up.pt\/dfa\/wp-json\/wp\/v2\/pages"}],"about":[{"href":"https:\/\/www.fc.up.pt\/dfa\/wp-json\/wp\/v2\/types\/page"}],"author":[{"embeddable":true,"href":"https:\/\/www.fc.up.pt\/dfa\/wp-json\/wp\/v2\/users\/2"}],"replies":[{"embeddable":true,"href":"https:\/\/www.fc.up.pt\/dfa\/wp-json\/wp\/v2\/comments?post=521"}],"version-history":[{"count":18,"href":"https:\/\/www.fc.up.pt\/dfa\/wp-json\/wp\/v2\/pages\/521\/revisions"}],"predecessor-version":[{"id":4080,"href":"https:\/\/www.fc.up.pt\/dfa\/wp-json\/wp\/v2\/pages\/521\/revisions\/4080"}],"up":[{"embeddable":true,"href":"https:\/\/www.fc.up.pt\/dfa\/wp-json\/wp\/v2\/pages\/50"}],"wp:featuredmedia":[{"embeddable":true,"href":"https:\/\/www.fc.up.pt\/dfa\/wp-json\/wp\/v2\/media\/782"}],"wp:attachment":[{"href":"https:\/\/www.fc.up.pt\/dfa\/wp-json\/wp\/v2\/media?parent=521"}],"curies":[{"name":"wp","href":"https:\/\/api.w.org\/{rel}","templated":true}]}}