{"id":5198,"date":"2024-01-10T11:20:46","date_gmt":"2024-01-10T11:20:46","guid":{"rendered":"https:\/\/www.fc.up.pt\/dfa\/?page_id=5198"},"modified":"2024-03-08T10:08:03","modified_gmt":"2024-03-08T10:08:03","slug":"2024-cern-masterclass","status":"publish","type":"page","link":"https:\/\/www.fc.up.pt\/dfa\/comunicacao\/acoes-e-eventos\/cern-masterclass\/2024-cern-masterclass\/","title":{"rendered":"2024 | CERN MasterClass"},"content":{"rendered":"\n<p>O Departamento de F\u00edsica e Astronomia da Faculdade de Ci\u00eancias da Universidade do Porto e o CERN, em colabora\u00e7\u00e3o com a Sociedade Portuguesa de F\u00edsica (SPF) e o Laborat\u00f3rio de Instrumenta\u00e7\u00e3o e F\u00edsica Experimental de Part\u00edculas (LIP), v\u00eam oferecer a estudantes do ensino secund\u00e1rio a possibilidade de serem F\u00edsicos de Part\u00edculas por um dia; &nbsp;<a href=\"https:\/\/pages.lip.pt\/masterclasses\/objetivos\/\" target=\"_blank\" rel=\"noreferrer noopener\"><strong>MasterClasses \u2013 Com as m\u00e3os nas Part\u00edculas!<\/strong><\/a><\/p>\n\n\n\n<figure class=\"wp-block-image size-large\"><img loading=\"lazy\" decoding=\"async\" width=\"1260\" height=\"266\" src=\"https:\/\/www.fc.up.pt\/dfa\/wp-content\/uploads\/MasterClasses2022_banner-2048x432-1-1260x266.png\" alt=\"\" class=\"wp-image-4467\" srcset=\"https:\/\/www.fc.up.pt\/dfa\/wp-content\/uploads\/MasterClasses2022_banner-2048x432-1-1260x266.png 1260w, https:\/\/www.fc.up.pt\/dfa\/wp-content\/uploads\/MasterClasses2022_banner-2048x432-1-300x63.png 300w, https:\/\/www.fc.up.pt\/dfa\/wp-content\/uploads\/MasterClasses2022_banner-2048x432-1-152x32.png 152w, https:\/\/www.fc.up.pt\/dfa\/wp-content\/uploads\/MasterClasses2022_banner-2048x432-1-768x162.png 768w, https:\/\/www.fc.up.pt\/dfa\/wp-content\/uploads\/MasterClasses2022_banner-2048x432-1-1536x324.png 1536w, https:\/\/www.fc.up.pt\/dfa\/wp-content\/uploads\/MasterClasses2022_banner-2048x432-1.png 2048w\" sizes=\"auto, (max-width: 1260px) 100vw, 1260px\" \/><\/figure>\n\n\n\n<p><a href=\"https:\/\/docs.google.com\/forms\/d\/1L-mDgopOrwhQjWwH-jYudBcsPdCSc5uIGqGPsWssgDU\/viewform?pli=1&amp;pli=1&amp;edit_requested=true\">CANDIDATURAS ESTUDANTES<\/a><\/p>\n\n\n\n<p><a href=\"https:\/\/docs.google.com\/forms\/d\/1T65FJU7eSLLtzUUB5gSEK8ns68CBR3pqiW2VEma7U-Y\/edit\">INSCRI\u00c7\u00d5ES PROFESSORES<\/a><a href=\"https:\/\/pages.lip.pt\/masterclasses\/objetivos\/\"><\/a><\/p>\n\n\n\n<p>A 20\u00aa edi\u00e7\u00e3o das \u201cCERN\u2019s MasterClasses \u2013 Porto 2024\u201d no Porto, decorrer\u00e1 a <strong><mark style=\"background-color:rgba(0, 0, 0, 0)\" class=\"has-inline-color has-black-color\">9 de mar\u00e7o de 202<\/mark>4, <\/strong>no Departamento de F\u00edsica e Astronomia da FCUP, da Faculdade de Ci\u00eancias da Universidade do Porto.<\/p>\n\n\n\n<p class=\"has-medium-font-size\"><strong><mark style=\"background-color:rgba(0, 0, 0, 0)\" class=\"has-inline-color has-black-color\">o que s\u00e3o as masterclasses<\/mark><\/strong><\/p>\n\n\n\n<p>Os participantes nas MasterClasses vivem um dia t\u00edpico da atividade de um F\u00edsico de Part\u00edculas:<\/p>\n\n\n\n<p>&#8211; assistem a palestras sobre F\u00edsica de Part\u00edculas e sobre t\u00e9cnicas de an\u00e1lise de acontecimentos (<em>a aprendizagem<\/em>);<\/p>\n\n\n\n<p>&#8211; fazem um trabalho de an\u00e1lise em computador de dados das experi\u00eancias do acelerador LHC do CERN (<em>a an\u00e1lise de dados<\/em>);<\/p>\n\n\n\n<p>&#8211; interv\u00eam numa videoconfer\u00eancia com o CERN e outros institutos europeus nos quais esta atividade se realiza em simult\u00e2neo, discutindo os resultados das suas an\u00e1lises (<em>a divulga\u00e7\u00e3o, a discuss\u00e3o publica dos resultados e a valida\u00e7\u00e3o do trabalho<\/em>).<\/p>\n\n\n\n<p class=\"has-medium-font-size\"><strong><mark style=\"background-color:rgba(0, 0, 0, 0)\" class=\"has-inline-color has-black-color\">quem pode concorrer<\/mark><\/strong><\/p>\n\n\n\n<p>Podem candidatar-se os estudantes do 11\u00ba e do 12\u00ba ano do ensino secund\u00e1rio, entre os 15 e os 18 anos de idade, que estejam fortemente motivados para a F\u00edsica, e em particular para a F\u00edsica de Part\u00edculas. &nbsp;As vagas est\u00e3o limitadas a 80 participantes.<\/p>\n\n\n\n<p>Os professores que acompanham os estudantes podem mediante inscri\u00e7\u00e3o, participar nalgumas atividades ao longo do dia.<\/p>\n\n\n\n<p>Sugere-se a todos a consulta o material de apoio dispon\u00edvel na p\u00e1gina <a href=\"https:\/\/physicsmasterclasses.org\/\">https:\/\/physicsmasterclasses.org\/<\/a><\/p>\n\n\n\n<p class=\"has-medium-font-size\"><strong><mark style=\"background-color:rgba(0, 0, 0, 0)\" class=\"has-inline-color has-black-color\">para se inscrever<\/mark><\/strong><\/p>\n\n\n\n<p><strong><a href=\"https:\/\/docs.google.com\/forms\/d\/1L-mDgopOrwhQjWwH-jYudBcsPdCSc5uIGqGPsWssgDU\/edit\">estudantes<\/a><\/strong><\/p>\n\n\n\n<p><strong><a href=\"https:\/\/docs.google.com\/forms\/d\/1T65FJU7eSLLtzUUB5gSEK8ns68CBR3pqiW2VEma7U-Y\/edit\">professores acompanhantes<\/a><\/strong> <\/p>\n\n\n\n<h2 class=\"wp-block-heading has-medium-font-size\"><strong><mark style=\"background-color:rgba(0, 0, 0, 0)\" class=\"has-inline-color has-black-color\">datas importantes<\/mark><\/strong><\/h2>\n\n\n\n<p>Prazo de inscri\u00e7\u00e3o: <mark style=\"background-color:rgba(0, 0, 0, 0)\" class=\"has-inline-color has-black-color\"><strong>de 20 de janeiro a 16 de fevereiro de 2024.<\/strong><\/mark><\/p>\n\n\n\n<p>Comunica\u00e7\u00e3o dos resultados: <mark style=\"background-color:rgba(0, 0, 0, 0)\" class=\"has-inline-color has-black-color\"><strong>19 de fevereiro de 2024<\/strong>.<\/mark><\/p>\n\n\n\n<p>Data do evento: <mark style=\"background-color:rgba(0, 0, 0, 0)\" class=\"has-inline-color has-black-color\"><strong>9 de mar\u00e7o de 2024<\/strong>.<\/mark><\/p>\n\n\n\n<p class=\"has-medium-font-size\"><mark style=\"background-color:rgba(0, 0, 0, 0)\" class=\"has-inline-color has-black-color\"><strong>Programa<\/strong><\/mark><\/p>\n\n\n\n<p>08:30-9:10 \u00a0\u00a0\u00a0\u00a0\u00a0\u00a0\u00a0\u00a0rece\u00e7\u00e3o e sess\u00e3o de abertura<\/p>\n\n\n\n<p>9:15-11:30 &nbsp;&nbsp;&nbsp;&nbsp;&nbsp;&nbsp;&nbsp; palestras introdut\u00f3rias: F\u00edsica de Part\u00edculas, aceleradores e detetores.<\/p>\n\n\n\n<p>11:40-13:00 &nbsp;&nbsp;&nbsp;&nbsp;&nbsp; almo\u00e7o com os cientistas presentes.<\/p>\n\n\n\n<p>13:15-15:00 &nbsp;&nbsp;&nbsp;&nbsp;&nbsp; sess\u00e3o experimental: an\u00e1lise de acontecimentos.<\/p>\n\n\n\n<p>15:00-17:30 &nbsp;&nbsp;&nbsp;&nbsp;&nbsp; v\u00eddeo confer\u00eancia: discuss\u00e3o dos resultados (moderada pelo CERN)<\/p>\n\n\n\n<p>17:30-18:00 &nbsp;&nbsp;&nbsp;&nbsp; sess\u00e3o de encerramento.<\/p>\n","protected":false},"excerpt":{"rendered":"<p>O Departamento de F\u00edsica e Astronomia da Faculdade de Ci\u00eancias da Universidade do Porto e o CERN, em colabora\u00e7\u00e3o com a Sociedade Portuguesa de F\u00edsica (SPF) e o Laborat\u00f3rio de Instrumenta\u00e7\u00e3o e F\u00edsica Experimental de Part\u00edculas (LIP), v\u00eam oferecer a estudantes do ensino secund\u00e1rio a possibilidade de serem F\u00edsicos de Part\u00edculas por um dia; &nbsp;MasterClasses &hellip;<br \/><a href=\"https:\/\/www.fc.up.pt\/dfa\/comunicacao\/acoes-e-eventos\/cern-masterclass\/2024-cern-masterclass\/\" class=\"more-link pen_button pen_element_default pen_icon_arrow_double\">Continue reading <span class=\"screen-reader-text\">2024 | CERN MasterClass<\/span><\/a><\/p>\n","protected":false},"author":3,"featured_media":0,"parent":253,"menu_order":1,"comment_status":"closed","ping_status":"closed","template":"","meta":{"footnotes":""},"class_list":["post-5198","page","type-page","status-publish","hentry"],"_links":{"self":[{"href":"https:\/\/www.fc.up.pt\/dfa\/wp-json\/wp\/v2\/pages\/5198","targetHints":{"allow":["GET"]}}],"collection":[{"href":"https:\/\/www.fc.up.pt\/dfa\/wp-json\/wp\/v2\/pages"}],"about":[{"href":"https:\/\/www.fc.up.pt\/dfa\/wp-json\/wp\/v2\/types\/page"}],"author":[{"embeddable":true,"href":"https:\/\/www.fc.up.pt\/dfa\/wp-json\/wp\/v2\/users\/3"}],"replies":[{"embeddable":true,"href":"https:\/\/www.fc.up.pt\/dfa\/wp-json\/wp\/v2\/comments?post=5198"}],"version-history":[{"count":9,"href":"https:\/\/www.fc.up.pt\/dfa\/wp-json\/wp\/v2\/pages\/5198\/revisions"}],"predecessor-version":[{"id":5275,"href":"https:\/\/www.fc.up.pt\/dfa\/wp-json\/wp\/v2\/pages\/5198\/revisions\/5275"}],"up":[{"embeddable":true,"href":"https:\/\/www.fc.up.pt\/dfa\/wp-json\/wp\/v2\/pages\/253"}],"wp:attachment":[{"href":"https:\/\/www.fc.up.pt\/dfa\/wp-json\/wp\/v2\/media?parent=5198"}],"curies":[{"name":"wp","href":"https:\/\/api.w.org\/{rel}","templated":true}]}}