{"id":50,"date":"2021-07-22T16:31:35","date_gmt":"2021-07-22T15:31:35","guid":{"rendered":"https:\/\/www.fc.up.pt\/dfa\/?page_id=50"},"modified":"2022-03-10T17:09:35","modified_gmt":"2022-03-10T17:09:35","slug":"formacao","status":"publish","type":"page","link":"https:\/\/www.fc.up.pt\/dfa\/formacao\/","title":{"rendered":"Forma\u00e7\u00e3o"},"content":{"rendered":"\n<p>O DFA assegura a forma\u00e7\u00e3o nas suas <a href=\"https:\/\/www.fc.up.pt\/dfa\/formacao\/areas-disciplinares\/\" data-type=\"page\" data-id=\"380\">\u00e1reas disciplinares<\/a>, em <a href=\"https:\/\/www.fc.up.pt\/dfa\/formacao\/cursos\/\" data-type=\"page\" data-id=\"357\">cursos <\/a>de todos os ciclos conferentes de grau e outros cursos de p\u00f3s-gradua\u00e7\u00e3o, de forma\u00e7\u00e3o cont\u00ednua e ainda de forma\u00e7\u00e3o avan\u00e7ada.<\/p>\n\n\n\n<h3 class=\"wp-block-heading\">Corpo Docente<\/h3>\n\n\n\n<p>Todos os <a href=\"https:\/\/www.fc.up.pt\/dfa\/departamento\/equipa\/docentes\/\">docentes<\/a> s\u00e3o doutorados e a grande maioria integra um dos <a data-type=\"page\" data-id=\"10\" href=\"https:\/\/www.fc.up.pt\/dfa\/investigacao\/\">institutos de investiga\u00e7\u00e3o parceiros<\/a>. Os estudantes do DFA participam nas actividades destes centros, sobretudo nos n\u00edveis de mestrado e doutoramentos; mas tamb\u00e9m \u00e9 poss\u00edvel realizar projectos de inicia\u00e7\u00e3o \u00e0 investiga\u00e7\u00e3o nos cursos de primeiro ciclo.<\/p>\n\n\n\n<h3 class=\"wp-block-heading\">Condi\u00e7\u00f5es e infra-estruturas<\/h3>\n\n\n\n<div class=\"wp-block-image is-style-rounded\"><figure class=\"alignright size-medium\"><img loading=\"lazy\" decoding=\"async\" width=\"300\" height=\"200\" src=\"https:\/\/www.fc.up.pt\/dfa\/wp-content\/uploads\/DFA_Sala_FC3-120-300x200.jpg\" alt=\"\" class=\"wp-image-647\" srcset=\"https:\/\/www.fc.up.pt\/dfa\/wp-content\/uploads\/DFA_Sala_FC3-120-300x200.jpg 300w, https:\/\/www.fc.up.pt\/dfa\/wp-content\/uploads\/DFA_Sala_FC3-120-1024x683.jpg 1024w, https:\/\/www.fc.up.pt\/dfa\/wp-content\/uploads\/DFA_Sala_FC3-120-768x512.jpg 768w, https:\/\/www.fc.up.pt\/dfa\/wp-content\/uploads\/DFA_Sala_FC3-120.jpg 1260w\" sizes=\"auto, (max-width: 300px) 100vw, 300px\" \/><figcaption>Audit\u00f3rio FC3.-120<\/figcaption><\/figure><\/div>\n\n\n\n<p>As instala\u00e7\u00f5es incluem v\u00e1rios <a href=\"https:\/\/www.fc.up.pt\/dfa\/formacao\/laboratorios-de-ensino\/\">laborat\u00f3rios de ensino<\/a>, uma <a href=\"https:\/\/sigarra.up.pt\/fcup\/pt\/uni_geral.unidade_view?pv_unidade=252\" target=\"_blank\" rel=\"noreferrer noopener\">Biblioteca<\/a> muito bem apetrechada, salas de computadores, e as infra-estruturas experimentais de investiga\u00e7\u00e3o em materiais, nanotecnologias, optoelectr\u00f3nica e lasers. A&nbsp;astronomia&nbsp;tem instala\u00e7\u00f5es pr\u00f3prias no edif\u00edcio do Planet\u00e1rio do Porto\/<a href=\"http:\/\/www.astro.up.pt\/\" target=\"_blank\" rel=\"noreferrer noopener\">CAUP<\/a> .<\/p>\n\n\n\n<h2 class=\"wp-block-heading\">Protocolos<\/h2>\n\n\n\n<p>O Departamento coloca em est\u00e1gio muitos dos seus estudantes de licenciatura e mestrado, atrav\u00e9s de protocolos com a industria a administra\u00e7\u00e3o p\u00fablica. H\u00e1 ainda projetos de mestrado e de doutoramento que s\u00e3o desenvolvidos em parceria com a industria. <\/p>\n\n\n\n<h2 class=\"wp-block-heading\">Internacionaliza\u00e7\u00e3o<\/h2>\n\n\n\n<p>O Departamento e os <a href=\"https:\/\/www.fc.up.pt\/dfa\/investigacao\/\" data-type=\"page\" data-id=\"10\">Institutos de I&amp;D<\/a> mant\u00eam liga\u00e7\u00f5es internacionais com in\u00fameras escolas e institutos na Europa e alguns dos restantes continentes, que facilitam o acesso dos seus estudantes a essas institui\u00e7\u00f5es. H\u00e1 ainda uma forte participa\u00e7\u00e3o nas atividades das organiza\u00e7\u00f5es internacionais de que Portugal \u00e9 estado membro, nomeadamente: <a rel=\"noreferrer noopener\" href=\"https:\/\/home.cern\" target=\"_blank\">CERN<\/a>, <a rel=\"noreferrer noopener\" href=\"https:\/\/www.esa.int\" target=\"_blank\">ESA<\/a>, <a rel=\"noreferrer noopener\" href=\"https:\/\/www.eso.org\/\" target=\"_blank\">ESO<\/a>, etc.<\/p>\n","protected":false},"excerpt":{"rendered":"<p>O DFA assegura a forma\u00e7\u00e3o nas suas \u00e1reas disciplinares, em cursos de todos os ciclos conferentes de grau e outros cursos de p\u00f3s-gradua\u00e7\u00e3o, de forma\u00e7\u00e3o cont\u00ednua e ainda de forma\u00e7\u00e3o avan\u00e7ada. Corpo Docente Todos os docentes s\u00e3o doutorados e a grande maioria integra um dos institutos de investiga\u00e7\u00e3o parceiros. Os estudantes do DFA participam nas &hellip;<br \/><a href=\"https:\/\/www.fc.up.pt\/dfa\/formacao\/\" class=\"more-link pen_button pen_element_default pen_icon_arrow_double\">Continue reading <span class=\"screen-reader-text\">Forma\u00e7\u00e3o<\/span><\/a><\/p>\n","protected":false},"author":2,"featured_media":782,"parent":0,"menu_order":2,"comment_status":"closed","ping_status":"closed","template":"","meta":{"footnotes":""},"class_list":["post-50","page","type-page","status-publish","has-post-thumbnail","hentry"],"_links":{"self":[{"href":"https:\/\/www.fc.up.pt\/dfa\/wp-json\/wp\/v2\/pages\/50","targetHints":{"allow":["GET"]}}],"collection":[{"href":"https:\/\/www.fc.up.pt\/dfa\/wp-json\/wp\/v2\/pages"}],"about":[{"href":"https:\/\/www.fc.up.pt\/dfa\/wp-json\/wp\/v2\/types\/page"}],"author":[{"embeddable":true,"href":"https:\/\/www.fc.up.pt\/dfa\/wp-json\/wp\/v2\/users\/2"}],"replies":[{"embeddable":true,"href":"https:\/\/www.fc.up.pt\/dfa\/wp-json\/wp\/v2\/comments?post=50"}],"version-history":[{"count":39,"href":"https:\/\/www.fc.up.pt\/dfa\/wp-json\/wp\/v2\/pages\/50\/revisions"}],"predecessor-version":[{"id":3395,"href":"https:\/\/www.fc.up.pt\/dfa\/wp-json\/wp\/v2\/pages\/50\/revisions\/3395"}],"wp:featuredmedia":[{"embeddable":true,"href":"https:\/\/www.fc.up.pt\/dfa\/wp-json\/wp\/v2\/media\/782"}],"wp:attachment":[{"href":"https:\/\/www.fc.up.pt\/dfa\/wp-json\/wp\/v2\/media?parent=50"}],"curies":[{"name":"wp","href":"https:\/\/api.w.org\/{rel}","templated":true}]}}