{"id":4635,"date":"2023-03-06T15:45:18","date_gmt":"2023-03-06T15:45:18","guid":{"rendered":"https:\/\/www.fc.up.pt\/dfa\/?page_id=4635"},"modified":"2025-04-03T15:39:21","modified_gmt":"2025-04-03T14:39:21","slug":"dias-da-fisica-29-e-30-de-marco-2023","status":"publish","type":"page","link":"https:\/\/www.fc.up.pt\/dfa\/comunicacao\/acoes-e-eventos\/dias-da-fisica-29-e-30-de-marco-2023\/","title":{"rendered":"DIAS DA F\u00cdSICA (29 e 30 de mar\u00e7o, 2023)"},"content":{"rendered":"\n<figure class=\"wp-block-image size-full\"><img loading=\"lazy\" decoding=\"async\" width=\"1896\" height=\"458\" src=\"https:\/\/www.fc.up.pt\/dfa\/wp-content\/uploads\/banner_DiasFisica-2.jpg\" alt=\"\" class=\"wp-image-4661\" srcset=\"https:\/\/www.fc.up.pt\/dfa\/wp-content\/uploads\/banner_DiasFisica-2.jpg 1896w, https:\/\/www.fc.up.pt\/dfa\/wp-content\/uploads\/banner_DiasFisica-2-300x72.jpg 300w, https:\/\/www.fc.up.pt\/dfa\/wp-content\/uploads\/banner_DiasFisica-2-1260x304.jpg 1260w, https:\/\/www.fc.up.pt\/dfa\/wp-content\/uploads\/banner_DiasFisica-2-152x37.jpg 152w, https:\/\/www.fc.up.pt\/dfa\/wp-content\/uploads\/banner_DiasFisica-2-768x186.jpg 768w, https:\/\/www.fc.up.pt\/dfa\/wp-content\/uploads\/banner_DiasFisica-2-1536x371.jpg 1536w\" sizes=\"auto, (max-width: 1896px) 100vw, 1896px\" \/><\/figure>\n\n\n\n<h2 class=\"wp-block-heading\"><strong>Dias da F\u00edsica<\/strong> &#8211; 1\u00aa edi\u00e7\u00e3o<\/h2>\n\n\n\n<p>Com vista a dar a conhecer um pouco da atividade cient\u00edfica que se desenvolve no DFA, ir\u00e1 decorrer nos pr\u00f3ximos dias 29 e 30 de Mar\u00e7o os \u201cDias da F\u00edsica\u201d. O objetivo \u00e9 mostrar aos alunos das licenciaturas de F\u00edsica e Engenharia F\u00edsica diferentes percursos profissionais, dentro e fora da vida acad\u00e9mica, que est\u00e3o ao alcance de um estudante de F\u00edsica.<\/p>\n\n\n\n<figure class=\"wp-block-image size-large is-resized\"><img loading=\"lazy\" decoding=\"async\" src=\"https:\/\/www.fc.up.pt\/dfa\/wp-content\/uploads\/image-5-1182x1024.png\" alt=\"\" class=\"wp-image-4780\" width=\"531\" height=\"459\" srcset=\"https:\/\/www.fc.up.pt\/dfa\/wp-content\/uploads\/image-5-1182x1024.png 1182w, https:\/\/www.fc.up.pt\/dfa\/wp-content\/uploads\/image-5-300x260.png 300w, https:\/\/www.fc.up.pt\/dfa\/wp-content\/uploads\/image-5-152x132.png 152w, https:\/\/www.fc.up.pt\/dfa\/wp-content\/uploads\/image-5-768x665.png 768w, https:\/\/www.fc.up.pt\/dfa\/wp-content\/uploads\/image-5.png 1354w\" sizes=\"auto, (max-width: 531px) 100vw, 531px\" \/><\/figure>\n\n\n\n<p class=\"has-medium-font-size\"><strong>Inscrevam-se <a href=\"https:\/\/docs.google.com\/forms\/d\/1AjQP_gei_Hp2uyIpf7XSmHlhQE4t3oUjx_sbVcPW00w\/edit\" target=\"_blank\" rel=\"noreferrer noopener\"><mark style=\"background-color:rgba(0, 0, 0, 0);color:#1207e3\" class=\"has-inline-color\">aqui<\/mark><\/a>!<\/strong><\/p>\n\n\n\n<p class=\"has-black-color has-text-color\"><strong><mark style=\"background-color:rgba(0, 0, 0, 0)\" class=\"has-inline-color has-black-color\">Organiza\u00e7\u00e3o: <\/mark><\/strong>Arlete Apolin\u00e1rio, Jorge Martins, Luis Coelho, Maria F\u00e1tima Mota, Miguel Costa, Pedro Teles e Vasco Gon\u00e7alves.<\/p>\n\n\n\n<p class=\"has-medium-font-size\"><strong><mark style=\"background-color:rgba(0, 0, 0, 0);color:#1207e3\" class=\"has-inline-color\">Palestras:<\/mark><\/strong><\/p>\n\n\n\n<div class=\"wp-block-group is-vertical is-layout-flex wp-container-core-group-is-layout-8cf370e7 wp-block-group-is-layout-flex\">\n<p class=\"has-medium-font-size\"><strong><em>Nuno Silva (INESC TEC) &#8211; \u00d3tica e fot\u00f3nica: uma caixa de ferramentas<\/em><\/strong><\/p>\n\n\n\n<p>Resumo: De um modo geral, a \u00f3tica e a fot\u00f3nica dedicam-se ao estudo das propriedades da luz e \u00e0 utiliza\u00e7\u00e3o das mesmas para o desenvolvimento de nova tecnologia, desde a propaga\u00e7\u00e3o de informa\u00e7\u00e3o at\u00e9 \u00e0 sensoriza\u00e7\u00e3o e microfabrica\u00e7\u00e3o. Num ponto de vista mais conceptual, estas aplica\u00e7\u00f5es est\u00e3o conectadas com princ\u00edpios, propriedades e comportamentos din\u00e2micos da luz e da sua intera\u00e7\u00e3o com a mat\u00e9ria, constituindo assim ferramentas que n\u00e3o s\u00f3 desempenham um papel importante nas diversas tecnologias atuais como suportaram e suportam desenvolvimentos cruciais em diversas \u00e1reas da f\u00edsica cl\u00e1ssica \u00e0 f\u00edsica moderna. Nesta apresenta\u00e7\u00e3o procuramos discutir e repensar estas ferramentas e a sua utilidade, fazendo a ponte com as atividades desenvolvidas no Centro de Fot\u00f3nica Aplicada do INESC TEC.<\/p>\n\n\n\n<p><\/p>\n\n\n\n<h4 class=\"has-medium-font-size wp-block-heading\"><strong><em>Jo\u00e3o Belo Horta (IFIMUP) &#8211; Materiais magn\u00e9ticos e suas transi\u00e7\u00f5es de fase: princ\u00edpios e aplica\u00e7\u00f5es<\/em><\/strong><\/h4>\n\n\n\n<p>Resumo: Nesta palestra ir\u00e3o ser abordadas as aplica\u00e7\u00f5es em energia e refrigera\u00e7\u00e3o dos materiais ditos magnetocal\u00f3ricos\u2013 materiais magn\u00e9ticos que exibem varia\u00e7\u00f5es de temperatura quando sujeitos a um campo magn\u00e9tico \u2013 e o que acontece \u00e0s suas transi\u00e7\u00f5es de fase quando estes materiais s\u00e3o confinados espacialmente (em filmes finos e\/ou nanopart\u00edculas). Ir\u00e3o ser dados exemplos de como materiais magn\u00e9ticos simples, como o Ferro e o Gadol\u00ednio, quando produzidos \u00e0 nano-escala possuem importantes propriedades magn\u00e9ticas que podem ser usadas em aplica\u00e7\u00f5es biom\u00e9dicas \u2013 como o contraste magn\u00e9tico por resson\u00e2ncia ou a hipertermia magn\u00e9tica (como terap\u00eautica contra o cancro).<\/p>\n<\/div>\n\n\n\n<div class=\"wp-block-group is-vertical is-layout-flex wp-container-core-group-is-layout-8cf370e7 wp-block-group-is-layout-flex\">\n<h4 class=\"has-medium-font-size wp-block-heading\"><strong><em>Vasco Gon\u00e7alves (CFP) &#8211; Da transi\u00e7\u00e3o de fase da \u00e1gua \u00e0 gravidade qu\u00e2ntica<\/em>&nbsp;<\/strong><\/h4>\n\n\n\n<p>Resumo: A teoria qu\u00e2ntica de campos \u00e9 essencial para descrever diversos fen\u00f3menos f\u00edsicos, desde sistemas de mat\u00e9ria condensada at\u00e9 colis\u00f5es de part\u00edculas em aceleradores de alta energia. Nesta palestra, irei mostrar como a gravidade qu\u00e2ntica e a transi\u00e7\u00e3o de fase da \u00e1gua (l\u00edquido\/vapor) podem ser descritos pelo mesmo formalismo.&nbsp;<\/p>\n<\/div>\n\n\n\n<div class=\"wp-block-group is-vertical is-layout-flex wp-container-core-group-is-layout-8cf370e7 wp-block-group-is-layout-flex\">\n<div class=\"wp-block-group is-vertical is-layout-flex wp-container-core-group-is-layout-8cf370e7 wp-block-group-is-layout-flex\">\n<h4 class=\"has-medium-font-size wp-block-heading\"><strong><em>Pedro Teles (FIS-MED) &#8211; F\u00edsica M\u00e9dica no DFA<\/em><\/strong><\/h4>\n\n\n\n<p>Resumo: Desde a descoberta dos raios-X nos finais do s\u00e9c. XIX, e a par e passo com a evolu\u00e7\u00e3o da F\u00edsica At\u00f3mica e a F\u00edsica Nuclear,&nbsp;houve avan\u00e7os gigantescos na \u00e1rea da Medicina fruto&nbsp; da aplica\u00e7\u00e3o de conceitos f\u00edsicos \u00e0 medicina&nbsp; (imagem e diagn\u00f3stico, mas tamb\u00e9m na \u00e1rea do tratamento). Desde aceleradores lineares com utiliza\u00e7\u00e3o de in\u00fameras part\u00edculas, como os fot\u00f5es e eletr\u00f5es aos hadr\u00f5es pesados at\u00e9 \u00e0 utiliza\u00e7\u00e3o de radiof\u00e1rmacos. Nesta palestra, pretende-se dar a conhecer aos estudantes as diferentes \u00e1reas de estudo&nbsp; da F\u00edsica M\u00e9dica que existem no Departamento de F\u00edsica e Astronomia, que v\u00e3o desde o estudo da utiliza\u00e7\u00e3o de nanopart\u00edculas de ouro para tratamentos de cancro, passando pelo estudo de novas formas de tratamento utilizando part\u00edculas pesadas, desenvolvimento de novas t\u00e9cnicas de simula\u00e7\u00e3o de transporte de part\u00edculas utilizando Monte-Carlo, como tamb\u00e9m o estudo de campos de radia\u00e7\u00e3o no espa\u00e7o e em outros planetas para efeitos de prote\u00e7\u00e3o radiol\u00f3gica, e ainda temas mais virados para a pr\u00e1tica cl\u00ednica em si, em estreita colabora\u00e7\u00e3o com o Instituto Portugu\u00eas de Oncologia do Porto e o Hospital de Santo Ant\u00f3nio.<\/p>\n<\/div>\n<\/div>\n\n\n\n<div class=\"wp-block-group is-vertical is-layout-flex wp-container-core-group-is-layout-8cf370e7 wp-block-group-is-layout-flex\">\n<h4 class=\"has-medium-font-size wp-block-heading\"><strong><em>Jorge Martins (CAUP) &#8211; Um Nobel para a Astronomia: \u00e0 descoberta de outros mundos<\/em><\/strong><\/h4>\n\n\n\n<div class=\"wp-block-group is-vertical is-layout-flex wp-container-core-group-is-layout-8cf370e7 wp-block-group-is-layout-flex\">\n<p>Resumo: Estaremos s\u00f3s no Universo? Esta pergunta aparentemente t\u00e3o simples tem gerado deste tempos immemoriais discuss\u00f5es a todos os n\u00edveis, desde as mais humildes conversas de caf\u00e9 at\u00e9 confer\u00eancias mundiais com cientistas de todo o mundo. Em 1995, com a descoberta de 51 Pegasi b (o primeiro planeta a orbitar uma estrela semelhante ao Sol) por Michel Mayor e Didier Queloz, foi dado um passo de gigante em dire\u00e7\u00e3o \u00e0 resposta a essa pergunta. Esta descoberta foi considerada de tamanha import\u00e2ncia que mereceu a atribui\u00e7\u00e3o do Pr\u00e9mio Nobel da F\u00edsica de 2019 a estes dois investigadores (pr\u00e9mio esse partilhado com James Pebbles pelo seu trabalho de investiga\u00e7\u00e3o te\u00f3rica na area da cosmologia). Desde ent\u00e3o, j\u00e1 foram confirmados milhares de planetas em torno de outras estrelas, alguns dos quais caracterizados em termos de composi\u00e7\u00e3o e estrutura, mas continuamos sem conseguir ainda responder \u00e0 quest\u00e3o. Nesta palestra, iremos discutir algumas das descobertas mais relevantes neste campo desde a descoberta de 51 Pegasi b, assim como alguns dos caminhos que est\u00e3o sendo trilhados com o intuito de responder a esta quest\u00e3o.<\/p>\n<\/div>\n<\/div>\n\n\n\n<p>\u2014\u2014\u2014\u2014\u2014\u2014\u2014\u2014\u2014\u2014\u2014\u2014<\/p>\n\n\n\n<p class=\"has-medium-font-size\"><strong><mark style=\"background-color:rgba(0, 0, 0, 0);color:#1207e3\" class=\"has-inline-color\">Mesa redonda alunos MSc e PhD:<\/mark><\/strong><\/p>\n\n\n\n<div class=\"wp-block-group has-small-font-size is-vertical is-content-justification-left is-nowrap is-layout-flex wp-container-core-group-is-layout-e95b0813 wp-block-group-is-layout-flex\">\n<p style=\"font-size:14px\">Catarina Monteiro (INESC TEC) &#8211; Programa Doutoral em Engenharia F\u00edsica<\/p>\n\n\n\n<p style=\"font-size:14px\">Jo\u00e3o Pedro Carvalho (INESC TEC) &#8211; Mestrado em Engenharia F\u00edsica<\/p>\n\n\n\n<p style=\"font-size:14px\">B\u00e1rbara Soares (CAUP) &#8211; Programa Doutoral em Astronomia<\/p>\n\n\n\n<p style=\"font-size:14px\">Francisco Pimenta (CAUP) &#8211; Mestrado em Astronomia<\/p>\n\n\n\n<p style=\"font-size:14px\">Joana Silva (IFIMUP) &#8211; Programa Doutoral MAP-FIS&nbsp;<\/p>\n\n\n\n<p style=\"font-size:14px\">Jo\u00e3o Freitas (IFIMUP) &#8211; Mestrado em Engenharia F\u00edsica<\/p>\n\n\n\n<p style=\"font-size:14px\">Bruno Mendes (IPO) &#8211; Programa Doutoral em Engenharia F\u00edsica<\/p>\n\n\n\n<p style=\"font-size:14px\">Jorge Pereira &#8211; Mestrado em F\u00edsica M\u00e9dica&nbsp;<\/p>\n\n\n\n<p style=\"font-size:14px\">Jo\u00e3o Vilas Boas (CFP) &#8211; Programa Doutoral MAP-FIS<\/p>\n\n\n\n<p style=\"font-size:14px\">Raul Liquito (CFP) &#8211; Mestrado em F\u00edsica&nbsp;<\/p>\n<\/div>\n\n\n\n<p>\u2014\u2014\u2014\u2014\u2014\u2014\u2014\u2014\u2014\u2014\u2014\u2014<\/p>\n\n\n\n<p class=\"has-medium-font-size\"><strong><mark style=\"background-color:rgba(0, 0, 0, 0);color:#1207e3\" class=\"has-inline-color\">Mesa redonda Ind\u00fastria e Servi\u00e7os:<\/mark><\/strong><\/p>\n\n\n\n<p class=\"has-text-align-left has-medium-font-size\" style=\"font-style:normal;font-weight:600\"><em>F\u00e1bio Rocha (Portfolio Manager na Qspark Capital)<\/em><\/p>\n\n\n\n<p class=\"has-text-align-left\">Doutorado em F\u00edsica pela Universidade de Princeton em 2010, F\u00e1bio Rocha enveredou depois por uma carreira nos mercados financeiros. Come\u00e7ou na Tradeworx nos USA, onde fez parte da High Frequency Trading desk.&nbsp; Em 2018, mudou-se para a Blueshift Asset Management, um hedge fund quantitativo baseado nos USA, e voltou para Portugal para abrir um escrit\u00f3rio local. Depois de um breve interl\u00fadio em 2022-2023 como engenheiro de software na Quansight, voltou muito recentemente ao mundo dos mercados de capitais com a Qspark.<\/p>\n\n\n\n<p><\/p>\n\n\n\n<p class=\"has-medium-font-size\"><em><strong>Ana Rita Ribeiro&nbsp;(4DCell) <\/strong><\/em><\/p>\n\n\n\n<p>Licenciada em F\u00edsica pela FCUP (2007-2012) e Doutorada, tamb\u00e9m em F\u00edsica, no INESC TEC (2013-2017). Desenvolve a sua atividade na \u201c4Dcell\u201d, uma empresa&nbsp;de Biotecnologia com sede em Paris, que desenvolve e comercializa ferramentas para cultura celular que permitem reproduzir condi\u00e7\u00f5es in vivo num ambiente in vitro. Estas permitem n\u00e3o s\u00f3 compreender princ\u00edpios&nbsp;fundamentais da biologia celular, como tamb\u00e9m s\u00e3o essenciais no descobrimento e desenvolvimento de novos medicamentos bem como na avalia\u00e7\u00e3o&nbsp;toxicol\u00f3gica dos mesmos, de forma a que se minimize o uso de modelos in vivo.&nbsp;De in\u00edcio foi respons\u00e1vel por desenvolver um dispositivo que permite imobilizar e confinar c\u00e9lulas, passando mais tarde a gerir a equipa de Desenvolvimento. Hoje em dia ocupa o cargo de Diretora T\u00e9cnica, onde tem um papel mais abrangente no desenvolvimento da empresa.&nbsp;<\/p>\n\n\n\n<p><\/p>\n\n\n\n<p class=\"has-medium-font-size\"><em><strong>Joana Vale, MSc (ATRYS &amp; J\u00falio Teixeira)<\/strong><\/em><\/p>\n\n\n\n<p class=\"has-black-color has-text-color\">A Mestre Joana Vale (MFM\/FCUP) \u00e9 uma especialista em&nbsp;F\u00edsica M\u00e9dica certificada pela Administra\u00e7\u00e3o Central dos Sistemas de Sa\u00fade (ACSS), com especialidade na \u00e1rea da Radioterapia e Medicina Nuclear. Realiza &nbsp;a sua atividade profissional em diversos centros de Medicina Nuclear e de Radioterapia no Norte do Pa\u00eds.&nbsp;Tamb\u00e9m leciona&nbsp;na Universidade Cat\u00f3lica Portuguesa, e na Escola Superior de Sa\u00fade da Universidade de Aveiro.<\/p>\n\n\n\n<p><\/p>\n\n\n\n<p class=\"has-medium-font-size\"><em><strong>Paula Brochado (Farfetch) <\/strong><\/em><\/p>\n\n\n\n<p>Paula Brochado is the Product lead behind Inspire by Farfetch, an industry leading recommendations engine for the luxury domain, that delivers omnichannel, personalised and real-time experiences, by using AI, machine learning and other hot buzzwords of the tech world. As a former astrophysicist and Head of Analytics at the largest Portuguese grocery e-commerce platform (SONAE), she developed a healthy obsession with data science based products, and is a believer that interpreting data is two parts science and one part art.<\/p>\n\n\n\n<p><\/p>\n\n\n\n<p class=\"has-medium-font-size\"><em><strong>Gilberto Loureiro (CEO &amp; CO-FOUNDER SMARTEX)<\/strong><\/em><\/p>\n\n\n\n<p>Gilberto Loureiro is the CEO and Co-Founder of Smartex.ai, a company that specializes in vision systems for the textile industry. Gilberto has a Master&#8217;s Degree in Physics Engineering from the University of Porto, with a minor in Finance, Economics, and Management. He began his career as a textile factory operator, operating circular knitting machines and inspecting fabrics manually. Subsequently, Gilberto became a Consultant and Researcher at CeNTI &#8211; Centre for Nanotechnology and Smart Materials, where he was responsible for the development and production of smart textiles with special sensitive purposes. Following this, he was appointed as the Expansion Manager for Elsterfeld S.A. in Europe, where he was responsible for analyzing, optimizing, and executing the global expansion strategy. In 2018, Gilberto co-founded Smartex.ai and has since attracted multiple investment rounds, enabling the company to grow exponentially. His mission is to create innovative technology to empower textile factories around the world to produce with zero waste.<\/p>\n","protected":false},"excerpt":{"rendered":"<p>Dias da F\u00edsica &#8211; 1\u00aa edi\u00e7\u00e3o Com vista a dar a conhecer um pouco da atividade cient\u00edfica que se desenvolve no DFA, ir\u00e1 decorrer nos pr\u00f3ximos dias 29 e 30 de Mar\u00e7o os \u201cDias da F\u00edsica\u201d. O objetivo \u00e9 mostrar aos alunos das licenciaturas de F\u00edsica e Engenharia F\u00edsica diferentes percursos profissionais, dentro e fora &hellip;<br \/><a href=\"https:\/\/www.fc.up.pt\/dfa\/comunicacao\/acoes-e-eventos\/dias-da-fisica-29-e-30-de-marco-2023\/\" class=\"more-link pen_button pen_element_default pen_icon_arrow_double\">Continue reading <span class=\"screen-reader-text\">DIAS DA F\u00cdSICA (29 e 30 de mar\u00e7o, 2023)<\/span><\/a><\/p>\n","protected":false},"author":3,"featured_media":0,"parent":1985,"menu_order":31,"comment_status":"closed","ping_status":"closed","template":"","meta":{"footnotes":""},"class_list":["post-4635","page","type-page","status-publish","hentry"],"_links":{"self":[{"href":"https:\/\/www.fc.up.pt\/dfa\/wp-json\/wp\/v2\/pages\/4635","targetHints":{"allow":["GET"]}}],"collection":[{"href":"https:\/\/www.fc.up.pt\/dfa\/wp-json\/wp\/v2\/pages"}],"about":[{"href":"https:\/\/www.fc.up.pt\/dfa\/wp-json\/wp\/v2\/types\/page"}],"author":[{"embeddable":true,"href":"https:\/\/www.fc.up.pt\/dfa\/wp-json\/wp\/v2\/users\/3"}],"replies":[{"embeddable":true,"href":"https:\/\/www.fc.up.pt\/dfa\/wp-json\/wp\/v2\/comments?post=4635"}],"version-history":[{"count":46,"href":"https:\/\/www.fc.up.pt\/dfa\/wp-json\/wp\/v2\/pages\/4635\/revisions"}],"predecessor-version":[{"id":4781,"href":"https:\/\/www.fc.up.pt\/dfa\/wp-json\/wp\/v2\/pages\/4635\/revisions\/4781"}],"up":[{"embeddable":true,"href":"https:\/\/www.fc.up.pt\/dfa\/wp-json\/wp\/v2\/pages\/1985"}],"wp:attachment":[{"href":"https:\/\/www.fc.up.pt\/dfa\/wp-json\/wp\/v2\/media?parent=4635"}],"curies":[{"name":"wp","href":"https:\/\/api.w.org\/{rel}","templated":true}]}}