{"id":435,"date":"2021-09-11T18:30:32","date_gmt":"2021-09-11T17:30:32","guid":{"rendered":"https:\/\/www.fc.up.pt\/dfa\/?page_id=435"},"modified":"2025-01-24T11:47:15","modified_gmt":"2025-01-24T11:47:15","slug":"divulgacao-escolas","status":"publish","type":"page","link":"https:\/\/www.fc.up.pt\/dfa\/comunicacao\/divulgacao-escolas\/","title":{"rendered":"Atividades para as Escolas"},"content":{"rendered":"\n<p>O departamento tem um leque alargado de atividades que oferece \u00e0s escolas para nos visitarem ou nos receberem nas suas escolas.<\/p>\n\n\n\n<p>Entre estas atividades est\u00e3o as salas de divulga\u00e7\u00e3o das ci\u00eancias f\u00edsicas  e suas tecnologias, abertas para vistas guias de grupos escolares:<\/p>\n\n\n\n<figure class=\"wp-block-gallery has-nested-images columns-default is-cropped wp-block-gallery-1 is-layout-flex wp-block-gallery-is-layout-flex\">\n<figure class=\"wp-block-image size-large\"><img loading=\"lazy\" decoding=\"async\" width=\"1024\" height=\"683\" data-id=\"732\" src=\"https:\/\/www.fc.up.pt\/dfa\/wp-content\/uploads\/4R8A7147-1024x683.jpg\" alt=\"\" class=\"wp-image-732\" srcset=\"https:\/\/www.fc.up.pt\/dfa\/wp-content\/uploads\/4R8A7147-1024x683.jpg 1024w, https:\/\/www.fc.up.pt\/dfa\/wp-content\/uploads\/4R8A7147-300x200.jpg 300w, https:\/\/www.fc.up.pt\/dfa\/wp-content\/uploads\/4R8A7147-768x512.jpg 768w, https:\/\/www.fc.up.pt\/dfa\/wp-content\/uploads\/4R8A7147-1536x1024.jpg 1536w, https:\/\/www.fc.up.pt\/dfa\/wp-content\/uploads\/4R8A7147-2048x1366.jpg 2048w\" sizes=\"auto, (max-width: 1024px) 100vw, 1024px\" \/><figcaption class=\"wp-element-caption\"><li><a href=\"https:\/\/www.fc.up.pt\/dfa\/comunicacao\/divulgacao-escolas\/sala-eureka\/\" data-type=\"page\" data-id=\"250\"><strong><span class=\"has-inline-color has-white-color\">Sala Eureka<\/span><\/strong><\/a><\/li><\/figcaption><\/figure>\n\n\n\n<figure class=\"wp-block-image size-large\"><img loading=\"lazy\" decoding=\"async\" width=\"1024\" height=\"683\" data-id=\"734\" src=\"https:\/\/www.fc.up.pt\/dfa\/wp-content\/uploads\/4R8A7136-1024x683.jpg\" alt=\"\" class=\"wp-image-734\" srcset=\"https:\/\/www.fc.up.pt\/dfa\/wp-content\/uploads\/4R8A7136-1024x683.jpg 1024w, https:\/\/www.fc.up.pt\/dfa\/wp-content\/uploads\/4R8A7136-300x200.jpg 300w, https:\/\/www.fc.up.pt\/dfa\/wp-content\/uploads\/4R8A7136-768x512.jpg 768w, https:\/\/www.fc.up.pt\/dfa\/wp-content\/uploads\/4R8A7136-1536x1024.jpg 1536w, https:\/\/www.fc.up.pt\/dfa\/wp-content\/uploads\/4R8A7136-2048x1366.jpg 2048w\" sizes=\"auto, (max-width: 1024px) 100vw, 1024px\" \/><figcaption class=\"wp-element-caption\"><li><strong><a href=\"https:\/\/www.fc.up.pt\/dfa\/comunicacao\/divulgacao-escolas\/sala-da-razao\/\" data-type=\"page\" data-id=\"426\"><span class=\"has-inline-color has-white-color\">Sala da Raz\u00e3o<\/span><\/a><\/strong><\/li><\/figcaption><\/figure>\n\n\n\n<figure class=\"wp-block-image size-large\"><img loading=\"lazy\" decoding=\"async\" width=\"1024\" height=\"452\" data-id=\"450\" src=\"https:\/\/www.fc.up.pt\/dfa\/wp-content\/uploads\/Holograma-1024x452.jpg\" alt=\"\" class=\"wp-image-450\" srcset=\"https:\/\/www.fc.up.pt\/dfa\/wp-content\/uploads\/Holograma-1024x452.jpg 1024w, https:\/\/www.fc.up.pt\/dfa\/wp-content\/uploads\/Holograma-300x133.jpg 300w, https:\/\/www.fc.up.pt\/dfa\/wp-content\/uploads\/Holograma-768x339.jpg 768w, https:\/\/www.fc.up.pt\/dfa\/wp-content\/uploads\/Holograma-1536x679.jpg 1536w, https:\/\/www.fc.up.pt\/dfa\/wp-content\/uploads\/Holograma-2048x905.jpg 2048w\" sizes=\"auto, (max-width: 1024px) 100vw, 1024px\" \/><figcaption class=\"wp-element-caption\"><li><strong><a href=\"https:\/\/www.fc.up.pt\/dfa\/comunicacao\/divulgacao-escolas\/sala-do-futuro\/\" data-type=\"page\" data-id=\"423\"><span class=\"has-inline-color has-white-color\">Sala do Futuro<\/span><\/a><\/strong><\/li><\/figcaption><\/figure>\n<\/figure>\n\n\n\n<p><\/p>\n\n\n\n<p>Tamb\u00e9m temos uma oferta alargada de <strong>Palestras<\/strong> pelos seus docentes e investigadores para serem dadas nas escolas.<\/p>\n\n\n\n<p>O departamento <a href=\"https:\/\/www.fc.up.pt\/dfa\/comunicacao\/\">colabora regularmente em atividades<\/a> da faculdade, como os <strong>Dias Abertos<\/strong>, e com a Universidade na <strong>Mostra da U.Porto<\/strong>, estando presente os institutos parceiros e com a sua oferta formativa.<\/p>\n\n\n\n<p>Para marca\u00e7\u00f5es, por favor contactar <a href=\"https:\/\/sigarra.up.pt\/fcup\/pt\/func_geral.FormView?P_CODIGO=237597\">Florbela Martins<\/a>.<\/p>\n\n\n\n<p><\/p>\n","protected":false},"excerpt":{"rendered":"<p>O departamento tem um leque alargado de atividades que oferece \u00e0s escolas para nos visitarem ou nos receberem nas suas escolas. Entre estas atividades est\u00e3o as salas de divulga\u00e7\u00e3o das ci\u00eancias f\u00edsicas e suas tecnologias, abertas para vistas guias de grupos escolares: Tamb\u00e9m temos uma oferta alargada de Palestras pelos seus docentes e investigadores para &hellip;<br \/><a href=\"https:\/\/www.fc.up.pt\/dfa\/comunicacao\/divulgacao-escolas\/\" class=\"more-link pen_button pen_element_default pen_icon_arrow_double\">Continue reading <span class=\"screen-reader-text\">Atividades para as Escolas<\/span><\/a><\/p>\n","protected":false},"author":2,"featured_media":351,"parent":214,"menu_order":1,"comment_status":"closed","ping_status":"closed","template":"","meta":{"footnotes":""},"class_list":["post-435","page","type-page","status-publish","has-post-thumbnail","hentry"],"_links":{"self":[{"href":"https:\/\/www.fc.up.pt\/dfa\/wp-json\/wp\/v2\/pages\/435","targetHints":{"allow":["GET"]}}],"collection":[{"href":"https:\/\/www.fc.up.pt\/dfa\/wp-json\/wp\/v2\/pages"}],"about":[{"href":"https:\/\/www.fc.up.pt\/dfa\/wp-json\/wp\/v2\/types\/page"}],"author":[{"embeddable":true,"href":"https:\/\/www.fc.up.pt\/dfa\/wp-json\/wp\/v2\/users\/2"}],"replies":[{"embeddable":true,"href":"https:\/\/www.fc.up.pt\/dfa\/wp-json\/wp\/v2\/comments?post=435"}],"version-history":[{"count":12,"href":"https:\/\/www.fc.up.pt\/dfa\/wp-json\/wp\/v2\/pages\/435\/revisions"}],"predecessor-version":[{"id":5629,"href":"https:\/\/www.fc.up.pt\/dfa\/wp-json\/wp\/v2\/pages\/435\/revisions\/5629"}],"up":[{"embeddable":true,"href":"https:\/\/www.fc.up.pt\/dfa\/wp-json\/wp\/v2\/pages\/214"}],"wp:featuredmedia":[{"embeddable":true,"href":"https:\/\/www.fc.up.pt\/dfa\/wp-json\/wp\/v2\/media\/351"}],"wp:attachment":[{"href":"https:\/\/www.fc.up.pt\/dfa\/wp-json\/wp\/v2\/media?parent=435"}],"curies":[{"name":"wp","href":"https:\/\/api.w.org\/{rel}","templated":true}]}}