{"id":430,"date":"2021-09-11T17:57:12","date_gmt":"2021-09-11T16:57:12","guid":{"rendered":"https:\/\/www.fc.up.pt\/dfa\/?page_id=430"},"modified":"2022-08-23T14:04:49","modified_gmt":"2022-08-23T13:04:49","slug":"contactos","status":"publish","type":"page","link":"https:\/\/www.fc.up.pt\/dfa\/noticias\/contactos\/","title":{"rendered":"Contactos"},"content":{"rendered":"\n<p>Para contactar o departamento nas diferentes \u00e1reas de interven\u00e7\u00e3o, por favor use os seguintes contactos:<\/p>\n\n\n\n<p><\/p>\n\n\n\n<ul class=\"wp-block-list\"><li>Departamento de F\u00edsica e Astronomia, Faculdade de Ci\u00eancias da Universidade do Porto, Rua do Campo Alegre s\/n, 4169-007 Porto, Portugal<\/li><\/ul>\n\n\n\n<h3 class=\"wp-block-heading\">Contacto geral:<\/h3>\n\n\n\n<ul class=\"wp-block-list\"><li>Telefone<strong>:<\/strong>   +351 220 402 404<\/li><li>Secretariado:   <a rel=\"noreferrer noopener\" href=\"mailto:dfa.sec@fc.up.pt\" target=\"_blank\">dfa.sec@fc.up.pt<\/a><\/li><li>Gabinete: <a rel=\"noreferrer noopener\" href=\"https:\/\/sigarra.up.pt\/fcup\/pt\/instal_geral.espaco_view?pv_id=68964\" target=\"_blank\">FC3.003<\/a><\/li><\/ul>\n\n\n\n<h3 class=\"wp-block-heading\">Gestores do Site:<\/h3>\n\n\n\n<ul class=\"wp-block-list\"><li>Email:   <a href=\"mailto:dfa.comunica@fc.up.pt\">dfa.comunica@fc.up.pt<\/a><\/li><\/ul>\n\n\n\n<h3 class=\"wp-block-heading\">Dire\u00e7\u00e3o do Departamento:<\/h3>\n\n\n\n<ul class=\"wp-block-list\"><li>Telefone:   +351 220 402 393<\/li><li>Email:   <a href=\"mailto:dfa.diretor@fc.up.pt\" target=\"_blank\" rel=\"noreferrer noopener\">dfa.diretor@fc.up.pt<\/a><\/li><\/ul>\n\n\n\n<p><\/p>\n","protected":false},"excerpt":{"rendered":"<p>Para contactar o departamento nas diferentes \u00e1reas de interven\u00e7\u00e3o, por favor use os seguintes contactos: Departamento de F\u00edsica e Astronomia, Faculdade de Ci\u00eancias da Universidade do Porto, Rua do Campo Alegre s\/n, 4169-007 Porto, Portugal Contacto geral: Telefone: +351 220 402 404 Secretariado: dfa.sec@fc.up.pt Gabinete: FC3.003 Gestores do Site: Email: dfa.comunica@fc.up.pt Dire\u00e7\u00e3o do Departamento: Telefone: &hellip;<br \/><a href=\"https:\/\/www.fc.up.pt\/dfa\/noticias\/contactos\/\" class=\"more-link pen_button pen_element_default pen_icon_arrow_double\">Continue reading <span class=\"screen-reader-text\">Contactos<\/span><\/a><\/p>\n","protected":false},"author":2,"featured_media":338,"parent":109,"menu_order":3,"comment_status":"closed","ping_status":"closed","template":"","meta":{"footnotes":""},"class_list":["post-430","page","type-page","status-publish","has-post-thumbnail","hentry"],"_links":{"self":[{"href":"https:\/\/www.fc.up.pt\/dfa\/wp-json\/wp\/v2\/pages\/430","targetHints":{"allow":["GET"]}}],"collection":[{"href":"https:\/\/www.fc.up.pt\/dfa\/wp-json\/wp\/v2\/pages"}],"about":[{"href":"https:\/\/www.fc.up.pt\/dfa\/wp-json\/wp\/v2\/types\/page"}],"author":[{"embeddable":true,"href":"https:\/\/www.fc.up.pt\/dfa\/wp-json\/wp\/v2\/users\/2"}],"replies":[{"embeddable":true,"href":"https:\/\/www.fc.up.pt\/dfa\/wp-json\/wp\/v2\/comments?post=430"}],"version-history":[{"count":9,"href":"https:\/\/www.fc.up.pt\/dfa\/wp-json\/wp\/v2\/pages\/430\/revisions"}],"predecessor-version":[{"id":3921,"href":"https:\/\/www.fc.up.pt\/dfa\/wp-json\/wp\/v2\/pages\/430\/revisions\/3921"}],"up":[{"embeddable":true,"href":"https:\/\/www.fc.up.pt\/dfa\/wp-json\/wp\/v2\/pages\/109"}],"wp:featuredmedia":[{"embeddable":true,"href":"https:\/\/www.fc.up.pt\/dfa\/wp-json\/wp\/v2\/media\/338"}],"wp:attachment":[{"href":"https:\/\/www.fc.up.pt\/dfa\/wp-json\/wp\/v2\/media?parent=430"}],"curies":[{"name":"wp","href":"https:\/\/api.w.org\/{rel}","templated":true}]}}