{"id":415,"date":"2021-09-11T17:34:00","date_gmt":"2021-09-11T16:34:00","guid":{"rendered":"https:\/\/www.fc.up.pt\/dfa\/?page_id=415"},"modified":"2021-12-05T17:59:20","modified_gmt":"2021-12-05T17:59:20","slug":"prestacao-de-servicos","status":"publish","type":"page","link":"https:\/\/www.fc.up.pt\/dfa\/services\/prestacao-de-servicos\/","title":{"rendered":"Presta\u00e7\u00e3o de servi\u00e7os"},"content":{"rendered":"\n<p>O <a href=\"https:\/\/www.fc.up.pt\/dfa\/\">Departamento<\/a> tamb\u00e9m presta servi\u00e7os ao exterior, na consultoria e desenvolvimento para empresas, per\u00edcias judiciais, avalia\u00e7\u00f5es e certifica\u00e7\u00e3o de equipamentos, assessoria cient\u00edfica do tecido industrial, etc.<\/p>\n\n\n\n<p>Para a eventual presta\u00e7\u00e3o de servi\u00e7os, contactar <a href=\"https:\/\/sigarra.up.pt\/fcup\/pt\/func_geral.FormView?P_CODIGO=548854\">Ana Sofia Marques Queir\u00f3s<\/a> para informa\u00e7\u00f5es adicionais.<\/p>\n","protected":false},"excerpt":{"rendered":"<p>O Departamento tamb\u00e9m presta servi\u00e7os ao exterior, na consultoria e desenvolvimento para empresas, per\u00edcias judiciais, avalia\u00e7\u00f5es e certifica\u00e7\u00e3o de equipamentos, assessoria cient\u00edfica do tecido industrial, etc. Para a eventual presta\u00e7\u00e3o de servi\u00e7os, contactar Ana Sofia Marques Queir\u00f3s para informa\u00e7\u00f5es adicionais.<\/p>\n","protected":false},"author":2,"featured_media":662,"parent":246,"menu_order":2,"comment_status":"closed","ping_status":"closed","template":"","meta":{"footnotes":""},"class_list":["post-415","page","type-page","status-publish","has-post-thumbnail","hentry"],"_links":{"self":[{"href":"https:\/\/www.fc.up.pt\/dfa\/wp-json\/wp\/v2\/pages\/415","targetHints":{"allow":["GET"]}}],"collection":[{"href":"https:\/\/www.fc.up.pt\/dfa\/wp-json\/wp\/v2\/pages"}],"about":[{"href":"https:\/\/www.fc.up.pt\/dfa\/wp-json\/wp\/v2\/types\/page"}],"author":[{"embeddable":true,"href":"https:\/\/www.fc.up.pt\/dfa\/wp-json\/wp\/v2\/users\/2"}],"replies":[{"embeddable":true,"href":"https:\/\/www.fc.up.pt\/dfa\/wp-json\/wp\/v2\/comments?post=415"}],"version-history":[{"count":2,"href":"https:\/\/www.fc.up.pt\/dfa\/wp-json\/wp\/v2\/pages\/415\/revisions"}],"predecessor-version":[{"id":2757,"href":"https:\/\/www.fc.up.pt\/dfa\/wp-json\/wp\/v2\/pages\/415\/revisions\/2757"}],"up":[{"embeddable":true,"href":"https:\/\/www.fc.up.pt\/dfa\/wp-json\/wp\/v2\/pages\/246"}],"wp:featuredmedia":[{"embeddable":true,"href":"https:\/\/www.fc.up.pt\/dfa\/wp-json\/wp\/v2\/media\/662"}],"wp:attachment":[{"href":"https:\/\/www.fc.up.pt\/dfa\/wp-json\/wp\/v2\/media?parent=415"}],"curies":[{"name":"wp","href":"https:\/\/api.w.org\/{rel}","templated":true}]}}