{"id":380,"date":"2021-09-11T15:40:27","date_gmt":"2021-09-11T14:40:27","guid":{"rendered":"https:\/\/www.fc.up.pt\/dfa\/?page_id=380"},"modified":"2024-06-04T19:39:05","modified_gmt":"2024-06-04T18:39:05","slug":"areas-disciplinares","status":"publish","type":"page","link":"https:\/\/www.fc.up.pt\/dfa\/formacao\/areas-disciplinares\/","title":{"rendered":"\u00c1reas disciplinares"},"content":{"rendered":"\n<div class=\"wp-block-media-text alignwide is-stacked-on-mobile\" style=\"grid-template-columns:35% auto\"><figure class=\"wp-block-media-text__media\"><img loading=\"lazy\" decoding=\"async\" width=\"300\" height=\"300\" src=\"https:\/\/www.fc.up.pt\/dfa\/wp-content\/uploads\/Hot_Exo-1.png\" alt=\"\" class=\"wp-image-980 size-full\" srcset=\"https:\/\/www.fc.up.pt\/dfa\/wp-content\/uploads\/Hot_Exo-1.png 300w, https:\/\/www.fc.up.pt\/dfa\/wp-content\/uploads\/Hot_Exo-1-152x152.png 152w\" sizes=\"auto, (max-width: 300px) 100vw, 300px\" \/><\/figure><div class=\"wp-block-media-text__content\">\n<p><\/p>\n\n\n\n<h2 class=\"wp-block-heading\"><strong>Astronomia<\/strong><\/h2>\n\n\n\n<p><strong>astrof\u00edsica estelar | sistemas planet\u00e1rios | astronomia gal\u00e1ctica e extrag\u00e1tica | cosmologia<\/strong><\/p>\n\n\n\n<p>1\u00ba Ciclo: <a href=\"https:\/\/sigarra.up.pt\/fcup\/pt\/cur_geral.cur_view?pv_curso_id=888\">F\u00edsica<\/a>&nbsp;\u2013 Perfil de Astrof\u00edsica<\/p>\n\n\n\n<p>2\u00ba Ciclo: <a href=\"https:\/\/sigarra.up.pt\/fcup\/pt\/cur_geral.cur_view?pv_curso_id=871\">Astronomia e Astrof\u00edsica<\/a><\/p>\n\n\n\n<p>3\u00ba Ciclo: <a href=\"https:\/\/sigarra.up.pt\/fcup\/pt\/cur_geral.cur_view?pv_curso_id=881\">Astronomia<\/a><\/p>\n<\/div><\/div>\n\n\n\n<div class=\"wp-block-media-text alignwide has-media-on-the-right is-stacked-on-mobile\" style=\"grid-template-columns:auto 35%\"><div class=\"wp-block-media-text__content\">\n<h2 class=\"wp-block-heading has-text-align-right\" id=\"fisica\"><strong>F\u00edsica<\/strong><\/h2>\n\n\n\n<p class=\"has-text-align-right\"><strong>mat\u00e9ria condensada experimental e materiais | mat\u00e9ria condensada te\u00f3rica | \u00f3tica qu\u00e2ntica e n\u00e3o linear | gravita\u00e7\u00e3o e cosmologia | f\u00edsica qu\u00e2ntica de campos e part\u00edculas<\/strong><\/p>\n\n\n\n<p>1\u00ba Ciclo: <a href=\"https:\/\/sigarra.up.pt\/fcup\/pt\/cur_geral.cur_view?pv_curso_id=888\">F\u00edsica<\/a>&nbsp;\u2013 Perfil de F\u00edsica e Forma\u00e7\u00f5es Complementares<\/p>\n\n\n\n<p>2\u00ba Ciclo: <a href=\"https:\/\/sigarra.up.pt\/fcup\/pt\/cur_geral.cur_view?pv_curso_id=1022\">Ensino da F\u00edsica e da Qu\u00edmica no 3\u00ba Ciclo do Ensino B\u00e1sico e Secund\u00e1rio<\/a>&nbsp;(com a UEC e o DQB)<\/p>\n\n\n\n<p>2\u00ba Ciclo: <a href=\"https:\/\/sigarra.up.pt\/fcup\/pt\/cur_geral.cur_view?pv_curso_id=893\">F\u00edsica<\/a><\/p>\n\n\n\n<p>3\u00ba Ciclo: <a href=\"https:\/\/sigarra.up.pt\/fcup\/pt\/cur_geral.cur_view?pv_curso_id=862\">F\u00edsica<\/a>&nbsp;(MAPfis \u2013 com a U.Minho e a U.Aveiro)<\/p>\n<\/div><figure class=\"wp-block-media-text__media\"><img loading=\"lazy\" decoding=\"async\" width=\"300\" height=\"300\" src=\"https:\/\/www.fc.up.pt\/dfa\/wp-content\/uploads\/Atomo-1.png\" alt=\"\" class=\"wp-image-978 size-full\" srcset=\"https:\/\/www.fc.up.pt\/dfa\/wp-content\/uploads\/Atomo-1.png 300w, https:\/\/www.fc.up.pt\/dfa\/wp-content\/uploads\/Atomo-1-152x152.png 152w\" sizes=\"auto, (max-width: 300px) 100vw, 300px\" \/><\/figure><\/div>\n\n\n\n<div class=\"wp-block-media-text alignwide is-stacked-on-mobile\" style=\"grid-template-columns:35% auto\"><figure class=\"wp-block-media-text__media\"><img loading=\"lazy\" decoding=\"async\" width=\"300\" height=\"300\" src=\"https:\/\/www.fc.up.pt\/dfa\/wp-content\/uploads\/Engenharia-1.png\" alt=\"\" class=\"wp-image-979 size-full\" srcset=\"https:\/\/www.fc.up.pt\/dfa\/wp-content\/uploads\/Engenharia-1.png 300w, https:\/\/www.fc.up.pt\/dfa\/wp-content\/uploads\/Engenharia-1-152x152.png 152w\" sizes=\"auto, (max-width: 300px) 100vw, 300px\" \/><\/figure><div class=\"wp-block-media-text__content\">\n<h2 class=\"wp-block-heading\" id=\"engenharia-fisica\"><strong>Engenharia F\u00edsica<\/strong><\/h2>\n\n\n\n<p><strong>optoeletr\u00f3nica, lasers e aplica\u00e7\u00f5es | micro e nano fabrica\u00e7\u00e3o | fot\u00f3nica qu\u00e2ntica | sensores, dispositivos e sistemas fot\u00f3nicos | materias e dispositivos multifuncionais | f\u00edsica m\u00e9dica | tecnologias nas ci\u00eancias do espa\u00e7o<\/strong><\/p>\n\n\n\n<p>1\u00ba Ciclo: <a href=\"https:\/\/sigarra.up.pt\/fcup\/pt\/cur_geral.cur_view?pv_origem=CUR&amp;pv_tipo_cur_sigla=L&amp;pv_curso_id=23141\">Engenharia F\u00edsica<\/a>&nbsp;(com a FEUP)<\/p>\n\n\n\n<p>2\u00ba Ciclo: <a href=\"https:\/\/sigarra.up.pt\/fcup\/pt\/cur_geral.cur_view?pv_origem=CUR&amp;pv_tipo_cur_sigla=M&amp;pv_curso_id=22701\">Ci\u00eancia e Tecnologia de Nanomateriais<\/a>&nbsp;(com o DQB e o DCC)<\/p>\n\n\n\n<p>2\u00ba Ciclo: <a href=\"https:\/\/sigarra.up.pt\/fcup\/pt\/cur_geral.cur_view?pv_origem=CUR&amp;pv_tipo_cur_sigla=M&amp;pv_curso_id=23161\">Engenharia F\u00edsica<\/a>&nbsp;(com a FEUP)<\/p>\n\n\n\n<p>2\u00ba Ciclo: <a href=\"https:\/\/sigarra.up.pt\/fcup\/pt\/cur_geral.cur_view?pv_curso_id=894\">F\u00edsica M\u00e9dica<\/a><\/p>\n\n\n\n<p>3\u00ba Ciclo: <a href=\"https:\/\/sigarra.up.pt\/fcup\/pt\/cur_geral.cur_view?pv_curso_id=701\">Engenharia F\u00edsica<\/a>&nbsp;(com a FEUP)<\/p>\n<\/div><\/div>\n\n\n\n<p><\/p>\n\n\n\n<p>Os planos de estudo dos cursos incluem unidades curriculares num leque alargado de t\u00f3picos que cobrem todos os conte\u00fados fundamentais e com valor estrat\u00e9gico nas \u00e1reas disciplinares de forma\u00e7\u00e3o do DFA. <\/p>\n","protected":false},"excerpt":{"rendered":"<p>F\u00edsica mat\u00e9ria condensada experimental e materiais | mat\u00e9ria condensada te\u00f3rica | \u00f3tica qu\u00e2ntica e n\u00e3o linear | gravita\u00e7\u00e3o e cosmologia | f\u00edsica qu\u00e2ntica de campos e part\u00edculas 1\u00ba Ciclo: F\u00edsica&nbsp;\u2013 Perfil de F\u00edsica e Forma\u00e7\u00f5es Complementares 2\u00ba Ciclo: Ensino da F\u00edsica e da Qu\u00edmica no 3\u00ba Ciclo do Ensino B\u00e1sico e Secund\u00e1rio&nbsp;(com a UEC e &hellip;<br \/><a href=\"https:\/\/www.fc.up.pt\/dfa\/formacao\/areas-disciplinares\/\" class=\"more-link pen_button pen_element_default pen_icon_arrow_double\">Continue reading <span class=\"screen-reader-text\">\u00c1reas disciplinares<\/span><\/a><\/p>\n","protected":false},"author":2,"featured_media":782,"parent":50,"menu_order":1,"comment_status":"closed","ping_status":"closed","template":"","meta":{"footnotes":""},"class_list":["post-380","page","type-page","status-publish","has-post-thumbnail","hentry"],"_links":{"self":[{"href":"https:\/\/www.fc.up.pt\/dfa\/wp-json\/wp\/v2\/pages\/380","targetHints":{"allow":["GET"]}}],"collection":[{"href":"https:\/\/www.fc.up.pt\/dfa\/wp-json\/wp\/v2\/pages"}],"about":[{"href":"https:\/\/www.fc.up.pt\/dfa\/wp-json\/wp\/v2\/types\/page"}],"author":[{"embeddable":true,"href":"https:\/\/www.fc.up.pt\/dfa\/wp-json\/wp\/v2\/users\/2"}],"replies":[{"embeddable":true,"href":"https:\/\/www.fc.up.pt\/dfa\/wp-json\/wp\/v2\/comments?post=380"}],"version-history":[{"count":36,"href":"https:\/\/www.fc.up.pt\/dfa\/wp-json\/wp\/v2\/pages\/380\/revisions"}],"predecessor-version":[{"id":5416,"href":"https:\/\/www.fc.up.pt\/dfa\/wp-json\/wp\/v2\/pages\/380\/revisions\/5416"}],"up":[{"embeddable":true,"href":"https:\/\/www.fc.up.pt\/dfa\/wp-json\/wp\/v2\/pages\/50"}],"wp:featuredmedia":[{"embeddable":true,"href":"https:\/\/www.fc.up.pt\/dfa\/wp-json\/wp\/v2\/media\/782"}],"wp:attachment":[{"href":"https:\/\/www.fc.up.pt\/dfa\/wp-json\/wp\/v2\/media?parent=380"}],"curies":[{"name":"wp","href":"https:\/\/api.w.org\/{rel}","templated":true}]}}