{"id":3218,"date":"2022-02-24T17:23:42","date_gmt":"2022-02-24T17:23:42","guid":{"rendered":"https:\/\/www.fc.up.pt\/dfa\/?page_id=3218"},"modified":"2024-02-22T14:03:53","modified_gmt":"2024-02-22T14:03:53","slug":"eventos-cientificos","status":"publish","type":"page","link":"https:\/\/www.fc.up.pt\/dfa\/investigacao\/eventos-cientificos\/","title":{"rendered":"Eventos Cient\u00edficos"},"content":{"rendered":"\n<p>Os docentes e investigadores ligados ao Departamento participam ativamente na organiza\u00e7\u00e3o de eventos cient\u00edficos, nacionais e internacionais, assegurando a sua organiza\u00e7\u00e3o ou colaborando nos comit\u00e9s de organiza\u00e7\u00e3o. Alguns dos eventos (reuni\u00f5es, workshops, confer\u00eancias, etc) que tiveram a Universidade do Porto como institui\u00e7\u00e3o organizadora, indicando-se os docentes e investigadores envolvidos, s\u00e3o:<\/p>\n\n\n\n<ul class=\"wp-block-list\">\n<li><strong><a href=\"http:\/\/www.iastro.pt\/research\/conferences\/pssa2024\">Porto Summer School on Asteroseismology: From Pixels to Stellar Ages<\/a><\/strong>, 21 a 26 de julho de 2024, <span style=\"text-decoration: underline;\">Scientific Organising Committee<\/span>: \u00c2ngela Santos; Local Organising Committee: \u00c2ngela Santos, Tiago Campante<\/li>\n\n\n\n<li><strong><a href=\"http:\/\/www.iastro.pt\/research\/conferences\/tasc8-kasc15\">8th TESS\/15th Kepler Asteroseismic Science Consortium Workshop<\/a><\/strong>, 15 a 19 d julho de 2024, <span style=\"text-decoration: underline;\">Scientific Organising Committee<\/span>: Margarida Cunha, Mario Joao Monteiro, Tiago Campante<\/li>\n\n\n\n<li><strong><a href=\"https:\/\/www.stsci.edu\/contents\/events\/stsci\/2024\/april\/science-with-the-hubble-and-james-webb-space-telescopes-vii-stars-gas-dust-in-the-universe\">Science with the Hubble and James Webb Space Telescopes VII: Stars. Gas &amp; Dust in the Universe<\/a><\/strong>, 29 de abril a 2 de maio de 2024, <span style=\"text-decoration: underline;\">Scientific Organising Committee<\/span>: Jarle Brinchmann<\/li>\n<\/ul>\n\n\n\n<p><\/p>\n\n\n\n<ul class=\"wp-block-list\">\n<li><strong><a href=\"http:\/\/www.iastro.pt\/research\/conferences\/toe3-2023\/\" target=\"_blank\" rel=\"noreferrer noopener\">Towards Other Earths III: The Planet-Star Connection<\/a><\/strong>, 17 a 21 de julho de 2023, <span style=\"text-decoration: underline;\">Scientific Organising Committee<\/span>: Susana Barros, Elisa Delgado Mena, Olivier Demangeon, S\u00e9rgio Sousa<\/li>\n\n\n\n<li><strong><a href=\"http:\/\/www.iastro.pt\/research\/conferences\/ibericos2023\/\">Ib\u00e9riCos 2023<\/a><\/strong>, 3 a 5 de abril de 2023, <span style=\"text-decoration: underline;\">Scientific Organising Committee<\/span>: Carlos Martins; <span style=\"text-decoration: underline;\">Local Organising Committee<\/span>: Jo\u00e3o Dias, Catarina Marques, Carlos Martins, Francisco Pimenta<\/li>\n\n\n\n<li><strong><a href=\"http:\/\/www.iastro.pt\/research\/conferences\/poet2023\/\">PoET Workshop<\/a><\/strong>, 23 e 24 de fevereiro de 2023, <span style=\"text-decoration: underline;\">Organization<\/span>: Nuno Santos<\/li>\n<\/ul>\n\n\n\n<p><\/p>\n\n\n\n<ul class=\"wp-block-list\">\n<li><strong><a href=\"https:\/\/magnetism2022pt.sciencesconf.org\" target=\"_blank\" rel=\"noreferrer noopener\">Magnetism in Portugal 2022 &#8211; Young Researchers<\/a><\/strong>, 12 a 13 de setembro de 2022, <span style=\"text-decoration: underline;\">Comit\u00e9 Cient\u00edfico<\/span>: C\u00e9lia Sousa, Jo\u00e3o Horta Belo &amp; <span style=\"text-decoration: underline;\">Organizadores locais<\/span>: Jo\u00e3o Horta Belo, C\u00e9lia Sousa<\/li>\n\n\n\n<li><strong><a href=\"https:\/\/fisica2022.sci-meet.net\/\" target=\"_blank\" rel=\"noreferrer noopener\">F\u00edsica 2022 &#8211; 23\u00aa confer\u00eancia Nacional de F\u00edsica e 32\u00ba Encontro Ib\u00e9rico para o Ensino da F\u00edsica<\/a><\/strong>, 7 a 10 de setembro de 2022, <span style=\"text-decoration: underline;\">Comiss\u00e3o Organizadora Local<\/span>: Andr\u00e9 pereira, C\u00e9lia Sousa, Joaquim Agostinho, Eduardo Castro, Maria de F\u00e1tima Mota.<\/li>\n\n\n\n<li><strong><a href=\"https:\/\/sites.google.com\/view\/bootstrap2022\/\" target=\"_blank\" rel=\"noreferrer noopener\">Bootstrap 2022<\/a><\/strong>, 20 de junho a 15 de julho de 2022, <span style=\"text-decoration: underline;\">Organizing Committee<\/span>: Miguel Costa, Vasco Gon\u00e7alves<\/li>\n\n\n\n<li><strong><a href=\"http:\/\/magnonics.org\" target=\"_blank\" rel=\"noreferrer noopener\">4th International Advanced School on Magnomics<\/a><\/strong>, 18 a 2 de julho de 2022, <span style=\"text-decoration: underline;\">Organizing Committee<\/span>: Arlete Apolin\u00e1rio, Artem Bondarenko, Daniel Silva, Gleb Kakazei, Isabel Alves, Jo\u00e3o Horta Belo, Jo\u00e3o Ventura, Sergiy Bunyaev<\/li>\n\n\n\n<li><strong><a href=\"http:\/\/www.iastro.pt\/research\/conferences\/gr-lss\/\" target=\"_blank\" rel=\"noreferrer noopener\">General Relativistic effects in observing the Large Scale Structure of the Universe<\/a><\/strong>, 20 a 23 de junho de 2022, <span style=\"text-decoration: underline;\">Local Organising Committee<\/span>: Carlos Martins, Jos\u00e9 Fonseca (Chair); <span style=\"text-decoration: underline;\">Scientific Organizing Committee<\/span>: Jos\u00e9 Fonseca<\/li>\n\n\n\n<li><strong><a href=\"https:\/\/giedifup.wixsite.com\/edfaei2022\/comissoes\" target=\"_blank\" rel=\"noreferrer noopener\">III Encontro do Departamento de F\u00edsica e Astronomia para a Educa\u00e7\u00e3o Inclusiva<\/a><\/strong>, 30 de abril de 2022 (<a href=\"https:\/\/www.fc.up.pt\/dfa\/noticias\/not\/2022\/02\/28\/3-encontro-educacao-inclusiva\/\">ver noticia<\/a>), <span style=\"text-decoration: underline;\">Coordenador Geral<\/span>: Paulo Sime\u00e3o de Oliveira Ferreira de Carvalho &amp; <span style=\"text-decoration: underline;\">Comiss\u00e3o Cientifica<\/span>: Maria de F\u00e1tima Mota &amp; <span style=\"text-decoration: underline;\">Comiss\u00e3o Executiva Local<\/span>: Maria da F\u00e1tima Mota, Manuel Joaquim Marques, Marcelo Dumas Hahn<\/li>\n\n\n\n<li><a href=\"https:\/\/paginas.fe.up.pt\/~circular2b\/en\/blog\/2022\/01\/26\/workshop-on-advanced-materials-and-methodologies-in-circular-construction\/\" target=\"_blank\" rel=\"noreferrer noopener\"><strong>Advanced Materials and Methodologies in Circular Construction Workshop<\/strong><\/a>, 4 de mar\u00e7o de 2022 (<a href=\"https:\/\/www.fc.up.pt\/dfa\/noticias\/not\/2022\/02\/22\/ifimup-workshop-circular-construction\/\">ver noticia<\/a>) | <span style=\"text-decoration: underline;\">Organising Committee<\/span>: Jo\u00e3o Ventura, Catarina Dias<\/li>\n\n\n\n<li><strong><a href=\"https:\/\/sites.google.com\/view\/nempoworkshops\/home\" target=\"_blank\" rel=\"noreferrer noopener\">Neutron and Muons: from Science to Society<\/a><\/strong>, 19 de Janeiro de 2022 | <span style=\"text-decoration: underline;\">Organizing Committee<\/span>: Joaquim Agostinho Moreira, Rui Vilarinho<\/li>\n<\/ul>\n\n\n\n<ul class=\"wp-block-list\">\n<li><a href=\"https:\/\/indico.cern.ch\/event\/1064329\/\" target=\"_blank\" rel=\"noreferrer noopener\"><strong>First LaPMET Workshop<\/strong><\/a>, 23 a 24 de setembro de 2021 (<a href=\"https:\/\/www.fc.up.pt\/dfa\/noticias\/inv\/2021\/09\/17\/first-lapmet-worshop\/\">ver noticia<\/a>) | <span style=\"text-decoration: underline;\">Organising Committee<\/span>: Jo\u00e3o Pedro Esteves de Ara\u00fajo, Eduardo Castro<\/li>\n\n\n\n<li><a href=\"http:\/\/www.iastro.pt\/research\/conferences\/azores21\/\" target=\"_blank\" rel=\"noreferrer noopener\"><strong>Fundamental Cosmology from the ELT and Space &#8211; 4th Azores School on Observational Cosmology e 6th Azores International Advanced School in Space Sciences<\/strong><\/a>, 6 a 12 de setembro de 2021 | <span style=\"text-decoration: underline;\">Local Organizing Committee<\/span>: Carlos Martins (Chair) &amp; <span style=\"text-decoration: underline;\">School Directors<\/span>: Carlos Martins&nbsp;<\/li>\n\n\n\n<li><strong><a href=\"http:\/\/www.iastro.pt\/research\/conferences\/8th-imas\/\" target=\"_blank\" rel=\"noreferrer noopener\">Laying the Groundwork for the Road Ahead &#8211; 8th Iberian Meeting on Asteroseismology<\/a><\/strong>, 18 a 21 de outubro de 2021 (<a href=\"https:\/\/www.fc.up.pt\/dfa\/noticias\/inv\/2021\/07\/23\/asteroseismology\/\">ver noticia<\/a>) | <span style=\"text-decoration: underline;\">Local Organizing Committee<\/span>: Charlotte Gehan, Diego Bossini (Chair), Filipe Pereira, Manuel Monteiro, Margarida Cunha, M\u00e1rio Monteiro, Miguel Clara, Morgan Deal (Chair), Nuno Moedas, Thibault Boulet &amp; <span style=\"text-decoration: underline;\">Scientific Organising Committee<\/span>: Tiago Campante<\/li>\n<\/ul>\n\n\n\n<ul class=\"wp-block-list\">\n<li><a href=\"http:\/\/www.iastro.pt\/research\/conferences\/exogaia\/\" target=\"_blank\" rel=\"noreferrer noopener\"><strong>Exoplanets in the era of Gaia &#8211; Porto MW-Gaia WG3 Workshop<\/strong><\/a>, 18 a 20 de novembro de 2019 | <span style=\"text-decoration: underline;\">Local Organizing Committee<\/span>: Andre Silva, Elsa Silva, Elsa Moreira, Elisa Delgado Mena (Co-Chair), Manuel Monteiro, Paulo Pereira, Saeed Hojjatpanah, Vardan Adibekyan (Co-Chair) &amp; <span style=\"text-decoration: underline;\">Scientific Organising Committee<\/span>: Elisa Delgado Mena, Vardan Adibekyan (Chair)<\/li>\n<\/ul>\n\n\n\n<hr class=\"wp-block-separator has-text-color has-background has-pale-cyan-blue-background-color has-pale-cyan-blue-color is-style-default\"\/>\n\n\n\n<p>Eventos, nacionais ou internacionais, organizados por outras institui\u00e7\u00f5es e que contam ou contaram com a colabora\u00e7\u00e3o na organiza\u00e7\u00e3o de docentes e\/ou investigadores ligados ao DFA, s\u00e3o:<\/p>\n\n\n\n<ul class=\"wp-block-list\">\n<li><a href=\"https:\/\/erpw2022-portugal.eu\/\" target=\"_blank\" rel=\"noreferrer noopener\"><strong>European Radiation Protection Week 2022<\/strong><\/a>, de 9 a 14 de outubro de 2002 | <span style=\"text-decoration: underline;\">Scientific Committee<\/span>: Pedro Teles &amp; <span style=\"text-decoration: underline;\">Local Organizing Committee<\/span>: Pedro Teles<\/li>\n<\/ul>\n\n\n\n<ul class=\"wp-block-list\">\n<li><strong><a href=\"https:\/\/cmpnc2021.sci-meet.net\" target=\"_blank\" rel=\"noreferrer noopener\">3rd Condensed Matter Physics National Conference<\/a><\/strong>, de 28 de fevereiro a 3 de mar\u00e7o de 2022 | <span style=\"text-decoration: underline;\">Organizing Committee<\/span>: Joaquim Agostinho Moreira &amp; <span style=\"text-decoration: underline;\">Scientific Committee<\/span>: Eduardo Castro, Jo\u00e3o Oliveira Ventura, Jo\u00e3o Pedro Ara\u00fajo<\/li>\n<\/ul>\n\n\n\n<ul class=\"wp-block-list\">\n<li><a href=\"https:\/\/fisica-materia-condensada.spf.pt\/agenda\/event\/908\" target=\"_blank\" rel=\"noreferrer noopener\"><strong>NPM\/SPF &#8211; Magnetism in Portugal 2021<\/strong><\/a>, 14 a 15 de setembro de 2021 (<a href=\"https:\/\/www.fc.up.pt\/dfa\/noticias\/inv\/2021\/09\/10\/magnetism-in-portugal\/\">ver noticia<\/a>)<\/li>\n<\/ul>\n\n\n\n<ul class=\"wp-block-list\">\n<li><a href=\"https:\/\/www2.hao.ucar.edu\/MJTWorkshop2019\" target=\"_blank\" rel=\"noreferrer noopener\"><strong>Dynamics of the Sun &amp; Stars: Honouring the Life and Work of Michael Thompson<\/strong><\/a>, 24 a 26 de setembro de 2019 | <span style=\"text-decoration: underline;\">Scientific Committee<\/span>: M\u00e1rio Monteiro<\/li>\n<\/ul>\n\n\n\n<ul class=\"wp-block-list\">\n<li><a href=\"https:\/\/web.mit.edu\/tasc5\/\" target=\"_blank\" rel=\"noreferrer noopener\"><strong>TASC5\/KASC12 Workshop<\/strong><\/a>, 22 a 26 de julho de 2019 | <span style=\"text-decoration: underline;\">Scientific Organising Committee<\/span>: Margarida Cunha<\/li>\n<\/ul>\n\n\n\n<p><\/p>\n","protected":false},"excerpt":{"rendered":"<p>Os docentes e investigadores ligados ao Departamento participam ativamente na organiza\u00e7\u00e3o de eventos cient\u00edficos, nacionais e internacionais, assegurando a sua organiza\u00e7\u00e3o ou colaborando nos comit\u00e9s de organiza\u00e7\u00e3o. Alguns dos eventos (reuni\u00f5es, workshops, confer\u00eancias, etc) que tiveram a Universidade do Porto como institui\u00e7\u00e3o organizadora, indicando-se os docentes e investigadores envolvidos, s\u00e3o: Eventos, nacionais ou internacionais, organizados &hellip;<br \/><a href=\"https:\/\/www.fc.up.pt\/dfa\/investigacao\/eventos-cientificos\/\" class=\"more-link pen_button pen_element_default pen_icon_arrow_double\">Continue reading <span class=\"screen-reader-text\">Eventos Cient\u00edficos<\/span><\/a><\/p>\n","protected":false},"author":2,"featured_media":335,"parent":10,"menu_order":5,"comment_status":"closed","ping_status":"closed","template":"","meta":{"footnotes":""},"class_list":["post-3218","page","type-page","status-publish","has-post-thumbnail","hentry"],"_links":{"self":[{"href":"https:\/\/www.fc.up.pt\/dfa\/wp-json\/wp\/v2\/pages\/3218","targetHints":{"allow":["GET"]}}],"collection":[{"href":"https:\/\/www.fc.up.pt\/dfa\/wp-json\/wp\/v2\/pages"}],"about":[{"href":"https:\/\/www.fc.up.pt\/dfa\/wp-json\/wp\/v2\/types\/page"}],"author":[{"embeddable":true,"href":"https:\/\/www.fc.up.pt\/dfa\/wp-json\/wp\/v2\/users\/2"}],"replies":[{"embeddable":true,"href":"https:\/\/www.fc.up.pt\/dfa\/wp-json\/wp\/v2\/comments?post=3218"}],"version-history":[{"count":29,"href":"https:\/\/www.fc.up.pt\/dfa\/wp-json\/wp\/v2\/pages\/3218\/revisions"}],"predecessor-version":[{"id":5266,"href":"https:\/\/www.fc.up.pt\/dfa\/wp-json\/wp\/v2\/pages\/3218\/revisions\/5266"}],"up":[{"embeddable":true,"href":"https:\/\/www.fc.up.pt\/dfa\/wp-json\/wp\/v2\/pages\/10"}],"wp:featuredmedia":[{"embeddable":true,"href":"https:\/\/www.fc.up.pt\/dfa\/wp-json\/wp\/v2\/media\/335"}],"wp:attachment":[{"href":"https:\/\/www.fc.up.pt\/dfa\/wp-json\/wp\/v2\/media?parent=3218"}],"curies":[{"name":"wp","href":"https:\/\/api.w.org\/{rel}","templated":true}]}}