{"id":306,"date":"2021-09-09T19:58:22","date_gmt":"2021-09-09T18:58:22","guid":{"rendered":"https:\/\/www.fc.up.pt\/dfa\/?page_id=306"},"modified":"2023-01-11T11:10:18","modified_gmt":"2023-01-11T11:10:18","slug":"gestao-departamental","status":"publish","type":"page","link":"https:\/\/www.fc.up.pt\/dfa\/departamento\/gestao-departamental\/","title":{"rendered":"Gest\u00e3o"},"content":{"rendered":"\n<ul class=\"wp-block-list\">\n<li><strong>Diretor<\/strong>: <a href=\"https:\/\/sigarra.up.pt\/fcup\/pt\/func_geral.formview?p_codigo=230424\" target=\"_blank\" rel=\"noreferrer noopener\">Miguel Sousa Costa<\/a> (2022-)<\/li>\n<\/ul>\n\n\n\n<p><\/p>\n\n\n\n<ul class=\"wp-block-list\">\n<li>C<strong>omiss\u00e3o executiva:<\/strong>\n<ul class=\"wp-block-list\">\n<li><a href=\"https:\/\/sigarra.up.pt\/fcup\/pt\/func_geral.FormView?P_CODIGO=203827\">Jorge Filipe da Silva Gameiro<\/a><\/li>\n\n\n\n<li><a href=\"https:\/\/sigarra.up.pt\/fcup\/pt\/func_geral.FormView?P_CODIGO=201357\">Maria de F\u00e1tima Gon\u00e7alves da Mota<\/a><\/li>\n\n\n\n<li><a href=\"https:\/\/sigarra.up.pt\/fcup\/pt\/func_geral.FormView?P_CODIGO=249128\">Paulo Vicente da Silva Marques<\/a> (Subdiretor)<\/li>\n<\/ul>\n<\/li>\n<\/ul>\n\n\n\n<ul class=\"wp-block-list\">\n<li><strong>Estrutura de funcionamento:<\/strong>\n<ul class=\"wp-block-list\">\n<li>Servi\u00e7o de Administra\u00e7\u00e3o e <a data-type=\"page\" data-id=\"214\" href=\"https:\/\/www.fc.up.pt\/dfa\/comunicacao\/\">Comunica\u00e7\u00e3o<\/a><\/li>\n\n\n\n<li>Servi\u00e7o de <a href=\"https:\/\/www.fc.up.pt\/dfa\/services\/oficinas\/\">Oficinas<\/a> e <a href=\"https:\/\/www.fc.up.pt\/dfa\/formacao\/laboratorios-de-ensino\/\">Laborat\u00f3rios de Ensino<\/a><\/li>\n<\/ul>\n<\/li>\n<\/ul>\n\n\n\n<ul class=\"wp-block-list\">\n<li><strong>A\u00e7\u00f5es Departamentais:<\/strong>\n\n\n<ul class=\"wp-block-list\">\n<li>Comunica\u00e7\u00e3o com as Escolas e Institucional: <a href=\"https:\/\/sigarra.up.pt\/fcup\/pt\/func_geral.FormView?P_CODIGO=317800\"><\/a><a href=\"https:\/\/sigarra.up.pt\/fcup\/pt\/func_geral.FormView?P_CODIGO=203827\">Jorge Filipe da Silva Gameiro<\/a><\/li>\n\n\n\n<li>Gest\u00e3o do Ensino e Estudantes: <a href=\"https:\/\/sigarra.up.pt\/fcup\/pt\/func_geral.FormView?P_CODIGO=201357\">Maria de F\u00e1tima Gon\u00e7alves da Mota<\/a><\/li>\n\n\n\n<li>Gest\u00e3o de Recursos Humanos: <a href=\"https:\/\/sigarra.up.pt\/fcup\/pt\/func_geral.FormView?P_CODIGO=237597\">Florbela Maria Martins Teixeira<\/a><\/li>\n\n\n\n<li>Laborat\u00f3rios de Ensino e Oficinas do Departamento: <a href=\"https:\/\/sigarra.up.pt\/fcup\/pt\/func_geral.FormView?P_CODIGO=249128\">Paulo Vicente da Silva Marques<\/a><\/li>\n<\/ul>\n<\/li>\n<\/ul>\n\n\n\n<ul class=\"wp-block-list\">\n<li><strong>Comiss\u00e3o de Seguran\u00e7a Departamental:<\/strong>\n<ul class=\"wp-block-list\">\n<li><a href=\"https:\/\/sigarra.up.pt\/fcup\/pt\/func_geral.FormView?P_CODIGO=247458\">Carla Susana Santana Carmelo Rosa<\/a><\/li>\n\n\n\n<li><a href=\"https:\/\/sigarra.up.pt\/fcup\/pt\/func_geral.FormView?P_CODIGO=229238\">Francisco Salgueiro Carpinteiro<\/a><\/li>\n\n\n\n<li><a href=\"https:\/\/sigarra.up.pt\/fcup\/pt\/func_geral.FormView?P_CODIGO=249128\">Paulo Vicente da Silva Marques<\/a><\/li>\n<\/ul>\n<\/li>\n<\/ul>\n\n\n\n<p><\/p>\n\n\n\n<p><\/p>\n\n\n\n<p>O <a href=\"https:\/\/www.fc.up.pt\/dfa\/departamento\/gestao-departamental\/historico-de-diretores\/\" data-type=\"page\" data-id=\"408\">hist\u00f3rico da Dire\u00e7\u00e3o de Departamento<\/a> no passado tamb\u00e9m est\u00e1 dispon\u00edvel, tendo-se iniciado com a cria\u00e7\u00e3o da Universidade do Porto e da sua Faculdade de Ci\u00eancias em 1911.<\/p>\n","protected":false},"excerpt":{"rendered":"<p>O hist\u00f3rico da Dire\u00e7\u00e3o de Departamento no passado tamb\u00e9m est\u00e1 dispon\u00edvel, tendo-se iniciado com a cria\u00e7\u00e3o da Universidade do Porto e da sua Faculdade de Ci\u00eancias em 1911.<\/p>\n","protected":false},"author":2,"featured_media":661,"parent":2,"menu_order":4,"comment_status":"closed","ping_status":"closed","template":"","meta":{"footnotes":""},"class_list":["post-306","page","type-page","status-publish","has-post-thumbnail","hentry"],"_links":{"self":[{"href":"https:\/\/www.fc.up.pt\/dfa\/wp-json\/wp\/v2\/pages\/306","targetHints":{"allow":["GET"]}}],"collection":[{"href":"https:\/\/www.fc.up.pt\/dfa\/wp-json\/wp\/v2\/pages"}],"about":[{"href":"https:\/\/www.fc.up.pt\/dfa\/wp-json\/wp\/v2\/types\/page"}],"author":[{"embeddable":true,"href":"https:\/\/www.fc.up.pt\/dfa\/wp-json\/wp\/v2\/users\/2"}],"replies":[{"embeddable":true,"href":"https:\/\/www.fc.up.pt\/dfa\/wp-json\/wp\/v2\/comments?post=306"}],"version-history":[{"count":12,"href":"https:\/\/www.fc.up.pt\/dfa\/wp-json\/wp\/v2\/pages\/306\/revisions"}],"predecessor-version":[{"id":4519,"href":"https:\/\/www.fc.up.pt\/dfa\/wp-json\/wp\/v2\/pages\/306\/revisions\/4519"}],"up":[{"embeddable":true,"href":"https:\/\/www.fc.up.pt\/dfa\/wp-json\/wp\/v2\/pages\/2"}],"wp:featuredmedia":[{"embeddable":true,"href":"https:\/\/www.fc.up.pt\/dfa\/wp-json\/wp\/v2\/media\/661"}],"wp:attachment":[{"href":"https:\/\/www.fc.up.pt\/dfa\/wp-json\/wp\/v2\/media?parent=306"}],"curies":[{"name":"wp","href":"https:\/\/api.w.org\/{rel}","templated":true}]}}